{"id":23424,"date":"2025-11-10T08:59:20","date_gmt":"2025-11-10T00:59:20","guid":{"rendered":"https:\/\/yebodaglass.com\/?post_type=product&#038;p=23424"},"modified":"2026-04-10T15:22:20","modified_gmt":"2026-04-10T07:22:20","slug":"bulk-clear-empty-soy-sauce-bottles-with-press-pump","status":"publish","type":"product","link":"https:\/\/yebodaglass.com\/cs\/bulk-clear-empty-soy-sauce-bottles-with-press-pump\/","title":{"rendered":"Pr\u00e1zdn\u00e9 lahve na s\u00f3jovou om\u00e1\u010dku s tlakovou pumpou, pr\u016fhledn\u00e9, 200 ml, 300 ml, 500 ml"},"content":{"rendered":"<p>Tyto lahve na s\u00f3jovou om\u00e1\u010dku maj\u00ed rovn\u00fd v\u00e1lcov\u00fd design s pr\u016fhledn\u00fdmi d\u00e1vkovac\u00edmi indik\u00e1tory, kter\u00e9 ukazuj\u00ed p\u0159esn\u00e9 m\u011b\u0159ic\u00ed body. V\u00ed\u010dka maj\u00ed hlavice pumpi\u010dky z nerezov\u00e9 oceli a plastu.<\/p>\n<h2>Vlastnosti produktu<\/h2>\n<ul>\n<li><strong>Design d\u00e1vkova\u010de s pumpi\u010dkou:<\/strong> S pomoc\u00ed \u010dern\u00e9ho d\u00e1vkova\u010de s pumpi\u010dkou si u\u017eivatel m\u016f\u017ee velmi p\u0159esn\u011b a snadno kontrolovat mno\u017estv\u00ed chilli om\u00e1\u010dky, ani\u017e by ji pl\u00fdtval.<\/li>\n<li><strong>Pr\u016fhledn\u00e1 odm\u011brn\u00e1 l\u00e1hev:<\/strong> Pr\u016fhledn\u00e1, odm\u011brn\u00e1 \u010d\u00e1st lahvi\u010dky velmi snadno ukazuje, kolik jste spot\u0159ebovali nebo kolik zb\u00fdv\u00e1, a umo\u017e\u0148uje velmi p\u0159esn\u00e9 m\u011b\u0159en\u00ed.<\/li>\n<li><strong>K dispozici v\u00edce velikost\u00ed:<\/strong> Existuj\u00ed t\u0159i r\u016fzn\u00e9 velikosti lahv\u00ed pro pou\u017eit\u00ed na r\u016fzn\u00fdch m\u00edstech, jako jsou dom\u00e1cnosti a restaurace, v z\u00e1vislosti na mno\u017estv\u00ed skladovan\u00e9 a pou\u017e\u00edvan\u00e9 chilli om\u00e1\u010dky.<\/li>\n<\/ul>\n<h2 style=\"text-align: left;\">Kl\u00ed\u010dov\u00e9 specifikace<\/h2>\n<table class=\"aligncenter\" style=\"border-collapse: collapse; width: 432.02pt;\" border=\"0\" width=\"576\" cellspacing=\"0\" cellpadding=\"0\">\n<tbody>\n<tr style=\"height: 13.50pt;\">\n<td style=\"height: 13.50pt; width: 105.00pt;\" width=\"140\" height=\"18\">Funkce<\/td>\n<td style=\"width: 327.00pt;\" width=\"436\">Specifikace<\/td>\n<\/tr>\n<tr style=\"height: 13.50pt;\">\n<td style=\"height: 13.50pt;\" height=\"18\">Kapacity<\/td>\n<td>200 ml (7 oz) \/ 300 ml (10 oz) \/ 500 ml (16 oz)<\/td>\n<\/tr>\n<tr style=\"height: 13.50pt;\">\n<td style=\"height: 13.50pt;\" height=\"18\">Rozm\u011bry (H\u00d7V)<\/td>\n<td>5,5\u00d719,5 cm \/ 6\u00d723,5 cm \/ 6,5\u00d727,5 cm<\/td>\n<\/tr>\n<tr style=\"height: 13.50pt;\">\n<td style=\"height: 13.50pt;\" height=\"18\">Tvar<\/td>\n<td>Rovn\u00e1 l\u00e1hev stoutu s vyra\u017een\u00fdm objemem<\/td>\n<\/tr>\n<tr style=\"height: 13.50pt;\">\n<td style=\"height: 13.50pt;\" height=\"18\">Materi\u00e1l<\/td>\n<td>Vysoce borosilik\u00e1tov\u00e9 sklo<\/td>\n<\/tr>\n<tr style=\"height: 13.50pt;\">\n<td style=\"height: 13.50pt;\" height=\"18\">Uzav\u0159en\u00ed v cen\u011b<\/td>\n<td>\u010cern\u00fd lis (s kovov\u00fdmi detaily, odoln\u00fd proti \u00faniku)<\/td>\n<\/tr>\n<tr style=\"height: 13.50pt;\">\n<td style=\"height: 13.50pt;\" height=\"18\">Nejlep\u0161\u00ed pro<\/td>\n<td>P\u00e1liv\u00e1 om\u00e1\u010dka, s\u00f3jov\u00e1 om\u00e1\u010dka, dresink, ko\u0159en\u00ed<\/td>\n<\/tr>\n<tr style=\"height: 13.50pt;\">\n<td style=\"height: 13.50pt;\" height=\"18\">Ide\u00e1ln\u00ed pou\u017eit\u00ed<\/td>\n<td>Pr\u00e1zdn\u00e9 lahve od om\u00e1\u010dky, lahve od s\u00f3jov\u00e9 om\u00e1\u010dky<\/td>\n<\/tr>\n<\/tbody>\n<\/table>\n<h2>P\u0159\u00edb\u011bh \u00fasp\u011bchu: Zak\u00e1zkov\u00e1 objedn\u00e1vka od zna\u010dky p\u00e1liv\u00fdch om\u00e1\u010dek z Louisiany<\/h2>\n<p>Zna\u010dka \u0159emesln\u00fdch p\u00e1liv\u00fdch om\u00e1\u010dek se s\u00eddlem v Louisian\u011b si vybrala na\u0161e pr\u00e1zdn\u00e9 500ml lahve na om\u00e1\u010dku a upravila je pomoc\u00ed roz\u0161\u00ed\u0159en\u00fdch hlavic pumpi\u010dek a indik\u00e1tor\u016f p\u00e1livosti. Upraven\u00e9 lahve se uk\u00e1zaly jako vysoce efektivn\u00ed; p\u0159esn\u00e9 hlavice pumpi\u010dek a zna\u010den\u00ed pomohly spot\u0159ebitel\u016fm sn\u00ed\u017eit nadm\u011brn\u00e9 pou\u017e\u00edv\u00e1n\u00ed o 20 % a odolnost lahv\u00ed vedla k m\u00ed\u0159e rozbit\u00ed b\u011bhem p\u0159epravy ni\u017e\u0161\u00ed ne\u017e 0,7 %. Spole\u010dnost nav\u00e1zala \u00fasp\u011b\u0161n\u00fd obchodn\u00ed vztah d\u00edky t\u00e9to prvn\u00ed objedn\u00e1vce, kter\u00e1 vedla k popt\u00e1vce po 420 000 lahv\u00edch pro jejich nov\u00fd produkt s om\u00e1\u010dkou na ku\u0159ec\u00ed k\u0159id\u00e9lka.<\/p>\n<h2>N\u00e1vrhy na \u00fapravu pr\u00e1zdn\u00fdch lahv\u00ed od om\u00e1\u010dky<\/h2>\n<ul>\n<li><strong>M\u011b\u0159ic\u00ed zna\u010dky na m\u00edru:<\/strong> Pro ur\u010dit\u00e9 recepty nebo velikosti porc\u00ed m\u016f\u017eete vyhradit ozna\u010den\u00ed kapacity.<\/li>\n<li><strong>Mo\u017enosti barev hlavy \u010derpadla:<\/strong> Zajist\u011bte hlavy \u010derpadel r\u016fzn\u00fdch barev, kter\u00e9 lad\u00ed s barevn\u00fdm sch\u00e9matem va\u0161\u00ed restaurace.<\/li>\n<li><strong>Protiskluzov\u00e1 z\u00e1kladna:<\/strong> Na dno lahve naneste protiskluzovou texturu, a to i na stole pln\u00e9m v\u011bc\u00ed.<\/li>\n<\/ul>","protected":false},"excerpt":{"rendered":"<p>Praktick\u00e9 lahve na s\u00f3jovou om\u00e1\u010dku s ukazateli odm\u011brek a uzav\u00edrateln\u00fdm v\u00ed\u010dkem, ide\u00e1ln\u00ed na om\u00e1\u010dky a ko\u0159en\u00ed. Velkoobchodn\u00ed prodej pr\u00e1zdn\u00fdch lahv\u00ed na om\u00e1\u010dky s bezplatn\u00fdmi vzorky.<\/p>","protected":false},"featured_media":23458,"template":"","meta":[],"product_brand":[],"product_cat":[129,123,122],"product_tag":[],"class_list":{"0":"post-23424","1":"product","2":"type-product","3":"status-publish","4":"has-post-thumbnail","6":"product_cat-hot-sauce-bottles","7":"product_cat-custom-glass-bottles","8":"product_cat-custom-glass-packaging","10":"first","11":"instock","12":"shipping-taxable","13":"product-type-simple"},"jetpack_sharing_enabled":true,"_links":{"self":[{"href":"https:\/\/yebodaglass.com\/cs\/wp-json\/wp\/v2\/product\/23424","targetHints":{"allow":["GET"]}}],"collection":[{"href":"https:\/\/yebodaglass.com\/cs\/wp-json\/wp\/v2\/product"}],"about":[{"href":"https:\/\/yebodaglass.com\/cs\/wp-json\/wp\/v2\/types\/product"}],"version-history":[{"count":5,"href":"https:\/\/yebodaglass.com\/cs\/wp-json\/wp\/v2\/product\/23424\/revisions"}],"predecessor-version":[{"id":25742,"href":"https:\/\/yebodaglass.com\/cs\/wp-json\/wp\/v2\/product\/23424\/revisions\/25742"}],"wp:featuredmedia":[{"embeddable":true,"href":"https:\/\/yebodaglass.com\/cs\/wp-json\/wp\/v2\/media\/23458"}],"wp:attachment":[{"href":"https:\/\/yebodaglass.com\/cs\/wp-json\/wp\/v2\/media?parent=23424"}],"wp:term":[{"taxonomy":"product_brand","embeddable":true,"href":"https:\/\/yebodaglass.com\/cs\/wp-json\/wp\/v2\/product_brand?post=23424"},{"taxonomy":"product_cat","embeddable":true,"href":"https:\/\/yebodaglass.com\/cs\/wp-json\/wp\/v2\/product_cat?post=23424"},{"taxonomy":"product_tag","embeddable":true,"href":"https:\/\/yebodaglass.com\/cs\/wp-json\/wp\/v2\/product_tag?post=23424"}],"curies":[{"name":"wp","href":"https:\/\/api.w.org\/{rel}","templated":true}]}}