{"id":23403,"date":"2025-11-07T16:21:21","date_gmt":"2025-11-07T08:21:21","guid":{"rendered":"https:\/\/yebodaglass.com\/?post_type=product&#038;p=23403"},"modified":"2025-11-07T17:21:01","modified_gmt":"2025-11-07T09:21:01","slug":"wholesale-clear-empty-bottles-for-hot-sauce-100ml-500ml","status":"publish","type":"product","link":"https:\/\/yebodaglass.com\/cs\/wholesale-clear-empty-bottles-for-hot-sauce-100ml-500ml\/","title":{"rendered":"Velkoobchodn\u00ed prodej pr\u00e1zdn\u00fdch pr\u016fhledn\u00fdch lahv\u00ed na p\u00e1livou om\u00e1\u010dku 100ml \u2013 500ml"},"content":{"rendered":"<p>Tyto pr\u00e1zdn\u00e9 lahve od p\u00e1liv\u00e9 om\u00e1\u010dky jsou v pr\u016fhledn\u00e9 sklen\u011bn\u00e9 n\u00e1dob\u011b, kter\u00e1 v\u00e1m poskytuje p\u011bkn\u00fd v\u00fdhled na om\u00e1\u010dku. Maj\u00ed \u00fahledn\u00fd, zu\u017euj\u00edc\u00ed se design a dod\u00e1vaj\u00ed se v r\u016fzn\u00fdch velikostech.<\/p>\n<h2>Vlastnosti produktu<\/h2>\n<ul>\n<li><strong>Pr\u016fhledn\u00fd materi\u00e1l skla:<\/strong> N\u00e1doba je vyrobena z pr\u016fhledn\u00e9ho skla, tak\u017ee barvu a mno\u017estv\u00ed chilli om\u00e1\u010dky, kter\u00e1 ve sklenici zb\u00fdv\u00e1, lze velmi snadno vizu\u00e1ln\u011b rozpoznat, tak\u017ee je velmi praktick\u00e9 ji identifikovat a zkontrolovat.<\/li>\n<li><strong>Design lahve s pasem:<\/strong> L\u00e1hev je navr\u017eena s pasem a m\u00e1 hladk\u00e9 a jedine\u010dn\u00e9 linie, kter\u00e9 nejen zkr\u00e1\u0161luj\u00ed produkt, ale tak\u00e9 jej \u010din\u00ed snadno rozpoznateln\u00fdm.<\/li>\n<li><strong>R\u016fzn\u00e9 dostupn\u00e9 velikosti:<\/strong> Je k dispozici v r\u016fzn\u00fdch velikostech, aby spl\u0148oval r\u016fzn\u00e9 po\u017eadavky na objem, a je vhodn\u00fd pro b\u011b\u017en\u00e9 rodinn\u00e9 pou\u017eit\u00ed, catering a dal\u0161\u00ed podobn\u00e9 situace.<\/li>\n<\/ul>\n<h2 style=\"text-align: left;\">Kl\u00ed\u010dov\u00e9 specifikace<\/h2>\n<table class=\"aligncenter\" style=\"border-collapse: collapse; width: 647.27pt;\" border=\"0\" width=\"863\" cellspacing=\"0\" cellpadding=\"0\">\n<tbody>\n<tr style=\"height: 13.50pt;\">\n<td style=\"height: 13.50pt; width: 127.50pt;\" width=\"170\" height=\"18\">Funkce<\/td>\n<td style=\"width: 519.75pt;\" width=\"693\">Specifikace<\/td>\n<\/tr>\n<tr style=\"height: 13.50pt;\">\n<td style=\"height: 13.50pt;\" height=\"18\">Kapacity<\/td>\n<td>100 ml \/ 180 ml \/ 220 ml \/ 350 ml \/ 400 ml \/ 500 ml<\/td>\n<\/tr>\n<tr style=\"height: 13.50pt;\">\n<td style=\"height: 13.50pt;\" height=\"18\">Rozm\u011bry (H\u00d7V)<\/td>\n<td>4,2\u00d716,8 cm \/ 5,2\u00d719,3 cm \/ 5\u00d721,3 cm \/ 6,5\u00d723,5 cm \/ 7,2\u00d724 cm \/ 7,3\u00d725 cm<\/td>\n<\/tr>\n<tr style=\"height: 13.50pt;\">\n<td style=\"height: 13.50pt;\" height=\"18\">Materi\u00e1l<\/td>\n<td>\u010cir\u00fd sklen\u011bn\u00fd stout, potravin\u00e1\u0159sk\u00fd, bez olova<\/td>\n<\/tr>\n<tr style=\"height: 13.50pt;\">\n<td style=\"height: 13.50pt;\" height=\"18\">Uzav\u0159en\u00ed v cen\u011b<\/td>\n<td>L\u00e1hev na om\u00e1\u010dku s \u010dern\u00fdm \u0161roubovac\u00edm uz\u00e1v\u011brem (k dispozici tak\u00e9 zlat\u00e1, \u010derven\u00e1 a \u017elut\u00e1)<\/td>\n<\/tr>\n<tr style=\"height: 13.50pt;\">\n<td style=\"height: 13.50pt;\" height=\"18\">Ide\u00e1ln\u00ed pou\u017eit\u00ed<\/td>\n<td>Pr\u00e1zdn\u00e9 lahve na p\u00e1livou om\u00e1\u010dku, velkoobchodn\u00ed lahve na p\u00e1livou om\u00e1\u010dku<\/td>\n<\/tr>\n<\/tbody>\n<\/table>\n<h2>P\u0159\u00edb\u011bh \u00fasp\u011bchu: P\u0159ekon\u00e1n\u00ed probl\u00e9m\u016f s v\u00fdrobn\u00ed linkou<\/h2>\n<p>Balic\u00ed kapacita byla omezen\u00e1 kv\u016fli balic\u00edmu rameni st\u0159edn\u011b velk\u00e9 spole\u010dnosti vyr\u00e1b\u011bj\u00edc\u00ed ko\u0159en\u00ed. Jejich st\u00e1vaj\u00edc\u00ed rovn\u00e9 lahve se na plnic\u00ed lince obt\u00ed\u017en\u011b manipulovaly, co\u017e zp\u016fsobovalo zpomalen\u00ed rychlosti v\u00fdroby. P\u0159e\u0161li na na\u0161e zak\u0159iven\u00e9 pr\u00e1zdn\u00e9 lahve o objemu 350 ml na p\u00e1liv\u00e9 om\u00e1\u010dky, kter\u00e9 maj\u00ed pro stroj l\u00e9pe uchopitelnou plochu. Rychlost plnic\u00ed linky se tak zv\u00fd\u0161ila o 15 % a m\u00edra p\u00e1du lahv\u00ed se sn\u00ed\u017eila o 30 %. Vylep\u0161en\u00fd v\u00fdkon produktu se stal hlavn\u00edm hnac\u00edm motorem prodeje, a tak klient uskute\u010dnil t\u0159i velk\u00e9 objedn\u00e1vky po sob\u011b. Klient tak\u00e9 ud\u011blal krok d\u00e1le a diverzifikoval sv\u00e9 z\u00e1soby p\u0159id\u00e1n\u00edm 500 ml sv\u00e9 nejprod\u00e1van\u011bj\u0161\u00ed p\u0159\u00edchut\u011b.<\/p>\n<h2>N\u00e1vrhy na \u00fapravu lahv\u00ed s horkou om\u00e1\u010dkou<\/h2>\n<ul>\n<li><strong>Hloubka vlastn\u00ed k\u0159ivky:<\/strong> Zm\u011b\u0148te hloubku dr\u00e1\u017eky v pase pro v\u00fdrazn\u011bj\u0161\u00ed nebo m\u00e9n\u011b v\u00fdrazn\u00fd \u00fachop.<\/li>\n<li><strong>Zv\u00fd\u0161en\u00e9 objemov\u00e9 zna\u010dky:<\/strong> Vytvo\u0159te vyv\u00fd\u0161en\u00e9 objemov\u00e9 zna\u010dky a um\u00edst\u011bte je na rameno lahve.<\/li>\n<li><strong>S\u00edtotiskem potisk brandingu:<\/strong> Um\u00edst\u011bte logo p\u0159\u00edmo na zak\u0159iven\u00fd sklen\u011bn\u00fd povrch tiskem.<\/li>\n<li><strong>Mo\u017enosti vitr\u00e1\u017e\u00ed:<\/strong> Pokud je v\u00fdrobek fotosenzitivn\u00ed, lze pou\u017e\u00edt jantarov\u00e9 nebo kobaltov\u011b modr\u00e9 sklo.<\/li>\n<\/ul>","protected":false},"excerpt":{"rendered":"<p>Elegantn\u00ed pr\u00e1zdn\u00e9 lahve na p\u00e1livou om\u00e1\u010dku se zlat\u00fdmi, \u010derven\u00fdmi a \u017elut\u00fdmi uz\u00e1v\u011bry. Vysoce kvalitn\u00ed designy lahv\u00ed na p\u00e1livou om\u00e1\u010dku, ide\u00e1ln\u00ed pro branding \u2013 cena od v\u00fdrobce a rychl\u00e9 dod\u00e1n\u00ed!<\/p>","protected":false},"featured_media":23412,"template":"","meta":[],"product_brand":[],"product_cat":[122,123,129],"product_tag":[],"class_list":{"0":"post-23403","1":"product","2":"type-product","3":"status-publish","4":"has-post-thumbnail","6":"product_cat-custom-glass-packaging","7":"product_cat-custom-glass-bottles","8":"product_cat-hot-sauce-bottles","10":"first","11":"instock","12":"shipping-taxable","13":"product-type-simple"},"jetpack_sharing_enabled":true,"_links":{"self":[{"href":"https:\/\/yebodaglass.com\/cs\/wp-json\/wp\/v2\/product\/23403","targetHints":{"allow":["GET"]}}],"collection":[{"href":"https:\/\/yebodaglass.com\/cs\/wp-json\/wp\/v2\/product"}],"about":[{"href":"https:\/\/yebodaglass.com\/cs\/wp-json\/wp\/v2\/types\/product"}],"version-history":[{"count":4,"href":"https:\/\/yebodaglass.com\/cs\/wp-json\/wp\/v2\/product\/23403\/revisions"}],"predecessor-version":[{"id":23420,"href":"https:\/\/yebodaglass.com\/cs\/wp-json\/wp\/v2\/product\/23403\/revisions\/23420"}],"wp:featuredmedia":[{"embeddable":true,"href":"https:\/\/yebodaglass.com\/cs\/wp-json\/wp\/v2\/media\/23412"}],"wp:attachment":[{"href":"https:\/\/yebodaglass.com\/cs\/wp-json\/wp\/v2\/media?parent=23403"}],"wp:term":[{"taxonomy":"product_brand","embeddable":true,"href":"https:\/\/yebodaglass.com\/cs\/wp-json\/wp\/v2\/product_brand?post=23403"},{"taxonomy":"product_cat","embeddable":true,"href":"https:\/\/yebodaglass.com\/cs\/wp-json\/wp\/v2\/product_cat?post=23403"},{"taxonomy":"product_tag","embeddable":true,"href":"https:\/\/yebodaglass.com\/cs\/wp-json\/wp\/v2\/product_tag?post=23403"}],"curies":[{"name":"wp","href":"https:\/\/api.w.org\/{rel}","templated":true}]}}