{"id":23399,"date":"2025-11-13T11:14:54","date_gmt":"2025-11-13T03:14:54","guid":{"rendered":"https:\/\/yebodaglass.com\/?post_type=product&#038;p=23399"},"modified":"2026-03-17T11:49:22","modified_gmt":"2026-03-17T03:49:22","slug":"clear-square-herb-jars-with-metal-lids-bulk","status":"publish","type":"product","link":"https:\/\/yebodaglass.com\/cs\/clear-square-herb-jars-with-metal-lids-bulk\/","title":{"rendered":"Pr\u016fhledn\u00e9 \u010dtvercov\u00e9 sklenice na bylinky s kovov\u00fdm v\u00ed\u010dkem o objemu 113 g (4 oz)"},"content":{"rendered":"<p>Tyto pr\u00e1zdn\u00e9 d\u00f3zy na bylinky maj\u00ed klasick\u00fd \u010dtvercov\u00fd tvar a jsou vyrobeny z ultra \u010dir\u00e9ho skla a vypadaj\u00ed t\u00e9m\u011b\u0159 dokonale p\u0159i vystaven\u00ed va\u0161ich barevn\u00fdch bylinek a ko\u0159en\u00ed. Hladk\u00e9 v\u00ed\u010dko z nerezov\u00e9 oceli m\u00e1 tu v\u00fdhodu, \u017ee se d\u00e1 snadno kontrolovat.<\/p>\n<h2>Vlastnosti produktu<\/h2>\n<ul>\n<li><strong>Pr\u016fhledn\u00fd \u010dtvercov\u00fd design:<\/strong> \u010ctvercov\u00e1 z\u00e1kladna krychle je z jednoduch\u00e9ho skla, kter\u00e9 poskytuje krychli pevn\u00fd z\u00e1klad a z\u00e1rove\u0148 umo\u017e\u0148uje snadnou viditelnost jej\u00edho obsahu a \u0161et\u0159\u00ed m\u00edsto.<\/li>\n<li><strong>Jednod\u00edln\u00e9 oto\u010dn\u00e9 v\u00edko:<\/strong> St\u0159\u00edbrn\u00e9 kovov\u00e9 v\u00edko je navr\u017eeno s mnoha drobn\u00fdmi otvory, kter\u00e9 umo\u017e\u0148uj\u00ed \u00faplnou kontrolu nad d\u00e1vkov\u00e1n\u00edm ko\u0159en\u00ed a bylin a zabra\u0148uj\u00ed rozlit\u00ed.<\/li>\n<li><strong>Snadn\u00e1 p\u0159eprava:<\/strong> Sklenice lze d\u00edky \u010dtvercov\u00e9mu tvaru a ploch\u00fdm bo\u010dnic\u00edm stohovat kompaktn\u011b v polic\u00edch a z\u00e1suvk\u00e1ch.<\/li>\n<\/ul>\n<h2>Kl\u00ed\u010dov\u00e9 specifikace<\/h2>\n<table style=\"border-collapse: collapse; width: 80%; margin-left: auto; margin-right: auto;\" border=\"0\" width=\"360\" cellspacing=\"0\" cellpadding=\"0\">\n<tbody>\n<tr style=\"height: 13.50pt;\">\n<td style=\"height: 13.5pt; width: 54pt; text-align: center;\" width=\"72\" height=\"18\">Kapacita<\/td>\n<td style=\"width: 54pt; text-align: center;\" width=\"72\">Velikost (cm)<\/td>\n<td style=\"width: 54pt; text-align: center;\" width=\"72\">Tvar<\/td>\n<td style=\"width: 54pt; text-align: center;\" width=\"72\">Mo\u017enosti barev<\/td>\n<td style=\"width: 54pt; text-align: center;\" width=\"72\">Typ v\u00edka<\/td>\n<\/tr>\n<tr style=\"height: 13.50pt;\">\n<td style=\"height: 13.5pt; text-align: center;\" height=\"18\">120 ml \/ 4 oz<\/td>\n<td style=\"text-align: center;\">4 x 9<\/td>\n<td style=\"text-align: center;\">N\u00e1m\u011bst\u00ed<\/td>\n<td style=\"text-align: center;\">Jasn\u00e9, Vlastn\u00ed<\/td>\n<td style=\"text-align: center;\">Nerez<\/td>\n<\/tr>\n<\/tbody>\n<\/table>\n<h2>P\u0159\u00edpadov\u00e1 studie \u00fasp\u011bchu: Standardizovan\u00e9 \u0159e\u0161en\u00ed pro spole\u010dnost poskytuj\u00edc\u00ed cateringov\u00e9 slu\u017eby na St\u0159edoz\u00e1pad\u011b<\/h2>\n<p>Jedna ze spole\u010dnost\u00ed zab\u00fdvaj\u00edc\u00edch se cateringov\u00fdmi pot\u0159ebami na St\u0159edoz\u00e1pad\u011b si vybrala na\u0161e pr\u016fhledn\u00e9 \u010dtvercov\u00e9 d\u00f3zy na bylinky a na jedn\u00e9 stran\u011b s\u00edtotiskem nanesen\u00e9 stupnice. Sklenice byly navr\u017eeny tak, aby byly pr\u016fhledn\u00e9, a tak si kuchy\u0148sk\u00fd person\u00e1l snadno v\u0161iml, \u017ee je m\u00e9n\u011b z\u00e1sob, a t\u00edm se minimalizovalo polovina nedostatk\u016f. Tyto d\u00f3zy na ko\u0159en\u00ed vydr\u017eely v\u00edce ne\u017e 500 myt\u00ed v komer\u010dn\u00edch my\u010dk\u00e1ch n\u00e1dob\u00ed. D\u00edky jejich \u00fasp\u011bchu si spole\u010dnost zab\u00fdvaj\u00edc\u00ed se cateringov\u00fdmi pot\u0159ebami objednala dal\u0161\u00ed z\u00e1silku 750 000 d\u00f3z s ko\u0159en\u00edm pro sv\u016fj \u0159et\u011bzec restaurac\u00ed po cel\u00e9 zemi.<\/p>\n<h2>Pr\u00e1zdn\u00e9 lahve na ko\u0159en\u00ed lze p\u0159izp\u016fsobit<\/h2>\n<ol>\n<li><strong>P\u0159izp\u016fsoben\u00ed loga:<\/strong>Tisk nebo grav\u00edrov\u00e1n\u00ed log na t\u011blo lahve nebo v\u00ed\u010dko pro zd\u016frazn\u011bn\u00ed rozpozn\u00e1n\u00ed zna\u010dky.<\/li>\n<li><strong>Etiketa a balen\u00ed:<\/strong>Vytv\u00e1\u0159en\u00ed vlastn\u00edch \u0161t\u00edtk\u016f, smr\u0161\u0165ovac\u00edch f\u00f3li\u00ed nebo d\u00e1rkov\u00fdch krabi\u010dek pro vytvo\u0159en\u00ed jednotn\u00e9ho vzhledu maloobchodu.<\/li>\n<li><strong>Vlo\u017eky t\u0159epa\u010dky:<\/strong>P\u0159edstavujeme voliteln\u00e1 v\u00edka t\u0159epa\u010dky nebo s\u00edta pro r\u016fzn\u00e9 druhy pr\u00e1\u0161ku nebo granul\u00e1tu.<\/li>\n<\/ol>","protected":false},"excerpt":{"rendered":"<p>Pr\u00e9miov\u00e9 d\u00f3zy na bylinky s hranat\u00fdm sklen\u011bn\u00fdm t\u011blem a perforovan\u00fdm v\u00edkem. Stylov\u00e9 pr\u00e1zdn\u00e9 lahvi\u010dky na ko\u0159en\u00ed ide\u00e1ln\u00ed pro kuchy\u0148sk\u00e9 ko\u0159en\u00ed. Skladem pro rychl\u00e9 dod\u00e1n\u00ed.<\/p>","protected":false},"featured_media":23400,"template":"","meta":[],"product_brand":[],"product_cat":[122,124,128],"product_tag":[],"class_list":{"0":"post-23399","1":"product","2":"type-product","3":"status-publish","4":"has-post-thumbnail","6":"product_cat-custom-glass-packaging","7":"product_cat-custom-glass-jars","8":"product_cat-spice-jars","10":"first","11":"instock","12":"shipping-taxable","13":"product-type-simple"},"jetpack_sharing_enabled":true,"_links":{"self":[{"href":"https:\/\/yebodaglass.com\/cs\/wp-json\/wp\/v2\/product\/23399","targetHints":{"allow":["GET"]}}],"collection":[{"href":"https:\/\/yebodaglass.com\/cs\/wp-json\/wp\/v2\/product"}],"about":[{"href":"https:\/\/yebodaglass.com\/cs\/wp-json\/wp\/v2\/types\/product"}],"version-history":[{"count":5,"href":"https:\/\/yebodaglass.com\/cs\/wp-json\/wp\/v2\/product\/23399\/revisions"}],"predecessor-version":[{"id":25466,"href":"https:\/\/yebodaglass.com\/cs\/wp-json\/wp\/v2\/product\/23399\/revisions\/25466"}],"wp:featuredmedia":[{"embeddable":true,"href":"https:\/\/yebodaglass.com\/cs\/wp-json\/wp\/v2\/media\/23400"}],"wp:attachment":[{"href":"https:\/\/yebodaglass.com\/cs\/wp-json\/wp\/v2\/media?parent=23399"}],"wp:term":[{"taxonomy":"product_brand","embeddable":true,"href":"https:\/\/yebodaglass.com\/cs\/wp-json\/wp\/v2\/product_brand?post=23399"},{"taxonomy":"product_cat","embeddable":true,"href":"https:\/\/yebodaglass.com\/cs\/wp-json\/wp\/v2\/product_cat?post=23399"},{"taxonomy":"product_tag","embeddable":true,"href":"https:\/\/yebodaglass.com\/cs\/wp-json\/wp\/v2\/product_tag?post=23399"}],"curies":[{"name":"wp","href":"https:\/\/api.w.org\/{rel}","templated":true}]}}