{"id":23384,"date":"2025-11-07T17:11:18","date_gmt":"2025-11-07T09:11:18","guid":{"rendered":"https:\/\/yebodaglass.com\/?post_type=product&#038;p=23384"},"modified":"2026-03-19T10:59:11","modified_gmt":"2026-03-19T02:59:11","slug":"empty-mini-spice-jars-with-shaker-lid-wholesale","status":"publish","type":"product","link":"https:\/\/yebodaglass.com\/cs\/produkt\/empty-mini-spice-jars-with-shaker-lid-wholesale\/","title":{"rendered":"10ml 15ml pr\u00e1zdn\u00e9 mini d\u00f3zy na ko\u0159en\u00ed s v\u00edkem Shaker Velkoobchod"},"content":{"rendered":"<p>Tyto mini d\u00f3zy na ko\u0159en\u00ed maj\u00ed elegantn\u00ed \u010dtvercov\u00fd a ku\u017eelovit\u00fd tvar z pr\u016fhledn\u00e9ho skla s elegantn\u00edmi st\u0159\u00edbrn\u00fdmi kovov\u00fdmi v\u00ed\u010dky. Jejich mal\u00e1 velikost je ide\u00e1ln\u00ed na kuchy\u0148sk\u00e9 linky, pikniky nebo do mal\u00fdch kuchyn\u00ed.<\/p>\n<h2>Vlastnosti produktu<\/h2>\n<ul>\n<li><strong>K\u0159i\u0161\u0165\u00e1lov\u00e9 sklo: <\/strong>Na\u0161e mini d\u00f3zy na ko\u0159en\u00ed jsou vyrobeny z odoln\u00e9ho skla bez obsahu olova a BPA a lze je m\u00fdt v my\u010dce n\u00e1dob\u00ed, tak\u017ee se snadno \u010dist\u00ed a lze je pou\u017e\u00edvat denn\u011b bez jak\u00fdchkoli obav o bezpe\u010dnost.<\/li>\n<li><strong>Vynikaj\u00edc\u00ed kulat\u00e9 a \u010dtvercov\u00e9 velikosti: <\/strong>Kompaktn\u00ed, \u010dtvercov\u00fd a kulat\u00fd design na\u0161ich mini d\u00f3z na ko\u0159en\u00ed z nich d\u011bl\u00e1 nejen perfektn\u00ed n\u00e1doby na cukr, s\u016fl a pep\u0159, kter\u00e9 m\u016f\u017eete m\u00edt na jak\u00e9koli kuchy\u0148sk\u00e9 poli\u010dce, ale tak\u00e9 vizu\u00e1ln\u011b atraktivn\u00ed.<\/li>\n<li><strong>Perforovan\u00fd kovov\u00fd \u0161roubovac\u00ed uz\u00e1v\u011br Llid:<\/strong> M\u00e1 perforovan\u00fd kovov\u00fd \u0161roubovac\u00ed uz\u00e1v\u011br s rovnom\u011brn\u00fdm rozlo\u017een\u00edm perforac\u00ed, co\u017e zaji\u0161\u0165uje spr\u00e1vnou kontrolu d\u00e1vkov\u00e1n\u00ed ko\u0159en\u00ed.<\/li>\n<\/ul>\n<h2>Kl\u00ed\u010dov\u00e9 specifikace<\/h2>\n<table style=\"border-collapse: collapse; width: 80%; margin-left: auto; margin-right: auto;\" border=\"0\" width=\"603\" cellspacing=\"0\" cellpadding=\"0\">\n<tbody>\n<tr style=\"height: 13.50pt;\">\n<td style=\"height: 13.5pt; width: 54pt; text-align: center;\" width=\"72\" height=\"18\">Kapacita<\/td>\n<td style=\"width: 182.25pt; text-align: center;\" width=\"243\">Tvar<\/td>\n<td style=\"width: 54pt; text-align: center;\" width=\"72\">Velikost (cm)<\/td>\n<td style=\"width: 54pt; text-align: center;\" width=\"72\">Mo\u017enosti barev<\/td>\n<td style=\"width: 54pt; text-align: center;\" width=\"72\">Typ v\u00edka<\/td>\n<td style=\"width: 54pt; text-align: center;\" width=\"72\">Pou\u017e\u00edv\u00e1n\u00ed<\/td>\n<\/tr>\n<tr style=\"height: 13.50pt;\">\n<td style=\"height: 13.5pt; text-align: center;\" height=\"18\">10ml<\/td>\n<td class=\"et2\" style=\"text-align: center;\" rowspan=\"2\">Kulat\u00fd, \u010dtvercov\u00fd<\/td>\n<td style=\"text-align: center;\">2,9 \u00d7 4,1<\/td>\n<td class=\"et2\" style=\"text-align: center;\" rowspan=\"2\">Vymazat, P\u0159ijmout p\u0159izp\u016fsoben\u00ed<\/td>\n<td class=\"et2\" style=\"text-align: center;\" rowspan=\"2\">Nerez<\/td>\n<td class=\"et2\" style=\"text-align: center;\" rowspan=\"2\">Zabalte si pep\u0159ov\u00fd pr\u00e1\u0161ek, chilli pr\u00e1\u0161ek, ku\u0159ec\u00ed v\u00fdvar, s\u016fl atd.<\/td>\n<\/tr>\n<tr style=\"height: 13.50pt;\">\n<td style=\"height: 13.5pt; text-align: center;\" height=\"18\">15ml<\/td>\n<td style=\"text-align: center;\">3,1 \u00d7 4,6<\/td>\n<\/tr>\n<\/tbody>\n<\/table>\n<h2>P\u0159\u00edb\u011bh \u00fasp\u011bchu: Bestseller japonsk\u00e9ho prodejce<\/h2>\n<p>Jeden z japonsk\u00fdch prodejc\u016f si vybral na\u0161e sady miniaturn\u00edch ko\u0159enek ve dvou tvarech a personalizoval je sv\u011btle matn\u00fdm povrchem. Kr\u00e1sn\u00fd vzhled sady zajistil 60% m\u00edru prodeje b\u011bhem prvn\u00edho m\u011bs\u00edce od uveden\u00ed na trh a st\u00ed\u017enosti z\u00e1kazn\u00edk\u016f na ucpan\u00e9 v\u00ed\u010dko se sn\u00ed\u017eily o 55%. Prodejce byl s produktem natolik spokojen\u00fd, \u017ee si objednal dal\u0161\u00edch 300 000 sad do sv\u00fdch prodejen po cel\u00e9 zemi a do sv\u00e9ho nov\u00e9ho e-shopu s dom\u00e1c\u00edmi pot\u0159ebami.<\/p>\n<h2>V\u00e1\u0161 n\u00e1vod na \u00fapravy<\/h2>\n<ol>\n<li><strong>Grav\u00edrov\u00e1n\u00ed a logo na zak\u00e1zku:<\/strong> Laserov\u00e9 grav\u00edrov\u00e1n\u00ed log zna\u010dek nebo n\u00e1zv\u016f ko\u0159en\u00ed na v\u00ed\u010dka lahv\u00ed z nerezov\u00e9 oceli dod\u00e1v\u00e1 ka\u017ed\u00e9 lahvi jedine\u010dn\u00fd vzhled, kter\u00fd pom\u00e1h\u00e1 vyniknout rozpoznatelnosti zna\u010dky a jej\u00ed identit\u011b.<\/li>\n<li><strong>R\u016fzn\u00e9 otvory pro d\u00e1vkov\u00e1n\u00ed:<\/strong> Zm\u011bnou velikosti a po\u010dtu d\u00e1vkovac\u00edch otvor\u016f pro r\u016fzn\u00e1 ko\u0159en\u00ed (pr\u00e1\u0161ek, granule, bylinky) si lze b\u00fdt jisti, \u017ee d\u00e1vkov\u00e1n\u00ed bude plynul\u00e9 a bez ucp\u00e1v\u00e1n\u00ed.<\/li>\n<li><strong>Zdoben\u00ed n\u00e1dob:<\/strong> Krom\u011b brandingu logy zna\u010dek nebo potisku etiket s ko\u0159en\u00edm s\u00edtotiskem \u010di horkou ra\u017ebou jsou sklen\u011bn\u00e9 kusy pro z\u00e1kazn\u00edky v maloobchodn\u00edm prodeji atraktivn\u011bj\u0161\u00ed.<\/li>\n<\/ol>","protected":false},"excerpt":{"rendered":"<p>V\u0161estrann\u00e9 mini d\u00f3zy na ko\u0159en\u00ed s kompaktn\u00ed velikost\u00ed a t\u0159epac\u00edm v\u00ed\u010dkem. Praktick\u00e1 sada d\u00f3z na ko\u0159en\u00ed na s\u016fl, pep\u0159 a bylinky. Mo\u017enost velkoobchodn\u00edch slev.<\/p>","protected":false},"featured_media":23388,"template":"","meta":[],"product_brand":[],"product_cat":[122,124,128],"product_tag":[],"class_list":{"0":"post-23384","1":"product","2":"type-product","3":"status-publish","4":"has-post-thumbnail","6":"product_cat-custom-glass-packaging","7":"product_cat-custom-glass-jars","8":"product_cat-spice-jars","10":"first","11":"instock","12":"shipping-taxable","13":"product-type-simple"},"jetpack_sharing_enabled":true,"_links":{"self":[{"href":"https:\/\/yebodaglass.com\/cs\/wp-json\/wp\/v2\/product\/23384","targetHints":{"allow":["GET"]}}],"collection":[{"href":"https:\/\/yebodaglass.com\/cs\/wp-json\/wp\/v2\/product"}],"about":[{"href":"https:\/\/yebodaglass.com\/cs\/wp-json\/wp\/v2\/types\/product"}],"version-history":[{"count":5,"href":"https:\/\/yebodaglass.com\/cs\/wp-json\/wp\/v2\/product\/23384\/revisions"}],"predecessor-version":[{"id":25512,"href":"https:\/\/yebodaglass.com\/cs\/wp-json\/wp\/v2\/product\/23384\/revisions\/25512"}],"wp:featuredmedia":[{"embeddable":true,"href":"https:\/\/yebodaglass.com\/cs\/wp-json\/wp\/v2\/media\/23388"}],"wp:attachment":[{"href":"https:\/\/yebodaglass.com\/cs\/wp-json\/wp\/v2\/media?parent=23384"}],"wp:term":[{"taxonomy":"product_brand","embeddable":true,"href":"https:\/\/yebodaglass.com\/cs\/wp-json\/wp\/v2\/product_brand?post=23384"},{"taxonomy":"product_cat","embeddable":true,"href":"https:\/\/yebodaglass.com\/cs\/wp-json\/wp\/v2\/product_cat?post=23384"},{"taxonomy":"product_tag","embeddable":true,"href":"https:\/\/yebodaglass.com\/cs\/wp-json\/wp\/v2\/product_tag?post=23384"}],"curies":[{"name":"wp","href":"https:\/\/api.w.org\/{rel}","templated":true}]}}