{"id":23381,"date":"2025-11-07T14:43:19","date_gmt":"2025-11-07T06:43:19","guid":{"rendered":"https:\/\/yebodaglass.com\/?post_type=product&#038;p=23381"},"modified":"2025-11-07T17:15:14","modified_gmt":"2025-11-07T09:15:14","slug":"wholesale-clear-glass-condiment-bottles-for-sauces-150ml-500ml","status":"publish","type":"product","link":"https:\/\/yebodaglass.com\/cs\/wholesale-clear-glass-condiment-bottles-for-sauces-150ml-500ml\/","title":{"rendered":"Velkoobchodn\u00ed prodej \u010dir\u00fdch sklen\u011bn\u00fdch lahv\u00ed na ko\u0159en\u00ed a om\u00e1\u010dky 150 ml \u2013 500 ml"},"content":{"rendered":"<p>Tyto sklen\u011bn\u00e9 lahvi\u010dky na ko\u0159en\u00ed jsou \u00fa\u017easn\u011b pr\u016fhledn\u00e9, tak\u017ee jsou vyrobeny z \u010dir\u00e9ho skla a vizu\u00e1ln\u011b vypadaj\u00ed skv\u011ble. N\u00e1doby jsou kr\u00e1sn\u00e9, proto\u017ee v\u00fdrobci vytvo\u0159ili jak ku\u017eelovit\u00e9, tak i texturovan\u00e9 lahvi\u010dky, kter\u00e9 dokonale odhaluj\u00ed barvu om\u00e1\u010dky uvnit\u0159.<\/p>\n<h2>Vlastnosti produktu<\/h2>\n<ul>\n<li><strong>R\u016fzn\u00e9 designy lahv\u00ed:<\/strong> Kombinace tvar\u016f lahv\u00ed, jako jsou ku\u017eelovit\u00e9 a texturovan\u00e9 lahve, s elegantn\u00edmi konturami zvy\u0161uje vizu\u00e1ln\u00ed atraktivitu produktu a rozpoznatelnost zna\u010dky.<\/li>\n<li><strong>Podporov\u00e1no n\u011bkolik velikost\u00ed:<\/strong> V n\u011bkolika velikostech je mo\u017en\u00e9 uspokojit r\u016fzn\u00e9 kapacitn\u00ed pot\u0159eby, tak\u017ee bude vhodn\u00fd pro ka\u017edodenn\u00ed rodinn\u00e9 pou\u017eit\u00ed a porcov\u00e1n\u00ed j\u00eddla.<\/li>\n<li><strong>Dlouhotrvaj\u00edc\u00ed a odoln\u00fd:<\/strong> Siln\u00e9 sklen\u011bn\u00e9 st\u011bny byly velkoryse navr\u017eeny tak, aby pevn\u011b udr\u017eely lahve proti tlaku v plnic\u00edm potrub\u00ed a odolaly n\u00e1ro\u010dn\u00fdm p\u0159epravn\u00edm podm\u00ednk\u00e1m.<\/li>\n<\/ul>\n<h2 style=\"text-align: left;\">Kl\u00ed\u010dov\u00e9 specifikace<\/h2>\n<table class=\"aligncenter\" style=\"border-collapse: collapse; width: 580.52pt;\" border=\"0\" width=\"774\" cellspacing=\"0\" cellpadding=\"0\">\n<tbody>\n<tr style=\"height: 13.50pt;\">\n<td style=\"height: 13.50pt; width: 127.50pt;\" width=\"170\" height=\"18\">Funkce<\/td>\n<td style=\"width: 453.00pt;\" width=\"604\">Specifikace<\/td>\n<\/tr>\n<tr style=\"height: 13.50pt;\">\n<td style=\"height: 13.50pt;\" height=\"18\">Kapacity<\/td>\n<td>150ml \/ 200ml \/ 250ml \/ 300ml \/ 400ml \/ 500ml<\/td>\n<\/tr>\n<tr style=\"height: 13.50pt;\">\n<td style=\"height: 13.50pt;\" height=\"18\">Rozm\u011bry (H\u00d7V)<\/td>\n<td>5,5\u00d717,5 cm \/ 6\u00d718,5 cm \/ 6\u00d722 cm \/ 7\u00d722,5 cm \/ 7\u00d724 cm \/ 7,5\u00d726 cm<\/td>\n<\/tr>\n<tr style=\"height: 13.50pt;\">\n<td style=\"height: 13.50pt;\" height=\"18\">Materi\u00e1l<\/td>\n<td>\u010cir\u00fd sklen\u011bn\u00fd stout, potravin\u00e1\u0159sk\u00fd, bez olova<\/td>\n<\/tr>\n<tr style=\"height: 13.50pt;\">\n<td style=\"height: 13.50pt;\" height=\"18\">Uzav\u0159en\u00ed v cen\u011b<\/td>\n<td>L\u00e1hev na om\u00e1\u010dku s \u010dern\u00fdm \u0161roubovac\u00edm uz\u00e1v\u011brem (k dispozici i jin\u00e9 barvy)<\/td>\n<\/tr>\n<tr style=\"height: 13.50pt;\">\n<td style=\"height: 13.50pt;\" height=\"18\">Nejlep\u0161\u00ed pro<\/td>\n<td>P\u00e1liv\u00e1 om\u00e1\u010dka, raj\u010datov\u00e1 om\u00e1\u010dka, dresink, \u00fast\u0159icov\u00e1 om\u00e1\u010dka<\/td>\n<\/tr>\n<\/tbody>\n<\/table>\n<h2>Zjednodu\u0161en\u00ed rozmanit\u00e9 produktov\u00e9 \u0159ady: P\u0159\u00edb\u011bh \u00fasp\u011bchu v\u00fdrobce specializovan\u00fdch potravin<\/h2>\n<p>Zna\u010dka specializovan\u00fdch potravin pou\u017e\u00edvala pro sv\u00fdch 12 p\u0159\u00edchut\u00ed r\u016fzn\u00e9 typy lahv\u00ed, co\u017e vedlo k probl\u00e9m\u016fm se spr\u00e1vou z\u00e1sob a etiket. Slou\u010dila v\u0161echny sv\u00e9 produktov\u00e9 \u0159ady do 250ml a 500ml sklen\u011bn\u00fdch lahv\u00ed na ko\u0159en\u00ed, kter\u00e9 jsme dodali. D\u00edky t\u00e9to standardiza\u010dn\u00ed snaze byli schopni sn\u00ed\u017eit z\u00e1soby obal\u016f o 40 % a zv\u00fd\u0161it rychlost spr\u00e1vy etiket o 25 %. Konsolidovan\u00fd design obal\u016f nejen pomohl image jejich zna\u010dky, ale v d\u016fsledku toho se jejich tr\u017eby b\u011bhem prvn\u00edho roku zv\u00fd\u0161ily o 35 %. S v\u00fdsledky byli velmi spokojeni a nyn\u00ed \u010dtvrtletn\u011b objedn\u00e1vaj\u00ed p\u0159es 300 000 kus\u016f.<\/p>\n<h2>N\u00e1pady na \u00fapravu sklen\u011bn\u00fdch lahv\u00ed na ko\u0159en\u00ed<\/h2>\n<ul>\n<li><strong>Profil lahve na m\u00edru:<\/strong> Zm\u011b\u0148te pas lahve nebo k\u0159ivku ramen, abyste vytvo\u0159ili v\u00fdrazn\u00fd obrys.<\/li>\n<li><strong>Texturovan\u00e9 sklen\u011bn\u00e9 vzory:<\/strong> Na sklen\u011bnou fasetu aplikujte jemn\u00fd design (nap\u0159\u00edklad svisl\u00e9 \u010d\u00e1ry nebo geometrick\u00e9 tvary).<\/li>\n<li><strong>Vti\u0161t\u011bn\u00e9 objemov\u00e9 zna\u010dky:<\/strong> Pro snadn\u00e9 zaznamen\u00e1v\u00e1n\u00ed recept\u016f a odm\u011brek ko\u0159en\u00ed si na sklenici vyzna\u010dte objemov\u00e9 zna\u010dky.<\/li>\n<li><strong>Alternativy barevn\u00e9ho skla:<\/strong> Krom\u011b ochrany p\u0159ed sv\u011btlem pou\u017eijte jantarov\u00e9 nebo zelen\u00e9 sklo pro jedine\u010dn\u00fd vizu\u00e1ln\u00ed efekt.<\/li>\n<\/ul>","protected":false},"excerpt":{"rendered":"<p>\u010cir\u00e9 sklen\u011bn\u00e9 lahve na ko\u0159en\u00ed s elegantn\u00edmi k\u0159ivkami a texturovan\u00fdmi detaily. Velkoobchodn\u00ed lahve na om\u00e1\u010dky, ide\u00e1ln\u00ed pro branding a prezentaci j\u00eddla. Vzorky zdarma.<\/p>","protected":false},"featured_media":23394,"template":"","meta":[],"product_brand":[],"product_cat":[122,123,129],"product_tag":[],"class_list":{"0":"post-23381","1":"product","2":"type-product","3":"status-publish","4":"has-post-thumbnail","6":"product_cat-custom-glass-packaging","7":"product_cat-custom-glass-bottles","8":"product_cat-hot-sauce-bottles","10":"first","11":"instock","12":"shipping-taxable","13":"product-type-simple"},"jetpack_sharing_enabled":true,"_links":{"self":[{"href":"https:\/\/yebodaglass.com\/cs\/wp-json\/wp\/v2\/product\/23381","targetHints":{"allow":["GET"]}}],"collection":[{"href":"https:\/\/yebodaglass.com\/cs\/wp-json\/wp\/v2\/product"}],"about":[{"href":"https:\/\/yebodaglass.com\/cs\/wp-json\/wp\/v2\/types\/product"}],"version-history":[{"count":5,"href":"https:\/\/yebodaglass.com\/cs\/wp-json\/wp\/v2\/product\/23381\/revisions"}],"predecessor-version":[{"id":23402,"href":"https:\/\/yebodaglass.com\/cs\/wp-json\/wp\/v2\/product\/23381\/revisions\/23402"}],"wp:featuredmedia":[{"embeddable":true,"href":"https:\/\/yebodaglass.com\/cs\/wp-json\/wp\/v2\/media\/23394"}],"wp:attachment":[{"href":"https:\/\/yebodaglass.com\/cs\/wp-json\/wp\/v2\/media?parent=23381"}],"wp:term":[{"taxonomy":"product_brand","embeddable":true,"href":"https:\/\/yebodaglass.com\/cs\/wp-json\/wp\/v2\/product_brand?post=23381"},{"taxonomy":"product_cat","embeddable":true,"href":"https:\/\/yebodaglass.com\/cs\/wp-json\/wp\/v2\/product_cat?post=23381"},{"taxonomy":"product_tag","embeddable":true,"href":"https:\/\/yebodaglass.com\/cs\/wp-json\/wp\/v2\/product_tag?post=23381"}],"curies":[{"name":"wp","href":"https:\/\/api.w.org\/{rel}","templated":true}]}}