{"id":23372,"date":"2025-11-07T14:30:40","date_gmt":"2025-11-07T06:30:40","guid":{"rendered":"https:\/\/yebodaglass.com\/?post_type=product&#038;p=23372"},"modified":"2026-03-18T09:57:57","modified_gmt":"2026-03-18T01:57:57","slug":"pumpkin-shape-cute-spice-jars-with-wooden-lid-bulk","status":"publish","type":"product","link":"https:\/\/yebodaglass.com\/cs\/pumpkin-shape-cute-spice-jars-with-wooden-lid-bulk\/","title":{"rendered":"250ml d\u00fd\u0148ov\u00e9 roztomil\u00e9 d\u00f3zy na ko\u0159en\u00ed s d\u0159ev\u011bn\u00fdm v\u00edkem"},"content":{"rendered":"<p>Tyto roztomil\u00e9 d\u00f3zy na ko\u0159en\u00ed maj\u00ed kr\u00e1sn\u00fd tvar d\u00fdn\u011b se svisl\u00fdmi pruhy. Jsou z pr\u016fhledn\u00e9ho skla a perfektn\u011b vystav\u00ed va\u0161e ko\u0159en\u00ed. V\u00ed\u010dka jsou vyrobena z p\u0159\u00edrodn\u00edho d\u0159eva a maj\u00ed zabudovan\u00fd dr\u017e\u00e1k na l\u017ei\u010dku a d\u0159ev\u011bnou \u00fachytku, kter\u00e1 k n\u011bmu lad\u00ed.<\/p>\n<h2>Vlastnosti produktu<\/h2>\n<ul>\n<li><strong>T\u011blo ve tvaru d\u00fdn\u011b:<\/strong> Roztomil\u00fd a jedine\u010dn\u00fd design lahvi\u010dky je ve tvaru d\u00fdn\u011b s pruhy, co\u017e zlep\u0161uje jak vzhled, tak i dr\u017een\u00ed.<\/li>\n<li><strong>Integrovan\u00e1 odm\u011brka:<\/strong> Sklenice maj\u00ed v d\u0159ev\u011bn\u00e9m v\u00ed\u010dku vlastn\u00ed b\u00edlou odm\u011brku, a proto jsou hygienick\u00e9 a snadno se pou\u017e\u00edvaj\u00ed.<\/li>\n<li><strong>V\u0161estrann\u00e1 velikost pro kuchy\u0148 a j\u00eddelnu: <\/strong>Tato 250ml sklenice m\u00e1 ide\u00e1ln\u00ed velikost pro ko\u0159en\u00ed nebo mal\u00e9 such\u00e9 potraviny. Jej\u00ed stylov\u00fd design se skv\u011ble hod\u00ed do jak\u00e9koli kuchyn\u011b nebo j\u00eddelny.<\/li>\n<\/ul>\n<h2>Kl\u00ed\u010dov\u00e9 specifikace<\/h2>\n<table style=\"border-collapse: collapse; width: 80%; margin-left: auto; margin-right: auto;\" border=\"0\" width=\"144\" cellspacing=\"0\" cellpadding=\"0\">\n<tbody>\n<tr style=\"height: 13.50pt;\">\n<td style=\"height: 13.5pt; width: 54pt; text-align: center;\" width=\"72\" height=\"18\">Funkce<\/td>\n<td style=\"width: 54pt; text-align: center;\" width=\"72\">Specifikace<\/td>\n<\/tr>\n<tr style=\"height: 13.50pt;\">\n<td style=\"height: 13.5pt; text-align: center;\" height=\"18\">Kapacita<\/td>\n<td style=\"text-align: center;\">250ml<\/td>\n<\/tr>\n<tr style=\"height: 13.50pt;\">\n<td style=\"height: 13.5pt; text-align: center;\" height=\"18\">Materi\u00e1l<\/td>\n<td style=\"text-align: center;\">Vysoce b\u00edl\u00e9 sklo, \u017e\u00e1ruvzdorn\u00e9 sklo<\/td>\n<\/tr>\n<tr style=\"height: 13.50pt;\">\n<td style=\"height: 13.5pt; text-align: center;\" height=\"18\">Barva<\/td>\n<td style=\"text-align: center;\">Vymazat, P\u0159ijmout p\u0159izp\u016fsoben\u00ed<\/td>\n<\/tr>\n<tr style=\"height: 13.50pt;\">\n<td style=\"height: 13.5pt; text-align: center;\" height=\"18\">Typy v\u00ed\u010dek<\/td>\n<td style=\"text-align: center;\">Bambusov\u00e9 v\u00edko \/ Sklen\u011bn\u00e9 v\u00edko \/ Korkov\u00e9 v\u00edko \/ Plastov\u00e9 v\u00edko z PE<\/td>\n<\/tr>\n<tr style=\"height: 13.50pt;\">\n<td style=\"height: 13.5pt; text-align: center;\" height=\"18\">Povrchov\u00e1 \u00faprava<\/td>\n<td style=\"text-align: center;\">S\u00edtotisk\/Matn\u00fd\/Obtisk\/Barevn\u00fd sprej\/\u0160t\u00edtek atd.<\/td>\n<\/tr>\n<\/tbody>\n<\/table>\n<h2>P\u0159\u00edb\u011bh \u00fasp\u011bchu: Zak\u00e1zkov\u00e1 objedn\u00e1vka u jednoho z obchod\u016f se potravinami na st\u0159edoz\u00e1pad\u011b<\/h2>\n<p>Na\u0161e roztomil\u00e9 d\u00f3zy na ko\u0159en\u00ed si vyzvedl \u0159et\u011bzec s potravinami ze St\u0159edoz\u00e1padu, kter\u00fd si nechal d\u00f3zy upravit pomoc\u00ed lehce matn\u00e9ho jantarov\u00e9ho skla a javorov\u00e9ho v\u00edka s laserem vy\u0159ezan\u00fdm vzorem listu. D\u00f3zy na ko\u0159en\u00ed zaznamenaly obrovsk\u00fd \u00fasp\u011bch: speci\u00e1ln\u00ed a sofistikovan\u00fd design d\u00e1rkov\u00e9ho balen\u00ed jim umo\u017enil sd\u00edlet je se sv\u00fdmi z\u00e1kazn\u00edky na soci\u00e1ln\u00edch s\u00edt\u00edch o 300 % \u010dast\u011bji. To bylo d\u00edky designu vestav\u011bn\u00e9 l\u017ei\u010dky, co\u017e byl v\u00fdznamn\u00fd prodejn\u00ed argument, proto\u017ee pr\u016fzkumy mezi z\u00e1kazn\u00edky uk\u00e1zaly, \u017ee 90 procent z\u00e1kazn\u00edk\u016f to pova\u017euje za velmi pohodln\u00e9. D\u00edky tomuto \u00fasp\u011bchu si objednali dal\u0161\u00edch 400 000 d\u00f3z na ko\u0159en\u00ed ze sv\u00e9 d\u00e1rkov\u00e9 sady \u201eFarmhouse Kitchen\u201c a vlastn\u00ed \u0159ady ingredienc\u00ed na pe\u010den\u00ed.<\/p>\n<h2>P\u0159\u00edru\u010dka pro p\u0159izp\u016fsoben\u00ed skladovac\u00edch n\u00e1dob na ko\u0159en\u00ed<\/h2>\n<ol>\n<li><strong>Lep\u0161\u00ed design skla:<\/strong> Pro origin\u00e1ln\u00ed vizu\u00e1ln\u00ed hloubku a bezpe\u010dn\u00fd \u00fachop zvolte vlnitou texturu, rovnou linii nebo matn\u00fd povrch.<\/li>\n<li><strong>Vylep\u0161en\u00e9 l\u017e\u00edce a p\u0159\u00edslu\u0161enstv\u00ed:<\/strong> M\u016f\u017eete si vybrat bambusov\u00e9, sklen\u011bn\u00e9 nebo nerezov\u00e9 l\u017e\u00edce a k nim si m\u016f\u017eete po\u0159\u00eddit i odpov\u00eddaj\u00edc\u00ed \u00falo\u017en\u00e9 podlo\u017eky, kter\u00e9 je\u0161t\u011b v\u00edce zv\u00fd\u0161\u00ed kr\u00e1su celkov\u00e9ho sou\u010dtu.<\/li>\n<li><strong>Barva a kapacita dle va\u0161eho v\u00fdb\u011bru:<\/strong> K dispozici jsou barvy skla, jako je \u010dir\u00e9, jantarov\u00e9 nebo r\u016f\u017eov\u00e9, a tak\u00e9 objemy od 100 ml do 300 ml, co\u017e umo\u017e\u0148uje skladov\u00e1n\u00ed sklenic na ko\u0159en\u00ed r\u016fzn\u00fdch velikost\u00ed.<\/li>\n<\/ol>","protected":false},"excerpt":{"rendered":"<p>Rozko\u0161n\u00e9 d\u00f3zy na ko\u0159en\u00ed ve tvaru d\u00fdn\u011b s d\u0159ev\u011bn\u00fdmi v\u00ed\u010dky. Praktick\u00e9 d\u00f3zy na ko\u0159en\u00ed s l\u017ei\u010dkou na s\u016fl, cukr a ko\u0159en\u00ed. Vzorky zdarma.<\/p>","protected":false},"featured_media":23373,"template":"","meta":[],"product_brand":[],"product_cat":[122,124,128],"product_tag":[],"class_list":{"0":"post-23372","1":"product","2":"type-product","3":"status-publish","4":"has-post-thumbnail","6":"product_cat-custom-glass-packaging","7":"product_cat-custom-glass-jars","8":"product_cat-spice-jars","10":"first","11":"instock","12":"shipping-taxable","13":"product-type-simple"},"jetpack_sharing_enabled":true,"_links":{"self":[{"href":"https:\/\/yebodaglass.com\/cs\/wp-json\/wp\/v2\/product\/23372","targetHints":{"allow":["GET"]}}],"collection":[{"href":"https:\/\/yebodaglass.com\/cs\/wp-json\/wp\/v2\/product"}],"about":[{"href":"https:\/\/yebodaglass.com\/cs\/wp-json\/wp\/v2\/types\/product"}],"version-history":[{"count":5,"href":"https:\/\/yebodaglass.com\/cs\/wp-json\/wp\/v2\/product\/23372\/revisions"}],"predecessor-version":[{"id":25493,"href":"https:\/\/yebodaglass.com\/cs\/wp-json\/wp\/v2\/product\/23372\/revisions\/25493"}],"wp:featuredmedia":[{"embeddable":true,"href":"https:\/\/yebodaglass.com\/cs\/wp-json\/wp\/v2\/media\/23373"}],"wp:attachment":[{"href":"https:\/\/yebodaglass.com\/cs\/wp-json\/wp\/v2\/media?parent=23372"}],"wp:term":[{"taxonomy":"product_brand","embeddable":true,"href":"https:\/\/yebodaglass.com\/cs\/wp-json\/wp\/v2\/product_brand?post=23372"},{"taxonomy":"product_cat","embeddable":true,"href":"https:\/\/yebodaglass.com\/cs\/wp-json\/wp\/v2\/product_cat?post=23372"},{"taxonomy":"product_tag","embeddable":true,"href":"https:\/\/yebodaglass.com\/cs\/wp-json\/wp\/v2\/product_tag?post=23372"}],"curies":[{"name":"wp","href":"https:\/\/api.w.org\/{rel}","templated":true}]}}