{"id":23360,"date":"2025-11-07T13:39:54","date_gmt":"2025-11-07T05:39:54","guid":{"rendered":"https:\/\/yebodaglass.com\/?post_type=product&#038;p=23360"},"modified":"2026-03-16T15:54:12","modified_gmt":"2026-03-16T07:54:12","slug":"clear-glass-spice-shaker-jars-with-hourglass-bulk","status":"publish","type":"product","link":"https:\/\/yebodaglass.com\/cs\/produkt\/clear-glass-spice-shaker-jars-with-hourglass-bulk\/","title":{"rendered":"85ml sklenice na ko\u0159enky z \u010dir\u00e9ho skla s p\u0159es\u00fdpac\u00edmi hodinami"},"content":{"rendered":"<p>Tyto ko\u0159enky jsou velmi unik\u00e1tn\u00ed a maj\u00ed tvar p\u0159es\u00fdpac\u00edch hodin se zu\u017euj\u00edc\u00edm se designem, d\u00edky kter\u00e9mu se snadno uchop\u00ed, prot\u0159epou a dokonce i naklon\u00ed. Jsou opat\u0159eny elegantn\u00edmi barevn\u00fdmi odkl\u00e1p\u011bc\u00edmi v\u00ed\u010dky nebo kovov\u00fdmi v\u00ed\u010dky pro snadn\u00fd p\u0159\u00edstup.<\/p>\n<h2>Vlastnosti produktu<\/h2>\n<ul>\n<li><strong>Ergonomick\u00fd design p\u0159es\u00fdpac\u00edch hodin:<\/strong> Z\u00fa\u017een\u00fd tvar p\u0159es\u00fdpac\u00edch hodin jim dod\u00e1v\u00e1 pohodln\u00fd a stabiln\u00ed \u00fachop, kter\u00fd umo\u017e\u0148uje t\u0159\u00e1st a snadno kontrolovat nal\u00e9v\u00e1n\u00ed.<\/li>\n<li><strong>Vysoce viditeln\u00e9 sklo:<\/strong> Obsah, barva a mno\u017estv\u00ed ve sklen\u011bn\u00e9 lahvi jsou d\u00edky pr\u016fhledn\u00e9mu sklu viditeln\u00e9 na prvn\u00ed pohled.<\/li>\n<li><strong>R\u016fzn\u00e9 mo\u017enosti v\u00ed\u010dek:<\/strong> Vyberte si z\u00e1\u0159iv\u011b barevn\u00e9, snadno otev\u00edrateln\u00e9 plastov\u00e9 uz\u00e1v\u011bry, kter\u00e9 jsou snadno p\u0159\u00edstupn\u00e9, nebo \u0161roubovac\u00ed kovov\u00e9 uz\u00e1v\u011bry, kter\u00e9 zaru\u010duj\u00ed vzduchot\u011bsn\u00e9 skladov\u00e1n\u00ed.<\/li>\n<\/ul>\n<h2>Kl\u00ed\u010dov\u00e9 specifikace<\/h2>\n<table style=\"border-collapse: collapse; width: 80%; margin-left: auto; margin-right: auto;\" border=\"0\" width=\"144\" cellspacing=\"0\" cellpadding=\"0\">\n<tbody>\n<tr style=\"height: 13.50pt;\">\n<td style=\"height: 13.5pt; width: 54pt; text-align: center;\" width=\"72\" height=\"18\">Funkce<\/td>\n<td style=\"width: 54pt; text-align: center;\" width=\"72\">Specifikace<\/td>\n<\/tr>\n<tr style=\"height: 13.50pt;\">\n<td style=\"height: 13.5pt; text-align: center;\" height=\"18\">Kapacita<\/td>\n<td style=\"text-align: center;\">85ml<\/td>\n<\/tr>\n<tr style=\"height: 13.50pt;\">\n<td style=\"height: 13.5pt; text-align: center;\" height=\"18\">Velikost<\/td>\n<td style=\"text-align: center;\">5 * 10 cm<\/td>\n<\/tr>\n<tr style=\"height: 13.50pt;\">\n<td style=\"height: 13.5pt; text-align: center;\" height=\"18\">Barva<\/td>\n<td style=\"text-align: center;\">Jasn\u00e9, Vlastn\u00ed<\/td>\n<\/tr>\n<tr style=\"height: 13.50pt;\">\n<td style=\"height: 13.5pt; text-align: center;\" height=\"18\">V\u00ed\u010dka<\/td>\n<td style=\"text-align: center;\">Mot\u00fdlkov\u00fd \u0161roubovac\u00ed uz\u00e1v\u011br<\/td>\n<\/tr>\n<tr style=\"height: 13.50pt;\">\n<td style=\"height: 13.5pt; text-align: center;\" height=\"18\">Pou\u017e\u00edv\u00e1n\u00ed<\/td>\n<td style=\"text-align: center;\">Su\u0161en\u00e9 bylinky, ko\u0159en\u00ed, pep\u0159, marin\u00e1dy a dal\u0161\u00ed.<\/td>\n<\/tr>\n<\/tbody>\n<\/table>\n<h2>P\u0159\u00edb\u011bh \u00fasp\u011bchu: Zak\u00e1zkov\u00e1 objedn\u00e1vka pro evropskou rozvozovou spole\u010dnost j\u00eddla<\/h2>\n<p>Na\u0161i d\u00f3zu na bylinky si vybrala velk\u00e1 evropsk\u00e1 spole\u010dnost pro rozvoz j\u00eddla, kter\u00e1 si na lahvi personalizovala odm\u011brky. Pr\u016fhledn\u00e1 lahev a odm\u011brky zv\u00fd\u0161ily p\u0159esnost recept\u016f, kter\u00e9 z\u00e1kazn\u00edci dodr\u017eovali. Podle jejich zp\u011btn\u00e9 vazby si obl\u00edbili p\u011bknou sklen\u011bnou lahev a odm\u011brky, kter\u00e9 zajistily vy\u0161\u0161\u00ed m\u00edru \u00fasp\u011b\u0161nosti recept\u016f (15 %). Bezpe\u010dn\u00fd odkl\u00e1p\u011bc\u00ed v\u00ed\u010dko sn\u00ed\u017eilo st\u00ed\u017enosti na rozsyp\u00e1n\u00ed ko\u0159en\u00ed o 25 procent. Na z\u00e1klad\u011b t\u011bchto vynikaj\u00edc\u00edch vlastnost\u00ed si objednali dal\u0161\u00ed v\u00e1rku 500 000 d\u00f3z, aby uspokojili rostouc\u00ed popt\u00e1vku na severoamerick\u00e9m trhu.<\/p>\n<h2>Doporu\u010den\u00ed pro p\u0159izp\u016fsoben\u00ed d\u00f3z na ko\u0159enky<\/h2>\n<ul>\n<li>Vlastn\u00ed vyti\u0161t\u011bn\u00e9 stupnice: Trvale p\u0159idejte vyti\u0161t\u011bn\u00e9 nebo srolovan\u00e9 stupnice (\u010dajov\u00e1 l\u017ei\u010dka, pol\u00e9vkov\u00e1 l\u017e\u00edce, gram) na bok sklenice, aby je bylo mo\u017en\u00e9 p\u0159esn\u011b pou\u017e\u00edt v receptech.<\/li>\n<li>V\u00edko d\u00e1vkova\u010de s dvojit\u00fdm otvorem: P\u0159edeh\u0159ejte jedno v\u00edko se dv\u011bma otvory, jedno v\u00edko \u0161ejkru s mal\u00fdmi otvory (n\u011bkolik mal\u00fdch otvor\u016f); druh\u00e9 se sem\u00ednky nebo vlo\u010dkov\u00fdm ko\u0159en\u00edm.<\/li>\n<li>\u010ctvercov\u00fd nebo obd\u00e9ln\u00edkov\u00fd design: Navrhn\u011bte prostorov\u011b \u00fasporn\u00e9 \u010dtvercov\u00e9 nebo obd\u00e9ln\u00edkov\u00e9 d\u00f3zy na ko\u0159en\u00ed, abyste co nejl\u00e9pe vyu\u017eili dostupn\u00fd prostor v z\u00e1suvk\u00e1ch a polic\u00edch.<\/li>\n<\/ul>","protected":false},"excerpt":{"rendered":"<p>Pr\u016fhledn\u00e9 ko\u0159enky s ergonomick\u00fdm tvarem pro snadn\u00e9 uchopen\u00ed. Pr\u016fhledn\u00e1 d\u00f3za na bylinky ide\u00e1ln\u00ed pro skladov\u00e1n\u00ed kuchy\u0148sk\u00e9ho ko\u0159en\u00ed a dochucovadel. Skladem pro rychl\u00e9 dod\u00e1n\u00ed.<\/p>","protected":false},"featured_media":23362,"template":"","meta":[],"product_brand":[],"product_cat":[122,124,128],"product_tag":[],"class_list":{"0":"post-23360","1":"product","2":"type-product","3":"status-publish","4":"has-post-thumbnail","6":"product_cat-custom-glass-packaging","7":"product_cat-custom-glass-jars","8":"product_cat-spice-jars","10":"first","11":"instock","12":"shipping-taxable","13":"product-type-simple"},"jetpack_sharing_enabled":true,"_links":{"self":[{"href":"https:\/\/yebodaglass.com\/cs\/wp-json\/wp\/v2\/product\/23360","targetHints":{"allow":["GET"]}}],"collection":[{"href":"https:\/\/yebodaglass.com\/cs\/wp-json\/wp\/v2\/product"}],"about":[{"href":"https:\/\/yebodaglass.com\/cs\/wp-json\/wp\/v2\/types\/product"}],"version-history":[{"count":5,"href":"https:\/\/yebodaglass.com\/cs\/wp-json\/wp\/v2\/product\/23360\/revisions"}],"predecessor-version":[{"id":25459,"href":"https:\/\/yebodaglass.com\/cs\/wp-json\/wp\/v2\/product\/23360\/revisions\/25459"}],"wp:featuredmedia":[{"embeddable":true,"href":"https:\/\/yebodaglass.com\/cs\/wp-json\/wp\/v2\/media\/23362"}],"wp:attachment":[{"href":"https:\/\/yebodaglass.com\/cs\/wp-json\/wp\/v2\/media?parent=23360"}],"wp:term":[{"taxonomy":"product_brand","embeddable":true,"href":"https:\/\/yebodaglass.com\/cs\/wp-json\/wp\/v2\/product_brand?post=23360"},{"taxonomy":"product_cat","embeddable":true,"href":"https:\/\/yebodaglass.com\/cs\/wp-json\/wp\/v2\/product_cat?post=23360"},{"taxonomy":"product_tag","embeddable":true,"href":"https:\/\/yebodaglass.com\/cs\/wp-json\/wp\/v2\/product_tag?post=23360"}],"curies":[{"name":"wp","href":"https:\/\/api.w.org\/{rel}","templated":true}]}}