{"id":23351,"date":"2025-11-07T11:52:40","date_gmt":"2025-11-07T03:52:40","guid":{"rendered":"https:\/\/yebodaglass.com\/?post_type=product&#038;p=23351"},"modified":"2026-04-09T15:28:15","modified_gmt":"2026-04-09T07:28:15","slug":"square-glass-herb-jars-with-bamboo-lids-wholesale","status":"publish","type":"product","link":"https:\/\/yebodaglass.com\/cs\/square-glass-herb-jars-with-bamboo-lids-wholesale\/","title":{"rendered":"4oz barevn\u00e9 \u010dtvercov\u00e9 sklen\u011bn\u00e9 bylinkov\u00e9 d\u00f3zy s bambusov\u00fdmi v\u00ed\u010dky velkoobchod"},"content":{"rendered":"<p>Tyto sklen\u011bn\u00e9 d\u00f3zy na bylinky jsou vysok\u00e9, \u010dtvercov\u00e9 se zaoblen\u00fdmi rohy a rovn\u00fdmi hranami. D\u00f3zy jsou vyrobeny z tlust\u00e9ho, pr\u016fhledn\u00e9ho skla a dod\u00e1vaj\u00ed se s p\u0159\u00edrodn\u00edmi bambusov\u00fdmi \u0161roubovac\u00edmi uz\u00e1v\u011bry. Jsou k dispozici v r\u016fzn\u00fdch barv\u00e1ch.<\/p>\n<h2>Vlastnosti produktu<\/h2>\n<ul>\n<li><strong>Obd\u00e9ln\u00edkov\u00fd design:<\/strong> Obd\u00e9ln\u00edkov\u00fd design je \u010dist\u00fd, zab\u00edr\u00e1 m\u00e9n\u011b m\u00edsta p\u0159i skladov\u00e1n\u00ed a lze jej stohovat a tak \u00fahledn\u011b vystavit pomoc\u00ed sk\u0159\u00edn\u011bk nebo polic.<\/li>\n<li><strong>V\u00edcebarevn\u00e9 sklo st\u00edn\u00edc\u00ed sv\u011btlo:<\/strong> Sklenice se dod\u00e1vaj\u00ed ve \u010dty\u0159ech efektn\u00edch barv\u00e1ch, mezi kter\u00e9 pat\u0159\u00ed v\u00ednov\u00e1, tmav\u011b zelen\u00e1, jantarov\u00e1 a kr\u00e1lovsk\u00e1 modr\u00e1, je\u017e maj\u00ed schopnost blokovat sv\u011btlo, kter\u00e9 kaz\u00ed a oxiduje ko\u0159en\u00ed a su\u0161en\u00e9 zbo\u017e\u00ed a dal\u0161\u00ed podobn\u00e9 p\u0159edm\u011bty.<\/li>\n<li><strong>V\u00ed\u010dka z p\u0159\u00edrodn\u00edho d\u0159eva:<\/strong> V kombinaci s uz\u00e1v\u011bry \u0161roub\u016f z p\u0159\u00edrodn\u00edho d\u0159eva dod\u00e1v\u00e1 p\u0159irozen\u00fd pocit a skv\u011bl\u00e1 t\u011bsnic\u00ed schopnost produktu ekologick\u00fd vzhled a zvy\u0161uje jeho pr\u00e9miovost.<\/li>\n<\/ul>\n<h2>Kl\u00ed\u010dov\u00e9 specifikace<\/h2>\n<table style=\"border-collapse: collapse; width: 80%; margin-left: auto; margin-right: auto;\" border=\"0\" width=\"144\" cellspacing=\"0\" cellpadding=\"0\">\n<tbody>\n<tr style=\"height: 13.50pt;\">\n<td style=\"height: 13.5pt; width: 54pt; text-align: center;\" width=\"72\" height=\"18\">Funkce<\/td>\n<td style=\"width: 54pt; text-align: center;\" width=\"72\">Specifikace<\/td>\n<\/tr>\n<tr style=\"height: 13.50pt;\">\n<td style=\"height: 13.5pt; text-align: center;\" height=\"18\">Kapacita<\/td>\n<td style=\"text-align: center;\">120 ml (4 oz)<\/td>\n<\/tr>\n<tr style=\"height: 13.50pt;\">\n<td style=\"height: 13.5pt; text-align: center;\" height=\"18\">Materi\u00e1l<\/td>\n<td style=\"text-align: center;\">Odoln\u00e9 sklo \u2022 \u010ctvercov\u00fd tvar<\/td>\n<\/tr>\n<tr style=\"height: 13.50pt;\">\n<td style=\"height: 13.5pt; text-align: center;\" height=\"18\">Barva<\/td>\n<td style=\"text-align: center;\">Jantarov\u00e1, \u010derven\u00e1, modr\u00e1, zelen\u00e1, vlastn\u00ed<\/td>\n<\/tr>\n<tr style=\"height: 13.50pt;\">\n<td style=\"height: 13.5pt; text-align: center;\" height=\"18\">V\u00ed\u010dka<\/td>\n<td style=\"text-align: center;\">Bambus, kov, plast \u2022 K dispozici v\u00ed\u010dka do \u0161ejkru<\/td>\n<\/tr>\n<tr style=\"height: 13.50pt;\">\n<td style=\"height: 13.5pt; text-align: center;\" height=\"18\">P\u0159izp\u016fsoben\u00ed<\/td>\n<td style=\"text-align: center;\">Grav\u00edrov\u00e1n\u00ed loga, s\u00edtotisk, zak\u00e1zkov\u00e9 etikety\/obaly<\/td>\n<\/tr>\n<\/tbody>\n<\/table>\n<h2>P\u0159\u00edb\u011bh \u00fasp\u011bchu: Zak\u00e1zkov\u00e1 objedn\u00e1vka od \u0161pi\u010dkov\u00e9 evropsk\u00e9 gurm\u00e1nsk\u00e9 zna\u010dky<\/h2>\n<p>Tato luxusn\u00ed italsk\u00e1 gurm\u00e1nsk\u00e1 zna\u010dka si vybrala na\u0161e 250ml d\u00f3zy na ko\u0159en\u00ed z jantarov\u00e9ho \u010dtvercov\u00e9ho skla a prost\u0159ednictv\u00edm ofici\u00e1ln\u00ed objedn\u00e1vky si vy\u017e\u00e1dala v\u00ed\u010dka z o\u0159echov\u00e9ho d\u0159eva na m\u00edru. D\u00f3zy na m\u00edru dos\u00e1hly p\u016fsobiv\u00fdch v\u00fdsledk\u016f, proto\u017ee jejich vynikaj\u00edc\u00ed syst\u00e9m t\u011bsn\u011bn\u00ed prodlou\u017eil trvanlivost pr\u00e9miov\u00e9ho ko\u0159en\u00ed o 40 procent, zat\u00edmco vitr\u00e1\u017eov\u00fd materi\u00e1l blokoval sv\u011btlo a zachoval 25 procent p\u016fvodn\u00ed s\u00edly ko\u0159en\u00ed. Spole\u010dnost provedla dal\u0161\u00ed n\u00e1kup 280 000 d\u00f3z pot\u00e9, co dos\u00e1hla \u00fasp\u011bchu se sv\u00fdmi st\u00e1vaj\u00edc\u00edmi produkty na podporu sv\u00e9 nov\u00e9 \u0159ady ochucen\u00e9 mo\u0159sk\u00e9 soli.<\/p>\n<h2>P\u0159izp\u016fsoben\u00ed \u010dtvercov\u00e9 sklen\u011bn\u00e9 n\u00e1doby na ko\u0159en\u00ed<\/h2>\n<ol>\n<li><strong>Mo\u017enosti v\u00edka:<\/strong>R\u016fzn\u00e9 zna\u010dky mohou m\u00edt bambusov\u00e1, nerezov\u00e1 nebo hlin\u00edkov\u00e1 v\u00ed\u010dka se silikonov\u00fdm t\u011bsn\u011bn\u00edm, aby odpov\u00eddala jejich estetice a udr\u017eela \u010derstvost vzduchot\u011bsn\u00e1.<\/li>\n<li><strong>Barvy skla:<\/strong>Pro ulo\u017een\u00ed r\u016fzn\u00fdch bylinek nebo ko\u0159en\u00ed si vyberte z r\u016fzn\u00fdch barev, nap\u0159\u00edklad jantarov\u00e9, kobaltov\u011b modr\u00e9, zelen\u00e9 nebo \u010dir\u00e9ho skla.<\/li>\n<li><strong>P\u0159izp\u016fsoben\u00ed \u0161t\u00edtk\u016f:<\/strong>Ekologick\u00e9, ale luxusn\u00ed identifikace zna\u010dky lze dos\u00e1hnout kombinac\u00ed laserem grav\u00edrovan\u00fdch nebo ti\u0161t\u011bn\u00fdch etiket s v\u00ed\u010dkem nebo t\u011blem lahve.<\/li>\n<\/ol>","protected":false},"excerpt":{"rendered":"<p>Stylov\u00e9 \u010dtvercov\u00e9 sklen\u011bn\u00e9 ko\u0159enky s bambusov\u00fdm v\u00ed\u010dkem, perfektn\u00ed sklen\u011bn\u00e9 d\u00f3zy na bylinky pro udr\u017een\u00ed \u010derstvosti ko\u0159en\u00ed a kr\u00e1sn\u00e9ho uspo\u0159\u00e1d\u00e1n\u00ed va\u0161\u00ed kuchyn\u011b. Vzorky zdarma.<\/p>","protected":false},"featured_media":23355,"template":"","meta":[],"product_brand":[],"product_cat":[128,124,122],"product_tag":[],"class_list":{"0":"post-23351","1":"product","2":"type-product","3":"status-publish","4":"has-post-thumbnail","6":"product_cat-spice-jars","7":"product_cat-custom-glass-jars","8":"product_cat-custom-glass-packaging","10":"first","11":"instock","12":"shipping-taxable","13":"product-type-simple"},"jetpack_sharing_enabled":true,"_links":{"self":[{"href":"https:\/\/yebodaglass.com\/cs\/wp-json\/wp\/v2\/product\/23351","targetHints":{"allow":["GET"]}}],"collection":[{"href":"https:\/\/yebodaglass.com\/cs\/wp-json\/wp\/v2\/product"}],"about":[{"href":"https:\/\/yebodaglass.com\/cs\/wp-json\/wp\/v2\/types\/product"}],"version-history":[{"count":5,"href":"https:\/\/yebodaglass.com\/cs\/wp-json\/wp\/v2\/product\/23351\/revisions"}],"predecessor-version":[{"id":25696,"href":"https:\/\/yebodaglass.com\/cs\/wp-json\/wp\/v2\/product\/23351\/revisions\/25696"}],"wp:featuredmedia":[{"embeddable":true,"href":"https:\/\/yebodaglass.com\/cs\/wp-json\/wp\/v2\/media\/23355"}],"wp:attachment":[{"href":"https:\/\/yebodaglass.com\/cs\/wp-json\/wp\/v2\/media?parent=23351"}],"wp:term":[{"taxonomy":"product_brand","embeddable":true,"href":"https:\/\/yebodaglass.com\/cs\/wp-json\/wp\/v2\/product_brand?post=23351"},{"taxonomy":"product_cat","embeddable":true,"href":"https:\/\/yebodaglass.com\/cs\/wp-json\/wp\/v2\/product_cat?post=23351"},{"taxonomy":"product_tag","embeddable":true,"href":"https:\/\/yebodaglass.com\/cs\/wp-json\/wp\/v2\/product_tag?post=23351"}],"curies":[{"name":"wp","href":"https:\/\/api.w.org\/{rel}","templated":true}]}}