{"id":23307,"date":"2025-11-06T14:24:09","date_gmt":"2025-11-06T06:24:09","guid":{"rendered":"https:\/\/yebodaglass.com\/?post_type=product&#038;p=23307"},"modified":"2025-11-06T16:53:42","modified_gmt":"2025-11-06T08:53:42","slug":"custom-textured-bbq-sauce-bottles-for-canning","status":"publish","type":"product","link":"https:\/\/yebodaglass.com\/cs\/custom-textured-bbq-sauce-bottles-for-canning\/","title":{"rendered":"Vlastn\u00ed texturovan\u00e9 lahve na BBQ om\u00e1\u010dku pro konzervov\u00e1n\u00ed 375ml 500ml"},"content":{"rendered":"<p>Tyto lahve na grilovac\u00ed om\u00e1\u010dku maj\u00ed robustn\u00ed, t\u011b\u017ek\u00e9, \u010dir\u00e9, horizont\u00e1ln\u011b texturovan\u00e9 sklen\u011bn\u00e9 t\u011blo, kter\u00e9 nejen\u017ee poskytuje dobr\u00fd \u00fachop a pr\u00e9miov\u00fd pocit, ale tak\u00e9 spojuje styl a funk\u010dnost.<\/p>\n<h2>Vlastnosti produktu<\/h2>\n<ul>\n<li><strong>Lep\u0161\u00ed p\u0159ilnavost:<\/strong> D\u00edky horizont\u00e1ln\u00ed struktu\u0159e u\u017eivatel dos\u00e1hne pevn\u00e9ho a protiskluzov\u00e9ho \u00fachopu, \u010d\u00edm\u017e se st\u00e1v\u00e1 bezpe\u010dn\u011bj\u0161\u00edm a pohodln\u011bj\u0161\u00edm pro uchopen\u00ed a nal\u00e9v\u00e1n\u00ed.<\/li>\n<li><strong>Pr\u016fhledn\u00e9 sklo:<\/strong> Pr\u016fhledn\u00e1 sklen\u011bn\u00e1 n\u00e1doba umo\u017e\u0148uje u\u017eivatel\u016fm vizu\u00e1ln\u011b zkontrolovat barvu i mno\u017estv\u00ed zb\u00fdvaj\u00edc\u00ed om\u00e1\u010dky.<\/li>\n<li><strong>V\u00fdb\u011br ze dvou velikost\u00ed:<\/strong> Produkt je nab\u00edzen ve dvou r\u016fzn\u00fdch velikostech, aby spl\u0148oval r\u016fzn\u00e9 pot\u0159eby, a je tak ide\u00e1ln\u00ed pro ka\u017edodenn\u00ed rodinn\u00e9 pou\u017eit\u00ed, porcov\u00e1n\u00ed j\u00eddel a podobn\u011b.<\/li>\n<\/ul>\n<h2 style=\"text-align: left;\">Kl\u00ed\u010dov\u00e9 specifikace<\/h2>\n<table class=\"aligncenter\" style=\"border-collapse: collapse; width: 462.77pt;\" border=\"0\" width=\"617\" cellspacing=\"0\" cellpadding=\"0\">\n<tbody>\n<tr style=\"height: 13.50pt;\">\n<td style=\"height: 13.50pt; width: 116.25pt;\" width=\"155\" height=\"18\">Funkce<\/td>\n<td style=\"width: 346.50pt;\" width=\"462\">Specifikace<\/td>\n<\/tr>\n<tr style=\"height: 13.50pt;\">\n<td style=\"height: 13.50pt;\" height=\"18\">Kapacity<\/td>\n<td>375 ml, 500 ml<\/td>\n<\/tr>\n<tr style=\"height: 13.50pt;\">\n<td style=\"height: 13.50pt;\" height=\"18\">Velikost balen\u00ed<\/td>\n<td>20 \u00d7 15 \u00d7 15 cm (shodn\u00e9 pro ob\u011b velikosti)<\/td>\n<\/tr>\n<tr style=\"height: 13.50pt;\">\n<td style=\"height: 13.50pt;\" height=\"18\">Tvar<\/td>\n<td>Siln\u00e1 l\u00e1hev s vertik\u00e1ln\u00ed texturou<\/td>\n<\/tr>\n<tr style=\"height: 13.50pt;\">\n<td style=\"height: 13.50pt;\" height=\"18\">Materi\u00e1l<\/td>\n<td>\u010cir\u00fd sklen\u011bn\u00fd stout, potravin\u00e1\u0159sk\u00fd, bez olova<\/td>\n<\/tr>\n<tr style=\"height: 13.50pt;\">\n<td style=\"height: 13.50pt;\" height=\"18\">Mo\u017enosti uzav\u0159en\u00ed<\/td>\n<td>\u0160roubovac\u00ed uz\u00e1v\u011br v \u010dern\u00e9, zlat\u00e9 nebo na zak\u00e1zku<\/td>\n<\/tr>\n<tr style=\"height: 13.50pt;\">\n<td style=\"height: 13.50pt;\" height=\"18\">Nejlep\u0161\u00ed pro<\/td>\n<td>P\u00e1liv\u00e1 om\u00e1\u010dka, dresink, raj\u010datov\u00e1 om\u00e1\u010dka<\/td>\n<\/tr>\n<tr style=\"height: 13.50pt;\">\n<td style=\"height: 13.50pt;\" height=\"18\">Ide\u00e1ln\u00ed pou\u017eit\u00ed<\/td>\n<td>L\u00e1hev na BBQ om\u00e1\u010dku, velkoobjemov\u00e9 lahve na pikantn\u00ed om\u00e1\u010dku na konzervov\u00e1n\u00ed<\/td>\n<\/tr>\n<\/tbody>\n<\/table>\n<h2>P\u0159\u00edb\u011bh \u00fasp\u011bchu: Jak textura hr\u00e1la hlavn\u00ed roli v positioningu produktu<\/h2>\n<p>Spole\u010dnost vyr\u00e1b\u011bj\u00edc\u00ed ko\u0159en\u00ed, kter\u00e1 vyr\u00e1b\u00ed ru\u010dn\u011b vyr\u00e1b\u011bn\u00e9 barbecue om\u00e1\u010dky pouze pro americk\u00fd trh, se rozhodla pou\u017e\u00edt tento texturovan\u00fd design lahv\u00ed pro svou vlajkovou \u0159adu barbecue om\u00e1\u010dek. Jejich cena se d\u00edky pr\u00e9miov\u00e9mu vzhledu a lep\u0161\u00edmu \u00fachopu zv\u00fd\u0161ila o 25 %, zat\u00edmco po\u010det p\u0159\u00edpad\u016f rozbit\u00ed b\u011bhem p\u0159epravy se sn\u00ed\u017eil o 40 %. V prvn\u00ed polovin\u011b roku tak hmatov\u00e1 interakce se z\u00e1kazn\u00edkem vedla k 35% n\u00e1r\u016fstu tr\u017eeb, co\u017e potvrdili i jejich maloobchodn\u00ed partne\u0159i. Ka\u017ed\u00e9 dva m\u011bs\u00edce spole\u010dnost objedn\u00e1v\u00e1 200 000 lahv\u00ed v obou velikostech.<\/p>\n<h2>Tipy pro personalizaci lahv\u00ed<\/h2>\n<ul>\n<li><strong>Barva krytky na m\u00edru:<\/strong> Krom\u011b zlat\u00e9 a \u010dern\u00e9 si m\u016f\u017eete vybrat barvu \u010depice, kter\u00e1 odpov\u00edd\u00e1 barv\u011b va\u0161\u00ed zna\u010dky.<\/li>\n<li><strong>Mo\u017enosti barev skla:<\/strong> Krom\u011b texturovan\u00fdch design\u016f nab\u00edz\u00ed spole\u010dnost mo\u017enost jantarov\u00e9 nebo zelen\u00e9 sklen\u011bn\u00e9 lahve pro ochranu p\u0159ed sv\u011btlem.<\/li>\n<li><strong>Ra\u017eba loga zna\u010dky:<\/strong> Vytiskn\u011bte si logo do texturovan\u00e9ho vzoru a vytvo\u0159te tak decentn\u011bj\u0161\u00ed image zna\u010dky.<\/li>\n<li><strong>Varianta texturn\u00edho proveden\u00ed:<\/strong> Texturu m\u016f\u017eete zvolit m\u011bl\u010d\u00ed nebo hlub\u0161\u00ed v z\u00e1vislosti na tom, zda chcete v\u00fdrazn\u011bj\u0161\u00ed p\u0159ilnavost nebo jemn\u011bj\u0161\u00ed texturn\u00ed efekt.<\/li>\n<\/ul>","protected":false},"excerpt":{"rendered":"<p>Vysoce kvalitn\u00ed lahve na p\u00e1liv\u00e9 om\u00e1\u010dky ur\u010den\u00e9 k zava\u0159ov\u00e1n\u00ed se stylovou sklen\u011bnou texturou. Ide\u00e1ln\u00ed lahev na BBQ om\u00e1\u010dku pro mal\u00e9 zna\u010dky nebo balen\u00ed do restaurac\u00ed. Vzorky zdarma.<\/p>","protected":false},"featured_media":23310,"template":"","meta":[],"product_brand":[],"product_cat":[123,122,129],"product_tag":[],"class_list":{"0":"post-23307","1":"product","2":"type-product","3":"status-publish","4":"has-post-thumbnail","6":"product_cat-custom-glass-bottles","7":"product_cat-custom-glass-packaging","8":"product_cat-hot-sauce-bottles","10":"first","11":"instock","12":"shipping-taxable","13":"product-type-simple"},"jetpack_sharing_enabled":true,"_links":{"self":[{"href":"https:\/\/yebodaglass.com\/cs\/wp-json\/wp\/v2\/product\/23307","targetHints":{"allow":["GET"]}}],"collection":[{"href":"https:\/\/yebodaglass.com\/cs\/wp-json\/wp\/v2\/product"}],"about":[{"href":"https:\/\/yebodaglass.com\/cs\/wp-json\/wp\/v2\/types\/product"}],"version-history":[{"count":5,"href":"https:\/\/yebodaglass.com\/cs\/wp-json\/wp\/v2\/product\/23307\/revisions"}],"predecessor-version":[{"id":23326,"href":"https:\/\/yebodaglass.com\/cs\/wp-json\/wp\/v2\/product\/23307\/revisions\/23326"}],"wp:featuredmedia":[{"embeddable":true,"href":"https:\/\/yebodaglass.com\/cs\/wp-json\/wp\/v2\/media\/23310"}],"wp:attachment":[{"href":"https:\/\/yebodaglass.com\/cs\/wp-json\/wp\/v2\/media?parent=23307"}],"wp:term":[{"taxonomy":"product_brand","embeddable":true,"href":"https:\/\/yebodaglass.com\/cs\/wp-json\/wp\/v2\/product_brand?post=23307"},{"taxonomy":"product_cat","embeddable":true,"href":"https:\/\/yebodaglass.com\/cs\/wp-json\/wp\/v2\/product_cat?post=23307"},{"taxonomy":"product_tag","embeddable":true,"href":"https:\/\/yebodaglass.com\/cs\/wp-json\/wp\/v2\/product_tag?post=23307"}],"curies":[{"name":"wp","href":"https:\/\/api.w.org\/{rel}","templated":true}]}}