{"id":23286,"date":"2025-11-05T17:28:17","date_gmt":"2025-11-05T09:28:17","guid":{"rendered":"https:\/\/yebodaglass.com\/?post_type=product&#038;p=23286"},"modified":"2026-03-18T16:18:23","modified_gmt":"2026-03-18T08:18:23","slug":"200ml-spherical-glass-spices-jar-with-grinder-bulk","status":"publish","type":"product","link":"https:\/\/yebodaglass.com\/cs\/200ml-spherical-glass-spices-jar-with-grinder-bulk\/","title":{"rendered":"200ml kulat\u00e1 sklen\u011bn\u00e1 d\u00f3za na ko\u0159en\u00ed s ml\u00fdnkem"},"content":{"rendered":"<p>D\u00f3za na ko\u0159en\u00ed m\u00e1 exkluzivn\u00ed kulat\u00e9, pr\u016fhledn\u00e9 sklen\u011bn\u00e9 t\u011blo s elegantn\u00ed mlec\u00ed hlavou z nerezov\u00e9 oceli s mo\u017enost\u00ed ru\u010dn\u00edho mlet\u00ed.<\/p>\n<h2>Vlastnosti produktu<\/h2>\n<ul>\n<li><strong>Pr\u016fhledn\u00e1 kulat\u00e1 sklen\u011bn\u00e1 n\u00e1doba:<\/strong> Sklen\u011bn\u00e1 n\u00e1doba je kulat\u00e1, pr\u016fhledn\u00e1 sklen\u011bn\u00e1 n\u00e1doba, kter\u00e1 poskytuje skv\u011blou vizu\u00e1ln\u00ed prezentaci, kr\u00e1sn\u011b zobrazuje ve\u0161ker\u00e9 ko\u0159en\u00ed uvnit\u0159 n\u00e1doby a odr\u00e1\u017e\u00ed vkus l\u00e9k\u00e1rn\u00edka.<\/li>\n<li><strong>Vestav\u011bn\u00fd ml\u00fdnek z nerezov\u00e9 oceli:<\/strong> Kovov\u00fd ku\u017eel m\u00e1 vestav\u011bn\u00fd ml\u00fdnek a \u010derstv\u00e9 ko\u0159en\u00ed lze naml\u00edt pouh\u00fdm oto\u010den\u00edm kovov\u00e9ho ku\u017eele.<\/li>\n<li><strong>Materi\u00e1l z nerezov\u00e9 oceli:<\/strong> Kart\u00e1\u010dovan\u00fd kovov\u00fd ku\u017eel a v\u00ed\u010dko jsou vyrobeny z odoln\u00fdch, snadno \u010distiteln\u00fdch a korozivzdorn\u00fdch druh\u016f kovu.<\/li>\n<\/ul>\n<h2>Kl\u00ed\u010dov\u00e9 specifikace<\/h2>\n<table style=\"border-collapse: collapse; width: 80%; margin-left: auto; margin-right: auto;\" border=\"0\" width=\"144\" cellspacing=\"0\" cellpadding=\"0\">\n<tbody>\n<tr style=\"height: 13.50pt;\">\n<td style=\"height: 13.5pt; width: 54pt; text-align: center;\" width=\"72\" height=\"18\">Kapacita<\/td>\n<td style=\"width: 54pt; text-align: center;\" width=\"72\">200ml<\/td>\n<\/tr>\n<tr style=\"height: 13.50pt;\">\n<td style=\"height: 13.5pt; text-align: center;\" height=\"18\">Velikost (cm)<\/td>\n<td style=\"text-align: center;\">8.0 * 12.5<\/td>\n<\/tr>\n<tr style=\"height: 13.50pt;\">\n<td style=\"height: 13.5pt; text-align: center;\" height=\"18\">Tvar<\/td>\n<td style=\"text-align: center;\">Kolo<\/td>\n<\/tr>\n<tr style=\"height: 13.50pt;\">\n<td style=\"height: 13.5pt; text-align: center;\" height=\"18\">P\u0159\u00edslu\u0161enstv\u00ed<\/td>\n<td style=\"text-align: center;\">Brusn\u00e1 \u010depice<\/td>\n<\/tr>\n<tr style=\"height: 13.50pt;\">\n<td style=\"height: 13.5pt; text-align: center;\" height=\"18\">Pou\u017e\u00edv\u00e1n\u00ed<\/td>\n<td style=\"text-align: center;\">\u010cern\u00fd pep\u0159 nebo mo\u0159sk\u00e1 s\u016fl atd.<\/td>\n<\/tr>\n<\/tbody>\n<\/table>\n<h2>P\u0159\u00edb\u011bh \u00fasp\u011bchu<\/h2>\n<p>Jeden z na\u0161ich n\u00e1vrh\u016f d\u00f3z na ko\u0159en\u00ed si vybral specializovan\u00fd obchod v severoz\u00e1padn\u00ed \u010d\u00e1sti Pacifiku a na ocelov\u00fd ku\u017eel bylo navr\u017eeno p\u00edskovan\u00e9 logo. Tento program p\u0159inesl skv\u011bl\u00e9 v\u00fdsledky, proto\u017ee prodej balen\u00fdch pep\u0159\u016f a mo\u0159sk\u00e9 soli vzrostl o 40 procent oproti balen\u00fdm produkt\u016fm. Prakticky se poda\u0159ilo eliminovat vr\u00e1cen\u00ed zbo\u017e\u00ed zp\u016fsoben\u00e9 poruchami ml\u00fdnku. Na z\u00e1klad\u011b t\u00e9to vysok\u00e9 \u00farovn\u011b prodeje objednali dal\u0161\u00ed z\u00e1silku 600 000 d\u00f3z s \u00famyslem zav\u00e9st na trh nov\u00e9 polo\u017eky, jako je kvalitn\u00ed \u010desnek a mlet\u00e1 uzen\u00e1 paprika.<\/p>\n<h2>P\u0159izp\u016fsoben\u00ed\u00a0<strong>Sklenice na ko\u0159en\u00ed<\/strong><\/h2>\n<ol>\n<li><strong>Brou\u0161en\u00ed\u200b\u200d\u200b\u200c\u200d\u200d\u200c\u200b\u200d\u200c\u200b\u200d\u200c\u200b\u200d\u200c Materi\u00e1ly sou\u010d\u00e1st\u00ed:<\/strong> Podle druhu ko\u0159en\u00ed, kter\u00e9 pou\u017e\u00edv\u00e1te, si vyberte hlin\u00edkovou keramiku nebo nerezovou ocel.<\/li>\n<li><strong>Tvary a proveden\u00ed:<\/strong> Upravte tvar ml\u00fdnku tak, aby odpov\u00eddal va\u0161emu stylu nebo stylu kuchyn\u011b, nap\u0159. kulat\u00fd, \u010dtvercov\u00fd nebo ku\u017eelovit\u00fd.<\/li>\n<li><strong>Vzory a barvy:<\/strong> Ozdobte logy, vzory nebo barvami pro jedine\u010dn\u00fd vzhled.<\/li>\n<\/ol>","protected":false},"excerpt":{"rendered":"<p>Stylov\u00e9 sklen\u011bn\u00e9 d\u00f3zy na ko\u0159en\u00ed s nerezov\u00fdm v\u00edkem ve tvaru ml\u00fdnku, ide\u00e1ln\u00ed pro skladov\u00e1n\u00ed a mlet\u00ed pep\u0159e, soli nebo bylinek. Odoln\u00e1 a elegantn\u00ed volba d\u00f3z na ko\u0159en\u00ed.<\/p>","protected":false},"featured_media":23287,"template":"","meta":[],"product_brand":[],"product_cat":[128,124,122],"product_tag":[],"class_list":{"0":"post-23286","1":"product","2":"type-product","3":"status-publish","4":"has-post-thumbnail","6":"product_cat-spice-jars","7":"product_cat-custom-glass-jars","8":"product_cat-custom-glass-packaging","10":"first","11":"instock","12":"shipping-taxable","13":"product-type-simple"},"jetpack_sharing_enabled":true,"_links":{"self":[{"href":"https:\/\/yebodaglass.com\/cs\/wp-json\/wp\/v2\/product\/23286","targetHints":{"allow":["GET"]}}],"collection":[{"href":"https:\/\/yebodaglass.com\/cs\/wp-json\/wp\/v2\/product"}],"about":[{"href":"https:\/\/yebodaglass.com\/cs\/wp-json\/wp\/v2\/types\/product"}],"version-history":[{"count":5,"href":"https:\/\/yebodaglass.com\/cs\/wp-json\/wp\/v2\/product\/23286\/revisions"}],"predecessor-version":[{"id":25501,"href":"https:\/\/yebodaglass.com\/cs\/wp-json\/wp\/v2\/product\/23286\/revisions\/25501"}],"wp:featuredmedia":[{"embeddable":true,"href":"https:\/\/yebodaglass.com\/cs\/wp-json\/wp\/v2\/media\/23287"}],"wp:attachment":[{"href":"https:\/\/yebodaglass.com\/cs\/wp-json\/wp\/v2\/media?parent=23286"}],"wp:term":[{"taxonomy":"product_brand","embeddable":true,"href":"https:\/\/yebodaglass.com\/cs\/wp-json\/wp\/v2\/product_brand?post=23286"},{"taxonomy":"product_cat","embeddable":true,"href":"https:\/\/yebodaglass.com\/cs\/wp-json\/wp\/v2\/product_cat?post=23286"},{"taxonomy":"product_tag","embeddable":true,"href":"https:\/\/yebodaglass.com\/cs\/wp-json\/wp\/v2\/product_tag?post=23286"}],"curies":[{"name":"wp","href":"https:\/\/api.w.org\/{rel}","templated":true}]}}