{"id":23277,"date":"2025-11-05T16:32:10","date_gmt":"2025-11-05T08:32:10","guid":{"rendered":"https:\/\/yebodaglass.com\/?post_type=product&#038;p=23277"},"modified":"2026-03-19T11:29:08","modified_gmt":"2026-03-19T03:29:08","slug":"cylindrical-airtight-spice-jars-with-stainless-lid-bulk","status":"publish","type":"product","link":"https:\/\/yebodaglass.com\/cs\/cylindrical-airtight-spice-jars-with-stainless-lid-bulk\/","title":{"rendered":"100ml v\u00e1lcov\u00e9 vzduchot\u011bsn\u00e9 d\u00f3zy na ko\u0159en\u00ed s nerezov\u00fdm v\u00edkem"},"content":{"rendered":"<p>Tyto vzduchot\u011bsn\u00e9 d\u00f3zy na ko\u0159en\u00ed maj\u00ed hladk\u00fd, v\u00e1lcovit\u00fd tvar, jsou vyrobeny z vysoce kvalitn\u00edho \u010dir\u00e9ho skla a maj\u00ed v\u00ed\u010dka z nerezov\u00e9 oceli. Dob\u0159e konzervuj\u00ed ko\u0159en\u00ed, proto je lze pou\u017e\u00edt k uchov\u00e1v\u00e1n\u00ed ko\u0159en\u00ed ve sp\u00ed\u017ei nebo na kuchy\u0148sk\u00e9 lince.<\/p>\n<h2>Vlastnosti produktu<\/h2>\n<ul>\n<li><strong>\u010cir\u00fd v\u00e1lcov\u00fd design:<\/strong> Sklen\u011bn\u00e9 st\u011bny jsou rovn\u00e9, dno je ploch\u00e9, co\u017e je velmi stabiln\u00ed a umo\u017e\u0148uje \u00fapln\u00fd p\u0159ehled o obsahu a hladin\u011b napln\u011bn\u00ed.<\/li>\n<li><strong>Vzduchot\u011bsn\u00e9 v\u00edko z nerezov\u00e9 oceli:<\/strong> \u0160roubovac\u00ed v\u00ed\u010dko je vyrobeno z kart\u00e1\u010dovan\u00e9 nerezov\u00e9 oceli, co\u017e zaru\u010duje spolehliv\u00e9 a vzduchot\u011bsn\u00e9 uchov\u00e1n\u00ed chuti a aroma.<\/li>\n<li><strong>Snadn\u00e9 \u010di\u0161t\u011bn\u00ed a \u00fadr\u017eba:<\/strong> Sklo i nerezov\u00e1 ocel jsou tepeln\u011b odoln\u00e9, snadno se \u010dist\u00ed, dopl\u0148uj\u00ed, jsou ekologick\u00e9 a lze je v kuchyni pou\u017e\u00edvat po dlouhou dobu.<\/li>\n<\/ul>\n<h2>Kl\u00ed\u010dov\u00e9 specifikace<\/h2>\n<table style=\"border-collapse: collapse; width: 80%; margin-left: auto; margin-right: auto;\" border=\"0\" width=\"144\" cellspacing=\"0\" cellpadding=\"0\">\n<tbody>\n<tr style=\"height: 13.50pt;\">\n<td style=\"height: 13.5pt; width: 54pt; text-align: center;\" width=\"72\" height=\"18\">Kapacita<\/td>\n<td style=\"width: 54pt; text-align: center;\" width=\"72\">100ml<\/td>\n<\/tr>\n<tr style=\"height: 13.50pt;\">\n<td style=\"height: 13.5pt; text-align: center;\" height=\"18\">Velikost (cm)<\/td>\n<td style=\"text-align: center;\">4,3 \u00d7 9,4<\/td>\n<\/tr>\n<tr style=\"height: 13.50pt;\">\n<td style=\"height: 13.5pt; text-align: center;\" height=\"18\">Tvar<\/td>\n<td style=\"text-align: center;\">V\u00e1lec<\/td>\n<\/tr>\n<tr style=\"height: 13.50pt;\">\n<td style=\"height: 13.5pt; text-align: center;\" height=\"18\">Barva<\/td>\n<td style=\"text-align: center;\">Pr\u016fhledn\u00e9 nebo vlastn\u00ed<\/td>\n<\/tr>\n<tr style=\"height: 13.50pt;\">\n<td style=\"height: 13.5pt; text-align: center;\" height=\"18\">Pou\u017e\u00edv\u00e1n\u00ed<\/td>\n<td style=\"text-align: center;\">Pro such\u00e9 ko\u0159en\u00ed, jako je pep\u0159, s\u016fl, cukr, k\u00e1vov\u00fd pr\u00e1\u0161ek<\/td>\n<\/tr>\n<\/tbody>\n<\/table>\n<h2>P\u0159\u00edb\u011bh \u00fasp\u011bchu<\/h2>\n<p>Na\u0161e vzduchot\u011bsn\u00e9 d\u00f3zy na ko\u0159en\u00ed, personalizovan\u00e9 zna\u010dkov\u00e9 odm\u011brky a silikonov\u00e9 t\u011bsnic\u00ed krou\u017eky si objednal celost\u00e1tn\u00ed \u0159et\u011bzec prodejen zdrav\u00e9 v\u00fd\u017eivy. Zji\u0161t\u011bn\u00ed byla p\u016fsobiv\u00e1: nejlep\u0161\u00ed ut\u011bsn\u011bn\u00ed krou\u017ek\u016f na ko\u0159en\u00ed prodlou\u017eilo trvanlivost hygroskopick\u00e9ho ko\u0159en\u00ed v\u010detn\u011b sko\u0159ice a mu\u0161k\u00e1tov\u00e9ho o\u0159\u00ed\u0161ku o 30 procent, co\u017e sn\u00ed\u017eilo pl\u00fdtv\u00e1n\u00ed. Sklenice byly pr\u016fhledn\u00e9 a m\u011bly ur\u010dit\u00e9 zna\u010den\u00ed, kter\u00e9 zam\u011bstnanc\u016fm pomohlo udr\u017eovat optim\u00e1ln\u00ed \u00farove\u0148 z\u00e1sob a tak\u00e9 jim u\u0161et\u0159ilo 20 procent \u010dasu str\u00e1ven\u00e9ho dopl\u0148ov\u00e1n\u00edm z\u00e1sob. Na z\u00e1klad\u011b t\u011bchto dobr\u00fdch v\u00fdsledk\u016f si objednali dal\u0161\u00ed 220 000 plechovek s \u00famyslem roz\u0161\u00ed\u0159it syst\u00e9m i na sv\u00e9 produktov\u00e9 \u0159ady \u010daj\u016f a nutri\u010dn\u00edch pr\u00e1\u0161k\u016f.<\/p>\n<h2>P\u0159izp\u016fsoben\u00ed\u00a0<strong>N\u00e1doba na ko\u0159en\u00ed<\/strong><\/h2>\n<ol>\n<li><strong>Materi\u00e1l a barvu potahu lze upravit:<\/strong> K dispozici jsou \u010dty\u0159i r\u016fzn\u00e9 styly v\u00ed\u010dek (kart\u00e1\u010dovan\u00e1 nerezov\u00e1 ocel, matn\u00e1 \u010dern\u00e1, r\u016f\u017eov\u00e9 zlato nebo m\u011b\u010f) pro slad\u011bn\u00ed vzhledu s kuchy\u0148sk\u00fdmi kolekcemi r\u016fzn\u00fdch zna\u010dek.<\/li>\n<li><strong>Povrch sklen\u011bn\u00e9 n\u00e1doby:<\/strong> Pr\u016fhlednou n\u00e1dobu lze prom\u011bnit v matnou nebo p\u00edskovanou a lze ji tak\u00e9 potisknout logy zna\u010dek nebo stupnicemi, \u010d\u00edm\u017e se spoj\u00ed kr\u00e1sa s funk\u010dnost\u00ed.<\/li>\n<li><strong>Jejich velikosti mohou b\u00fdt:<\/strong> vyrobeno na zak\u00e1zku pro skladov\u00e1n\u00ed ko\u0159en\u00ed, \u010daj\u016f nebo su\u0161en\u00e9ho zbo\u017e\u00ed v jak\u00e9mkoli mno\u017estv\u00ed.<\/li>\n<\/ol>","protected":false},"excerpt":{"rendered":"<p>Pr\u00e9miov\u00e9 vzduchot\u011bsn\u00e9 d\u00f3zy na ko\u0159en\u00ed s nerezov\u00fdm v\u00edkem a pr\u016fhledn\u00fdm t\u011blem. Stylov\u00e1 n\u00e1doba na ko\u0159en\u00ed, ide\u00e1ln\u00ed pro organizaci kuchyn\u011b. Dod\u00e1v\u00e1no p\u0159\u00edmo od v\u00fdrobce.<\/p>","protected":false},"featured_media":23278,"template":"","meta":[],"product_brand":[],"product_cat":[124,122,128],"product_tag":[],"class_list":{"0":"post-23277","1":"product","2":"type-product","3":"status-publish","4":"has-post-thumbnail","6":"product_cat-custom-glass-jars","7":"product_cat-custom-glass-packaging","8":"product_cat-spice-jars","10":"first","11":"instock","12":"shipping-taxable","13":"product-type-simple"},"jetpack_sharing_enabled":true,"_links":{"self":[{"href":"https:\/\/yebodaglass.com\/cs\/wp-json\/wp\/v2\/product\/23277","targetHints":{"allow":["GET"]}}],"collection":[{"href":"https:\/\/yebodaglass.com\/cs\/wp-json\/wp\/v2\/product"}],"about":[{"href":"https:\/\/yebodaglass.com\/cs\/wp-json\/wp\/v2\/types\/product"}],"version-history":[{"count":5,"href":"https:\/\/yebodaglass.com\/cs\/wp-json\/wp\/v2\/product\/23277\/revisions"}],"predecessor-version":[{"id":25515,"href":"https:\/\/yebodaglass.com\/cs\/wp-json\/wp\/v2\/product\/23277\/revisions\/25515"}],"wp:featuredmedia":[{"embeddable":true,"href":"https:\/\/yebodaglass.com\/cs\/wp-json\/wp\/v2\/media\/23278"}],"wp:attachment":[{"href":"https:\/\/yebodaglass.com\/cs\/wp-json\/wp\/v2\/media?parent=23277"}],"wp:term":[{"taxonomy":"product_brand","embeddable":true,"href":"https:\/\/yebodaglass.com\/cs\/wp-json\/wp\/v2\/product_brand?post=23277"},{"taxonomy":"product_cat","embeddable":true,"href":"https:\/\/yebodaglass.com\/cs\/wp-json\/wp\/v2\/product_cat?post=23277"},{"taxonomy":"product_tag","embeddable":true,"href":"https:\/\/yebodaglass.com\/cs\/wp-json\/wp\/v2\/product_tag?post=23277"}],"curies":[{"name":"wp","href":"https:\/\/api.w.org\/{rel}","templated":true}]}}