{"id":23259,"date":"2025-11-05T15:32:38","date_gmt":"2025-11-05T07:32:38","guid":{"rendered":"https:\/\/yebodaglass.com\/?post_type=product&#038;p=23259"},"modified":"2025-11-05T15:32:40","modified_gmt":"2025-11-05T07:32:40","slug":"glass-seasoning-bottles-with-hole-lid-wholesale","status":"publish","type":"product","link":"https:\/\/yebodaglass.com\/cs\/glass-seasoning-bottles-with-hole-lid-wholesale\/","title":{"rendered":"50ml 80ml sklen\u011bn\u00e9 lahvi\u010dky na ko\u0159en\u00ed s otvorem v\u00edka"},"content":{"rendered":"<p>Nechcete, aby d\u00f3zy na ko\u0159en\u00ed prot\u00e9kaly nebo skr\u00fdvaly va\u0161e ingredience. Vyr\u00e1b\u00edme lahvi\u010dky na ko\u0159en\u00ed s m\u0159\u00ed\u017ekovanou texturou rukojeti \u2013 u\u017e \u017e\u00e1dn\u00e9 klouz\u00e1n\u00ed rukojeti. Tyto d\u00f3zy na ko\u0159en\u00ed prom\u011bn\u00ed va\u0161i kuchy\u0148 ve stylov\u00e9 centrum. P\u0159i hromadn\u00fdch objedn\u00e1vk\u00e1ch z\u00edsk\u00e1te v\u00ed\u010dko v barv\u00e1ch na m\u00edru, kter\u00e9 odpov\u00eddaj\u00ed va\u0161\u00ed zna\u010dce.<\/p>\n<h2>Vlastnosti produktu<\/h2>\n<p><strong>Grip m\u0159\u00ed\u017ekov\u00e9 textury<\/strong><\/p>\n<p>Vroubkov\u00e1n\u00ed nejen dod\u00e1v\u00e1 pohodl\u00ed, ale tak\u00e9 styl \u2013 va\u0161e lahvi\u010dky s ko\u0159en\u00edm se v ruce budou c\u00edtit jako pr\u00e9miov\u00fd produkt.<\/p>\n<p><strong>Barevn\u00e9 mo\u017enosti v\u00edka<\/strong><\/p>\n<p>Vyberte si \u010derven\u00e9, \u010dern\u00e9, \u017elut\u00e9 nebo zelen\u00e9 v\u00ed\u010dko \u2013 va\u0161e d\u00f3za na ko\u0159en\u00ed na m\u00edru se prom\u011bn\u00ed v origin\u00e1ln\u00ed d\u00e1rek.<\/p>\n<p><strong>K\u0159i\u0161\u0165\u00e1lov\u00e1 \u010distota<\/strong><\/p>\n<p>Pr\u016fhledn\u00e9 sklo zobrazuje ka\u017ed\u00e9 zrnko \u2013 z\u00e1kazn\u00edci okam\u017eit\u011b d\u016fv\u011b\u0159uj\u00ed va\u0161im n\u00e1dob\u00e1m na ko\u0159en\u00ed.<\/p>\n<h2>Kl\u00ed\u010dov\u00e9 specifikace<\/h2>\n<table style=\"border-collapse: collapse; width: 80%; margin-left: auto; margin-right: auto;\" border=\"0\" width=\"144\" cellspacing=\"0\" cellpadding=\"0\">\n<tbody>\n<tr style=\"height: 13.50pt;\">\n<td style=\"height: 13.5pt; width: 54pt; text-align: center;\" width=\"72\" height=\"18\">Kapacita<\/td>\n<td style=\"width: 54pt; text-align: center;\" width=\"72\">50ml, 80ml<\/td>\n<\/tr>\n<tr style=\"height: 13.50pt;\">\n<td style=\"height: 13.5pt; text-align: center;\" height=\"18\">Mo\u017enosti v\u00edka<\/td>\n<td style=\"text-align: center;\">Plast, Kov, Bambus<\/td>\n<\/tr>\n<tr style=\"height: 13.50pt;\">\n<td style=\"height: 13.5pt; text-align: center;\" height=\"18\">Tvar<\/td>\n<td style=\"text-align: center;\">V\u00e1lec<\/td>\n<\/tr>\n<tr style=\"height: 13.50pt;\">\n<td style=\"height: 13.5pt; text-align: center;\" height=\"18\">Barva<\/td>\n<td style=\"text-align: center;\">Jasn\u00e9 (p\u0159izp\u016fsobiteln\u00e9)<\/td>\n<\/tr>\n<tr style=\"height: 13.50pt;\">\n<td style=\"height: 13.5pt; text-align: center;\" height=\"18\">Vhodn\u00e9 pro<\/td>\n<td style=\"text-align: center;\">Restaurace, kav\u00e1rny, supermarkety atd.<\/td>\n<\/tr>\n<\/tbody>\n<\/table>\n<h2>P\u0159\u00edpad \u00fasp\u011bchu<\/h2>\n<p>\u0158et\u011bzec mexick\u00fdch restaurac\u00ed se s n\u00e1mi spojil, aby personalizoval tyto 80ml sklen\u011bn\u00e9 d\u00f3zy na ko\u0159en\u00ed. Tyto d\u00f3zy byly vybr\u00e1ny s ohledem na perfektn\u00ed velikost a pr\u016fhlednost, aby z\u00e1kazn\u00edci mohli rychle rozpoznat r\u016fzn\u00e9 druhy ko\u0159en\u00ed. Jasn\u011b \u010derven\u00e9 v\u00ed\u010dko odr\u00e1\u017e\u00ed barvy zna\u010dky restaurace a vlastn\u00ed potisk loga na lahvi dod\u00e1v\u00e1 lahvi sofistikovanost.<\/p>\n<p>Jakmile byla \u00faprava provedena, spokojenost z\u00e1kazn\u00edk\u016f dramaticky vzrostla a person\u00e1l uvedl, \u017ee dopl\u0148ov\u00e1n\u00ed ko\u0159en\u00ed a \u010di\u0161t\u011bn\u00ed se staly velmi pohodln\u00fdmi.<\/p>\n<h2>V\u00e1\u0161 n\u00e1vod na \u00fapravy<\/h2>\n<ol>\n<li><strong>P\u0159izp\u016fsobiteln\u00e9 barvy \u010depic:<\/strong> Vyberte si plastov\u00fd uz\u00e1v\u011br r\u016fzn\u00fdch barev, nap\u0159\u00edklad \u010dern\u00fd, zelen\u00fd nebo \u010derven\u00fd, aby ladil s image va\u0161\u00ed zna\u010dky nebo stylem restaurace, a celkov\u00e1 vizu\u00e1ln\u00ed harmonie tak bude esteticky p\u0159\u00edjemn\u00e1 na pohled.<\/li>\n<li><strong>R\u016fzn\u00e9 mo\u017enosti kapacity:<\/strong> Lze p\u0159izp\u016fsobit v r\u016fzn\u00fdch kapacit\u00e1ch tak, aby vyhovovaly dv\u011bma typ\u016fm kuchyn\u00ed, dom\u00e1c\u00edm a restaura\u010dn\u00edm, kter\u00e9 maj\u00ed r\u016fznou kapacitu.<\/li>\n<\/ol>","protected":false},"excerpt":{"rendered":"<p>Odoln\u00e9 sklen\u011bn\u00e9 lahvi\u010dky na ko\u0159en\u00ed s \u010derven\u00fdmi v\u00ed\u010dky, perfektn\u00ed n\u00e1doba na s\u016fl, pep\u0159 a chilli pr\u00e1\u0161ek. Ide\u00e1ln\u00ed do dom\u00e1c\u00edch kuchyn\u00ed nebo restaurac\u00ed.<\/p>","protected":false},"featured_media":23269,"template":"","meta":[],"product_brand":[],"product_cat":[122,124,128],"product_tag":[],"class_list":{"0":"post-23259","1":"product","2":"type-product","3":"status-publish","4":"has-post-thumbnail","6":"product_cat-custom-glass-packaging","7":"product_cat-custom-glass-jars","8":"product_cat-spice-jars","10":"first","11":"instock","12":"shipping-taxable","13":"product-type-simple"},"jetpack_sharing_enabled":true,"_links":{"self":[{"href":"https:\/\/yebodaglass.com\/cs\/wp-json\/wp\/v2\/product\/23259","targetHints":{"allow":["GET"]}}],"collection":[{"href":"https:\/\/yebodaglass.com\/cs\/wp-json\/wp\/v2\/product"}],"about":[{"href":"https:\/\/yebodaglass.com\/cs\/wp-json\/wp\/v2\/types\/product"}],"version-history":[{"count":5,"href":"https:\/\/yebodaglass.com\/cs\/wp-json\/wp\/v2\/product\/23259\/revisions"}],"predecessor-version":[{"id":23276,"href":"https:\/\/yebodaglass.com\/cs\/wp-json\/wp\/v2\/product\/23259\/revisions\/23276"}],"wp:featuredmedia":[{"embeddable":true,"href":"https:\/\/yebodaglass.com\/cs\/wp-json\/wp\/v2\/media\/23269"}],"wp:attachment":[{"href":"https:\/\/yebodaglass.com\/cs\/wp-json\/wp\/v2\/media?parent=23259"}],"wp:term":[{"taxonomy":"product_brand","embeddable":true,"href":"https:\/\/yebodaglass.com\/cs\/wp-json\/wp\/v2\/product_brand?post=23259"},{"taxonomy":"product_cat","embeddable":true,"href":"https:\/\/yebodaglass.com\/cs\/wp-json\/wp\/v2\/product_cat?post=23259"},{"taxonomy":"product_tag","embeddable":true,"href":"https:\/\/yebodaglass.com\/cs\/wp-json\/wp\/v2\/product_tag?post=23259"}],"curies":[{"name":"wp","href":"https:\/\/api.w.org\/{rel}","templated":true}]}}