{"id":23258,"date":"2025-11-05T13:20:07","date_gmt":"2025-11-05T05:20:07","guid":{"rendered":"https:\/\/yebodaglass.com\/?post_type=product&#038;p=23258"},"modified":"2026-03-24T13:44:04","modified_gmt":"2026-03-24T05:44:04","slug":"wholesale-clear-empty-glass-bottles-for-hot-sauce","status":"publish","type":"product","link":"https:\/\/yebodaglass.com\/cs\/wholesale-clear-empty-glass-bottles-for-hot-sauce\/","title":{"rendered":"Velkoobchodn\u00ed 8oz \u010dir\u00e9 pr\u00e1zdn\u00e9 sklen\u011bn\u00e9 lahve na horkou om\u00e1\u010dku"},"content":{"rendered":"<p>Lahve na p\u00e1livou om\u00e1\u010dku maj\u00ed stylov\u00fd v\u00e1lcovit\u00fd tvar s vysok\u00fdm pasem a elegantn\u00edm k\u0159i\u0161\u0165\u00e1lov\u011b \u010dist\u00fdm sklem, ale se stylov\u00fdm \u010dern\u00fdm \u0161roubovac\u00edm uz\u00e1v\u011brem pro zaji\u0161t\u011bn\u00ed vzduchot\u011bsn\u00e9ho uzav\u0159en\u00ed.<\/p>\n<h2>Vlastnosti produktu<\/h2>\n<ul>\n<li><strong>Zak\u0159iven\u00e1 rukoje\u0165:<\/strong> Z\u00fa\u017een\u00fd tvar umo\u017e\u0148uje snadn\u00fd \u00fachop i v kluzk\u00e9 ruce a tak\u00e9 stabiln\u011bj\u0161\u00ed a pohodln\u011bj\u0161\u00ed nal\u00e9v\u00e1n\u00ed.<\/li>\n<li><strong>Vysoce viditeln\u00e9 \u010dir\u00e9 sklo:<\/strong> Sklen\u011bn\u00e1 l\u00e1hev zp\u016fsobuje, \u017ee jasn\u00e9 barvy a textury om\u00e1\u010dek, ko\u0159en\u00ed nebo olej\u016f na va\u0159en\u00ed jsou graficky zam\u011b\u0159en\u00e9.<\/li>\n<li><strong>Bezpe\u010dn\u00e1 \u010dern\u00e1 pe\u010de\u0165:<\/strong> Leskl\u00fd \u010dern\u00fd \u0161roubovac\u00ed uz\u00e1v\u011br slou\u017e\u00ed k udr\u017een\u00ed \u010derstvosti obsahu a zabr\u00e1n\u011bn\u00ed jeho \u00faniku.<\/li>\n<\/ul>\n<h2 style=\"text-align: left;\">Kl\u00ed\u010dov\u00e9 specifikace<\/h2>\n<table class=\"aligncenter\" style=\"border-collapse: collapse; width: 399.02pt;\" border=\"0\" width=\"532\" cellspacing=\"0\" cellpadding=\"0\">\n<tbody>\n<tr style=\"height: 13.50pt;\">\n<td style=\"height: 13.50pt; width: 94.50pt;\" width=\"126\" height=\"18\">Funkce<\/td>\n<td style=\"width: 304.50pt;\" width=\"406\">Specifikace<\/td>\n<\/tr>\n<tr style=\"height: 13.50pt;\">\n<td style=\"height: 13.50pt;\" height=\"18\">Kapacita<\/td>\n<td>250 ml (8 oz)<\/td>\n<\/tr>\n<tr style=\"height: 13.50pt;\">\n<td style=\"height: 13.50pt;\" height=\"18\">Rozm\u011bry<\/td>\n<td>5,2 cm (pr\u016fm\u011br) \u00d7 18,8 cm (v\u00fd\u0161ka)<\/td>\n<\/tr>\n<tr style=\"height: 13.50pt;\">\n<td style=\"height: 13.50pt;\" height=\"18\">Tvar<\/td>\n<td>\u0160t\u00edhl\u00fd v\u00e1lcovit\u00fd tvar s dlouh\u00fdm hrdlem<\/td>\n<\/tr>\n<tr style=\"height: 13.50pt;\">\n<td style=\"height: 13.50pt;\" height=\"18\">Materi\u00e1l<\/td>\n<td>\u010cir\u00fd sklen\u011bn\u00fd stout, potravin\u00e1\u0159sk\u00fd, bez olova<\/td>\n<\/tr>\n<tr style=\"height: 13.50pt;\">\n<td style=\"height: 13.50pt;\" height=\"18\">Uzav\u0159en\u00ed<\/td>\n<td>\u010dern\u00fd \u0161roubovac\u00ed uz\u00e1v\u011br (p\u0159izp\u016fsobiteln\u00fd)<\/td>\n<\/tr>\n<tr style=\"height: 13.50pt;\">\n<td style=\"height: 13.50pt;\" height=\"18\">Nejlep\u0161\u00ed pro<\/td>\n<td>P\u00e1liv\u00e1 om\u00e1\u010dka, BBQ om\u00e1\u010dka, ko\u0159en\u00ed, dresink<\/td>\n<\/tr>\n<tr style=\"height: 13.50pt;\">\n<td style=\"height: 13.50pt;\" height=\"18\">Ide\u00e1ln\u00ed pou\u017eit\u00ed<\/td>\n<td>L\u00e1hve na p\u00e1livou om\u00e1\u010dku, velkoobjemov\u00e9 lahve na p\u00e1livou om\u00e1\u010dku<\/td>\n<\/tr>\n<\/tbody>\n<\/table>\n<h2>P\u0159\u00edb\u011bh \u00fasp\u011bchu<\/h2>\n<p>Na\u0161e lahve na om\u00e1\u010dky pou\u017e\u00edvala zna\u010dka ru\u010dn\u011b vyr\u00e1b\u011bn\u00fdch p\u00e1liv\u00fdch om\u00e1\u010dek ze Severn\u00ed Karol\u00edny jako svou vlastn\u00ed p\u00e1livou om\u00e1\u010dku. L\u00e1hev m\u00e1 speci\u00e1ln\u00ed vintage etiketu s personalizovan\u00fdm vzorem a v\u00ed\u010dko je pota\u017eeno \u010dernou fenolickou prysky\u0159ic\u00ed, kter\u00e1 se nezah\u0159\u00edv\u00e1. V\u00fdsledek zak\u00e1zkov\u00e9ho balen\u00ed byl obrovsk\u00fd: sklen\u011bn\u00e1 l\u00e1hev byla pr\u016fhledn\u00e1, tak\u017ee odhalovala texturu a barvu p\u00e1liv\u00e9 om\u00e1\u010dky, co\u017e zv\u00fd\u0161ilo jejich online prodej o 30 procent. Vysoce kvalitn\u00ed vzhled jim umo\u017enil \u00fasp\u011b\u0161n\u011b vstoupit do 200 nov\u00fdch butikov\u00fdch obchod\u016f s potravinami a d\u00e1rkov\u00fdmi p\u0159edm\u011bty. Na z\u00e1klad\u011b tohoto \u00fasp\u011bchu objednali dal\u0161\u00ed z\u00e1silku 750 000 lahv\u00ed, aby uvedli na trh novou zna\u010dku pikantn\u00edch barbecue om\u00e1\u010dek a marin\u00e1d.<\/p>\n<h2>N\u00e1pady na \u00fapravu lahv\u00ed<\/h2>\n<ul>\n<li><strong>Alternativy vitr\u00e1\u017e\u00ed:<\/strong> Krom\u011b pou\u017eit\u00ed \u010dir\u00e9ho skla se m\u016f\u017eete rozhodnout pro jantarov\u00e9 nebo zelen\u00e9 sklen\u011bn\u00e9 lahve, kter\u00e9 vylep\u0161\u00ed image produktu a poskytnou mu ochranu p\u0159ed sv\u011btlem.<\/li>\n<li><strong>Vlastn\u00ed barvy \u010depic:<\/strong> Pokud se nap\u0159\u00edklad rozhodnete pou\u017e\u00edt jinou barvu \u010depice ne\u017e \u010dernou, m\u016f\u017ee to b\u00fdt barva va\u0161\u00ed zna\u010dky, kter\u00e1 se k ostatn\u00edm hod\u00ed a vypad\u00e1 hezky. B\u00edl\u00e1, zlat\u00e1 nebo st\u0159\u00edbrn\u00e1.<\/li>\n<li><strong>Ra\u017eba:<\/strong> Jednou z metod, jak dodat va\u0161\u00ed sklen\u011bn\u00e9 lahvi elegantn\u00ed a luxusn\u00ed styl bez ok\u00e1zalosti, je nechat si vyrazit logo na rameno nebo dno lahve.<\/li>\n<li><strong>R\u016fzn\u00e9 velikosti v\u00fdtoku:<\/strong> Vyberte si spr\u00e1vnou velikost trysky, abyste m\u011bli \u00faplnou kontrolu nad pr\u016ftokem om\u00e1\u010dky, a\u0165 u\u017e je \u0159\u00eddk\u00e1 jako ocet nebo hust\u00e1 jako barbecue om\u00e1\u010dka.<\/li>\n<\/ul>","protected":false},"excerpt":{"rendered":"<p>Elegantn\u00ed v\u00e1lcov\u00e9 lahve na om\u00e1\u010dky s \u010dern\u00fdm v\u00ed\u010dkem. Perfektn\u00ed lahve na p\u00e1liv\u00e9 om\u00e1\u010dky pro zv\u00fdrazn\u011bn\u00ed textury a barvy om\u00e1\u010dek. Vzorky zdarma a mno\u017estevn\u00ed slevy!<\/p>","protected":false},"featured_media":23261,"template":"","meta":[],"product_brand":[],"product_cat":[129,123,122],"product_tag":[],"class_list":{"0":"post-23258","1":"product","2":"type-product","3":"status-publish","4":"has-post-thumbnail","6":"product_cat-hot-sauce-bottles","7":"product_cat-custom-glass-bottles","8":"product_cat-custom-glass-packaging","10":"first","11":"instock","12":"shipping-taxable","13":"product-type-simple"},"jetpack_sharing_enabled":true,"_links":{"self":[{"href":"https:\/\/yebodaglass.com\/cs\/wp-json\/wp\/v2\/product\/23258","targetHints":{"allow":["GET"]}}],"collection":[{"href":"https:\/\/yebodaglass.com\/cs\/wp-json\/wp\/v2\/product"}],"about":[{"href":"https:\/\/yebodaglass.com\/cs\/wp-json\/wp\/v2\/types\/product"}],"version-history":[{"count":4,"href":"https:\/\/yebodaglass.com\/cs\/wp-json\/wp\/v2\/product\/23258\/revisions"}],"predecessor-version":[{"id":25585,"href":"https:\/\/yebodaglass.com\/cs\/wp-json\/wp\/v2\/product\/23258\/revisions\/25585"}],"wp:featuredmedia":[{"embeddable":true,"href":"https:\/\/yebodaglass.com\/cs\/wp-json\/wp\/v2\/media\/23261"}],"wp:attachment":[{"href":"https:\/\/yebodaglass.com\/cs\/wp-json\/wp\/v2\/media?parent=23258"}],"wp:term":[{"taxonomy":"product_brand","embeddable":true,"href":"https:\/\/yebodaglass.com\/cs\/wp-json\/wp\/v2\/product_brand?post=23258"},{"taxonomy":"product_cat","embeddable":true,"href":"https:\/\/yebodaglass.com\/cs\/wp-json\/wp\/v2\/product_cat?post=23258"},{"taxonomy":"product_tag","embeddable":true,"href":"https:\/\/yebodaglass.com\/cs\/wp-json\/wp\/v2\/product_tag?post=23258"}],"curies":[{"name":"wp","href":"https:\/\/api.w.org\/{rel}","templated":true}]}}