{"id":23250,"date":"2025-11-05T10:42:43","date_gmt":"2025-11-05T02:42:43","guid":{"rendered":"https:\/\/yebodaglass.com\/?post_type=product&#038;p=23250"},"modified":"2026-03-24T14:51:50","modified_gmt":"2026-03-24T06:51:50","slug":"bulk-unique-hot-sauce-bottles-with-textured-design","status":"publish","type":"product","link":"https:\/\/yebodaglass.com\/cs\/bulk-unique-hot-sauce-bottles-with-textured-design\/","title":{"rendered":"Velkoobjemov\u00e9 500ml unik\u00e1tn\u00ed lahve na p\u00e1livou om\u00e1\u010dku s texturovan\u00fdm designem"},"content":{"rendered":"<p>Jedn\u00e1 se o exkluzivn\u00ed unik\u00e1tn\u00ed lahvi\u010dku na p\u00e1livou om\u00e1\u010dku s retro vzhledem a texturovan\u00fdm hrdlem a dnem s \u017eebrovan\u00fdmi detaily. L\u00e1hev je vyrobena z k\u0159i\u0161\u0165\u00e1lov\u011b \u010dir\u00e9ho skla a je opat\u0159ena hladk\u00fdm \u010dern\u00fdm \u0161roubovac\u00edm uz\u00e1v\u011brem.<\/p>\n<h2>Vlastnosti produktu<\/h2>\n<ul>\n<li><strong>Okrasn\u00e9 \u017eebrovan\u00e9 detaily:<\/strong> \u017debrovan\u00e9 dekorace na krku a spodn\u00ed \u010d\u00e1sti zajist\u00ed lep\u0161\u00ed uchopen\u00ed, vytvo\u0159\u00ed vizu\u00e1ln\u00ed texturu a pos\u00edl\u00ed vintage dojem.<\/li>\n<li><strong>Sklo displeje s vynikaj\u00edc\u00ed \u010distotou:<\/strong> Pr\u016fhledn\u00e9 sklo je jako pr\u016fhledn\u00e9 ok\u00e9nko, kter\u00e9 bezchybn\u011b zobrazuje barvu, konzistenci om\u00e1\u010dky a jak\u00e9koli ne\u010distoty v om\u00e1\u010dce.<\/li>\n<li><strong>Jednoduch\u00e1 \u010dern\u00e1 \u010depice:<\/strong> Matn\u00fd nebo leskl\u00fd \u010dern\u00fd \u0161roubovac\u00ed uz\u00e1v\u011br by zajistil t\u011bsn\u00e9 uchycen\u00ed a vytvo\u0159il \u010dist\u00fd kontrastn\u00ed efekt.<\/li>\n<\/ul>\n<h2 style=\"text-align: left;\">Kl\u00ed\u010dov\u00e9 specifikace<\/h2>\n<table class=\"aligncenter\" style=\"border-collapse: collapse; width: 498.77pt;\" border=\"0\" width=\"665\" cellspacing=\"0\" cellpadding=\"0\">\n<tbody>\n<tr style=\"height: 13.50pt;\">\n<td style=\"height: 13.50pt; width: 118.50pt;\" width=\"158\" height=\"18\">Funkce<\/td>\n<td style=\"width: 380.25pt;\" width=\"507\">Specifikace<\/td>\n<\/tr>\n<tr style=\"height: 13.50pt;\">\n<td style=\"height: 13.50pt;\" height=\"18\">Kapacita<\/td>\n<td>500ml<\/td>\n<\/tr>\n<tr style=\"height: 13.50pt;\">\n<td style=\"height: 13.50pt;\" height=\"18\">Velikost balen\u00ed<\/td>\n<td>23\u00d718\u00d720 cm<\/td>\n<\/tr>\n<tr style=\"height: 13.50pt;\">\n<td style=\"height: 13.50pt;\" height=\"18\">Tvar<\/td>\n<td>Vysok\u00fd v\u00e1lcovit\u00fd tvar s dlouh\u00fdm krkem a roz\u0161\u00ed\u0159en\u00fdm ramenem<\/td>\n<\/tr>\n<tr style=\"height: 13.50pt;\">\n<td style=\"height: 13.50pt;\" height=\"18\">Materi\u00e1l<\/td>\n<td>\u010cir\u00fd sklen\u011bn\u00fd stout, potravin\u00e1\u0159sk\u00fd, bez olova<\/td>\n<\/tr>\n<tr style=\"height: 13.50pt;\">\n<td style=\"height: 13.50pt;\" height=\"18\">Detail povrchu<\/td>\n<td>Reli\u00e9fn\u00ed texturovan\u00fd p\u00e1sek na spodn\u00ed \u010d\u00e1sti a l\u00edmci u krku<\/td>\n<\/tr>\n<tr style=\"height: 13.50pt;\">\n<td style=\"height: 13.50pt;\" height=\"18\">Uzav\u0159en\u00ed<\/td>\n<td>Matn\u00fd \u010dern\u00fd \u0161roubovac\u00ed uz\u00e1v\u011br (p\u0159izp\u016fsobiteln\u00fd)<\/td>\n<\/tr>\n<tr style=\"height: 13.50pt;\">\n<td style=\"height: 13.50pt;\" height=\"18\">Nejlep\u0161\u00ed pro<\/td>\n<td>P\u00e1liv\u00e1 om\u00e1\u010dka, BBQ om\u00e1\u010dka, dresink, ocet, sirup, ko\u0159en\u00ed<\/td>\n<\/tr>\n<tr style=\"height: 13.50pt;\">\n<td style=\"height: 13.50pt;\" height=\"18\">Ide\u00e1ln\u00ed pou\u017eit\u00ed<\/td>\n<td>Velkoobchodn\u00ed prodej lahv\u00ed na p\u00e1liv\u00e9 om\u00e1\u010dky, unik\u00e1tn\u00ed lahve na p\u00e1liv\u00e9 om\u00e1\u010dky<\/td>\n<\/tr>\n<\/tbody>\n<\/table>\n<h2>P\u0159\u00edb\u011bh \u00fasp\u011bchu<\/h2>\n<p>Jedna z popul\u00e1rn\u00edch zna\u010dek p\u00e1liv\u00fdch om\u00e1\u010dek v Louisian\u011b si vybrala na\u0161e sklen\u011bn\u00e9 lahve pro om\u00e1\u010dky a vytvo\u0159ila vintage s\u00edtotiskovou etiketu. Jejich lahev na m\u00edru se setkala s obrovsk\u00fdm \u00fasp\u011bchem: starom\u00f3dn\u00ed vzhled byl p\u0159esn\u011b t\u00edm prav\u00fdm dopl\u0148kem k p\u0159\u00edb\u011bhu jejich zna\u010dky a v d\u016fsledku toho se prodeje v obchodech se suven\u00fdry a specializovan\u00fdch prodejn\u00e1ch potravin zv\u00fd\u0161ily o \u010dtvrtinu. Design lahve s texturou pos\u00edlil historick\u00fd p\u0159\u00edb\u011bh zna\u010dky, co\u017e zp\u016fsobilo n\u00e1r\u016fst prodeje d\u00e1rk\u016f o 35 %. Na z\u00e1klad\u011b toho si objednali dal\u0161\u00ed z\u00e1silku 400 000 lahv\u00ed sv\u00e9 nov\u00e9 \u0159ady chilli \u017eel\u00e9 a nakl\u00e1dan\u00e9 zeleniny.<\/p>\n<h2>N\u00e1vrhy na \u00fapravu sklen\u011bn\u00fdch lahv\u00ed na om\u00e1\u010dky<\/h2>\n<ul>\n<li><strong>Barvy texturovan\u00e9ho skla:<\/strong> Na barevn\u00e9m skle m\u016f\u017eete m\u00edt texturovan\u00e9 vzory, jako je jantarov\u00e1 nebo zelen\u00e1, d\u00edky \u010demu\u017e l\u00e1hev s p\u00e1livou om\u00e1\u010dkou vypad\u00e1 skute\u010dn\u011b jedine\u010dn\u011b.<\/li>\n<li><strong>Shoda barev v\u00ed\u010dka:<\/strong> P\u0159izp\u016fsobte si barvu v\u00ed\u010dka. Zlat\u00e9, st\u0159\u00edbrn\u00e9 nebo matn\u011b \u010dern\u00e9 \u0161roubovac\u00ed uz\u00e1v\u011bry lze pou\u017e\u00edt k dod\u00e1n\u00ed nov\u00e9ho vzhledu obalu.<\/li>\n<li><strong>N\u011bkolik texturn\u00edch vzor\u016f:<\/strong> Vzorov\u00e1n\u00ed m\u016f\u017ee b\u00fdt mnoha typ\u016f \u2013 vertik\u00e1ln\u00ed textury, diamantov\u00e9 vzory nebo jemn\u00e9 matn\u00e9 logo v textu\u0159e.<\/li>\n<li><strong>Mo\u017enosti regul\u00e1toru pr\u016ftoku:<\/strong> Regul\u00e1tor pr\u016ftoku ur\u010dit\u00e9 velikosti je tou spr\u00e1vnou volbou pro dokonalou kontrolu nad pr\u016ftokem hust\u00fdch om\u00e1\u010dek nebo \u0159\u00eddk\u00fdch oct\u016f.<\/li>\n<\/ul>","protected":false},"excerpt":{"rendered":"<p>Elegantn\u00ed a jedine\u010dn\u00e9 lahve na p\u00e1liv\u00e9 om\u00e1\u010dky s texturovan\u00fdm hrdlem a dnem. Sklen\u011bn\u00e9 lahve pr\u00e9miov\u00e9 kvality na om\u00e1\u010dky, velkoobchodn\u00ed prodej p\u0159\u00edmo z tov\u00e1rny s rychl\u00fdm dod\u00e1n\u00edm.<\/p>","protected":false},"featured_media":23253,"template":"","meta":[],"product_brand":[],"product_cat":[129,123,122],"product_tag":[],"class_list":{"0":"post-23250","1":"product","2":"type-product","3":"status-publish","4":"has-post-thumbnail","6":"product_cat-hot-sauce-bottles","7":"product_cat-custom-glass-bottles","8":"product_cat-custom-glass-packaging","10":"first","11":"instock","12":"shipping-taxable","13":"product-type-simple"},"jetpack_sharing_enabled":true,"_links":{"self":[{"href":"https:\/\/yebodaglass.com\/cs\/wp-json\/wp\/v2\/product\/23250","targetHints":{"allow":["GET"]}}],"collection":[{"href":"https:\/\/yebodaglass.com\/cs\/wp-json\/wp\/v2\/product"}],"about":[{"href":"https:\/\/yebodaglass.com\/cs\/wp-json\/wp\/v2\/types\/product"}],"version-history":[{"count":5,"href":"https:\/\/yebodaglass.com\/cs\/wp-json\/wp\/v2\/product\/23250\/revisions"}],"predecessor-version":[{"id":25590,"href":"https:\/\/yebodaglass.com\/cs\/wp-json\/wp\/v2\/product\/23250\/revisions\/25590"}],"wp:featuredmedia":[{"embeddable":true,"href":"https:\/\/yebodaglass.com\/cs\/wp-json\/wp\/v2\/media\/23253"}],"wp:attachment":[{"href":"https:\/\/yebodaglass.com\/cs\/wp-json\/wp\/v2\/media?parent=23250"}],"wp:term":[{"taxonomy":"product_brand","embeddable":true,"href":"https:\/\/yebodaglass.com\/cs\/wp-json\/wp\/v2\/product_brand?post=23250"},{"taxonomy":"product_cat","embeddable":true,"href":"https:\/\/yebodaglass.com\/cs\/wp-json\/wp\/v2\/product_cat?post=23250"},{"taxonomy":"product_tag","embeddable":true,"href":"https:\/\/yebodaglass.com\/cs\/wp-json\/wp\/v2\/product_tag?post=23250"}],"curies":[{"name":"wp","href":"https:\/\/api.w.org\/{rel}","templated":true}]}}