{"id":23199,"date":"2025-11-04T16:03:47","date_gmt":"2025-11-04T08:03:47","guid":{"rendered":"https:\/\/yebodaglass.com\/?post_type=product&#038;p=23199"},"modified":"2026-03-24T13:23:16","modified_gmt":"2026-03-24T05:23:16","slug":"wholesale-square-glass-empty-hot-sauce-bottles","status":"publish","type":"product","link":"https:\/\/yebodaglass.com\/cs\/wholesale-square-glass-empty-hot-sauce-bottles\/","title":{"rendered":"Velkoobchodn\u00ed \u010dtvercov\u00e9 sklen\u011bn\u00e9 pr\u00e1zdn\u00e9 lahve na horkou om\u00e1\u010dku 100ml 150ml 250ml"},"content":{"rendered":"<p>Jedn\u00e1 se o hladk\u00e9 obd\u00e9ln\u00edkov\u00e9 pr\u00e1zdn\u00e9 lahve od p\u00e1liv\u00e9 om\u00e1\u010dky vyroben\u00e9 z k\u0159i\u0161\u0165\u00e1lov\u011b \u010dir\u00e9ho skla se z\u00e1vitov\u00fdm hrdlem a hladk\u00fdm \u010dern\u00fdm \u0161roubovac\u00edm uz\u00e1v\u011brem.<\/p>\n<h2>Vlastnosti produktu<\/h2>\n<ul>\n<li><strong>\u010cir\u00e9 sklo:<\/strong> Sklen\u011bn\u00e9 st\u011bny jsou pr\u016fhledn\u00e9, tak\u017ee se snadno pod\u00edv\u00e1te dovnit\u0159 a zkontrolujete hladinu napln\u011bn\u00ed, co\u017e je ide\u00e1ln\u00ed do barevn\u00fdch om\u00e1\u010dek a dresink\u016f.<\/li>\n<li><strong>Bezpe\u010dn\u00fd \u010dern\u00fd \u0161roubovac\u00ed uz\u00e1v\u011br:<\/strong> Oby\u010dejn\u00fd \u010dern\u00fd plastov\u00fd uz\u00e1v\u011br je t\u011bsn\u00fd, a proto udr\u017euje om\u00e1\u010dky \u010derstv\u00e9 a neprot\u00e9k\u00e1.<\/li>\n<li><strong>Zaoblen\u00e9 rohy, \u010dtverec:<\/strong> Tento design lahve je zu\u017euj\u00edc\u00ed se, zaoblen\u00fd a \u010dtvercov\u00fd a z\u00e1rove\u0148 nab\u00edz\u00ed pohodln\u00e9 a protiskluzov\u00e9 uchopen\u00ed, co\u017e umo\u017e\u0148uje stohov\u00e1n\u00ed lahve a \u0161et\u0159\u00ed m\u00edsto p\u0159i skladov\u00e1n\u00ed a p\u0159eprav\u011b.<\/li>\n<\/ul>\n<h2 style=\"text-align: left;\">Kl\u00ed\u010dov\u00e9 specifikace<\/h2>\n<table class=\"aligncenter\" style=\"border-collapse: collapse; width: 702.77pt;\" border=\"0\" width=\"937\" cellspacing=\"0\" cellpadding=\"0\">\n<tbody>\n<tr style=\"height: 13.50pt;\">\n<td style=\"height: 13.50pt; width: 112.50pt;\" width=\"150\" height=\"18\">Polo\u017eka<\/td>\n<td style=\"width: 590.25pt;\" width=\"787\">Podrobnosti<\/td>\n<\/tr>\n<tr style=\"height: 13.50pt;\">\n<td style=\"height: 13.50pt;\" height=\"18\">Kapacita<\/td>\n<td>100 ml\/3 oz (4 \u00d7 13,2 cm), 150 ml\/5 oz (4,4 \u00d7 16,6 cm), 250 ml\/8 oz (5,1 \u00d7 19,7 cm)<\/td>\n<\/tr>\n<tr style=\"height: 13.50pt;\">\n<td style=\"height: 13.50pt;\" height=\"18\">Tvar<\/td>\n<td>\u010ctvercov\u00fd pr\u016f\u0159ez se zaoblen\u00fdmi rohy<\/td>\n<\/tr>\n<tr style=\"height: 13.50pt;\">\n<td style=\"height: 13.50pt;\" height=\"18\">Materi\u00e1l<\/td>\n<td>\u010cir\u00e9 sklo, potravin\u00e1\u0159sk\u00e9, bez olova<\/td>\n<\/tr>\n<tr style=\"height: 13.50pt;\">\n<td style=\"height: 13.50pt;\" height=\"18\">V\u00ed\u010dko<\/td>\n<td>Matn\u011b \u010dern\u00e1, b\u00edl\u00e1, \u010derven\u00e1 \u0161roubovac\u00ed uz\u00e1v\u011brka<\/td>\n<\/tr>\n<tr style=\"height: 13.50pt;\">\n<td style=\"height: 13.50pt;\" height=\"18\">Nejlep\u0161\u00ed vyu\u017eit\u00ed<\/td>\n<td>Chilli om\u00e1\u010dka, barbecue om\u00e1\u010dka, sal\u00e1tov\u00fd dresink, ko\u0159en\u00ed<\/td>\n<\/tr>\n<tr style=\"height: 13.50pt;\">\n<td style=\"height: 13.50pt;\" height=\"18\">Ide\u00e1ln\u00ed pou\u017eit\u00ed<\/td>\n<td>Velkoobchodn\u00ed prodej lahv\u00ed na p\u00e1liv\u00e9 om\u00e1\u010dky, sklen\u011bn\u00fdch lahv\u00ed na dresinky<\/td>\n<\/tr>\n<\/tbody>\n<\/table>\n<h2>P\u0159\u00edb\u011bh \u00fasp\u011bchu: Jak hranat\u00e9 lahve pomohly potravin\u00e1\u0159sk\u00fdm zna\u010dk\u00e1m k r\u016fstu<\/h2>\n<p>Jedna zna\u010dka ochucen\u00fdch olej\u016f na va\u0159en\u00ed a ko\u0159en\u00ed na b\u00e1zi octa cht\u011bla obal, kter\u00fd by odr\u00e1\u017eel image jejich modern\u00ed a luxusn\u00ed zna\u010dky. Jejich kone\u010dn\u00fdm rozhodnut\u00edm bylo vybrat si na\u0161e 250ml zes\u00edlen\u00e9 \u010dtvercov\u00e9 sklen\u011bn\u00e9 lahve na ko\u0159en\u00ed a zadat prvn\u00ed objedn\u00e1vku 1 000 kus\u016f. V\u00fdsledkem byl naprost\u00fd triumf. Mnoho kupuj\u00edc\u00edch zaujal jedine\u010dn\u00fd \u010dtvercov\u00fd tvar produktu, tak\u017ee prodej vzrostl o 70 %. Zes\u00edlen\u00fd sklen\u011bn\u00fd materi\u00e1l tak\u00e9 p\u0159isp\u011bl ke sn\u00ed\u017een\u00ed rozbit\u00ed b\u011bhem p\u0159epravy o 45 %. Spole\u010dnost netrvala dlouho a zadala druhou objedn\u00e1vku 30 000 lahv\u00ed a na trh byl uveden 150ml produkt, kter\u00fd jim odpov\u00eddal. Nyn\u00ed tento \u010dtvercov\u00fd design pou\u017e\u00edvaj\u00ed ve v\u0161ech sv\u00fdch produktov\u00fdch \u0159ad\u00e1ch a ka\u017ed\u00e9 \u010dtvrtlet\u00ed objedn\u00e1vaj\u00ed v\u00edce ne\u017e 200 000 lahv\u00ed.<\/p>\n<h2>Mo\u017enosti p\u0159izp\u016fsoben\u00ed sklen\u011bn\u00fdch lahv\u00ed na obvaz<\/h2>\n<ul>\n<li><strong>Matn\u00e9 panely:<\/strong> P\u0159idejte kontrastn\u00ed matn\u00e9 svisl\u00e9 panely na boky \u010dtvercov\u00e9 lahve pro elegantn\u00ed a modern\u00ed styl.<\/li>\n<li><strong>Reli\u00e9fn\u00ed logo:<\/strong> Vytiskn\u011bte sv\u00e9 logo na jeden z ploch\u00fdch povrch\u016f pro decentn\u00ed a vysoce kvalitn\u00ed image zna\u010dky.<\/li>\n<li><strong>Mo\u017enosti vitr\u00e1\u017e\u00ed:<\/strong> \u010ctvercov\u00e1 stopka m\u016f\u017ee b\u00fdt z jantarov\u00e9ho nebo zelen\u00e9ho skla, aby se olej a ocet citliv\u00e9 na sv\u011btlo nezabarvily.<\/li>\n<\/ul>\n<p>Jste p\u0159ipraveni posunout sv\u00e9 balen\u00ed na dal\u0161\u00ed \u00farove\u0148? Kontaktujte n\u00e1s je\u0161t\u011b dnes a z\u00edskejte velkoobchodn\u00ed ceny za pr\u00e1zdn\u00e9 hranat\u00e9 lahve od chilli om\u00e1\u010dky a sklen\u011bn\u00e9 lahve od z\u00e1livky na sal\u00e1t.<\/p>","protected":false},"excerpt":{"rendered":"<p>Pr\u00e9miov\u00e9 pr\u00e1zdn\u00e9 lahve na p\u00e1livou om\u00e1\u010dku a sklen\u011bn\u00e1 lahev na z\u00e1livku vyroben\u00e9 z odoln\u00e9ho \u010dtvercov\u00e9ho skla se stylov\u00fdm a modern\u00edm vzhledem. Mo\u017enost p\u0159izp\u016fsoben\u00ed loga, vzorky zdarma!<\/p>","protected":false},"featured_media":23208,"template":"","meta":[],"product_brand":[],"product_cat":[129,123,122],"product_tag":[],"class_list":{"0":"post-23199","1":"product","2":"type-product","3":"status-publish","4":"has-post-thumbnail","6":"product_cat-hot-sauce-bottles","7":"product_cat-custom-glass-bottles","8":"product_cat-custom-glass-packaging","10":"first","11":"instock","12":"shipping-taxable","13":"product-type-simple"},"jetpack_sharing_enabled":true,"_links":{"self":[{"href":"https:\/\/yebodaglass.com\/cs\/wp-json\/wp\/v2\/product\/23199","targetHints":{"allow":["GET"]}}],"collection":[{"href":"https:\/\/yebodaglass.com\/cs\/wp-json\/wp\/v2\/product"}],"about":[{"href":"https:\/\/yebodaglass.com\/cs\/wp-json\/wp\/v2\/types\/product"}],"version-history":[{"count":5,"href":"https:\/\/yebodaglass.com\/cs\/wp-json\/wp\/v2\/product\/23199\/revisions"}],"predecessor-version":[{"id":25582,"href":"https:\/\/yebodaglass.com\/cs\/wp-json\/wp\/v2\/product\/23199\/revisions\/25582"}],"wp:featuredmedia":[{"embeddable":true,"href":"https:\/\/yebodaglass.com\/cs\/wp-json\/wp\/v2\/media\/23208"}],"wp:attachment":[{"href":"https:\/\/yebodaglass.com\/cs\/wp-json\/wp\/v2\/media?parent=23199"}],"wp:term":[{"taxonomy":"product_brand","embeddable":true,"href":"https:\/\/yebodaglass.com\/cs\/wp-json\/wp\/v2\/product_brand?post=23199"},{"taxonomy":"product_cat","embeddable":true,"href":"https:\/\/yebodaglass.com\/cs\/wp-json\/wp\/v2\/product_cat?post=23199"},{"taxonomy":"product_tag","embeddable":true,"href":"https:\/\/yebodaglass.com\/cs\/wp-json\/wp\/v2\/product_tag?post=23199"}],"curies":[{"name":"wp","href":"https:\/\/api.w.org\/{rel}","templated":true}]}}