{"id":23183,"date":"2025-11-04T17:02:49","date_gmt":"2025-11-04T09:02:49","guid":{"rendered":"https:\/\/yebodaglass.com\/?post_type=product&#038;p=23183"},"modified":"2026-03-17T15:44:22","modified_gmt":"2026-03-17T07:44:22","slug":"clear-glass-spice-containers-with-horizontal-ribbed-bulk","status":"publish","type":"product","link":"https:\/\/yebodaglass.com\/cs\/clear-glass-spice-containers-with-horizontal-ribbed-bulk\/","title":{"rendered":"250ml \u010dir\u00e9 sklen\u011bn\u00e9 n\u00e1doby na ko\u0159en\u00ed s horizont\u00e1ln\u00edm \u017eebrov\u00e1n\u00edm"},"content":{"rendered":"<p>Tato d\u00f3za na ko\u0159en\u00ed m\u00e1 v\u00fdraznou texturovanou a zaoblenou sklen\u011bnou lahvi\u010dku. Nejen\u017ee m\u00e1 p\u0159\u00edjemnou texturu, ale tak\u00e9 dob\u0159e protiskluzovou \u00fapravu. Lahvi\u010dka je pr\u016fhledn\u00e1, a proto jsou barvy ko\u0159en\u00ed v lahvi\u010dce dob\u0159e viditeln\u00e9. V\u00ed\u010dko je z le\u0161t\u011bn\u00e9 nerezov\u00e9 oceli a m\u00e1 mnoho drobn\u00fdch otvor\u016f pro p\u0159esn\u00e9 d\u00e1vkov\u00e1n\u00ed.<\/p>\n<h2>Vlastnosti produktu<\/h2>\n<ul>\n<li><strong>Protiskluzov\u00e1 l\u00e1hev Ripple:<\/strong> Vlnkov\u00fd design je v\u00edcevrstv\u00fd kruhov\u00fd a m\u00e1 zv\u00fd\u0161enou p\u0159ilnavost spolu s pevn\u011bj\u0161\u00ed strukturou lahve, co\u017e zabra\u0148uje probl\u00e9mu s p\u0159evr\u00e1cen\u00edm.<\/li>\n<li><strong>Sklo s vysokou pr\u016fhlednost\u00ed:<\/strong> Jedn\u00e1 se o vynikaj\u00edc\u00ed, vysoce pr\u016fhledn\u00e9 sklo vyroben\u00e9 z potravin\u00e1\u0159sk\u00e9ho materi\u00e1lu. N\u00e1doba je velmi \u010dir\u00e1 a tvar a mno\u017estv\u00ed granulovan\u00e9ho ko\u0159en\u00ed uvnit\u0159 lze snadno identifikovat pohledem na n\u00e1dobu.<\/li>\n<li><strong>V\u00edcen\u00e1sobn\u011b perforovan\u00fd kovov\u00fd \u0161roubovac\u00ed uz\u00e1v\u011br:<\/strong> V\u00edcen\u00e1sobn\u011b perforovan\u00fd kovov\u00fd \u0161roubovac\u00ed uz\u00e1v\u011br ze st\u0159\u00edbra m\u00e1 rovnom\u011brn\u011b rozlo\u017een\u00e9 perforace, co\u017e zaji\u0161\u0165uje p\u0159esn\u00e9 d\u00e1vkov\u00e1n\u00ed granulovan\u00e9ho ko\u0159en\u00ed a eliminuje rozlit\u00ed a pl\u00fdtv\u00e1n\u00ed.<\/li>\n<\/ul>\n<h2>Kl\u00ed\u010dov\u00e9 specifikace<\/h2>\n<table style=\"border-collapse: collapse; width: 80%; margin-left: auto; margin-right: auto;\" border=\"0\" width=\"360\" cellspacing=\"0\" cellpadding=\"0\">\n<tbody>\n<tr style=\"height: 13.50pt;\">\n<td style=\"height: 13.5pt; width: 54pt; text-align: center;\" width=\"72\" height=\"18\">Kapacita<\/td>\n<td style=\"width: 54pt; text-align: center;\" width=\"72\">Velikost (cm)<\/td>\n<td style=\"width: 54pt; text-align: center;\" width=\"72\">Typ v\u00edka<\/td>\n<td style=\"width: 54pt; text-align: center;\" width=\"72\">Tvar<\/td>\n<td style=\"width: 54pt; text-align: center;\" width=\"72\">Pou\u017e\u00edv\u00e1n\u00ed<\/td>\n<\/tr>\n<tr style=\"height: 13.50pt;\">\n<td style=\"height: 13.5pt; text-align: center;\" height=\"18\">250ml<\/td>\n<td style=\"text-align: center;\">7,0 \u00d7 12<\/td>\n<td style=\"text-align: center;\">Kovov\u00e9 dvouvrstv\u00e9 s\u00edtko<\/td>\n<td style=\"text-align: center;\">V\u00e1lec<\/td>\n<td style=\"text-align: center;\">Na s\u016fl, pep\u0159, bylinky; Pou\u017e\u00edv\u00e1 se v dom\u00e1cnosti; V restauraci<\/td>\n<\/tr>\n<\/tbody>\n<\/table>\n<h2>P\u0159\u00edpad \u00fasp\u011bchu<\/h2>\n<p>Na\u0161i \u017eebrovanou sklen\u011bnou l\u00e1hev na ko\u0159en\u00ed si vybrala britsk\u00e1 zna\u010dka specializuj\u00edc\u00ed se na specializovan\u00e9 potraviny. Byla navr\u017eena na m\u00edru vyroben\u00e1 \u017eebrovan\u00e1 matn\u00e1 textura a \u0161roubovac\u00ed uz\u00e1v\u011br v m\u011bd\u011bn\u00e9 barv\u011b. Jednou z jej\u00edch prodejn\u00edch p\u0159ednost\u00ed je lep\u0161\u00ed \u00fachop, kter\u00fd byl uveden v 25 procentech pozitivn\u00edch recenz\u00ed z\u00e1kazn\u00edk\u016f. Ko\u0159en\u00ed je v \u010dir\u00e9m skle dokonale prezentov\u00e1no d\u00edky sv\u00e9 barv\u011b a kvalit\u011b. Zna\u010dka je velmi \u00fasp\u011b\u0161n\u00e1 a od t\u00e9 doby si objednala dal\u0161\u00edch 200 000 sklen\u011bn\u00fdch d\u00f3z, aby mohla zabalit svou roz\u0161\u00ed\u0159enou \u0159adu ko\u0159en\u00ed pro prodej v luxusn\u00edch obchodn\u00edch domech.<\/p>\n<h2>\u00dapravy n\u00e1dob na ko\u0159en\u00ed<\/h2>\n<ul>\n<li>\u017debrovan\u00fd profil: \u0160\u00ed\u0159ku, hloubku a vzd\u00e1lenost mezi vodorovn\u00fdmi \u017eebry lze p\u0159izp\u016fsobit pro vytvo\u0159en\u00ed individu\u00e1ln\u00edho hmatov\u00e9ho z\u00e1\u017eitku.<\/li>\n<li>Typ otvoru pro t\u0159ep\u00e1n\u00ed: M\u016f\u017ee m\u00edt r\u016fzn\u00e9 velikosti otvor\u016f (mal\u00e9 otvory pro pr\u00e1\u0161kov\u00e9 ko\u0159en\u00ed, velk\u00e9 otvory pro vlo\u010dkov\u00e9 ko\u0159en\u00ed) nebo m\u016f\u017ee m\u00edt dva otvory.<\/li>\n<li>S\u00edtotisk: Na sklen\u011bnou lahev m\u016f\u017eete natisknout odstup\u0148ov\u00e1n\u00ed, n\u00e1zvy ko\u0159en\u00ed nebo drobn\u00e9 ozdobn\u00e9 hrany.<\/li>\n<li>Velikosti a objemy: \u017debrovan\u00fd design je stejn\u00e9ho druhu, ale v r\u016fzn\u00fdch velikostech, tj. od 30ml lahv\u00ed do 200ml lahv\u00ed.<\/li>\n<\/ul>","protected":false},"excerpt":{"rendered":"<p>Odoln\u00e1 sklen\u011bn\u00e1 d\u00f3za na ko\u0159en\u00ed s texturovan\u00fdm t\u011blem a kovov\u00fdm v\u00edkem. Praktick\u00e1 lahvi\u010dka na ko\u0159en\u00ed ide\u00e1ln\u00ed na uchov\u00e1v\u00e1n\u00ed pep\u0159e, bylinek a ko\u0159en\u00ed. Vzorky zdarma.<\/p>","protected":false},"featured_media":23194,"template":"","meta":[],"product_brand":[],"product_cat":[20,128,83],"product_tag":[],"class_list":{"0":"post-23183","1":"product","2":"type-product","3":"status-publish","4":"has-post-thumbnail","6":"product_cat-glass-containers","7":"product_cat-spice-jars","8":"product_cat-glass-jars","10":"first","11":"instock","12":"shipping-taxable","13":"product-type-simple"},"jetpack_sharing_enabled":true,"_links":{"self":[{"href":"https:\/\/yebodaglass.com\/cs\/wp-json\/wp\/v2\/product\/23183","targetHints":{"allow":["GET"]}}],"collection":[{"href":"https:\/\/yebodaglass.com\/cs\/wp-json\/wp\/v2\/product"}],"about":[{"href":"https:\/\/yebodaglass.com\/cs\/wp-json\/wp\/v2\/types\/product"}],"version-history":[{"count":5,"href":"https:\/\/yebodaglass.com\/cs\/wp-json\/wp\/v2\/product\/23183\/revisions"}],"predecessor-version":[{"id":25477,"href":"https:\/\/yebodaglass.com\/cs\/wp-json\/wp\/v2\/product\/23183\/revisions\/25477"}],"wp:featuredmedia":[{"embeddable":true,"href":"https:\/\/yebodaglass.com\/cs\/wp-json\/wp\/v2\/media\/23194"}],"wp:attachment":[{"href":"https:\/\/yebodaglass.com\/cs\/wp-json\/wp\/v2\/media?parent=23183"}],"wp:term":[{"taxonomy":"product_brand","embeddable":true,"href":"https:\/\/yebodaglass.com\/cs\/wp-json\/wp\/v2\/product_brand?post=23183"},{"taxonomy":"product_cat","embeddable":true,"href":"https:\/\/yebodaglass.com\/cs\/wp-json\/wp\/v2\/product_cat?post=23183"},{"taxonomy":"product_tag","embeddable":true,"href":"https:\/\/yebodaglass.com\/cs\/wp-json\/wp\/v2\/product_tag?post=23183"}],"curies":[{"name":"wp","href":"https:\/\/api.w.org\/{rel}","templated":true}]}}