{"id":23180,"date":"2025-11-04T14:52:48","date_gmt":"2025-11-04T06:52:48","guid":{"rendered":"https:\/\/yebodaglass.com\/?post_type=product&#038;p=23180"},"modified":"2025-11-04T17:40:01","modified_gmt":"2025-11-04T09:40:01","slug":"bulk-sauce-containers-8oz-glass-bottle-for-hot-sauce","status":"publish","type":"product","link":"https:\/\/yebodaglass.com\/cs\/produkt\/bulk-sauce-containers-8oz-glass-bottle-for-hot-sauce\/","title":{"rendered":"Velkoobjemov\u00e9 n\u00e1doby na om\u00e1\u010dky \u2013 sklen\u011bn\u00e1 lahev o objemu 8 oz na p\u00e1livou om\u00e1\u010dku"},"content":{"rendered":"<p>Tyto d\u00f3zy na om\u00e1\u010dku maj\u00ed \u010dir\u00e9 sklen\u011bn\u00e9 t\u011blo s elegantn\u00edm ku\u017eelovit\u00fdm tvarem a \u010derven\u00fdm v\u00edkem, co\u017e jim dod\u00e1v\u00e1 jednoduch\u00fd, ale z\u00e1rove\u0148 osobit\u00fd vzhled, kter\u00fd je naprosto kompatibiln\u00ed s barvou om\u00e1\u010dky uvnit\u0159.<\/p>\n<h2>Vlastnosti produktu<\/h2>\n<ul>\n<li><strong>Pr\u016fhledn\u00fd materi\u00e1l skla:<\/strong> N\u00e1doba je vyrobena z pr\u016fhledn\u00e9ho skla, tak\u017ee je barva a objem om\u00e1\u010dky okam\u017eit\u011b viditeln\u00fd.<\/li>\n<li><strong>Z\u00fa\u017een\u00fd design:<\/strong> N\u00e1doba je zdobena pasov\u00fdm designem s hladk\u00fdmi a jedine\u010dn\u00fdmi liniemi, kter\u00e9 nejen zkr\u00e1\u0161luj\u00ed produkt, ale tak\u00e9 usnad\u0148uj\u00ed rozpoznatelnost zna\u010dky.<\/li>\n<li><strong>Jednoduch\u00e1 kapacita:<\/strong> Jedin\u00e1 kapacita t\u00e9to n\u00e1doby na om\u00e1\u010dku je jedinou mo\u017enost\u00ed, kter\u00e1 u\u017eivatel\u016fm umo\u017e\u0148uje uspokojit jejich specifick\u00e9 pot\u0159eby, a z\u00e1rove\u0148 je vhodn\u00e1 pro ka\u017edodenn\u00ed dom\u00e1c\u00ed pou\u017eit\u00ed, cateringov\u00e9 slu\u017eby a r\u016fzn\u00e9 dal\u0161\u00ed p\u0159\u00edle\u017eitosti.<\/li>\n<\/ul>\n<h2 style=\"text-align: left;\">Kl\u00ed\u010dov\u00e9 specifikace<\/h2>\n<table class=\"aligncenter\" style=\"border-collapse: collapse; width: 409.52pt;\" border=\"0\" width=\"546\" cellspacing=\"0\" cellpadding=\"0\">\n<tbody>\n<tr style=\"height: 13.50pt;\">\n<td style=\"height: 13.50pt; width: 112.50pt;\" width=\"150\" height=\"18\">Funkce<\/td>\n<td style=\"width: 297.00pt;\" width=\"396\">Specifikace<\/td>\n<\/tr>\n<tr style=\"height: 13.50pt;\">\n<td style=\"height: 13.50pt;\" height=\"18\">Kapacita<\/td>\n<td>250 ml (8 oz)<\/td>\n<\/tr>\n<tr style=\"height: 13.50pt;\">\n<td style=\"height: 13.50pt;\" height=\"18\">Tvar lahve<\/td>\n<td>V\u00e1lcovit\u00fd pas (vymodelovan\u00e1 st\u0159edn\u00ed \u010d\u00e1st)<\/td>\n<\/tr>\n<tr style=\"height: 13.50pt;\">\n<td style=\"height: 13.50pt;\" height=\"18\">Materi\u00e1l<\/td>\n<td>\u010cir\u00fd sklen\u011bn\u00fd stout<\/td>\n<\/tr>\n<tr style=\"height: 13.50pt;\">\n<td style=\"height: 13.50pt;\" height=\"18\">Uzav\u0159en\u00ed<\/td>\n<td>\u010cerven\u00fd \u0161roubovac\u00ed uz\u00e1v\u011br<\/td>\n<\/tr>\n<tr style=\"height: 13.50pt;\">\n<td style=\"height: 13.50pt;\" height=\"18\">Velikost balen\u00ed<\/td>\n<td>15 cm \u00d7 17 cm \u00d7 30 cm<\/td>\n<\/tr>\n<tr style=\"height: 13.50pt;\">\n<td style=\"height: 13.50pt;\" height=\"18\">Nejlep\u0161\u00ed pro<\/td>\n<td>P\u00e1liv\u00e1 om\u00e1\u010dka, BBQ om\u00e1\u010dka, dresink, ko\u0159en\u00ed<\/td>\n<\/tr>\n<tr style=\"height: 13.50pt;\">\n<td style=\"height: 13.50pt;\" height=\"18\">Ide\u00e1ln\u00ed pou\u017eit\u00ed<\/td>\n<td>N\u00e1doby na p\u00e1liv\u00e9 om\u00e1\u010dky, velkoobchodn\u00ed lahve na om\u00e1\u010dky<\/td>\n<\/tr>\n<\/tbody>\n<\/table>\n<h2>P\u0159\u00edb\u011bh \u00fasp\u011bchu: Od komunitn\u00edho trhu k celost\u00e1tn\u00edm maloobchodn\u00edm prodejn\u00e1m<\/h2>\n<p>V\u00fdrobce mal\u00fdch \u0161ar\u017e\u00ed om\u00e1\u010dky habanero zpo\u010d\u00e1tku z\u00e1soboval pouze m\u00edstn\u00ed farm\u00e1\u0159sk\u00e9 trhy. Aby mohl rozv\u00edjet sv\u00e9 podnik\u00e1n\u00ed, hledal lahev na om\u00e1\u010dku s profesion\u00e1ln\u00edm vzhledem, kterou by bylo mo\u017en\u00e9 zmen\u0161it. Nakonec si vybral na\u0161e 250ml z\u00fa\u017een\u00e9 n\u00e1doby na p\u00e1liv\u00e9 om\u00e1\u010dky a ozna\u010dil je sv\u00fdm logem. Jejich prvn\u00ed objedn\u00e1vka byla pouze na 2 000 lahv\u00ed. V\u00fdsledky byly p\u016fsobiv\u00e9. Hned na za\u010d\u00e1tku vedl z\u00fa\u017een\u00fd design k v\u00fdrazn\u00e9mu n\u00e1r\u016fstu pov\u011bdom\u00ed o zna\u010dce \u2013 jedna zna\u010dka p\u00e1liv\u00fdch om\u00e1\u010dek vyk\u00e1zala 47% n\u00e1r\u016fst maloobchodn\u00edch tr\u017eeb a 65% n\u00e1r\u016fst opakovan\u00fdch n\u00e1kup\u016f. D\u00edky tomuto \u00fasp\u011bchu \u0159et\u011bzec zadal dal\u0161\u00ed objedn\u00e1vku na 500 000 lahv\u00ed p\u00e1liv\u00e9 om\u00e1\u010dky. Firma v sou\u010dasn\u00e9 dob\u011b tyto n\u00e1doby pou\u017e\u00edv\u00e1 pro v\u0161echny sv\u00e9 produktov\u00e9 \u0159ady a m\u00e1 ro\u010dn\u00ed objedn\u00e1vky p\u0159es 300 000.<\/p>\n<h2>Personalizace n\u00e1dob na p\u00e1liv\u00e9 om\u00e1\u010dky:<\/h2>\n<ul>\n<li><strong>Fr\u00e9zovan\u00e1 povrchov\u00e1 \u00faprava:<\/strong> Produkt je lept\u00e1n kyselinou pro kr\u00e1sn\u011bj\u0161\u00ed matn\u00fd povrch, luxusn\u00ed pocit a m\u00e9n\u011b otisk\u016f prst\u016f.<\/li>\n<li><strong>Vyv\u00fd\u0161en\u00e9 ro\u0161ty:<\/strong> Sklo m\u016f\u017ee z\u00edskat praktick\u00e9 a estetick\u00e9 vyv\u00fd\u0161en\u00e9 odstup\u0148ov\u00e1n\u00ed, kter\u00e9 je u\u017eite\u010dn\u00e9 a dod\u00e1v\u00e1 v\u00fdrobku luxusn\u011bj\u0161\u00ed vzhled.<\/li>\n<li><strong>Texturovan\u00e9 sklen\u011bn\u00e9 vzory:<\/strong> Sklo m\u016f\u017ee b\u00fdt tvarov\u00e1no s diamanty nebo pruhy nejen pro v\u00fdrazn\u00fd \u00fachopov\u00fd povrch, ale i pro dekorativn\u00ed \u00fa\u010dely.<\/li>\n<li><strong>Design se \u0161irok\u00fdm krkem:<\/strong> \u00daprava hrdla se prov\u00e1d\u00ed pro snaz\u0161\u00ed pln\u011bn\u00ed hust\u00fdch om\u00e1\u010dek s chilli vlo\u010dkami a sem\u00ednky.<\/li>\n<\/ul>","protected":false},"excerpt":{"rendered":"<p>Sklen\u011bn\u00e9 d\u00f3zy na om\u00e1\u010dku na m\u00edru s kovov\u00fdm v\u00edkem a stahuj\u00edc\u00edm designem. Ide\u00e1ln\u00ed pro profesion\u00e1ln\u00ed balen\u00ed om\u00e1\u010dek. Vzorky zdarma p\u0159i hromadn\u00fdch objedn\u00e1vk\u00e1ch!<\/p>","protected":false},"featured_media":23184,"template":"","meta":[],"product_brand":[],"product_cat":[122,123,129],"product_tag":[],"class_list":{"0":"post-23180","1":"product","2":"type-product","3":"status-publish","4":"has-post-thumbnail","6":"product_cat-custom-glass-packaging","7":"product_cat-custom-glass-bottles","8":"product_cat-hot-sauce-bottles","10":"first","11":"instock","12":"shipping-taxable","13":"product-type-simple"},"jetpack_sharing_enabled":true,"_links":{"self":[{"href":"https:\/\/yebodaglass.com\/cs\/wp-json\/wp\/v2\/product\/23180","targetHints":{"allow":["GET"]}}],"collection":[{"href":"https:\/\/yebodaglass.com\/cs\/wp-json\/wp\/v2\/product"}],"about":[{"href":"https:\/\/yebodaglass.com\/cs\/wp-json\/wp\/v2\/types\/product"}],"version-history":[{"count":6,"href":"https:\/\/yebodaglass.com\/cs\/wp-json\/wp\/v2\/product\/23180\/revisions"}],"predecessor-version":[{"id":23222,"href":"https:\/\/yebodaglass.com\/cs\/wp-json\/wp\/v2\/product\/23180\/revisions\/23222"}],"wp:featuredmedia":[{"embeddable":true,"href":"https:\/\/yebodaglass.com\/cs\/wp-json\/wp\/v2\/media\/23184"}],"wp:attachment":[{"href":"https:\/\/yebodaglass.com\/cs\/wp-json\/wp\/v2\/media?parent=23180"}],"wp:term":[{"taxonomy":"product_brand","embeddable":true,"href":"https:\/\/yebodaglass.com\/cs\/wp-json\/wp\/v2\/product_brand?post=23180"},{"taxonomy":"product_cat","embeddable":true,"href":"https:\/\/yebodaglass.com\/cs\/wp-json\/wp\/v2\/product_cat?post=23180"},{"taxonomy":"product_tag","embeddable":true,"href":"https:\/\/yebodaglass.com\/cs\/wp-json\/wp\/v2\/product_tag?post=23180"}],"curies":[{"name":"wp","href":"https:\/\/api.w.org\/{rel}","templated":true}]}}