{"id":23171,"date":"2025-11-04T13:56:22","date_gmt":"2025-11-04T05:56:22","guid":{"rendered":"https:\/\/yebodaglass.com\/?post_type=product&#038;p=23171"},"modified":"2026-04-13T14:04:07","modified_gmt":"2026-04-13T06:04:07","slug":"wholesale-empty-glass-bbq-sauce-bottles-packaging-supplier","status":"publish","type":"product","link":"https:\/\/yebodaglass.com\/cs\/wholesale-empty-glass-bbq-sauce-bottles-packaging-supplier\/","title":{"rendered":"Velkoobchodn\u00ed pr\u00e1zdn\u00e9 sklen\u011bn\u00e9 lahve na BBQ om\u00e1\u010dku 250ml 410ml 485ml"},"content":{"rendered":"<p>Tyto lahve na BBQ om\u00e1\u010dku se vyzna\u010duj\u00ed modern\u00edm designem, kter\u00fd vyu\u017e\u00edv\u00e1 \u010dir\u00e9 sklo vhodn\u00e9 pro potraviny, je\u017e vytv\u00e1\u0159\u00ed ku\u017eelovit\u00fd tvar, a n\u011bkolika barevn\u00fdmi plastov\u00fdmi uz\u00e1v\u011bry. Poskytuj\u00ed u\u017eivatel\u016fm pohodln\u00e9 uchopen\u00ed, kter\u00e9 jim umo\u017e\u0148uje nal\u00e9vat tekutiny a z\u00e1rove\u0148 zabr\u00e1nit rozlit\u00ed.<\/p>\n<h2>Vlastnosti produktu<\/h2>\n<ul>\n<li><strong>K\u00f3nick\u00fd design proud\u011bn\u00ed:<\/strong> Ku\u017eelovit\u00fd tvar s u\u017e\u0161\u00ed horn\u00ed a \u0161ir\u0161\u00ed spodn\u00ed \u010d\u00e1st\u00ed umo\u017e\u0148uje u\u017eivatel\u016fm plynul\u00e9 nal\u00e9v\u00e1n\u00ed tekutin a z\u00e1rove\u0148 sni\u017euje pl\u00fdtv\u00e1n\u00ed om\u00e1\u010dkou a dosahuje provozn\u00ed efektivity.<\/li>\n<li><strong>Vysoce pr\u016fhledn\u00e9 potravin\u00e1\u0159sk\u00e9 sklo:<\/strong> Lahve jsou vyrobeny z bezolovnat\u00e9ho potravin\u00e1\u0159sk\u00e9ho skla, kter\u00e9 zaji\u0161\u0165uje vysokou pr\u016fhlednost a zobrazuje barvu om\u00e1\u010dky a z\u00e1rove\u0148 z\u016fst\u00e1v\u00e1 bezpe\u010dn\u00e9 a bez z\u00e1pachu. Produkt umo\u017e\u0148uje snadn\u00e9 \u010di\u0161t\u011bn\u00ed a opakovan\u00e9 pou\u017eit\u00ed.<\/li>\n<li><strong>K dispozici v\u00edcebarevn\u00e9 \u010depice:<\/strong> V\u00ed\u010dka, kter\u00e1 jsou vyrobena z \u010derven\u00e9, \u017elut\u00e9, zlat\u00e9 a dal\u0161\u00edch barev, pou\u017e\u00edvaj\u00ed z\u00e1vitov\u00e1 t\u011bsn\u011bn\u00ed pro udr\u017een\u00ed \u010derstvosti om\u00e1\u010dky.<\/li>\n<\/ul>\n<h2 style=\"text-align: left;\">Kl\u00ed\u010dov\u00e9 specifikace<\/h2>\n<table class=\"aligncenter\" style=\"border-collapse: collapse; width: 506.27pt;\" border=\"0\" width=\"675\" cellspacing=\"0\" cellpadding=\"0\">\n<tbody>\n<tr style=\"height: 13.50pt;\">\n<td style=\"height: 13.50pt; width: 109.50pt;\" width=\"146\" height=\"18\">Funkce<\/td>\n<td style=\"width: 396.75pt;\" width=\"529\">Specifikace<\/td>\n<\/tr>\n<tr style=\"height: 13.50pt;\">\n<td style=\"height: 13.50pt;\" height=\"18\">Kapacity<\/td>\n<td>250ml, 410ml, 485ml<\/td>\n<\/tr>\n<tr style=\"height: 13.50pt;\">\n<td style=\"height: 13.50pt;\" height=\"18\">Rozm\u011bry (H\u00d7V)<\/td>\n<td>5,6 \u00d7 21,5 cm, 6,4 \u00d7 24,4 cm, 6,6 \u00d7 26 cm<\/td>\n<\/tr>\n<tr style=\"height: 13.50pt;\">\n<td style=\"height: 13.50pt;\" height=\"18\">Tvar<\/td>\n<td>Z\u00fa\u017een\u00fd v\u00e1lcov\u00fd<\/td>\n<\/tr>\n<tr style=\"height: 13.50pt;\">\n<td style=\"height: 13.50pt;\" height=\"18\">Materi\u00e1l<\/td>\n<td>\u010cir\u00fd sklen\u011bn\u00fd stout, vhodn\u00fd pro potraviny, silnost\u011bnn\u00fd<\/td>\n<\/tr>\n<tr style=\"height: 13.50pt;\">\n<td style=\"height: 13.50pt;\" height=\"18\">Uzav\u0159en\u00ed<\/td>\n<td>\u010cerven\u00fd, \u017elut\u00fd nebo zlat\u00fd \u0161roubovac\u00ed uz\u00e1v\u011br<\/td>\n<\/tr>\n<tr style=\"height: 13.50pt;\">\n<td style=\"height: 13.50pt;\" height=\"18\">Nejlep\u0161\u00ed pro<\/td>\n<td>P\u00e1liv\u00e1 om\u00e1\u010dka, BBQ om\u00e1\u010dka, ocet, dresink, olej<\/td>\n<\/tr>\n<tr style=\"height: 13.50pt;\">\n<td style=\"height: 13.50pt;\" height=\"18\">Ide\u00e1ln\u00ed pou\u017eit\u00ed<\/td>\n<td>Lahve na p\u00e1liv\u00e9 om\u00e1\u010dky, lahve na grilovac\u00ed om\u00e1\u010dky, sklen\u011bn\u00e9 lahve na ko\u0159en\u00ed<\/td>\n<\/tr>\n<\/tbody>\n<\/table>\n<h2>P\u0159\u00edb\u011bh \u00fasp\u011bchu: Kl\u00ed\u010dov\u00e1 produktov\u00e1 \u0159ada pro zna\u010dku BBQ om\u00e1\u010dky z ji\u017eansk\u00e9 kuchyn\u011b<\/h2>\n<p>Zna\u010dka BBQ om\u00e1\u010dek z ji\u017en\u00edch Spojen\u00fdch st\u00e1t\u016f si vybrala na\u0161e 350ml sklen\u011bn\u00e9 lahve na om\u00e1\u010dku a po\u017e\u00e1dala o jejich \u00fapravu tak, aby obsahovaly trysky odoln\u00e9 proti odkap\u00e1v\u00e1n\u00ed a s\u00edtotiskem poti\u0161t\u011bn\u00e9 indik\u00e1tory p\u00e1livosti. Sklen\u011bn\u00e9 lahve na om\u00e1\u010dku na m\u00edru p\u0159inesly v\u00fdznamn\u00e9 v\u00fdsledky, proto\u017ee trysky odoln\u00e9 proti odkap\u00e1v\u00e1n\u00ed sn\u00ed\u017eily po\u010det st\u00ed\u017enost\u00ed spot\u0159ebitel\u016f na rozlit\u00ed o 25 % a charakteristick\u00fd design lahve fungoval jako aktivum zna\u010dky, kter\u00e9 zv\u00fd\u0161ilo pov\u011bdom\u00ed o zna\u010dce o 35 %. Zna\u010dka dos\u00e1hla velk\u00e9ho \u00fasp\u011bchu a n\u00e1sledn\u011b zadala dal\u0161\u00ed objedn\u00e1vku na 750 000 lahv\u00ed, aby uvedla na trh novou \u0159adu such\u00fdch ingredienc\u00ed a om\u00e1\u010dek.<\/p>\n<h2>Vlastn\u00ed mo\u017enosti pro sklen\u011bnou l\u00e1hev na om\u00e1\u010dku<\/h2>\n<ul>\n<li><strong>Dekorativn\u00ed matn\u00e9 pruhy:<\/strong> Z\u00edskejte n\u00e1dhern\u00fd a elegantn\u00ed vzhled lept\u00e1n\u00edm kyselinou, kter\u00e9 na va\u0161em \u010dir\u00e9m skle vytvo\u0159\u00ed vodorovn\u00e9 nebo svisl\u00e9 matn\u00e9 pruhy.<\/li>\n<li><strong>Vitr\u00e1\u017eov\u00e9 hrdlo lahve:<\/strong> B\u011bhem v\u00fdroby specifikujte barevn\u00fd sklen\u011bn\u00fd krou\u017eek kolem hrdla pro luxusn\u00ed, jedine\u010dn\u00fd vizu\u00e1ln\u00ed efekt a eliminaci zna\u010den\u00ed.<\/li>\n<li><strong>Jednod\u00edln\u00e1 tryska proti odkap\u00e1v\u00e1n\u00ed:<\/strong> Precizn\u00ed plastov\u00fd kus, kter\u00fd je vyroben tak, aby t\u011bsn\u011b p\u0159il\u00e9hal k otvoru lahve, a zaji\u0161\u0165uje tak, \u017ee nal\u00e9v\u00e1n\u00ed je poka\u017ed\u00e9 \u010dist\u00e9 a bez odkap\u00e1v\u00e1n\u00ed.<\/li>\n<\/ul>","protected":false},"excerpt":{"rendered":"<p>Odoln\u00e9 sklen\u011bn\u00e9 lahve na om\u00e1\u010dku se z\u00fa\u017een\u00fdm designem a v\u00ed\u010dky. Ide\u00e1ln\u00ed lahve na BBQ om\u00e1\u010dku pro branding va\u0161\u00ed p\u00e1liv\u00e9 om\u00e1\u010dky. Mo\u017enost vlastn\u00edho loga a rychl\u00e9ho dod\u00e1n\u00ed.<\/p>","protected":false},"featured_media":23174,"template":"","meta":[],"product_brand":[],"product_cat":[129,123,122],"product_tag":[],"class_list":{"0":"post-23171","1":"product","2":"type-product","3":"status-publish","4":"has-post-thumbnail","6":"product_cat-hot-sauce-bottles","7":"product_cat-custom-glass-bottles","8":"product_cat-custom-glass-packaging","10":"first","11":"instock","12":"shipping-taxable","13":"product-type-simple"},"jetpack_sharing_enabled":true,"_links":{"self":[{"href":"https:\/\/yebodaglass.com\/cs\/wp-json\/wp\/v2\/product\/23171","targetHints":{"allow":["GET"]}}],"collection":[{"href":"https:\/\/yebodaglass.com\/cs\/wp-json\/wp\/v2\/product"}],"about":[{"href":"https:\/\/yebodaglass.com\/cs\/wp-json\/wp\/v2\/types\/product"}],"version-history":[{"count":5,"href":"https:\/\/yebodaglass.com\/cs\/wp-json\/wp\/v2\/product\/23171\/revisions"}],"predecessor-version":[{"id":25761,"href":"https:\/\/yebodaglass.com\/cs\/wp-json\/wp\/v2\/product\/23171\/revisions\/25761"}],"wp:featuredmedia":[{"embeddable":true,"href":"https:\/\/yebodaglass.com\/cs\/wp-json\/wp\/v2\/media\/23174"}],"wp:attachment":[{"href":"https:\/\/yebodaglass.com\/cs\/wp-json\/wp\/v2\/media?parent=23171"}],"wp:term":[{"taxonomy":"product_brand","embeddable":true,"href":"https:\/\/yebodaglass.com\/cs\/wp-json\/wp\/v2\/product_brand?post=23171"},{"taxonomy":"product_cat","embeddable":true,"href":"https:\/\/yebodaglass.com\/cs\/wp-json\/wp\/v2\/product_cat?post=23171"},{"taxonomy":"product_tag","embeddable":true,"href":"https:\/\/yebodaglass.com\/cs\/wp-json\/wp\/v2\/product_tag?post=23171"}],"curies":[{"name":"wp","href":"https:\/\/api.w.org\/{rel}","templated":true}]}}