{"id":23155,"date":"2025-11-04T10:53:15","date_gmt":"2025-11-04T02:53:15","guid":{"rendered":"https:\/\/yebodaglass.com\/?post_type=product&#038;p=23155"},"modified":"2026-03-25T11:24:10","modified_gmt":"2026-03-25T03:24:10","slug":"custom-clear-glass-hot-sauce-bottles-bulk","status":"publish","type":"product","link":"https:\/\/yebodaglass.com\/cs\/custom-clear-glass-hot-sauce-bottles-bulk\/","title":{"rendered":"250ml 350ml 500ml zak\u00e1zkov\u00e9 sklen\u011bn\u00e9 lahve na horkou om\u00e1\u010dku"},"content":{"rendered":"<p>Tyto lahve na om\u00e1\u010dku maj\u00ed \u010dist\u00fd zaoblen\u00fd v\u00e1lcov\u00fd tvar a \u0161t\u00edhl\u00e9 hrdlo. Lahve jsou vyrobeny z k\u0159i\u0161\u0165\u00e1lov\u011b \u010dir\u00e9ho skla, maj\u00ed z\u00e1vitov\u00e9 hrdlo a \u0161roubovac\u00ed uz\u00e1v\u011br v \u010dern\u00e9, \u010derven\u00e9 nebo zlat\u00e9 barv\u011b.<\/p>\n<h2>Vlastnosti produktu<\/h2>\n<ul>\n<li><strong>Vysoce pr\u016fhledn\u00e9 v\u00e1lcov\u00e9 sklo:<\/strong> Pr\u016fhledn\u00e9 v\u00e1lcov\u00e9 sklo je naprosto \u010dir\u00e9 a okam\u017eit\u011b zobrazuje barvu, texturu a kvalitu produktu, \u010d\u00edm\u017e zvy\u0161uje jeho vizu\u00e1ln\u00ed atraktivitu.<\/li>\n<li><strong>K dispozici n\u011bkolik barevn\u00fdch \u0161roubovac\u00edch uz\u00e1v\u011br\u016f:<\/strong> \u0160roubovac\u00ed uz\u00e1v\u011bry se dod\u00e1vaj\u00ed v r\u016fzn\u00fdch barv\u00e1ch, jako je \u010dern\u00e1, \u010derven\u00e1 a zlat\u00e1, mimo jin\u00e9 v reakci na po\u017eadavky na p\u0159izp\u016fsoben\u00ed flexibiln\u00edch obal\u016f.<\/li>\n<li><strong>Ut\u011bsn\u011bn\u00e1 a nepropustn\u00e1 konstrukce:<\/strong> \u0160roubovac\u00ed uz\u00e1v\u011br pevn\u011b zacvakne na hrdlo lahve, co\u017e nab\u00edz\u00ed skv\u011bl\u00e9 t\u011bsnic\u00ed vlastnosti a dlouhou trvanlivost produktu.<\/li>\n<\/ul>\n<h2 style=\"text-align: left;\">Kl\u00ed\u010dov\u00e9 specifikace<\/h2>\n<table class=\"aligncenter\" style=\"border-collapse: collapse; width: 388.52pt;\" border=\"0\" width=\"518\" cellspacing=\"0\" cellpadding=\"0\">\n<tbody>\n<tr style=\"height: 13.50pt;\">\n<td style=\"height: 13.50pt; width: 109.50pt;\" width=\"146\" height=\"18\">Funkce<\/td>\n<td style=\"width: 279.00pt;\" width=\"372\">Specifikace<\/td>\n<\/tr>\n<tr style=\"height: 13.50pt;\">\n<td style=\"height: 13.50pt;\" height=\"18\">Kapacity<\/td>\n<td>250 ml (8 oz), 350 ml (12 oz), 500 ml (17 oz)<\/td>\n<\/tr>\n<tr style=\"height: 13.50pt;\">\n<td style=\"height: 13.50pt;\" height=\"18\">Rozm\u011bry (H\u00d7V)<\/td>\n<td>5,6 \u00d7 18,8 cm, 6,3 \u00d7 17,1 cm, 7,1 \u00d7 19,1 cm<\/td>\n<\/tr>\n<tr style=\"height: 13.50pt;\">\n<td style=\"height: 13.50pt;\" height=\"18\">Materi\u00e1l<\/td>\n<td>\u010cir\u00fd sklen\u011bn\u00fd stout, potravin\u00e1\u0159sk\u00fd<\/td>\n<\/tr>\n<tr style=\"height: 13.50pt;\">\n<td style=\"height: 13.50pt;\" height=\"18\">Uzav\u0159en\u00ed<\/td>\n<td>\u010cern\u00fd, \u010derven\u00fd nebo zlat\u00fd \u0161roubovac\u00ed uz\u00e1v\u011br<\/td>\n<\/tr>\n<tr style=\"height: 13.50pt;\">\n<td style=\"height: 13.50pt;\" height=\"18\">Nejlep\u0161\u00ed pro<\/td>\n<td>P\u00e1liv\u00e1 om\u00e1\u010dka, BBQ om\u00e1\u010dka, dresink, ko\u0159en\u00ed<\/td>\n<\/tr>\n<tr style=\"height: 13.50pt;\">\n<td style=\"height: 13.50pt;\" height=\"18\">Ide\u00e1ln\u00ed pou\u017eit\u00ed<\/td>\n<td>L\u00e1hev na om\u00e1\u010dku, lahve na pikantn\u00ed om\u00e1\u010dku ve velk\u00e9m<\/td>\n<\/tr>\n<\/tbody>\n<\/table>\n<h2>P\u0159\u00edb\u011bh \u00fasp\u011bchu<\/h2>\n<p>Spole\u010dnost vyr\u00e1b\u011bj\u00edc\u00ed ru\u010dn\u011b vyr\u00e1b\u011bn\u00e9 ko\u0159en\u00ed se s\u00eddlem v Ohiu se rozhodla naplnit na\u0161e lahve om\u00e1\u010dkou a nechala si na n\u011b s\u00edtotisknout speci\u00e1ln\u011b s\u00edtotiskovou matnou etiketu a silikonov\u011b pod\u0161it\u00fd, tepeln\u011b odoln\u00fd uz\u00e1v\u011br. Personalizovan\u00e9 lahve se staly velk\u00fdm hitem: pr\u016fhledn\u00e9 sklo dokonale vystavuje jejich ru\u010dn\u011b vyr\u00e1b\u011bn\u00e9 om\u00e1\u010dky, kter\u00e9 podle nich zv\u00fd\u0161ily impulzivn\u00ed n\u00e1kupy na farm\u00e1\u0159sk\u00fdch trz\u00edch o 30 procent a speci\u00e1ln\u011b navr\u017een\u00e1 v\u00ed\u010dka udr\u017euj\u00ed lahve dokonale uzav\u0159en\u00e9, zabra\u0148uj\u00ed \u00fanik\u016fm a sni\u017euj\u00ed st\u00ed\u017enosti z\u00e1kazn\u00edk\u016f o 25 procent. Tato zna\u010dka byla tak \u00fasp\u011b\u0161n\u00e1, \u017ee si objednala dal\u0161\u00edch 200 000 lahv\u00ed sv\u00e9 nov\u011b uveden\u00e9 \u0159ady om\u00e1\u010dek a dip\u016f na va\u0159en\u00ed.<\/p>\n<h2>Individu\u00e1ln\u00ed \u00faprava lahv\u00ed s horkou om\u00e1\u010dkou<\/h2>\n<ul>\n<li>Vyhrazen\u00fd nal\u00e9vac\u00ed v\u00fdlevkov\u00fd uz\u00e1v\u011br: Tento design m\u00e1 \u0161roubovac\u00ed uz\u00e1v\u011br s plastov\u00fdm nebo nerezov\u00fdm nal\u00e9vac\u00edm v\u00fdlevkov\u00fdm uz\u00e1v\u011brem proti odkap\u00e1v\u00e1n\u00ed, kter\u00fd umo\u017e\u0148uje snadn\u00e9 a p\u0159esn\u00e9 nal\u00e9v\u00e1n\u00ed om\u00e1\u010dky.<\/li>\n<li>Barevn\u00e9 sklo odoln\u00e9 v\u016f\u010di UV z\u00e1\u0159en\u00ed: Vyr\u00e1b\u00ed se ve stejn\u00e9m v\u00e1lci jako jantarov\u00e9 nebo zelen\u00e9 sklo, aby zakrylo sv\u011btlocitliv\u00e9 slo\u017eky.<\/li>\n<li>Barva v\u00ed\u010dka: Barvy v\u00ed\u010dek lze nal\u00e9zt v libovoln\u00e9 barevn\u00e9 \u0161k\u00e1le Pantone, aby p\u0159esn\u011b odpov\u00eddaly image va\u0161\u00ed zna\u010dky.<\/li>\n<\/ul>","protected":false},"excerpt":{"rendered":"<p>\u010cir\u00e9 sklen\u011bn\u00e9 lahve na p\u00e1livou om\u00e1\u010dku s barevn\u00fdmi kovov\u00fdmi v\u00ed\u010dky. Vynikaj\u00edc\u00ed t\u011bsn\u011bn\u00ed, ide\u00e1ln\u00ed pro vytvo\u0159en\u00ed vlastn\u00ed zna\u010dky om\u00e1\u010dky. Objednejte si sklen\u011bn\u00e9 lahve ve velk\u00e9m s rychl\u00fdm doru\u010den\u00edm!<\/p>","protected":false},"featured_media":23165,"template":"","meta":[],"product_brand":[],"product_cat":[129,123,122],"product_tag":[],"class_list":{"0":"post-23155","1":"product","2":"type-product","3":"status-publish","4":"has-post-thumbnail","6":"product_cat-hot-sauce-bottles","7":"product_cat-custom-glass-bottles","8":"product_cat-custom-glass-packaging","10":"first","11":"instock","12":"shipping-taxable","13":"product-type-simple"},"jetpack_sharing_enabled":true,"_links":{"self":[{"href":"https:\/\/yebodaglass.com\/cs\/wp-json\/wp\/v2\/product\/23155","targetHints":{"allow":["GET"]}}],"collection":[{"href":"https:\/\/yebodaglass.com\/cs\/wp-json\/wp\/v2\/product"}],"about":[{"href":"https:\/\/yebodaglass.com\/cs\/wp-json\/wp\/v2\/types\/product"}],"version-history":[{"count":5,"href":"https:\/\/yebodaglass.com\/cs\/wp-json\/wp\/v2\/product\/23155\/revisions"}],"predecessor-version":[{"id":25596,"href":"https:\/\/yebodaglass.com\/cs\/wp-json\/wp\/v2\/product\/23155\/revisions\/25596"}],"wp:featuredmedia":[{"embeddable":true,"href":"https:\/\/yebodaglass.com\/cs\/wp-json\/wp\/v2\/media\/23165"}],"wp:attachment":[{"href":"https:\/\/yebodaglass.com\/cs\/wp-json\/wp\/v2\/media?parent=23155"}],"wp:term":[{"taxonomy":"product_brand","embeddable":true,"href":"https:\/\/yebodaglass.com\/cs\/wp-json\/wp\/v2\/product_brand?post=23155"},{"taxonomy":"product_cat","embeddable":true,"href":"https:\/\/yebodaglass.com\/cs\/wp-json\/wp\/v2\/product_cat?post=23155"},{"taxonomy":"product_tag","embeddable":true,"href":"https:\/\/yebodaglass.com\/cs\/wp-json\/wp\/v2\/product_tag?post=23155"}],"curies":[{"name":"wp","href":"https:\/\/api.w.org\/{rel}","templated":true}]}}