{"id":23117,"date":"2025-11-03T16:34:01","date_gmt":"2025-11-03T08:34:01","guid":{"rendered":"https:\/\/yebodaglass.com\/?post_type=product&#038;p=23117"},"modified":"2026-04-09T14:09:19","modified_gmt":"2026-04-09T06:09:19","slug":"wholesale-round-glass-hot-sauce-bottles-sauce-container-supplier","status":"publish","type":"product","link":"https:\/\/yebodaglass.com\/cs\/wholesale-round-glass-hot-sauce-bottles-sauce-container-supplier\/","title":{"rendered":"Velkoobchodn\u00ed kulat\u00e9 sklen\u011bn\u00e9 lahve na p\u00e1livou om\u00e1\u010dku 100ml 150ml 200ml"},"content":{"rendered":"<p>Na\u0161e kulat\u00e9 sklen\u011bn\u00e9 lahve na p\u00e1liv\u00e9 om\u00e1\u010dky maj\u00ed \u00fazk\u00e9 t\u011blo z \u010dir\u00e9ho skla s plastov\u00fdmi v\u00ed\u010dky a jsou k dispozici ve t\u0159ech velikostech: 100 ml, 150 ml a 200 ml. D\u00edky klasick\u00e9mu kulat\u00e9mu tvaru se hod\u00ed k balen\u00ed \u0161irok\u00e9 \u0161k\u00e1ly ko\u0159en\u00ed.<\/p>\n<h2>Kl\u00ed\u010dov\u00e9 specifikace<\/h2>\n<table style=\"border-collapse: collapse; width: 80%; margin-left: auto; margin-right: auto;\" border=\"0\" width=\"818\" cellspacing=\"0\" cellpadding=\"0\">\n<tbody>\n<tr style=\"height: 13.50pt;\">\n<td style=\"height: 13.50pt; width: 141.75pt;\" width=\"189\" height=\"18\">Funkce<\/td>\n<td style=\"width: 471.75pt;\" width=\"629\">Specifikace<\/td>\n<\/tr>\n<tr style=\"height: 48.00pt;\">\n<td style=\"height: 48.00pt;\" height=\"64\">Kapacita<\/td>\n<td class=\"et2\" style=\"width: 471.75pt;\" width=\"629\">100 ml\/3 oz (40 \u00d7 151 mm)<br \/>\n150 ml\/5 oz (4,8 \u00d7 17,2 cm)<br \/>\n250 ml\/8 oz (5,5 \u00d7 19,8 cm)<\/td>\n<\/tr>\n<tr style=\"height: 13.50pt;\">\n<td style=\"height: 13.50pt;\" height=\"18\">Materi\u00e1l<\/td>\n<td>Sodnov\u00e1penat\u00e9 sklo, plastov\u00fd uz\u00e1v\u011br, plastov\u00e1 vnit\u0159n\u00ed z\u00e1tka, plastov\u00e1 smr\u0161\u0165ovac\u00ed f\u00f3lie<\/td>\n<\/tr>\n<tr style=\"height: 13.50pt;\">\n<td style=\"height: 13.50pt;\" height=\"18\">Mo\u017enosti uzav\u0159en\u00ed<\/td>\n<td>p\u0159izp\u016fsobiteln\u00e9<\/td>\n<\/tr>\n<tr style=\"height: 13.50pt;\">\n<td style=\"height: 13.50pt;\" height=\"18\">Pou\u017eit\u00ed<\/td>\n<td>P\u00e1liv\u00e1 om\u00e1\u010dka, ko\u0159en\u00ed, s\u00f3jov\u00e1 om\u00e1\u010dka, sezamov\u00e1 pasta, z\u00e1livka na sal\u00e1t, ocet, chilli, ke\u010dup atd.<\/td>\n<\/tr>\n<tr style=\"height: 13.50pt;\">\n<td style=\"height: 13.50pt;\" height=\"18\">Mo\u017enost p\u0159izp\u016fsoben\u00ed<\/td>\n<td>Povrchov\u00e1 \u00faprava, logo, tvar, objem, v\u00edko, balen\u00ed.<\/td>\n<\/tr>\n<\/tbody>\n<\/table>\n<h2>P\u0159\u00edpadov\u00e1 studie<\/h2>\n<p>Mexick\u00e1 potravin\u00e1\u0159sk\u00e1 spole\u010dnost zam\u011b\u0159en\u00e1 na v\u00fdrobu om\u00e1\u010dek pot\u0159ebovala obal, kter\u00fd by odr\u00e1\u017eel jej\u00ed pe\u010dlivou v\u00fdrobu. Nakonec se kv\u016fli jejich objemu rozhodla pro na\u0161e sklen\u011bn\u00e9 lahve na p\u00e1livou om\u00e1\u010dku o objemu 150 ml. Na sklo si nalepili personalizovan\u00e9 samolepky. Hned prvn\u00ed mal\u00e1 objedn\u00e1vka, pouh\u00fdch 3 000 kus\u016f, p\u0159inesla fantastick\u00e9 v\u00fdsledky. Prodej v reg\u00e1lech se tak zv\u00fd\u0161il o 32 % a odoln\u00fd sklen\u011bn\u00fd materi\u00e1l sn\u00ed\u017eil po\u010det rozbit\u00fdch kus\u016f o 40 %. Nyn\u00ed ka\u017ed\u00e9 \u010dtvrtlet\u00ed objedn\u00e1vaj\u00ed v\u00edce ne\u017e 50 000 lahv\u00ed, \u010d\u00edm\u017e se tato lahev na om\u00e1\u010dku stala d\u016fle\u017eitou sou\u010d\u00e1st\u00ed jejich brandingov\u00e9 strategie.<\/p>","protected":false},"excerpt":{"rendered":"<p>Kulat\u00e9 sklen\u011bn\u00e9 lahve na p\u00e1livou om\u00e1\u010dku na m\u00edru pro n\u00e1doby na om\u00e1\u010dky. Mo\u017enosti zak\u00e1zkov\u00e9 v\u00fdroby a velkoobchodn\u00ed objedn\u00e1vky pro zna\u010dky om\u00e1\u010dek a velkoobchodn\u00edky. Rychl\u00e9 dod\u00e1n\u00ed a vzorky zdarma.<\/p>","protected":false},"featured_media":25676,"template":"","meta":[],"product_brand":[],"product_cat":[129,123,122,80,20],"product_tag":[],"class_list":{"0":"post-23117","1":"product","2":"type-product","3":"status-publish","4":"has-post-thumbnail","6":"product_cat-hot-sauce-bottles","7":"product_cat-custom-glass-bottles","8":"product_cat-custom-glass-packaging","9":"product_cat-glass-bottles","10":"product_cat-glass-containers","12":"first","13":"instock","14":"shipping-taxable","15":"product-type-simple"},"jetpack_sharing_enabled":true,"_links":{"self":[{"href":"https:\/\/yebodaglass.com\/cs\/wp-json\/wp\/v2\/product\/23117","targetHints":{"allow":["GET"]}}],"collection":[{"href":"https:\/\/yebodaglass.com\/cs\/wp-json\/wp\/v2\/product"}],"about":[{"href":"https:\/\/yebodaglass.com\/cs\/wp-json\/wp\/v2\/types\/product"}],"version-history":[{"count":5,"href":"https:\/\/yebodaglass.com\/cs\/wp-json\/wp\/v2\/product\/23117\/revisions"}],"predecessor-version":[{"id":25685,"href":"https:\/\/yebodaglass.com\/cs\/wp-json\/wp\/v2\/product\/23117\/revisions\/25685"}],"wp:featuredmedia":[{"embeddable":true,"href":"https:\/\/yebodaglass.com\/cs\/wp-json\/wp\/v2\/media\/25676"}],"wp:attachment":[{"href":"https:\/\/yebodaglass.com\/cs\/wp-json\/wp\/v2\/media?parent=23117"}],"wp:term":[{"taxonomy":"product_brand","embeddable":true,"href":"https:\/\/yebodaglass.com\/cs\/wp-json\/wp\/v2\/product_brand?post=23117"},{"taxonomy":"product_cat","embeddable":true,"href":"https:\/\/yebodaglass.com\/cs\/wp-json\/wp\/v2\/product_cat?post=23117"},{"taxonomy":"product_tag","embeddable":true,"href":"https:\/\/yebodaglass.com\/cs\/wp-json\/wp\/v2\/product_tag?post=23117"}],"curies":[{"name":"wp","href":"https:\/\/api.w.org\/{rel}","templated":true}]}}