{"id":23116,"date":"2025-11-03T17:08:09","date_gmt":"2025-11-03T09:08:09","guid":{"rendered":"https:\/\/yebodaglass.com\/?post_type=product&#038;p=23116"},"modified":"2025-11-03T17:52:02","modified_gmt":"2025-11-03T09:52:02","slug":"5oz-round-empty-spice-jars-with-metal-lids-for-kitchen-storage-wholesale","status":"publish","type":"product","link":"https:\/\/yebodaglass.com\/cs\/5oz-round-empty-spice-jars-with-metal-lids-for-kitchen-storage-wholesale\/","title":{"rendered":"5oz kulat\u00e9 pr\u00e1zdn\u00e9 d\u00f3zy na ko\u0159en\u00ed s kovov\u00fdmi v\u00ed\u010dky pro velkoobchodn\u00ed skladov\u00e1n\u00ed v kuchyni"},"content":{"rendered":"<p>U\u017e v\u00e1s nebav\u00ed d\u00f3zy na ko\u0159en\u00ed, kter\u00e9 prot\u00e9kaj\u00ed nebo zakr\u00fdvaj\u00ed va\u0161i chu\u0165. Vyr\u00e1b\u00edme pr\u00e1zdn\u00e9 d\u00f3zy na ko\u0159en\u00ed s klasick\u00fdmi zaoblen\u00fdmi k\u0159ivkami \u2013 z d\u00f3z na ko\u0159en\u00ed u\u017e v\u00e1m nete\u010dou kuchy\u0148sk\u00e9 z\u00e1suvky. Hromadn\u00e9 objedn\u00e1vky z\u00edsk\u00e1te zak\u00e1zkovou povrchovou \u00fapravu, kter\u00e1 bude odpov\u00eddat va\u0161\u00ed zna\u010dce.<\/p>\n<h2>Vlastnosti produktu<\/h2>\n<p><strong>Klasick\u00e9 zaoblen\u00e9 k\u0159ivky<\/strong><\/p>\n<p>Ergonomick\u00e1 rukoje\u0165 je p\u0159esn\u011b takov\u00e1, jak\u00e1 m\u00e1te v ruce \u2013 pr\u00e1zdn\u00e9 d\u00f3zy s ko\u0159en\u00edm u\u017e v\u00e1m neupadnou.<\/p>\n<p><strong>Kovov\u00e9 bezpe\u010dn\u00e9 v\u00edko<\/strong><\/p>\n<p>D\u00edky t\u011bsn\u00e9mu uz\u00e1v\u011bru udr\u017e\u00ed produkt \u010derstv\u00fd \u2013 cukr u\u017e nezvlhne ani pep\u0159 neztrat\u00ed sv\u00e9 aroma.<\/p>\n<p><strong>\u0160irok\u00fd p\u0159\u00edstup k \u00fast\u016fm<\/strong><\/p>\n<p>Pokud chcete osolit, ocukrovat nebo opep\u0159\u00edt, ud\u011blejte to bez nepo\u0159\u00e1dku \u2013 vejde se jak\u00e1koli l\u017e\u00edce nebo nab\u011bra\u010dka.<\/p>\n<h2>Kl\u00ed\u010dov\u00e9 specifikace<\/h2>\n<table style=\"border-collapse: collapse; width: 80%; margin-left: auto; margin-right: auto;\" border=\"0\" width=\"144\" cellspacing=\"0\" cellpadding=\"0\">\n<tbody>\n<tr style=\"height: 13.50pt;\">\n<td style=\"height: 13.5pt; width: 54pt; text-align: center;\" width=\"72\" height=\"18\">Kapacita<\/td>\n<td style=\"width: 54pt; text-align: center;\" width=\"72\">150 ml \/ 5 oz<\/td>\n<\/tr>\n<tr style=\"height: 13.50pt;\">\n<td style=\"height: 13.5pt; text-align: center;\" height=\"18\">Materi\u00e1l<\/td>\n<td style=\"text-align: center;\">Sklo + kov (v\u00ed\u010dka)<\/td>\n<\/tr>\n<tr style=\"height: 13.50pt;\">\n<td style=\"height: 13.5pt; text-align: center;\" height=\"18\">Mo\u017enosti barev<\/td>\n<td style=\"text-align: center;\">Pr\u016fhledn\u00e9 (p\u0159izp\u016fsobiteln\u00e9)<\/td>\n<\/tr>\n<tr style=\"height: 13.50pt;\">\n<td style=\"height: 13.5pt; text-align: center;\" height=\"18\">Povrchov\u00e1 \u00faprava<\/td>\n<td style=\"text-align: center;\">S\u00edtotisk, matn\u00fd, obtisk, barevn\u00fd sprej<\/td>\n<\/tr>\n<\/tbody>\n<\/table>\n<h2>P\u0159\u00edb\u011bh \u00fasp\u011bchu<\/h2>\n<p>Kanadsk\u00e1 spole\u010dnost vyr\u00e1b\u011bj\u00edc\u00ed luxusn\u00ed ko\u0159en\u00ed n\u00e1s oslovila s \u017e\u00e1dost\u00ed o personalizaci \u010dir\u00fdch sklen\u011bn\u00fdch d\u00f3z na ko\u0159en\u00ed s m\u00f3dn\u00edmi kovov\u00fdmi v\u00ed\u010dky \u2013 p\u0159esn\u011b ten spr\u00e1vn\u00fd zp\u016fsob, jak uk\u00e1zat \u010derstvost jejich produkt\u016f a z\u00e1rove\u0148 zajistit, aby v\u00ed\u010dka byla pevn\u011b uzav\u0159en\u00e1. Abychom odpov\u00eddali identit\u011b jejich zna\u010dky, personalizovali jsme sklen\u011bn\u00e9 d\u00f3zy na ko\u0159en\u00ed tak\u00e9 laserov\u011b grav\u00edrovan\u00fdm logem a matn\u011b st\u0159\u00edbrn\u00fdm v\u00ed\u010dkem.<\/p>\n<p>Po zaveden\u00ed nov\u00e9ho obalu z\u00e1kazn\u00edk ozn\u00e1mil 25% n\u00e1r\u016fst maloobchodn\u00edch tr\u017eeb, \u010d\u00edm\u017e potvrdil vhodnost obalu jak pro obchody, tak pro dom\u00e1c\u00ed kuchyn\u011b.<\/p>\n<h2>V\u00e1\u0161 n\u00e1vod na \u00fapravy<\/h2>\n<ol>\n<li><strong>U lahv\u00ed lze vym\u011bnit v\u00ed\u010dka:<\/strong> Existuj\u00ed kovov\u00e9 (nerezov\u00e1 ocel nebo hlin\u00edkov\u00e1 slitina) a plastov\u00e9 uz\u00e1v\u011bry a pro zv\u00fd\u0161en\u00ed atraktivity zna\u010dky jsou mo\u017en\u00e9 n\u00e1sleduj\u00edc\u00ed metody: povrchov\u00e1 \u00faprava se m\u016f\u017ee prov\u00e1d\u011bt galvanicky, st\u0159\u00edk\u00e1n\u00edm nebo \u0161t\u011btcem.<\/li>\n<li><strong>Vzhled post\u0159ikova\u010de:<\/strong> Pro snadnou kontrolu d\u00e1vkov\u00e1n\u00ed lze zvolit individu\u00e1ln\u011b upraven\u00e9 posypov\u00e9 nebo odkl\u00e1p\u011bc\u00ed v\u00ed\u010dko, kter\u00e9 bude ladit s r\u016fzn\u00fdmi druhy ko\u0159en\u00ed (nap\u0159\u00edklad chilli, sezam, s\u016fl).<\/li>\n<li><strong>Zna\u010dka lahv\u00ed:<\/strong> Loga zna\u010dek nebo etikety s ko\u0159en\u00edm lze vyrobit p\u0159\u00edslu\u0161n\u00fdmi prost\u0159edky: s\u00edtotiskem, horkou ra\u017ebou nebo etiketov\u00e1n\u00edm.<\/li>\n<\/ol>","protected":false},"excerpt":{"rendered":"<p>Odoln\u00e9 pr\u00e1zdn\u00e9 d\u00f3zy na ko\u0159en\u00ed z \u010dir\u00e9ho skla s kovov\u00fdmi v\u00ed\u010dky, ide\u00e1ln\u00ed pro skladov\u00e1n\u00ed soli, pep\u0159e, bylinek a kuchy\u0148sk\u00e9ho ko\u0159en\u00ed.<\/p>","protected":false},"featured_media":23118,"template":"","meta":[],"product_brand":[],"product_cat":[20,128,83],"product_tag":[],"class_list":{"0":"post-23116","1":"product","2":"type-product","3":"status-publish","4":"has-post-thumbnail","6":"product_cat-glass-containers","7":"product_cat-spice-jars","8":"product_cat-glass-jars","10":"first","11":"instock","12":"shipping-taxable","13":"product-type-simple"},"jetpack_sharing_enabled":true,"_links":{"self":[{"href":"https:\/\/yebodaglass.com\/cs\/wp-json\/wp\/v2\/product\/23116","targetHints":{"allow":["GET"]}}],"collection":[{"href":"https:\/\/yebodaglass.com\/cs\/wp-json\/wp\/v2\/product"}],"about":[{"href":"https:\/\/yebodaglass.com\/cs\/wp-json\/wp\/v2\/types\/product"}],"version-history":[{"count":5,"href":"https:\/\/yebodaglass.com\/cs\/wp-json\/wp\/v2\/product\/23116\/revisions"}],"predecessor-version":[{"id":23141,"href":"https:\/\/yebodaglass.com\/cs\/wp-json\/wp\/v2\/product\/23116\/revisions\/23141"}],"wp:featuredmedia":[{"embeddable":true,"href":"https:\/\/yebodaglass.com\/cs\/wp-json\/wp\/v2\/media\/23118"}],"wp:attachment":[{"href":"https:\/\/yebodaglass.com\/cs\/wp-json\/wp\/v2\/media?parent=23116"}],"wp:term":[{"taxonomy":"product_brand","embeddable":true,"href":"https:\/\/yebodaglass.com\/cs\/wp-json\/wp\/v2\/product_brand?post=23116"},{"taxonomy":"product_cat","embeddable":true,"href":"https:\/\/yebodaglass.com\/cs\/wp-json\/wp\/v2\/product_cat?post=23116"},{"taxonomy":"product_tag","embeddable":true,"href":"https:\/\/yebodaglass.com\/cs\/wp-json\/wp\/v2\/product_tag?post=23116"}],"curies":[{"name":"wp","href":"https:\/\/api.w.org\/{rel}","templated":true}]}}