{"id":23100,"date":"2025-11-03T16:08:07","date_gmt":"2025-11-03T08:08:07","guid":{"rendered":"https:\/\/yebodaglass.com\/?post_type=product&#038;p=23100"},"modified":"2025-11-03T16:08:09","modified_gmt":"2025-11-03T08:08:09","slug":"glass-spice-jar-with-shaker-lid-bulk-for-kitchen","status":"publish","type":"product","link":"https:\/\/yebodaglass.com\/cs\/glass-spice-jar-with-shaker-lid-bulk-for-kitchen\/","title":{"rendered":"Sklen\u011bn\u00e1 d\u00f3za na ko\u0159en\u00ed o objemu 10 oz s v\u00edkem Shaker Bulk do kuchyn\u011b\u00a0"},"content":{"rendered":"<p>Vyr\u00e1b\u00edme pr\u016fhledn\u00e9 d\u00f3zy na ko\u0159en\u00ed se svisl\u00fdm pruhem, kter\u00e9 se snadno dr\u017e\u00ed \u2013 u\u017e \u017e\u00e1dn\u00fd nepo\u0159\u00e1dek v kuchyni. Tyto d\u00f3zy na ko\u0159en\u00ed prom\u011bn\u00ed va\u0161i sp\u00ed\u017e v modern\u00ed m\u00edsto. Pokud objedn\u00e1v\u00e1te ve velk\u00e9m, existuj\u00ed mo\u017enosti na m\u00edru, kter\u00e9 odpov\u00eddaj\u00ed va\u0161\u00ed zna\u010dce.<\/p>\n<h2>Vlastnosti produktu<\/h2>\n<p><strong>Vertik\u00e1ln\u00ed pruhovan\u00fd \u00fachop<\/strong><\/p>\n<p>D\u00edky \u017eebrov\u00e1n\u00ed se sklen\u011bn\u00e9 ko\u0159enky nejen pohodln\u011b dr\u017e\u00ed, ale jsou i stylov\u00e9 \u2013 va\u0161e sklenice na ko\u0159enky se ve va\u0161\u00ed ruce budou c\u00edtit jako luxusn\u00ed produkt.<\/p>\n<p><strong>Nerezov\u00e9 v\u00edko \u0161ejkru<\/strong><\/p>\n<p>Mal\u00e9, precizn\u011b vytvo\u0159en\u00e9 d\u00edrky kontroluj\u00ed nal\u00e9v\u00e1n\u00ed \u2013 u\u017e \u017e\u00e1dn\u00e9 p\u0159esolen\u00ed ani pl\u00fdtv\u00e1n\u00ed ko\u0159en\u00edm.<\/p>\n<p><strong>K\u0159i\u0161\u0165\u00e1lov\u00e1 \u010distota<\/strong><\/p>\n<p>Pr\u016fhledn\u00e9 sklo umo\u017e\u0148uje z\u00e1kazn\u00edkovi vid\u011bt ka\u017ed\u00e9 zrnko \u2013 proto okam\u017eit\u011b d\u016fv\u011b\u0159uje va\u0161im n\u00e1dob\u00e1m na ko\u0159en\u00ed.<\/p>\n<h2>Kl\u00ed\u010dov\u00e9 specifikace<\/h2>\n<table style=\"border-collapse: collapse; width: 80%; margin-left: auto; margin-right: auto;\" border=\"0\" width=\"144\" cellspacing=\"0\" cellpadding=\"0\">\n<tbody>\n<tr style=\"height: 13.50pt;\">\n<td style=\"height: 13.5pt; width: 54pt; text-align: center;\" width=\"72\" height=\"18\">Kapacita<\/td>\n<td style=\"width: 54pt; text-align: center;\" width=\"72\">330 ml \/ 10 oz<\/td>\n<\/tr>\n<tr style=\"height: 13.50pt;\">\n<td style=\"height: 13.5pt; text-align: center;\" height=\"18\">Velikost (cm)<\/td>\n<td style=\"text-align: center;\">7.5&#215;13.5<\/td>\n<\/tr>\n<tr style=\"height: 13.50pt;\">\n<td style=\"height: 13.5pt; text-align: center;\" height=\"18\">Materi\u00e1l<\/td>\n<td style=\"text-align: center;\">Sklo + kov (v\u00ed\u010dka)<\/td>\n<\/tr>\n<tr style=\"height: 13.50pt;\">\n<td style=\"height: 13.5pt; text-align: center;\" height=\"18\">Mo\u017enosti barev<\/td>\n<td style=\"text-align: center;\">Pr\u016fhledn\u00e9 (p\u0159izp\u016fsobiteln\u00e9)<\/td>\n<\/tr>\n<tr style=\"height: 13.50pt;\">\n<td style=\"height: 13.5pt; text-align: center;\" height=\"18\">Pou\u017e\u00edv\u00e1n\u00ed<\/td>\n<td style=\"text-align: center;\">Cukr, s\u016fl, ko\u0159en\u00ed<\/td>\n<\/tr>\n<tr style=\"height: 13.50pt;\">\n<td style=\"height: 13.5pt; text-align: center;\" height=\"18\">P\u0159izp\u016fsoben\u00ed<\/td>\n<td style=\"text-align: center;\">Design v\u00edka, barva, logo (s reli\u00e9fem, samolepka atd.)<\/td>\n<\/tr>\n<\/tbody>\n<\/table>\n<h2>P\u0159\u00edpad \u00fasp\u011bchu<\/h2>\n<p>Byli jsme sou\u010d\u00e1st\u00ed iniciativy kanadsk\u00e9 spole\u010dnosti poskytuj\u00edc\u00ed stravovac\u00ed slu\u017eby, jej\u00edm\u017e c\u00edlem bylo modernizovat jejich produktovou \u0159adu pro skladov\u00e1n\u00ed ko\u0159en\u00ed za\u010dlen\u011bn\u00edm na\u0161\u00ed s\u00e9rie sklen\u011bn\u00fdch d\u00f3z na ko\u0159en\u00ed. D\u00f3zy vyroben\u00e9 na m\u00edru s panty z kart\u00e1\u010dovan\u00e9ho kovu a laserem grav\u00edrovan\u00fdmi logy zna\u010dek pozvedaj\u00ed vzhled kuchy\u0148sk\u00e9ho n\u00e1dob\u00ed na modern\u00ed a profesion\u00e1ln\u011bj\u0161\u00ed vzhled. \u010cir\u00e9 sklen\u011bn\u00e9 d\u00f3zy na ko\u0159en\u00ed usnad\u0148uj\u00ed kucha\u0159\u016fm nalezen\u00ed ko\u0159en\u00ed uvnit\u0159 a pevn\u00e1 a robustn\u00ed konstrukce je skv\u011bl\u00e1 po dlouhou dobu ve vysoce frekventovan\u00fdch prostor\u00e1ch komer\u010dn\u00edch kuchyn\u00ed.<\/p>\n<p>Po uveden\u00ed nov\u00e9 sklen\u011bn\u00e9 d\u00f3zy na ko\u0159en\u00ed spole\u010dnost zaznamenala 26% n\u00e1r\u016fst objedn\u00e1vek d\u00edky jejich hladk\u00e9mu povrchu.<\/p>\n<h2>V\u00e1\u0161 n\u00e1vod na \u00fapravy<\/h2>\n<ol>\n<li><strong>Nastaviteln\u00e1 v\u00edka:<\/strong> M\u016f\u017eete si vybrat z nerezov\u00e9 oceli, hlin\u00edkov\u00e9 slitiny nebo plastu pro proveden\u00ed s v\u00edce otvory, jedn\u00edm otvorem nebo \u0161roubovac\u00edm uz\u00e1v\u011brem, abyste vyhov\u011bli r\u016fzn\u00fdm pr\u016ftok\u016fm ko\u0159en\u00ed.<\/li>\n<li><strong>Zn\u00e1mky a otisky:<\/strong> Loga zna\u010dek, n\u00e1zvy ko\u0159en\u00ed nebo vod\u011bodoln\u00e9 \u0161t\u00edtky lze na sklen\u011bnou ko\u0159enku nan\u00e9st s\u00edtotiskem, aby se usnadnilo rozpozn\u00e1n\u00ed produktu a zv\u00fd\u0161ila image zna\u010dky.<\/li>\n<li><strong>Mo\u017enosti balen\u00ed d\u00e1rkov\u00fdch krabic:<\/strong> K dispozici jsou d\u00e1rkov\u00e9 krabi\u010dky na v\u00edce lahv\u00ed vyroben\u00e9 na m\u00edru, kter\u00e9 se perfektn\u011b hod\u00ed jako luxusn\u00ed sadu kuchy\u0148sk\u00e9ho n\u00e1dob\u00ed nebo jako v\u00e1no\u010dn\u00ed d\u00e1rkov\u00e1 kampa\u0148.<\/li>\n<\/ol>","protected":false},"excerpt":{"rendered":"<p>Objevte na\u0161i sklen\u011bnou ko\u0159enku \u2013 ide\u00e1ln\u00ed n\u00e1dobu na uchov\u00e1n\u00ed ko\u0159en\u00ed na s\u016fl, pep\u0159 nebo bylinky. Odoln\u00e9 sklo s t\u0159epac\u00edm v\u00edkem pro snadn\u00e9 a \u010dist\u00e9 dochucov\u00e1n\u00ed.<\/p>","protected":false},"featured_media":23101,"template":"","meta":[],"product_brand":[],"product_cat":[83,128,20],"product_tag":[],"class_list":{"0":"post-23100","1":"product","2":"type-product","3":"status-publish","4":"has-post-thumbnail","6":"product_cat-glass-jars","7":"product_cat-spice-jars","8":"product_cat-glass-containers","10":"first","11":"instock","12":"shipping-taxable","13":"product-type-simple"},"jetpack_sharing_enabled":true,"_links":{"self":[{"href":"https:\/\/yebodaglass.com\/cs\/wp-json\/wp\/v2\/product\/23100","targetHints":{"allow":["GET"]}}],"collection":[{"href":"https:\/\/yebodaglass.com\/cs\/wp-json\/wp\/v2\/product"}],"about":[{"href":"https:\/\/yebodaglass.com\/cs\/wp-json\/wp\/v2\/types\/product"}],"version-history":[{"count":3,"href":"https:\/\/yebodaglass.com\/cs\/wp-json\/wp\/v2\/product\/23100\/revisions"}],"predecessor-version":[{"id":23113,"href":"https:\/\/yebodaglass.com\/cs\/wp-json\/wp\/v2\/product\/23100\/revisions\/23113"}],"wp:featuredmedia":[{"embeddable":true,"href":"https:\/\/yebodaglass.com\/cs\/wp-json\/wp\/v2\/media\/23101"}],"wp:attachment":[{"href":"https:\/\/yebodaglass.com\/cs\/wp-json\/wp\/v2\/media?parent=23100"}],"wp:term":[{"taxonomy":"product_brand","embeddable":true,"href":"https:\/\/yebodaglass.com\/cs\/wp-json\/wp\/v2\/product_brand?post=23100"},{"taxonomy":"product_cat","embeddable":true,"href":"https:\/\/yebodaglass.com\/cs\/wp-json\/wp\/v2\/product_cat?post=23100"},{"taxonomy":"product_tag","embeddable":true,"href":"https:\/\/yebodaglass.com\/cs\/wp-json\/wp\/v2\/product_tag?post=23100"}],"curies":[{"name":"wp","href":"https:\/\/api.w.org\/{rel}","templated":true}]}}