{"id":23091,"date":"2025-11-03T16:20:39","date_gmt":"2025-11-03T08:20:39","guid":{"rendered":"https:\/\/yebodaglass.com\/?post_type=product&#038;p=23091"},"modified":"2025-11-03T17:29:17","modified_gmt":"2025-11-03T09:29:17","slug":"wholesale-clear-glass-hot-sauce-bottles-with-lids","status":"publish","type":"product","link":"https:\/\/yebodaglass.com\/cs\/wholesale-clear-glass-hot-sauce-bottles-with-lids\/","title":{"rendered":"Velkoobchodn\u00ed \u010dir\u00e9 sklen\u011bn\u00e9 lahve na horkou om\u00e1\u010dku s v\u00ed\u010dky 250ml 350ml 500ml"},"content":{"rendered":"<p>\u010cist\u00fd design t\u00e9to l\u00e1hve na horkou om\u00e1\u010dku m\u00e1 m\u00edrn\u011b z\u00fa\u017een\u00e9 t\u011blo, kter\u00e9 opticky navazuje na kr\u00e1tk\u00e9 siln\u00e9 hrdlo. Obecn\u011b lze \u0159\u00edci, \u017ee jej\u00ed pom\u011brn\u011b jednoduch\u00fd a praktick\u00fd design z pr\u016fhledn\u00e9ho skla umo\u017e\u0148uje ka\u017ed\u00e9mu nahl\u00e9dnout dovnit\u0159, ani\u017e by bylo nutn\u00e9 l\u00e1hev otev\u00edrat.<\/p>\n<h2>Vlastnosti produktu<\/h2>\n<ul>\n<li><strong>Pr\u016fhledn\u00fd materi\u00e1l skla:<\/strong> Pr\u016fhledn\u00e1 sklen\u011bn\u00e1 n\u00e1doba umo\u017e\u0148uje u\u017eivatel\u016fm vizu\u00e1ln\u011b sledovat barvu om\u00e1\u010dky a zjistit, kolik j\u00ed zb\u00fdv\u00e1, ani\u017e by museli l\u00e1hev otev\u00edrat.<\/li>\n<li><strong>\u0160t\u00edhl\u00fd design kontejneru:<\/strong> L\u00e1hev se \u0161t\u00edhlou siluetou a hladk\u00fdmi k\u0159ivkami je jednoduch\u00e1 jak pro p\u0159en\u00e1\u0161en\u00ed, tak pro ulo\u017een\u00ed do \u00falo\u017en\u00e9ho prostoru, \u010d\u00edm\u017e se cel\u00fd u\u017eivatelsk\u00fd z\u00e1\u017eitek st\u00e1v\u00e1 pohodln\u011bj\u0161\u00edm a komfortn\u011bj\u0161\u00edm.<\/li>\n<li><strong>Minimalistick\u00fd koncept:<\/strong> Pr\u016fhledn\u00e1 n\u00e1doba v kombinaci s jednobarevn\u00fdm v\u00edkem p\u016fsob\u00ed elegantn\u00edm a jasn\u00fdm dojmem, kter\u00fd lze stylizovat mnoha r\u016fzn\u00fdmi zp\u016fsoby a je velmi funk\u010dn\u00ed z hlediska pou\u017eit\u00ed.<\/li>\n<\/ul>\n<h2 style=\"text-align: left;\">Kl\u00ed\u010dov\u00e9 specifikace<\/h2>\n<table class=\"aligncenter\" style=\"border-collapse: collapse; width: 471.02pt;\" border=\"0\" width=\"628\" cellspacing=\"0\" cellpadding=\"0\">\n<tbody>\n<tr style=\"height: 13.50pt;\">\n<td style=\"height: 13.50pt; width: 111.75pt;\" width=\"149\" height=\"18\">Funkce<\/td>\n<td style=\"width: 359.25pt;\" width=\"479\">Specifikace<\/td>\n<\/tr>\n<tr style=\"height: 13.50pt;\">\n<td style=\"height: 13.50pt;\" height=\"18\">Kapacita<\/td>\n<td>250 ml (8 oz), 350 ml (12 oz), 500 ml (17 oz)<\/td>\n<\/tr>\n<tr style=\"height: 13.50pt;\">\n<td style=\"height: 13.50pt;\" height=\"18\">Rozm\u011bry<\/td>\n<td>5,5 \u00d7 17,8 cm, 6,1 \u00d7 19,6 cm, 6,9 \u00d7 21,4 cm<\/td>\n<\/tr>\n<tr style=\"height: 13.50pt;\">\n<td style=\"height: 13.50pt;\" height=\"18\">Tvar<\/td>\n<td>V\u00e1lcov\u00fd tvar s m\u00edrn\u00fdm z\u00fa\u017een\u00edm<\/td>\n<\/tr>\n<tr style=\"height: 13.50pt;\">\n<td style=\"height: 13.50pt;\" height=\"18\">Materi\u00e1l<\/td>\n<td>\u010cir\u00e9 sklo, kompatibiln\u00ed s plastov\u00fdm\/kovov\u00fdm uz\u00e1v\u011brem<\/td>\n<\/tr>\n<tr style=\"height: 13.50pt;\">\n<td style=\"height: 13.50pt;\" height=\"18\">Mo\u017enosti uzav\u0159en\u00ed<\/td>\n<td>\u017dlut\u00e9, b\u00edl\u00e9, \u010derven\u00e9, \u010dern\u00e9 uz\u00e1v\u011bry\uff08p\u0159izp\u016fsobiteln\u00e9\uff09<\/td>\n<\/tr>\n<tr style=\"height: 13.50pt;\">\n<td style=\"height: 13.50pt;\" height=\"18\">Nejlep\u0161\u00ed pro<\/td>\n<td>Bbq om\u00e1\u010dka, dresink, sirup, ocet, zna\u010dky ko\u0159en\u00ed<\/td>\n<\/tr>\n<tr style=\"height: 13.50pt;\">\n<td style=\"height: 13.50pt;\" height=\"18\">Ide\u00e1ln\u00ed pou\u017eit\u00ed<\/td>\n<td>Lahvi\u010dka na horkou om\u00e1\u010dku, sklen\u011bn\u00e9 lahvi\u010dky na ko\u0159en\u00ed, sklen\u011bn\u00e9 lahvi\u010dky na ko\u0159en\u00ed<\/td>\n<\/tr>\n<\/tbody>\n<\/table>\n<h2>P\u0159\u00edpadov\u00e1 studie z re\u00e1ln\u00e9ho sv\u011bta: Jak zna\u010dka dos\u00e1hla rozsahu<\/h2>\n<p>Jedna za\u010d\u00ednaj\u00edc\u00ed \u0159emesln\u00e1 ko\u0159en\u00edc\u00ed spole\u010dnost, kter\u00e1 se specializovala na v\u00fdrobu mal\u00fdch \u0161ar\u017e\u00ed chilli om\u00e1\u010dek na b\u00e1zi octa, pot\u0159ebovala pro svou expanzi do maloobchodn\u00edho \u0159et\u011bzce p\u016fsob\u00edc\u00edho v celost\u00e1tn\u00edm m\u011b\u0159\u00edtku cenov\u011b v\u00fdhodnou a spolehlivou l\u00e1hev. Velkoobchodn\u00ed n\u00e1kup 2 500 kus\u016f na\u0161\u00ed 500ml pr\u016fhledn\u00e9 lahve na om\u00e1\u010dku s \u010derven\u00fdm uz\u00e1v\u011brem a logem zna\u010dky byl prvn\u00edm krokem a mohli vyrazit na z\u00e1vody. V\u00fdsledky se uk\u00e1zaly jako efektivn\u00ed. Za\u010dn\u011bme t\u00edm, \u017ee lahve z \u010dir\u00e9ho skla a barevn\u00e9 uz\u00e1v\u011bry v\u00fdrazn\u011b fungovaly - jedna zna\u010dka p\u00e1liv\u00e9 om\u00e1\u010dky zaznamenala n\u00e1r\u016fst online prodeje o 38% p\u0159i sn\u00ed\u017een\u00ed odpadu o 29% d\u00edky designu se snadn\u00fdm nal\u00e9v\u00e1n\u00edm, kter\u00fd minimalizoval kap\u00e1n\u00ed a rozl\u00e9v\u00e1n\u00ed. Proto se rozhodli objednat dal\u0161\u00edch 300 000 lahv\u00ed. V sou\u010dasn\u00e9 dob\u011b pova\u017euj\u00ed l\u00e1hev za svou pevnou variantu obalu, kter\u00e1 spl\u0148uje jejich po\u017eadavky z hlediska p\u0159epravy i spokojenosti z\u00e1kazn\u00edk\u016f.<\/p>\n<h2>Personalizace sklen\u011bn\u00e9 l\u00e1hve na om\u00e1\u010dku<\/h2>\n<ul>\n<li>Matn\u00e9 sklo: S pr\u016fsvitn\u00fdm sklem leptan\u00fdm kyselinou z\u00edsk\u00e1te luxusn\u00ed vzhled.<\/li>\n<li>Tisk zna\u010dkov\u00e9ho loga: Vyti\u0161t\u011bn\u00edm loga nebo designu va\u0161\u00ed spole\u010dnosti p\u0159\u00edmo na sklo pos\u00edl\u00edte zna\u010dku a z\u00edsk\u00e1te trvalou vzpom\u00ednku.<\/li>\n<li>Barevn\u00e9 sklo: Zvolte jantarov\u00e9 nebo zelen\u00e9 sklo, aby om\u00e1\u010dka nebyla prosv\u011btlen\u00e1 a abyste upozornili na kvalitu v\u00fdrobku v reg\u00e1lu.<\/li>\n<li>Vlastn\u00ed barvy \u010depice: Pou\u017eijte charakteristick\u00e9 barvy \u010depice - nap\u0159\u00edklad tradi\u010dn\u00ed b\u00edlou nebo z\u00e1\u0159iv\u011b \u010dervenou - pro odli\u0161en\u00ed va\u0161\u00ed zna\u010dky a pro rychlou identifikaci.<\/li>\n<li>Mo\u017enosti materi\u00e1lu pod\u0161\u00edvky: Zvolte spr\u00e1vnou v\u00fdstelku (nap\u0159. z p\u011bnov\u00e9ho PVC), kter\u00e1 zajist\u00ed t\u011bsn\u011b uzav\u0159enou n\u00e1dobu vhodnou pro kyselost a obsah oleje ve va\u0161\u00ed om\u00e1\u010dce.<\/li>\n<\/ul>","protected":false},"excerpt":{"rendered":"<p>Pr\u016fhledn\u00e9 l\u00e1hve na hork\u00e9 om\u00e1\u010dky s hladk\u00fdm sklen\u011bn\u00fdm povrchem a t\u011bsn\u00edc\u00edmi uz\u00e1v\u011bry. Ide\u00e1ln\u00ed pro horkou om\u00e1\u010dku nebo ko\u0159en\u00ed. Tov\u00e1rn\u00ed cena, hromadn\u00e9 objedn\u00e1vky, rychl\u00e9 dod\u00e1n\u00ed!<\/p>","protected":false},"featured_media":23107,"template":"","meta":[],"product_brand":[],"product_cat":[20,129,80],"product_tag":[],"class_list":{"0":"post-23091","1":"product","2":"type-product","3":"status-publish","4":"has-post-thumbnail","6":"product_cat-glass-containers","7":"product_cat-hot-sauce-bottles","8":"product_cat-glass-bottles","10":"first","11":"instock","12":"shipping-taxable","13":"product-type-simple"},"jetpack_sharing_enabled":true,"_links":{"self":[{"href":"https:\/\/yebodaglass.com\/cs\/wp-json\/wp\/v2\/product\/23091","targetHints":{"allow":["GET"]}}],"collection":[{"href":"https:\/\/yebodaglass.com\/cs\/wp-json\/wp\/v2\/product"}],"about":[{"href":"https:\/\/yebodaglass.com\/cs\/wp-json\/wp\/v2\/types\/product"}],"version-history":[{"count":3,"href":"https:\/\/yebodaglass.com\/cs\/wp-json\/wp\/v2\/product\/23091\/revisions"}],"predecessor-version":[{"id":23134,"href":"https:\/\/yebodaglass.com\/cs\/wp-json\/wp\/v2\/product\/23091\/revisions\/23134"}],"wp:featuredmedia":[{"embeddable":true,"href":"https:\/\/yebodaglass.com\/cs\/wp-json\/wp\/v2\/media\/23107"}],"wp:attachment":[{"href":"https:\/\/yebodaglass.com\/cs\/wp-json\/wp\/v2\/media?parent=23091"}],"wp:term":[{"taxonomy":"product_brand","embeddable":true,"href":"https:\/\/yebodaglass.com\/cs\/wp-json\/wp\/v2\/product_brand?post=23091"},{"taxonomy":"product_cat","embeddable":true,"href":"https:\/\/yebodaglass.com\/cs\/wp-json\/wp\/v2\/product_cat?post=23091"},{"taxonomy":"product_tag","embeddable":true,"href":"https:\/\/yebodaglass.com\/cs\/wp-json\/wp\/v2\/product_tag?post=23091"}],"curies":[{"name":"wp","href":"https:\/\/api.w.org\/{rel}","templated":true}]}}