{"id":23090,"date":"2025-11-03T14:57:07","date_gmt":"2025-11-03T06:57:07","guid":{"rendered":"https:\/\/yebodaglass.com\/?post_type=product&#038;p=23090"},"modified":"2026-03-18T15:52:34","modified_gmt":"2026-03-18T07:52:34","slug":"glass-small-spice-jars-with-spoon-lid-bulk","status":"publish","type":"product","link":"https:\/\/yebodaglass.com\/cs\/produkt\/glass-small-spice-jars-with-spoon-lid-bulk\/","title":{"rendered":"200ml sklen\u011bn\u00e9 mal\u00e9 ko\u0159enky s v\u00ed\u010dkem a l\u017ei\u010dkou"},"content":{"rendered":"<p>Mal\u00e1 d\u00f3za na ko\u0159en\u00ed m\u00e1 jednoduch\u00fd, pr\u016fhledn\u00fd, v\u00e1lcovit\u00fd sklen\u011bn\u00fd p\u0159edm\u011bt glob\u00e1ln\u00edho vzhledu s hladk\u00fdm \u010dern\u00fdm v\u00ed\u010dkem a st\u0159\u00edbrn\u00fdm kovov\u00fdm krou\u017ekem kolem v\u00ed\u010dka. V ka\u017ed\u00e9m v\u00ed\u010dku d\u00f3zy je zabudovan\u00e1 l\u017ei\u010dka, \u0161t\u011btec nebo nam\u00e1\u010dec\u00ed n\u00e1stroj.<\/p>\n<h2>Vlastnosti produktu<\/h2>\n<ul>\n<li><strong>Integrace multifunk\u010dn\u00edch n\u00e1stroj\u016f:<\/strong> V\u00ed\u010dka obsahuj\u00ed specifick\u00e9 serv\u00edrovac\u00ed n\u00e1stroje (l\u017e\u00edci\/\u0161t\u011btec\/medovou ty\u010dinku), co\u017e znamen\u00e1, \u017ee nejsou pot\u0159eba dal\u0161\u00ed p\u0159\u00edbory a d\u00e1vkov\u00e1n\u00ed je zdrav\u011bj\u0161\u00ed a pohodln\u011bj\u0161\u00ed.<\/li>\n<li><strong>Hladk\u00e9 \u010dern\u00e9 v\u00edko a st\u0159\u00edbrn\u00fd akcent:<\/strong> Dvoubarevn\u00e9 v\u00edko mu dod\u00e1v\u00e1 modern\u00ed vzhled a rukoje\u0165 pro otev\u00edr\u00e1n\u00ed umo\u017e\u0148uje dobr\u00fd \u00fachop.<\/li>\n<li><strong>T\u011blo z \u010dir\u00e9ho v\u00e1lcov\u00e9ho skla:<\/strong> Zaoblen\u00e9 a pr\u016fhledn\u00e9 sklo poskytuje rychl\u00e9 informace o skladov\u00fdch z\u00e1sob\u00e1ch a je snadno stohovateln\u00e9.<\/li>\n<\/ul>\n<h2>Kl\u00ed\u010dov\u00e9 specifikace<\/h2>\n<table style=\"border-collapse: collapse; width: 90%; margin-left: auto; margin-right: auto;\" border=\"0\" width=\"504\" cellspacing=\"0\" cellpadding=\"0\">\n<tbody>\n<tr style=\"height: 13.50pt;\">\n<td style=\"height: 13.5pt; width: 54pt; text-align: center;\" width=\"72\" height=\"18\">Kapacita<\/td>\n<td style=\"width: 54pt; text-align: center;\" width=\"72\">Velikost (cm)<\/td>\n<td style=\"width: 54pt; text-align: center;\" width=\"72\">Tvar<\/td>\n<td style=\"width: 54pt; text-align: center;\" width=\"72\">Mo\u017enosti barev<\/td>\n<td style=\"width: 54pt; text-align: center;\" width=\"72\">Pou\u017e\u00edv\u00e1n\u00ed<\/td>\n<td style=\"width: 54pt; text-align: center;\" width=\"72\">Mo\u017enosti p\u0159izp\u016fsoben\u00ed<\/td>\n<\/tr>\n<tr style=\"height: 13.50pt;\">\n<td style=\"height: 13.5pt; text-align: center;\" height=\"18\">200ml<\/td>\n<td style=\"text-align: center;\">6.5&#215;14<\/td>\n<td style=\"text-align: center;\">Kolo<\/td>\n<td style=\"text-align: center;\">Pr\u016fhledn\u00e9 (p\u0159izp\u016fsobiteln\u00e9)<\/td>\n<td style=\"text-align: center;\">N\u00e1doba na ko\u0159en\u00ed, lahvi\u010dka na ko\u0159en\u00ed, d\u00e1vkova\u010d oleje<\/td>\n<td style=\"text-align: center;\">Logo, v\u00ed\u010dka, barva, \u0161t\u00edtek, velikost<\/td>\n<\/tr>\n<\/tbody>\n<\/table>\n<h2>P\u0159\u00edb\u011bh \u00fasp\u011bchu<\/h2>\n<p>Jedna z evropsk\u00fdch zna\u010dek kuchy\u0148sk\u00e9ho n\u00e1dob\u00ed si vybrala na\u0161i d\u00f3zu na ko\u0159en\u00ed a upravila ji pomoc\u00ed matn\u00fdch odstup\u0148ovan\u00fdch linek a silikonov\u00fdch hlavic kart\u00e1\u010d\u016f. Tento syst\u00e9m integrovan\u00fdch n\u00e1stroj\u016f se stal obrovsk\u00fdm \u00fasp\u011bchem, proto\u017ee po\u010det st\u00ed\u017enost\u00ed z\u00e1kazn\u00edk\u016f na ztracen\u00e9 l\u017ei\u010dky se sn\u00ed\u017eil o 95 %. Sklen\u011bn\u00e9 d\u00f3zy byly pr\u016fhledn\u00e9, co\u017e u\u017eivatel\u016fm pomohlo snadno aplikovat syst\u00e9m \u0159\u00edzen\u00ed z\u00e1sob \u201efirst in, first out\u201c. Obrovsk\u00fd \u00fasp\u011bch zna\u010dky ji p\u0159im\u011bl k objedn\u00e1n\u00ed dal\u0161\u00edch 750 000 d\u00f3z pro dod\u00e1vky velk\u00fdm maloobchodn\u00edk\u016fm s dom\u00e1c\u00edmi pot\u0159ebami v Evrop\u011b.<\/p>\n<h2>\u0158e\u0161en\u00ed pro p\u0159izp\u016fsoben\u00ed mal\u00fdch d\u00f3z na ko\u0159en\u00ed<\/h2>\n<ul>\n<li>Barvy a materi\u00e1ly v\u00edka: Dod\u00e1v\u00e1 se v mnoha barv\u00e1ch (b\u00edl\u00e1, \u0161ed\u00e1, d\u0159ev\u011bn\u00e1 textura) nebo kovech (m\u011b\u010f, mosaz).<\/li>\n<li>\u00daprava n\u00e1stroj\u016f: Vyberte si tvar n\u00e1stroje (nap\u0159. mini klipy, odm\u011brky), kter\u00fd navrhnete nebo na n\u011bj natisknete n\u00e1zev va\u0161\u00ed zna\u010dky.<\/li>\n<li>T\u011bsn\u011bn\u00ed v\u00ed\u010dka: T\u011bsnic\u00ed krou\u017eky vyroben\u00e9 ze silikonu aplikovan\u00e9 na v\u00ed\u010dko zaji\u0161\u0165uj\u00ed vzduchot\u011bsn\u00e9 ut\u011bsn\u011bn\u00ed a umo\u017e\u0148uj\u00ed dlouhodob\u00e9 skladov\u00e1n\u00ed k\u00e1vy nebo \u010daje.<\/li>\n<\/ul>","protected":false},"excerpt":{"rendered":"<p>Pr\u016fhledn\u00e9 mal\u00e9 d\u00f3zy na ko\u0159en\u00ed vyroben\u00e9 z \u010dir\u00e9ho skla s multifunk\u010dn\u00edmi v\u00ed\u010dky. Sada d\u00f3z na ko\u0159en\u00ed obsahuje l\u017ei\u010dku, \u0161t\u011bte\u010dek a nab\u011bra\u010dku pro snadn\u00e9 pou\u017eit\u00ed. K dispozici jsou vzorky zdarma.<\/p>","protected":false},"featured_media":23097,"template":"","meta":[],"product_brand":[],"product_cat":[83,20,128],"product_tag":[],"class_list":{"0":"post-23090","1":"product","2":"type-product","3":"status-publish","4":"has-post-thumbnail","6":"product_cat-glass-jars","7":"product_cat-glass-containers","8":"product_cat-spice-jars","10":"first","11":"instock","12":"shipping-taxable","13":"product-type-simple"},"jetpack_sharing_enabled":true,"_links":{"self":[{"href":"https:\/\/yebodaglass.com\/cs\/wp-json\/wp\/v2\/product\/23090","targetHints":{"allow":["GET"]}}],"collection":[{"href":"https:\/\/yebodaglass.com\/cs\/wp-json\/wp\/v2\/product"}],"about":[{"href":"https:\/\/yebodaglass.com\/cs\/wp-json\/wp\/v2\/types\/product"}],"version-history":[{"count":5,"href":"https:\/\/yebodaglass.com\/cs\/wp-json\/wp\/v2\/product\/23090\/revisions"}],"predecessor-version":[{"id":25498,"href":"https:\/\/yebodaglass.com\/cs\/wp-json\/wp\/v2\/product\/23090\/revisions\/25498"}],"wp:featuredmedia":[{"embeddable":true,"href":"https:\/\/yebodaglass.com\/cs\/wp-json\/wp\/v2\/media\/23097"}],"wp:attachment":[{"href":"https:\/\/yebodaglass.com\/cs\/wp-json\/wp\/v2\/media?parent=23090"}],"wp:term":[{"taxonomy":"product_brand","embeddable":true,"href":"https:\/\/yebodaglass.com\/cs\/wp-json\/wp\/v2\/product_brand?post=23090"},{"taxonomy":"product_cat","embeddable":true,"href":"https:\/\/yebodaglass.com\/cs\/wp-json\/wp\/v2\/product_cat?post=23090"},{"taxonomy":"product_tag","embeddable":true,"href":"https:\/\/yebodaglass.com\/cs\/wp-json\/wp\/v2\/product_tag?post=23090"}],"curies":[{"name":"wp","href":"https:\/\/api.w.org\/{rel}","templated":true}]}}