{"id":23046,"date":"2025-10-31T17:23:17","date_gmt":"2025-10-31T09:23:17","guid":{"rendered":"https:\/\/yebodaglass.com\/?post_type=product&#038;p=23046"},"modified":"2026-04-10T15:35:27","modified_gmt":"2026-04-10T07:35:27","slug":"wholesale-honey-hexagon-jars-with-honeycomb-design","status":"publish","type":"product","link":"https:\/\/yebodaglass.com\/cs\/wholesale-honey-hexagon-jars-with-honeycomb-design\/","title":{"rendered":"Velkoobchodn\u00ed \u0161estihrann\u00e9 sklenice na med s vo\u0161tinov\u00fdm designem 500ml 1000ml"},"content":{"rendered":"<p>Tato \u0161estihrann\u00e1 sklenice na med se skl\u00e1d\u00e1 z elegantn\u00ed \u0161esti\u00faheln\u00edkov\u00e9 struktury, kter\u00e1 prosv\u00edt\u00e1 skrz jej\u00ed sklen\u011bn\u00e9 t\u011blo a na obou stran\u00e1ch zobrazuje vyv\u00fd\u0161en\u00e9 vzory v\u010del\u00edch pl\u00e1stev. Zlat\u00fd \u0161roubovac\u00ed uz\u00e1v\u011br dod\u00e1v\u00e1 n\u00e1dech p\u0159\u00edrodn\u00ed kr\u00e1sy a luxusn\u00edho vzhledu.<\/p>\n<h2>Vlastnosti produktu<\/h2>\n<ul>\n<li><strong>N\u00e1vrh vzoru vo\u0161tiny:<\/strong> Vzorek medov\u00e9 pl\u00e1stve, kter\u00fd je na sklenici vyv\u00fd\u0161en\u00fd, zlep\u0161uje p\u0159ilnavost a rozpoznatelnost zna\u010dky a p\u0159ipom\u00edn\u00e1 p\u0159irozen\u00e9 vlastnosti medu.<\/li>\n<li><strong>Pr\u016fhledn\u00fd materi\u00e1l skla:<\/strong> Med je vystaven v \u010dir\u00e9m sklen\u011bn\u00e9m obalu potravin\u00e1\u0159sk\u00e9 kvality, kter\u00fd je pr\u016fhledn\u00fd a proto umo\u017e\u0148uje snadn\u00e9 \u010di\u0161t\u011bn\u00ed a op\u011btovn\u00e9 pou\u017eit\u00ed.<\/li>\n<li><strong>Pr\u00e9miov\u00fd t\u011bsnic\u00ed uz\u00e1v\u011br:<\/strong> Zlat\u00fd kovov\u00fd \u0161roubovac\u00ed uz\u00e1v\u011br zaji\u0161\u0165uje vzduchot\u011bsn\u00e9 ut\u011bsn\u011bn\u00ed, kter\u00e9 prodlu\u017euje trvanlivost medu o 30 procent a zvy\u0161uje atraktivitu d\u00e1rkov\u00e9ho balen\u00ed.<\/li>\n<\/ul>\n<h2 style=\"text-align: left;\">Kl\u00ed\u010dov\u00e9 specifikace<\/h2>\n<table class=\"aligncenter\" style=\"border-collapse: collapse; width: 415.52pt;\" border=\"0\" width=\"554\" cellspacing=\"0\" cellpadding=\"0\">\n<tbody>\n<tr style=\"height: 13.50pt;\">\n<td style=\"height: 13.50pt; width: 95.25pt;\" width=\"127\" height=\"18\">Funkce<\/td>\n<td style=\"width: 320.25pt;\" width=\"427\">Specifikace<\/td>\n<\/tr>\n<tr style=\"height: 13.50pt;\">\n<td style=\"height: 13.50pt;\" height=\"18\">Kapacita<\/td>\n<td>500ml, 1000ml<\/td>\n<\/tr>\n<tr style=\"height: 13.50pt;\">\n<td style=\"height: 13.50pt;\" height=\"18\">Tvar<\/td>\n<td>\u0160esti\u00faheln\u00edk s celoplo\u0161n\u00fdm reli\u00e9fem ve tvaru pl\u00e1stve<\/td>\n<\/tr>\n<tr style=\"height: 13.50pt;\">\n<td style=\"height: 13.50pt;\" height=\"18\">Rozm\u011bry<\/td>\n<td>7,5 \u00d7 8 \u00d7 11,9 cm, 9,2 \u00d7 9,7 \u00d7 14,5 cm<\/td>\n<\/tr>\n<tr style=\"height: 13.50pt;\">\n<td style=\"height: 13.50pt;\" height=\"18\">Materi\u00e1l<\/td>\n<td>Pr\u016fhledn\u00e9 sklo, \u0161roubovac\u00ed v\u00ed\u010dko<\/td>\n<\/tr>\n<tr style=\"height: 13.50pt;\">\n<td style=\"height: 13.50pt;\" height=\"18\">Mo\u017enosti v\u00edka<\/td>\n<td>Zlat\u00e1, st\u0159\u00edbrn\u00e1, \u010dern\u00e1, \u017elut\u00e1<\/td>\n<\/tr>\n<tr style=\"height: 13.50pt;\">\n<td style=\"height: 13.50pt;\" height=\"18\">Nejlep\u0161\u00ed pro<\/td>\n<td>ekoobchody, v\u010dela\u0159sk\u00e1 dru\u017estva, butikov\u00e9 zna\u010dky<\/td>\n<\/tr>\n<tr style=\"height: 13.50pt;\">\n<td style=\"height: 13.50pt;\" height=\"18\">Ide\u00e1ln\u00ed pou\u017eit\u00ed<\/td>\n<td>Medov\u00e1 d\u00f3za s pl\u00e1stvem, \u0159emesln\u00e9 obchodn\u00ed linky<\/td>\n<\/tr>\n<\/tbody>\n<\/table>\n<h2>P\u0159\u00edb\u011bh \u00fasp\u011bchu<\/h2>\n<p>Jedna z na\u0161ich evropsk\u00fdch zna\u010dek \u0159emesln\u00e9ho medu si objednala na\u0161i sklenici na med s pl\u00e1stvem. Hn\u011bd\u00e9 sklo bylo upraveno a vzor pl\u00e1stve je vyryt laserem. Stylov\u00fd vzhled t\u011bchto sklenic na med podpo\u0159il prodej o 40 procent b\u011bhem v\u00e1no\u010dn\u00ed sez\u00f3ny. Sklo je jantarov\u00e9 barvy a m\u00edrn\u011b zvy\u0161uje bohatost medu, co\u017e vede k 15% zlep\u0161en\u00ed vn\u00edman\u00e9 kvality a hodnoty v z\u00e1kaznick\u00fdch pr\u016fzkumech. Zna\u010dka byla s v\u00fdsledky natolik spokojena, \u017ee si objednala dal\u0161\u00edch 280 000 sklenic na med se vzorem pl\u00e1stve, aby zv\u00fd\u0161ila sv\u00e9 glob\u00e1ln\u00ed maloobchodn\u00ed prodeje a d\u00e1rkov\u00e9 krabice.<\/p>\n<h2>Doporu\u010den\u00ed pro \u00fapravu \u0161estihrann\u00fdch sklenic na med<\/h2>\n<ul>\n<li>Vlastn\u00ed barva v\u00edka: Vyberte si zlatou, st\u0159\u00edbrnou, \u010dernou nebo matnou povrchovou \u00fapravu, kter\u00e1 bude ladit s va\u0161\u00ed zna\u010dkou.<\/li>\n<li>Nastaviteln\u00fd objem: Objem lze upravit na 100 ml a\u017e 1000 ml v z\u00e1vislosti na po\u017eadavc\u00edch na jednu porci, rodinu nebo velk\u00e9 balen\u00ed.<\/li>\n<li>Optimalizace tvaru: Zm\u011b\u0148te zak\u0159iven\u00ed kulovit\u00e9 \u010d\u00e1sti lahve nebo nastavte hloubku vo\u0161tinov\u00e9 textury, abyste vytvo\u0159ili produkt, kter\u00fd se odli\u0161\u00ed od ostatn\u00edch v reg\u00e1lech.<\/li>\n<\/ul>","protected":false},"excerpt":{"rendered":"<p>\u0160esti\u00faheln\u00edkov\u00e1 sklenice na med z \u010dir\u00e9ho skla s v\u010del\u00ed pl\u00e1stve. Ide\u00e1ln\u00ed sklenice na med s v\u010del\u00ed pl\u00e1stve pro skladov\u00e1n\u00ed medu, branding a d\u00e1rky. Rychl\u00e9 dod\u00e1n\u00ed.<\/p>","protected":false},"featured_media":23072,"template":"","meta":[],"product_brand":[],"product_cat":[127,124,122],"product_tag":[],"class_list":{"0":"post-23046","1":"product","2":"type-product","3":"status-publish","4":"has-post-thumbnail","6":"product_cat-glass-honey-jars","7":"product_cat-custom-glass-jars","8":"product_cat-custom-glass-packaging","10":"first","11":"instock","12":"shipping-taxable","13":"product-type-simple"},"jetpack_sharing_enabled":true,"_links":{"self":[{"href":"https:\/\/yebodaglass.com\/cs\/wp-json\/wp\/v2\/product\/23046","targetHints":{"allow":["GET"]}}],"collection":[{"href":"https:\/\/yebodaglass.com\/cs\/wp-json\/wp\/v2\/product"}],"about":[{"href":"https:\/\/yebodaglass.com\/cs\/wp-json\/wp\/v2\/types\/product"}],"version-history":[{"count":5,"href":"https:\/\/yebodaglass.com\/cs\/wp-json\/wp\/v2\/product\/23046\/revisions"}],"predecessor-version":[{"id":25745,"href":"https:\/\/yebodaglass.com\/cs\/wp-json\/wp\/v2\/product\/23046\/revisions\/25745"}],"wp:featuredmedia":[{"embeddable":true,"href":"https:\/\/yebodaglass.com\/cs\/wp-json\/wp\/v2\/media\/23072"}],"wp:attachment":[{"href":"https:\/\/yebodaglass.com\/cs\/wp-json\/wp\/v2\/media?parent=23046"}],"wp:term":[{"taxonomy":"product_brand","embeddable":true,"href":"https:\/\/yebodaglass.com\/cs\/wp-json\/wp\/v2\/product_brand?post=23046"},{"taxonomy":"product_cat","embeddable":true,"href":"https:\/\/yebodaglass.com\/cs\/wp-json\/wp\/v2\/product_cat?post=23046"},{"taxonomy":"product_tag","embeddable":true,"href":"https:\/\/yebodaglass.com\/cs\/wp-json\/wp\/v2\/product_tag?post=23046"}],"curies":[{"name":"wp","href":"https:\/\/api.w.org\/{rel}","templated":true}]}}