{"id":23019,"date":"2025-10-30T17:28:53","date_gmt":"2025-10-30T09:28:53","guid":{"rendered":"https:\/\/yebodaglass.com\/?post_type=product&#038;p=23019"},"modified":"2026-03-11T14:15:02","modified_gmt":"2026-03-11T06:15:02","slug":"clear-glass-yogurt-jars-with-lids-wholesale","status":"publish","type":"product","link":"https:\/\/yebodaglass.com\/cs\/clear-glass-yogurt-jars-with-lids-wholesale\/","title":{"rendered":"Velkoobchodn\u00ed prodej sklenic na jogurt z \u010dir\u00e9ho skla s v\u00ed\u010dky o objemu 40 ml \u2013 500 ml"},"content":{"rendered":"<p>Jedn\u00e1 se o sklen\u011bn\u00e9 d\u00f3zy na jogurt s v\u00ed\u010dky, kter\u00e9 maj\u00ed vlnit\u00e9 dno s hladk\u00fdm t\u011blem z \u010dir\u00e9ho skla a z\u00e1\u0159iv\u011b \u010derven\u00fdm kovov\u00fdm \u0161roubovac\u00edm uz\u00e1v\u011brem. Vyskytuj\u00ed se v r\u016fzn\u00fdch velikostech.<\/p>\n<h2>Vlastnosti produktu<\/h2>\n<ul>\n<li><strong>Funk\u010dn\u00ed vlnit\u00e9 dno:<\/strong> Zvln\u011bn\u00e9 dno zlep\u0161uje p\u0159ilnavost a zabra\u0148uje klouz\u00e1n\u00ed sklenice po hladk\u00e9m povrchu.<\/li>\n<li><strong>Jasn\u011b \u010derven\u00e9 kovov\u00e9 v\u00edko:<\/strong> \u0160roubovac\u00ed uz\u00e1v\u011br je jasn\u011b \u010derven\u00fd, co\u017e zaji\u0161\u0165uje vynikaj\u00edc\u00ed t\u011bsn\u00e9 p\u0159il\u00e9haj\u00edc\u00ed kryt\u00ed a lze jej snadno rozli\u0161it podle barvy.<\/li>\n<li><strong>Potravin\u00e1\u0159sk\u00e9 sklo:<\/strong> Tyto sklenice jsou vyrobeny z vysoce kvalitn\u00edho a \u010dir\u00e9ho skla a jsou bezpe\u010dn\u00e9 pro potraviny, proto\u017ee p\u0159ich\u00e1zej\u00ed do styku s potravinami.<\/li>\n<\/ul>\n<h2>Kl\u00ed\u010dov\u00e9 specifikace<\/h2>\n<table style=\"border-collapse: collapse; width: 80%; margin-left: auto; margin-right: auto;\" border=\"0\" width=\"216\" cellspacing=\"0\" cellpadding=\"0\">\n<tbody>\n<tr style=\"height: 13.50pt;\">\n<td style=\"height: 13.5pt; width: 54pt; text-align: center;\" width=\"72\" height=\"18\">Kapacita (ml)<\/td>\n<td style=\"width: 54pt; text-align: center;\" width=\"72\">Velikost (cm)<\/td>\n<td style=\"width: 54pt; text-align: center;\" width=\"72\">Vlastn\u00ed mo\u017enosti<\/td>\n<\/tr>\n<tr style=\"height: 13.50pt;\">\n<td style=\"height: 13.5pt; text-align: center;\" align=\"right\" height=\"18\">40<\/td>\n<td style=\"text-align: center;\">4.9&#215;4.9<\/td>\n<td class=\"et2\" style=\"text-align: center;\" rowspan=\"7\">Logo, \u0161t\u00edtek, v\u00edko<\/td>\n<\/tr>\n<tr style=\"height: 13.50pt;\">\n<td style=\"height: 13.5pt; text-align: center;\" align=\"right\" height=\"18\">75<\/td>\n<td style=\"text-align: center;\">5.5&#215;5.9<\/td>\n<\/tr>\n<tr style=\"height: 13.50pt;\">\n<td style=\"height: 13.5pt; text-align: center;\" align=\"right\" height=\"18\">100<\/td>\n<td style=\"text-align: center;\">6.3&#215;6.9<\/td>\n<\/tr>\n<tr style=\"height: 13.50pt;\">\n<td style=\"height: 13.5pt; text-align: center;\" align=\"right\" height=\"18\">200<\/td>\n<td style=\"text-align: center;\">7.5&#215;7.6<\/td>\n<\/tr>\n<tr style=\"height: 13.50pt;\">\n<td style=\"height: 13.5pt; text-align: center;\" align=\"right\" height=\"18\">280<\/td>\n<td style=\"text-align: center;\">8.7&#215;8.4<\/td>\n<\/tr>\n<tr style=\"height: 13.50pt;\">\n<td style=\"height: 13.5pt; text-align: center;\" align=\"right\" height=\"18\">380<\/td>\n<td style=\"text-align: center;\">9.3&#215;9.3<\/td>\n<\/tr>\n<tr style=\"height: 13.50pt;\">\n<td style=\"height: 13.5pt; text-align: center;\" align=\"right\" height=\"18\">500<\/td>\n<td style=\"text-align: center;\">9.8&#215;10.5<\/td>\n<\/tr>\n<\/tbody>\n<\/table>\n<h2>P\u0159\u00edb\u011bh \u00fasp\u011bchu: P\u0159\u00edb\u011bh \u00fasp\u011bchu \u0159emesln\u00e9 ml\u00e9k\u00e1rensk\u00e9 tov\u00e1rny na St\u0159edoz\u00e1pad\u011b<\/h2>\n<p>Na\u0161e sklen\u011bn\u00e9 d\u00f3zy na jogurt s v\u00ed\u010dky vybrala rodinn\u00e1 \u0159emesln\u00e1 ml\u00e9k\u00e1rna ve Wisconsinu. \u010cerven\u00e1 v\u00ed\u010dka si nechala vyrobit a s\u00edtotiskem na n\u011b natiskla n\u00e1zev sv\u00e9 zna\u010dky. \u010cerven\u00e1 kovov\u00e1 v\u00ed\u010dka m\u011bla kvalitn\u00ed t\u011bsn\u011bn\u00ed, d\u00edky kter\u00e9mu m\u011bl produkt o 15 procent del\u0161\u00ed trvanlivost. Sklen\u011bn\u00e9 d\u00f3zy jogurt vypadal hust\u011b, co\u017e z\u00e1kazn\u00edci snadno vid\u011bli a jejich impulzivn\u00ed n\u00e1kup se d\u00edky tomu zv\u00fd\u0161il o 25 %. Na tomto z\u00e1klad\u011b pozd\u011bji uskute\u010dnili dal\u0161\u00ed objedn\u00e1vku 200 000 d\u00f3z.<\/p>\n<h2>Doporu\u010den\u00ed pro \u00fapravu sklenic na jogurt s v\u00ed\u010dky<\/h2>\n<ul>\n<li>Personalizovan\u00e9 barvy v\u00ed\u010dek: Krom\u011b \u0159ady z\u00e1kladn\u00edch barev kovov\u00fdch \u0161roubovac\u00edch v\u00ed\u010dek (nap\u0159. \u010dern\u00e1, b\u00edl\u00e1, zlat\u00e1, modr\u00e1) m\u016f\u017eeme na po\u017e\u00e1d\u00e1n\u00ed aplikovat barvy va\u0161\u00ed zna\u010dky nebo vytvo\u0159it barevn\u00fd rozd\u00edl mezi p\u0159\u00edchut\u011bmi.<\/li>\n<li>Vlastn\u00ed spodn\u00ed textura: Nahra\u010fte vlnitou texturu protiskluzovou texturou jin\u00e9ho druhu, v\u010detn\u011b geometrick\u00e9 m\u0159\u00ed\u017eky nebo mal\u00fdch te\u010dek.<\/li>\n<li>Ozna\u010den\u00ed: Pro usnadn\u011bn\u00ed pou\u017e\u00edv\u00e1n\u00ed sklenice um\u00edst\u011bte na bok sklenice trval\u00e9 reli\u00e9fn\u00ed nebo ti\u0161t\u011bn\u00e9 odm\u011brky (ml nebo unce).<\/li>\n<\/ul>","protected":false},"excerpt":{"rendered":"<p>Pr\u00e9miov\u00e9 sklen\u011bn\u00e9 d\u00f3zy na jogurt s v\u00ed\u010dky s \u010derven\u00fdmi kovov\u00fdmi \u0161roubovac\u00edmi uz\u00e1v\u011bry a texturovan\u00fdm dnem. V\u0161estrann\u00e9 d\u00f3zy na jogurt s v\u00ed\u010dky pro potravin\u00e1\u0159sk\u00e9 i kosmetick\u00e9 pou\u017eit\u00ed. Rychl\u00e9 dod\u00e1n\u00ed.<\/p>","protected":false},"featured_media":23020,"template":"","meta":[],"product_brand":[],"product_cat":[124,122,130],"product_tag":[],"class_list":{"0":"post-23019","1":"product","2":"type-product","3":"status-publish","4":"has-post-thumbnail","6":"product_cat-custom-glass-jars","7":"product_cat-custom-glass-packaging","8":"product_cat-glass-yogurt-jars","10":"first","11":"instock","12":"shipping-taxable","13":"product-type-simple"},"jetpack_sharing_enabled":true,"_links":{"self":[{"href":"https:\/\/yebodaglass.com\/cs\/wp-json\/wp\/v2\/product\/23019","targetHints":{"allow":["GET"]}}],"collection":[{"href":"https:\/\/yebodaglass.com\/cs\/wp-json\/wp\/v2\/product"}],"about":[{"href":"https:\/\/yebodaglass.com\/cs\/wp-json\/wp\/v2\/types\/product"}],"version-history":[{"count":5,"href":"https:\/\/yebodaglass.com\/cs\/wp-json\/wp\/v2\/product\/23019\/revisions"}],"predecessor-version":[{"id":25360,"href":"https:\/\/yebodaglass.com\/cs\/wp-json\/wp\/v2\/product\/23019\/revisions\/25360"}],"wp:featuredmedia":[{"embeddable":true,"href":"https:\/\/yebodaglass.com\/cs\/wp-json\/wp\/v2\/media\/23020"}],"wp:attachment":[{"href":"https:\/\/yebodaglass.com\/cs\/wp-json\/wp\/v2\/media?parent=23019"}],"wp:term":[{"taxonomy":"product_brand","embeddable":true,"href":"https:\/\/yebodaglass.com\/cs\/wp-json\/wp\/v2\/product_brand?post=23019"},{"taxonomy":"product_cat","embeddable":true,"href":"https:\/\/yebodaglass.com\/cs\/wp-json\/wp\/v2\/product_cat?post=23019"},{"taxonomy":"product_tag","embeddable":true,"href":"https:\/\/yebodaglass.com\/cs\/wp-json\/wp\/v2\/product_tag?post=23019"}],"curies":[{"name":"wp","href":"https:\/\/api.w.org\/{rel}","templated":true}]}}