{"id":23001,"date":"2025-10-30T14:56:21","date_gmt":"2025-10-30T06:56:21","guid":{"rendered":"https:\/\/yebodaglass.com\/?post_type=product&#038;p=23001"},"modified":"2026-04-10T09:32:58","modified_gmt":"2026-04-10T01:32:58","slug":"round-ribbed-glass-jars-for-yogurt-with-metal-lids-wholesale","status":"publish","type":"product","link":"https:\/\/yebodaglass.com\/cs\/round-ribbed-glass-jars-for-yogurt-with-metal-lids-wholesale\/","title":{"rendered":"Velkoobchodn\u00ed prodej kulat\u00fdch \u017eebrovan\u00fdch sklenic na jogurt s kovov\u00fdmi v\u00ed\u010dky o objemu 150 ml \u2013 380 ml"},"content":{"rendered":"<p>Tyto sklen\u011bn\u00e9 d\u00f3zy na jogurt jsou kulat\u00e9 a pln\u00e9, maj\u00ed hladk\u00fd povrch s jemnou vertik\u00e1ln\u00ed \u017eebrovanou texturou a maj\u00ed okouzluj\u00edc\u00ed \u010derven\u00e1 nebo kr\u00e1sn\u00e1 zlat\u00e1 kovov\u00e1 v\u00ed\u010dka, tak\u017ee jsou to perfektn\u00ed d\u00f3zy na jogurty, kter\u00e9 by m\u011bli pou\u017e\u00edvat velkoobchodn\u00edci s vysoce kvalitn\u00edmi jogurty.<\/p>\n<h2>Vlastnosti produktu<\/h2>\n<ul>\n<li><strong>Kulat\u00fd, pln\u00fd tvar:<\/strong> Tento tvar je tradi\u010dn\u00ed kulat\u00fd, pohodln\u011bj\u0161\u00ed na pou\u017e\u00edv\u00e1n\u00ed a umo\u017e\u0148uje nejv\u011bt\u0161\u00ed vnit\u0159n\u00ed prostor.<\/li>\n<li><strong>Vertik\u00e1ln\u00ed \u017eebrovan\u00e1 textura:<\/strong> Ornament\u00e1ln\u00ed v\u00fd\u0159ezy na okraji zaji\u0161\u0165uj\u00ed estetick\u00fd vzhled, lep\u0161\u00ed \u00fachop a m\u00edrn\u00e9 odrazy sv\u011btla.<\/li>\n<li><strong>Mo\u017enosti kovov\u00e9ho v\u00edka:<\/strong> V\u00ed\u010dka v z\u00e1\u0159iv\u011b \u010derven\u00e9 a zlat\u00e9 barv\u011b mu dod\u00e1vaj\u00ed modern\u00ed a stylov\u00fd a z\u00e1rove\u0148 vintage luxusn\u00ed vzhled.<\/li>\n<\/ul>\n<h2>Kl\u00ed\u010dov\u00e9 specifikace<\/h2>\n<table style=\"border-collapse: collapse; width: 80%; margin-left: auto; margin-right: auto;\" border=\"0\" width=\"288\" cellspacing=\"0\" cellpadding=\"0\">\n<tbody>\n<tr style=\"height: 13.50pt;\">\n<td style=\"height: 13.5pt; width: 54pt; text-align: center;\" width=\"72\" height=\"18\">Kapacita (ml)<\/td>\n<td style=\"width: 54pt; text-align: center;\" width=\"72\">Rozm\u011bry (cm)<\/td>\n<td style=\"width: 54pt; text-align: center;\" width=\"72\">Tvar<\/td>\n<td style=\"width: 54pt; text-align: center;\" width=\"72\">Materi\u00e1l<\/td>\n<\/tr>\n<tr style=\"height: 13.50pt;\">\n<td style=\"height: 13.5pt; text-align: center;\" align=\"right\" height=\"18\">150<\/td>\n<td style=\"text-align: center;\">7.3*6.9<\/td>\n<td class=\"et2\" style=\"text-align: center;\" rowspan=\"4\">Kolo<\/td>\n<td class=\"et2\" style=\"text-align: center;\" rowspan=\"4\">Sklo<\/td>\n<\/tr>\n<tr style=\"height: 13.50pt;\">\n<td style=\"height: 13.5pt; text-align: center;\" align=\"right\" height=\"18\">200<\/td>\n<td style=\"text-align: center;\">8.1*7.5<\/td>\n<\/tr>\n<tr style=\"height: 13.50pt;\">\n<td style=\"height: 13.5pt; text-align: center;\" align=\"right\" height=\"18\">280<\/td>\n<td style=\"text-align: center;\">8.9*8.0<\/td>\n<\/tr>\n<tr style=\"height: 13.50pt;\">\n<td style=\"height: 13.5pt; text-align: center;\" align=\"right\" height=\"18\">380<\/td>\n<td style=\"text-align: center;\">9.7*9.0<\/td>\n<\/tr>\n<\/tbody>\n<\/table>\n<h2>P\u0159\u00edpad \u00fasp\u011bchu<\/h2>\n<p>Na\u0161e sklen\u011bn\u00e9 d\u00f3zy na jogurt byly vybr\u00e1ny zna\u010dkou biopotravin z Oregonu pro balen\u00ed jogurt\u016f a sv\u011btle zelen\u00e9 sklenice byly upraveny na m\u00edru. V\u00fdsledky tohoto pr\u00e9miov\u00e9ho balen\u00ed byly okam\u017eit\u00e9 a zna\u010dn\u00e9: speci\u00e1ln\u00ed zelen\u00e9 sklo dok\u00e1zalo nab\u00eddnout m\u00edrnou UV ochranu, a t\u00edm prodlou\u017eilo optim\u00e1ln\u00ed trvanlivost jogurtu o 10 procent, opakovan\u011b pou\u017eiteln\u00fd design s atraktivn\u00edm vzhledem generoval opakovan\u00e9 n\u00e1kupy produktu o 25 procent a fotografie kr\u00e1sn\u00fdch sklenic p\u0159idaly zna\u010dce v\u00edce ne\u017e 5 000 nov\u00fdch sleduj\u00edc\u00edch. Na z\u00e1klad\u011b tohoto vynikaj\u00edc\u00edho v\u00fdkonu n\u00e1sledn\u011b provedli dal\u0161\u00ed objedn\u00e1vku 100 000 sklenic.<\/p>\n<h2>Doporu\u010den\u00ed pro p\u0159izp\u016fsoben\u00ed velkoobchodn\u00edch sklenic na jogurt<\/h2>\n<ul>\n<li>Reli\u00e9fn\u00ed branding: Na horn\u00ed \u010d\u00e1st kovov\u00e9ho v\u00edka lze p\u0159idat mal\u00e9 reli\u00e9fn\u00ed logo nebo vzor, \u200b\u200bkter\u00fd zna\u010dce dod\u00e1 nen\u00e1padn\u00fd, ale luxusn\u00ed image.<\/li>\n<li>R\u016fzn\u00e9 textury \u0161\u00e1lk\u016f: Vyberte si jinou texturu svisl\u00e9ho \u0161\u00e1lku: spir\u00e1lu, diamant nebo vlnu.<\/li>\n<li>Velikosti: P\u0159idejte r\u016fzn\u00e9 velikosti se stejn\u00fdm atraktivn\u00edm designem, nap\u0159\u00edklad mal\u00e9 sklenice o objemu 113 ml a velk\u00e9 rodinn\u00e9 balen\u00ed o objemu 473 ml.<\/li>\n<\/ul>","protected":false},"excerpt":{"rendered":"<p>Sklen\u011bn\u00e9 d\u00f3zy na jogurt na zak\u00e1zku s reli\u00e9fn\u00ed texturou a kovov\u00fdmi v\u00ed\u010dky. Velkoobchodn\u00ed prodej odoln\u00fdch sklenic na jogurt za ceny p\u0159\u00edmo od v\u00fdrobce pro velkoodb\u011bratele. Rychl\u00e9 dod\u00e1n\u00ed.<\/p>","protected":false},"featured_media":23005,"template":"","meta":[],"product_brand":[],"product_cat":[130,124,122],"product_tag":[],"class_list":{"0":"post-23001","1":"product","2":"type-product","3":"status-publish","4":"has-post-thumbnail","6":"product_cat-glass-yogurt-jars","7":"product_cat-custom-glass-jars","8":"product_cat-custom-glass-packaging","10":"first","11":"instock","12":"shipping-taxable","13":"product-type-simple"},"jetpack_sharing_enabled":true,"_links":{"self":[{"href":"https:\/\/yebodaglass.com\/cs\/wp-json\/wp\/v2\/product\/23001","targetHints":{"allow":["GET"]}}],"collection":[{"href":"https:\/\/yebodaglass.com\/cs\/wp-json\/wp\/v2\/product"}],"about":[{"href":"https:\/\/yebodaglass.com\/cs\/wp-json\/wp\/v2\/types\/product"}],"version-history":[{"count":5,"href":"https:\/\/yebodaglass.com\/cs\/wp-json\/wp\/v2\/product\/23001\/revisions"}],"predecessor-version":[{"id":25371,"href":"https:\/\/yebodaglass.com\/cs\/wp-json\/wp\/v2\/product\/23001\/revisions\/25371"}],"wp:featuredmedia":[{"embeddable":true,"href":"https:\/\/yebodaglass.com\/cs\/wp-json\/wp\/v2\/media\/23005"}],"wp:attachment":[{"href":"https:\/\/yebodaglass.com\/cs\/wp-json\/wp\/v2\/media?parent=23001"}],"wp:term":[{"taxonomy":"product_brand","embeddable":true,"href":"https:\/\/yebodaglass.com\/cs\/wp-json\/wp\/v2\/product_brand?post=23001"},{"taxonomy":"product_cat","embeddable":true,"href":"https:\/\/yebodaglass.com\/cs\/wp-json\/wp\/v2\/product_cat?post=23001"},{"taxonomy":"product_tag","embeddable":true,"href":"https:\/\/yebodaglass.com\/cs\/wp-json\/wp\/v2\/product_tag?post=23001"}],"curies":[{"name":"wp","href":"https:\/\/api.w.org\/{rel}","templated":true}]}}