{"id":22838,"date":"2025-10-28T16:48:47","date_gmt":"2025-10-28T08:48:47","guid":{"rendered":"https:\/\/yebodaglass.com\/?post_type=product&#038;p=22838"},"modified":"2026-03-13T11:43:52","modified_gmt":"2026-03-13T03:43:52","slug":"wholesale-unique-hexagon-glass-honey-jars-with-lids","status":"publish","type":"product","link":"https:\/\/yebodaglass.com\/cs\/wholesale-unique-hexagon-glass-honey-jars-with-lids\/","title":{"rendered":"Velkoobchodn\u00ed unik\u00e1tn\u00ed \u0161estihrann\u00e9 sklen\u011bn\u00e9 sklenice na med s v\u00ed\u010dky 375ml 750ml"},"content":{"rendered":"<p>Jedn\u00e1 se o \u0161estihrannou sklen\u011bnou n\u00e1dobu na med s tradi\u010dn\u00edm \u0161estihrann\u00fdm designem. V\u00fdrazn\u00e9 barvy medu, d\u017eemu a zava\u0159enin se dokonale odr\u00e1\u017eej\u00ed v k\u0159i\u0161\u0165\u00e1lov\u011b \u010dist\u00e9m skle. Prakti\u010dnost a kr\u00e1su zaru\u010duje robustn\u00ed \u0161roubovac\u00ed v\u00edko a pevn\u00e1 z\u00e1kladna.<\/p>\n<h2>Vlastnosti produktu<\/h2>\n<ul>\n<li><strong>Identick\u00fd \u0161esti\u00faheln\u00edk:<\/strong> \u0160estihrann\u00e1 vo\u0161tinov\u00e1 konstrukce tohoto produktu se nekut\u00e1l\u00ed a dob\u0159e dr\u017e\u00ed.<\/li>\n<li><strong>K\u0159i\u0161\u0165\u00e1lov\u011b \u010dist\u00e9 sklo:<\/strong> K\u0159i\u0161\u0165\u00e1lov\u011b \u010dist\u00e9 sklo poskytuje z\u00e1kazn\u00edk\u016fm p\u0159esn\u00fd p\u0159ehled o kvalit\u011b produktu, proto\u017ee vid\u00ed ve\u0161ker\u00fd obsah.<\/li>\n<li><strong>Robustn\u00ed ploch\u00e9 dno:<\/strong> Siln\u00e9 a ploch\u00e9 dno umo\u017en\u00ed um\u00edst\u011bn\u00ed sklenice na jak\u00fdkoli povrch a zachov\u00e1n\u00ed jej\u00ed stability, i kdy\u017e je sklenice pln\u00e1.<\/li>\n<\/ul>\n<h2 style=\"text-align: left;\">Kl\u00ed\u010dov\u00e9 specifikace<\/h2>\n<table class=\"aligncenter\" style=\"border-collapse: collapse; width: 459.77pt;\" border=\"0\" width=\"613\" cellspacing=\"0\" cellpadding=\"0\">\n<tbody>\n<tr style=\"height: 13.50pt;\">\n<td style=\"height: 13.50pt; width: 99.75pt;\" width=\"133\" height=\"18\">Funkce<\/td>\n<td style=\"width: 360.00pt;\" width=\"480\">Specifikace<\/td>\n<\/tr>\n<tr style=\"height: 13.50pt;\">\n<td style=\"height: 13.50pt;\" height=\"18\">Kapacita<\/td>\n<td>375 ml, 750 ml<\/td>\n<\/tr>\n<tr style=\"height: 13.50pt;\">\n<td style=\"height: 13.50pt;\" height=\"18\">Tvar<\/td>\n<td>\u0160estihrann\u00fd hranol, ploch\u00e9 panely<\/td>\n<\/tr>\n<tr style=\"height: 13.50pt;\">\n<td style=\"height: 13.50pt;\" height=\"18\">Rozm\u011bry<\/td>\n<td>7,2\u00d712,5 cm, 8,2\u00d717 cm<\/td>\n<\/tr>\n<tr style=\"height: 13.50pt;\">\n<td style=\"height: 13.50pt;\" height=\"18\">Materi\u00e1l<\/td>\n<td>Pr\u016fhledn\u00e9 sklo, kovov\u00e9 \u0161roubovac\u00ed v\u00ed\u010dko<\/td>\n<\/tr>\n<tr style=\"height: 13.50pt;\">\n<td style=\"height: 13.50pt;\" height=\"18\">Mo\u017enosti v\u00edka<\/td>\n<td>Zlat\u00e1, \u017elut\u00e1, st\u0159\u00edbrn\u00e1, \u010dern\u00e1 (p\u0159izp\u016fsobiteln\u00e9)<\/td>\n<\/tr>\n<tr style=\"height: 13.50pt;\">\n<td style=\"height: 13.50pt;\" height=\"18\">Nejlep\u0161\u00ed pro<\/td>\n<td>Med, d\u017eem, d\u00e1rkov\u00e9 sady<\/td>\n<\/tr>\n<tr style=\"height: 13.50pt;\">\n<td style=\"height: 13.50pt;\" height=\"18\">Ide\u00e1ln\u00ed pou\u017eit\u00ed<\/td>\n<td>Unik\u00e1tn\u00ed sklenice na d\u017eem, \u0161estihrann\u00e1 sklenice na med, d\u00e1rkov\u00e9 sklenice na med<\/td>\n<\/tr>\n<\/tbody>\n<\/table>\n<h2>P\u0159\u00edb\u011bh \u00fasp\u011bchu: V\u010dela\u0159sk\u00e9 dru\u017estvo St\u0159edoz\u00e1padu na zak\u00e1zku<\/h2>\n<p>Jedno z v\u010dela\u0159sk\u00fdch dru\u017estev v Iow\u011b si vybralo na\u0161i \u0161estihrannou sklen\u011bnou n\u00e1dobu na med a upravilo ji kovov\u00fdm v\u00edkem s reli\u00e9fn\u00edm logem v\u010dely a sv\u011btle jantarov\u00fdm sklem. Tato personalizovan\u00e1 rozhodnut\u00ed p\u0159inesla zna\u010dn\u00e9 v\u00fdhody: jantarov\u00e9 sklo nab\u00edzelo ochranu p\u0159ed UV z\u00e1\u0159en\u00edm, dotazn\u00edky z\u00e1kazn\u00edk\u016f uk\u00e1zaly, \u017ee prodej medu se d\u00edky \u010derstvosti medu zv\u00fd\u0161il o 25 procent, a osobn\u00ed tvar a vysoce kvalitn\u00ed zpracov\u00e1n\u00ed zv\u00fd\u0161ily prodej o 30 procent. Klient byl se spoluprac\u00ed velmi spokojen a v p\u0159\u00ed\u0161t\u00edm jarn\u00edm obdob\u00ed medosb\u011bru a uveden\u00ed nov\u00e9 \u0159ady d\u017eem\u016f si objednal dal\u0161\u00edch 500 000 lahv\u00ed sv\u00e9ho produktu.<\/p>\n<h2>Doporu\u010den\u00ed pro p\u0159izp\u016fsoben\u00ed unik\u00e1tn\u00edch sklenic na d\u017eem<\/h2>\n<ul>\n<li>Ra\u017eba nebo lept\u00e1n\u00ed: Na sklo lze vyrazit nebo vyleptat zak\u00e1zkov\u00e9 reli\u00e9fn\u00ed vzory, n\u00e1zvy farem nebo loga, \u010d\u00edm\u017e se vytvo\u0159\u00ed vynikaj\u00edc\u00ed a trval\u00e1 identita zna\u010dky.<\/li>\n<li>Multifunk\u010dn\u00ed materi\u00e1ly v\u00ed\u010dek: Nab\u00edzejte v\u00ed\u010dka z r\u016fzn\u00fdch materi\u00e1l\u016f, v\u010detn\u011b udr\u017eiteln\u00e9ho bambusu, kovu nebo keramiky, kter\u00e9 jsou luxusn\u00ed na dotek.<\/li>\n<li>Zna\u010dky pro hodnocen\u00ed: Vyra\u017ete malou zna\u010dku (unce, gramy) na okraj sklen\u011bn\u00e9 n\u00e1doby, aby byla snadno dostupn\u00e1, i kdy\u017e je produkt pr\u00e1zdn\u00fd.<\/li>\n<\/ul>","protected":false},"excerpt":{"rendered":"<p>Pr\u00e9miov\u00e1 \u0161estihrann\u00e1 sklen\u011bn\u00e1 d\u00f3za na med vyroben\u00e1 z \u010dir\u00e9ho skla pro zv\u00fdrazn\u011bn\u00ed barvy medu. Praktick\u00e9 d\u00f3zy na d\u017eem s vzduchot\u011bsn\u00fdmi v\u00ed\u010dky pro skladov\u00e1n\u00ed potravin. Rychl\u00e9 dod\u00e1n\u00ed.<\/p>","protected":false},"featured_media":22842,"template":"","meta":[],"product_brand":[],"product_cat":[122,124,127],"product_tag":[],"class_list":{"0":"post-22838","1":"product","2":"type-product","3":"status-publish","4":"has-post-thumbnail","6":"product_cat-custom-glass-packaging","7":"product_cat-custom-glass-jars","8":"product_cat-glass-honey-jars","10":"first","11":"instock","12":"shipping-taxable","13":"product-type-simple"},"jetpack_sharing_enabled":true,"_links":{"self":[{"href":"https:\/\/yebodaglass.com\/cs\/wp-json\/wp\/v2\/product\/22838","targetHints":{"allow":["GET"]}}],"collection":[{"href":"https:\/\/yebodaglass.com\/cs\/wp-json\/wp\/v2\/product"}],"about":[{"href":"https:\/\/yebodaglass.com\/cs\/wp-json\/wp\/v2\/types\/product"}],"version-history":[{"count":5,"href":"https:\/\/yebodaglass.com\/cs\/wp-json\/wp\/v2\/product\/22838\/revisions"}],"predecessor-version":[{"id":25433,"href":"https:\/\/yebodaglass.com\/cs\/wp-json\/wp\/v2\/product\/22838\/revisions\/25433"}],"wp:featuredmedia":[{"embeddable":true,"href":"https:\/\/yebodaglass.com\/cs\/wp-json\/wp\/v2\/media\/22842"}],"wp:attachment":[{"href":"https:\/\/yebodaglass.com\/cs\/wp-json\/wp\/v2\/media?parent=22838"}],"wp:term":[{"taxonomy":"product_brand","embeddable":true,"href":"https:\/\/yebodaglass.com\/cs\/wp-json\/wp\/v2\/product_brand?post=22838"},{"taxonomy":"product_cat","embeddable":true,"href":"https:\/\/yebodaglass.com\/cs\/wp-json\/wp\/v2\/product_cat?post=22838"},{"taxonomy":"product_tag","embeddable":true,"href":"https:\/\/yebodaglass.com\/cs\/wp-json\/wp\/v2\/product_tag?post=22838"}],"curies":[{"name":"wp","href":"https:\/\/api.w.org\/{rel}","templated":true}]}}