{"id":22829,"date":"2025-10-28T15:40:26","date_gmt":"2025-10-28T07:40:26","guid":{"rendered":"https:\/\/yebodaglass.com\/?post_type=product&#038;p=22829"},"modified":"2026-03-13T14:26:48","modified_gmt":"2026-03-13T06:26:48","slug":"clear-cylindrical-little-glass-honey-vials-bulk","status":"publish","type":"product","link":"https:\/\/yebodaglass.com\/cs\/clear-cylindrical-little-glass-honey-vials-bulk\/","title":{"rendered":"40ml 75ml 100ml \u010cir\u00e9 v\u00e1lcov\u00e9 sklen\u011bn\u00e9 lahvi\u010dky s medem, velk\u00e9"},"content":{"rendered":"<p>Tyto lahvi\u010dky na med jsou navr\u017eeny tak, aby m\u011bly v\u00e1lcovit\u00fd tvar t\u011bla z k\u0159i\u0161\u0165\u00e1lov\u011b \u010dir\u00e9ho skla se zes\u00edlen\u00fdm a zaoblen\u00fdm dnem pro zaji\u0161t\u011bn\u00ed stability a trvanlivosti. V\u00ed\u010dka jsou zlat\u00e1 nebo st\u0159\u00edbrn\u00e1 se \u0161roubovac\u00edm uz\u00e1v\u011brem, mal\u00e1 a kr\u00e1sn\u00e1, kter\u00e1 se perfektn\u011b hod\u00ed pro uchov\u00e1v\u00e1n\u00ed mal\u00e9ho mno\u017estv\u00ed medu, marmel\u00e1dy nebo vzork\u016f.<\/p>\n<h2>Vlastnosti produktu<\/h2>\n<ul>\n<li><strong>Tenk\u00e9 v\u00e1lcov\u00e9 lahve:<\/strong> M\u00e1 z\u00e1va\u017e\u00ed na spodn\u00ed stran\u011b, \u0161t\u00edhl\u00fd a modern\u00ed design a nezab\u00edr\u00e1 mnoho m\u00edsta.<\/li>\n<li><strong>Vysok\u00e1 transparentnost:<\/strong> Je pr\u016fhledn\u00fd a sklo dokonale zobrazuje barvu a viskozitu medu. Zaujme vizu\u00e1ln\u00ed kupce.<\/li>\n<li><strong>P\u0159enosn\u00fd a kompaktn\u00ed:<\/strong> L\u00e1hev m\u00e1 kompaktn\u00ed design a je ide\u00e1ln\u00ed na cesty, vyzkou\u0161en\u00ed, na r\u016fzn\u00e9 akce nebo i jako d\u00e1rek.<\/li>\n<\/ul>\n<h2 style=\"text-align: left;\">Kl\u00ed\u010dov\u00e9 specifikace<\/h2>\n<table class=\"aligncenter\" style=\"border-collapse: collapse; width: 454.52pt;\" border=\"0\" width=\"606\" cellspacing=\"0\" cellpadding=\"0\">\n<tbody>\n<tr style=\"height: 13.50pt;\">\n<td style=\"height: 13.50pt; width: 96.75pt;\" width=\"129\" height=\"18\">Funkce<\/td>\n<td style=\"width: 357.75pt;\" width=\"477\">Specifikace<\/td>\n<\/tr>\n<tr style=\"height: 13.50pt;\">\n<td style=\"height: 13.50pt;\" height=\"18\">Kapacita<\/td>\n<td>40ml, 75ml, 100ml<\/td>\n<\/tr>\n<tr style=\"height: 13.50pt;\">\n<td style=\"height: 13.50pt;\" height=\"18\">Tvar<\/td>\n<td>Rovn\u00fd v\u00e1lec, jednotn\u00fd pr\u016fm\u011br<\/td>\n<\/tr>\n<tr style=\"height: 13.50pt;\">\n<td style=\"height: 13.50pt;\" height=\"18\">Rozm\u011bry<\/td>\n<td>4\u00d78.5cm to 4\u00d715cm<\/td>\n<\/tr>\n<tr style=\"height: 13.50pt;\">\n<td style=\"height: 13.50pt;\" height=\"18\">Materi\u00e1l<\/td>\n<td>Pr\u016fhledn\u00e9 sklo, kovov\u00e9 \u0161roubovac\u00ed v\u00ed\u010dko<\/td>\n<\/tr>\n<tr style=\"height: 13.50pt;\">\n<td style=\"height: 13.50pt;\" height=\"18\">Mo\u017enosti v\u00edka<\/td>\n<td>Zlat\u00e1, st\u0159\u00edbrn\u00e1, r\u016f\u017eov\u00e1 (k dispozici jsou i vlastn\u00ed barvy)<\/td>\n<\/tr>\n<tr style=\"height: 13.50pt;\">\n<td style=\"height: 13.50pt;\" height=\"18\">Nejlep\u0161\u00ed pro<\/td>\n<td>Med, vzorkovac\u00ed sady, d\u00e1rkov\u00e9 sady<\/td>\n<\/tr>\n<tr style=\"height: 13.50pt;\">\n<td style=\"height: 13.50pt;\" height=\"18\">Ide\u00e1ln\u00ed pou\u017eit\u00ed<\/td>\n<td>Medov\u00e9 lahvi\u010dky, mal\u00e9 sklenice na med, velkoobchodn\u00ed prodej sklenic na med<\/td>\n<\/tr>\n<\/tbody>\n<\/table>\n<h2>P\u0159\u00edpadov\u00e1 studie \u00fasp\u011bchu: Jedna ze zak\u00e1zkov\u00fdch objedn\u00e1vek na specializovan\u00e9 medov\u00e9 farm\u011b v Kalifornii<\/h2>\n<p>Jedna ze specializovan\u00fdch medov\u00fdch farem v Sonom\u011b si vybrala na\u0161e medov\u00e9 lahvi\u010dky a nechala je upravit laserov\u00fdm vyryt\u00edm vzor\u016f v\u010del na sklen\u011bn\u00e1 t\u011bla a matn\u011b \u010dern\u00e1 v\u00ed\u010dka. Balen\u00ed na m\u00edru m\u011blo \u00fa\u017easn\u00e9 v\u00fdsledky: lahvi\u010dky s vlastn\u00ed zna\u010dkou se staly b\u011b\u017en\u00fdm svatebn\u00edm d\u00e1rkem nebo firemn\u00edm d\u00e1rkem a v d\u016fsledku toho se tento segment podnik\u00e1n\u00ed rozrostl o 40 procent. Jsou ide\u00e1ln\u00ed d\u00edky sv\u00e9 skv\u011bl\u00e9 t\u011bsnic\u00ed schopnosti a mal\u00fdm rozm\u011br\u016fm, tak\u017ee jsou vhodn\u00e9 pro pou\u017eit\u00ed jako vzorek na farm\u00e1\u0159sk\u00fdch trz\u00edch, kde se podle farm\u00e1\u0159\u016f prodej lahv\u00ed v pln\u00e9 velikosti ve st\u00e1nc\u00edch zv\u00fd\u0161il o 25 %. Na z\u00e1klad\u011b t\u011bchto vynikaj\u00edc\u00edch v\u00fdsledk\u016f si farm\u00e1\u0159i objednali dal\u0161\u00ed objedn\u00e1vku 100 000 mal\u00fdch lahv\u00ed, aby mohli vytvo\u0159it novou degusta\u010dn\u00ed sadu Honey Journey.<\/p>\n<h2>N\u00e1vrhy na \u00fapravu lahv\u00ed s medem<\/h2>\n<ul>\n<li><strong>\u0160t\u00edtek na krku:<\/strong> Ozdobte hrdlo lahve brandingov\u00fdm krou\u017ekem, kter\u00fd j\u00ed dod\u00e1 nad\u010dasov\u00fd a elegantn\u00ed vzhled.<\/li>\n<li><strong>S\u00edtotisk\u200b\u200d\u200c\u200d\u200d\u200c\u200d\u200c\u200d\u200c\u200d\u200c\u200d\u200c\u200d\u200c:<\/strong> Pou\u017eijte tiskovou metodu k vizu\u00e1ln\u00edmu um\u00edst\u011bn\u00ed va\u0161\u00ed zna\u010dky p\u0159\u00edmo na sklo a vytvo\u0159te tak jasnou a trvanlivou identitu zna\u010dky pr\u016fhledn\u00e9ho typu.<\/li>\n<li><strong>Barevn\u00e9 sklo:<\/strong> Med pod\u00e1vejte ve sklenici jantarov\u00e9 nebo kobaltov\u011b modr\u00e9 barvy, abyste se odli\u0161ili od ostatn\u00edch a z\u00e1rove\u0148 med ochr\u00e1nili p\u0159ed sv\u011btlem.<\/li>\n<\/ul>","protected":false},"excerpt":{"rendered":"<p>Medov\u00e9 lahvi\u010dky vyroben\u00e9 z k\u0159i\u0161\u0165\u00e1lov\u011b \u010dir\u00e9ho skla s kovov\u00fdmi \u0161roubovac\u00edmi v\u00ed\u010dky. Elegantn\u00ed mal\u00e9 d\u00f3zi\u010dky na med, ide\u00e1ln\u00ed pro vzorky medu, sirupu a d\u00e1rkov\u00e9 balen\u00ed. Vzorky zdarma.<\/p>","protected":false},"featured_media":22833,"template":"","meta":[],"product_brand":[],"product_cat":[122,124,127],"product_tag":[],"class_list":{"0":"post-22829","1":"product","2":"type-product","3":"status-publish","4":"has-post-thumbnail","6":"product_cat-custom-glass-packaging","7":"product_cat-custom-glass-jars","8":"product_cat-glass-honey-jars","10":"first","11":"instock","12":"shipping-taxable","13":"product-type-simple"},"jetpack_sharing_enabled":true,"_links":{"self":[{"href":"https:\/\/yebodaglass.com\/cs\/wp-json\/wp\/v2\/product\/22829","targetHints":{"allow":["GET"]}}],"collection":[{"href":"https:\/\/yebodaglass.com\/cs\/wp-json\/wp\/v2\/product"}],"about":[{"href":"https:\/\/yebodaglass.com\/cs\/wp-json\/wp\/v2\/types\/product"}],"version-history":[{"count":5,"href":"https:\/\/yebodaglass.com\/cs\/wp-json\/wp\/v2\/product\/22829\/revisions"}],"predecessor-version":[{"id":25440,"href":"https:\/\/yebodaglass.com\/cs\/wp-json\/wp\/v2\/product\/22829\/revisions\/25440"}],"wp:featuredmedia":[{"embeddable":true,"href":"https:\/\/yebodaglass.com\/cs\/wp-json\/wp\/v2\/media\/22833"}],"wp:attachment":[{"href":"https:\/\/yebodaglass.com\/cs\/wp-json\/wp\/v2\/media?parent=22829"}],"wp:term":[{"taxonomy":"product_brand","embeddable":true,"href":"https:\/\/yebodaglass.com\/cs\/wp-json\/wp\/v2\/product_brand?post=22829"},{"taxonomy":"product_cat","embeddable":true,"href":"https:\/\/yebodaglass.com\/cs\/wp-json\/wp\/v2\/product_cat?post=22829"},{"taxonomy":"product_tag","embeddable":true,"href":"https:\/\/yebodaglass.com\/cs\/wp-json\/wp\/v2\/product_tag?post=22829"}],"curies":[{"name":"wp","href":"https:\/\/api.w.org\/{rel}","templated":true}]}}