{"id":22818,"date":"2025-10-28T14:27:36","date_gmt":"2025-10-28T06:27:36","guid":{"rendered":"https:\/\/yebodaglass.com\/?post_type=product&#038;p=22818"},"modified":"2026-03-16T14:36:06","modified_gmt":"2026-03-16T06:36:06","slug":"bulk-glass-honey-storage-containers-with-embossed-patterns","status":"publish","type":"product","link":"https:\/\/yebodaglass.com\/cs\/bulk-glass-honey-storage-containers-with-embossed-patterns\/","title":{"rendered":"Sklen\u011bn\u00e9 n\u00e1doby na med s reli\u00e9fn\u00edmi vzory 250ml 500ml 750ml"},"content":{"rendered":"<p>Jedn\u00e1 se o unik\u00e1tn\u011b navr\u017een\u00e9 a zaoblen\u00e9 \u010dtvercov\u00e9 n\u00e1doby na skladov\u00e1n\u00ed medu s reli\u00e9fn\u00edmi vzory ovoce, vyroben\u00e9 z k\u0159i\u0161\u0165\u00e1lov\u011b \u010dir\u00e9ho skla. Zlat\u00e1 nebo st\u0159\u00edbrn\u00e1 kovov\u00e1 v\u00edka se v\u00fdborn\u011b t\u011bsn\u00ed a stabiln\u011b stohuj\u00ed.<\/p>\n<h2>Vlastnosti produktu<\/h2>\n<ul>\n<li><strong>Dekorativn\u00ed l\u00e1hev s reli\u00e9fem:<\/strong> T\u011blo lahve bude opat\u0159eno reli\u00e9fn\u00edm textem a ovocn\u00fdmi vzory, co\u017e zlep\u0161\u00ed vizu\u00e1ln\u00ed atraktivitu a p\u0159irozenost produktu, a to bez zbyte\u010dn\u00e9ho potisku.<\/li>\n<li><strong>\u010ctvercov\u00e1 reli\u00e9fn\u00ed l\u00e1hev:<\/strong> S\u0142oiki Mason o pojemno\u015bci 8 uncji i 16 uncji z szerokim otworem i srebrnymi pokrywkami \u2013 YEBODA GLASS<\/li>\n<li><strong>Bezpe\u010dn\u00e9 a odoln\u00e9:<\/strong> Pevn\u00e1 sklen\u011bn\u00e1 konstrukce a dob\u0159e padnouc\u00ed v\u00ed\u010dko vytv\u00e1\u0159ej\u00ed odolnou a spolehlivou n\u00e1dobu na skladov\u00e1n\u00ed medu, kter\u00e1 umo\u017e\u0148uje bezpe\u010dnou p\u0159epravu medu a jeho dlouhou \u010derstvost.<\/li>\n<\/ul>\n<h2 style=\"text-align: left;\">Kl\u00ed\u010dov\u00e9 specifikace<\/h2>\n<table class=\"aligncenter\" style=\"border-collapse: collapse; width: 414.77pt;\" border=\"0\" width=\"553\" cellspacing=\"0\" cellpadding=\"0\">\n<tbody>\n<tr style=\"height: 13.50pt;\">\n<td style=\"height: 13.50pt; width: 96.75pt;\" width=\"129\" height=\"18\">Funkce<\/td>\n<td style=\"width: 318.00pt;\" width=\"424\">Specifikace<\/td>\n<\/tr>\n<tr style=\"height: 13.50pt;\">\n<td style=\"height: 13.50pt;\" height=\"18\">Kapacita<\/td>\n<td>250ml, 500ml, 750ml<\/td>\n<\/tr>\n<tr style=\"height: 13.50pt;\">\n<td style=\"height: 13.50pt;\" height=\"18\">Tvar<\/td>\n<td>\u010ctverec s reli\u00e9fn\u00edmi panely<\/td>\n<\/tr>\n<tr style=\"height: 13.50pt;\">\n<td style=\"height: 13.50pt;\" height=\"18\">Rozm\u011bry<\/td>\n<td>8\u00d78,3 cm a\u017e 10\u00d713,3 cm<\/td>\n<\/tr>\n<tr style=\"height: 13.50pt;\">\n<td style=\"height: 13.50pt;\" height=\"18\">Materi\u00e1l<\/td>\n<td>Pr\u016fhledn\u00e9 sklo, kovov\u00e9 \u0161roubovac\u00ed v\u00ed\u010dko<\/td>\n<\/tr>\n<tr style=\"height: 13.50pt;\">\n<td style=\"height: 13.50pt;\" height=\"18\">Mo\u017enosti v\u00edka<\/td>\n<td>Zlat\u00e1, st\u0159\u00edbrn\u00e1, \u017elut\u00e1 (k dispozici jsou vlastn\u00ed barvy)<\/td>\n<\/tr>\n<tr style=\"height: 13.50pt;\">\n<td style=\"height: 13.50pt;\" height=\"18\">Nejlep\u0161\u00ed pro<\/td>\n<td>Med, d\u00e1rkov\u00e9 sady, maloobchodn\u00ed balen\u00ed<\/td>\n<\/tr>\n<tr style=\"height: 13.50pt;\">\n<td style=\"height: 13.50pt;\" height=\"18\">Ide\u00e1ln\u00ed pou\u017eit\u00ed<\/td>\n<td>N\u00e1doba na skladov\u00e1n\u00ed medu, d\u00e1rkov\u00e9 ozdoby z medu<\/td>\n<\/tr>\n<\/tbody>\n<\/table>\n<h2>P\u0159\u00edb\u011bh \u00fasp\u011bchu: Rebranding v\u010dela\u0159sk\u00e9ho podniku<\/h2>\n<p>Zna\u010dka v\u010dela\u0159sk\u00fdch produkt\u016f, kter\u00e1 si v m\u00edstn\u00edm prost\u0159ed\u00ed vedla dob\u0159e, ale m\u011bla potenci\u00e1l pro v\u011bt\u0161\u00ed prodej, zejm\u00e9na pokud jde o surov\u00fd nefiltrovan\u00fd med, se v prodeji ocitla ve slep\u00e9 uli\u010dce. Jejich 250ml lahve na med si vedly dob\u0159e, ale nem\u011bli luxusn\u00ed balen\u00ed, kter\u00e9 by bylo vhodn\u00e9 pro prodej ve velk\u00e9m mno\u017estv\u00ed. Rozhodli se znovu uv\u00e9st na trh na\u0161e 500ml \u010dtvercov\u00e9 sklen\u011bn\u00e9 n\u00e1doby na med s reli\u00e9fn\u00edm vzorem. Nov\u00e9 sklenice dramaticky zm\u011bnily trh. Prodej jejich online d\u00e1rkov\u00fdch sad se tak v prvn\u00edm \u010dtvrtlet\u00ed po restartu zv\u00fd\u0161il o 45 %. Z\u00e1kazn\u00edci ve sv\u00fdch recenz\u00edch zmi\u0148uj\u00ed jako svou nejobl\u00edben\u011bj\u0161\u00ed v\u011bc zejm\u00e9na \u201ekr\u00e1sn\u00e9, luxusn\u00ed sklenice na med\u201c. Podle majitele se unik\u00e1tn\u00ed reli\u00e9fn\u00ed vzor stal jejich pozn\u00e1vac\u00ed zna\u010dkou, a proto je nejzn\u00e1m\u011bj\u0161\u00edm prvkem jejich produkt\u016f. V\u00fdsledkem byl \u0159et\u011bzec \u010dty\u0159 po sob\u011b jdouc\u00edch opakovan\u00fdch objedn\u00e1vek a od t\u00e9 doby do sv\u00e9ho sortimentu p\u0159idali 750ml sklen\u011bn\u00e9 sklenice na med s v\u00ed\u010dky a zajistili si velkoobchodn\u00ed partnerstv\u00ed se st\u00e1l\u00fdm tokem prodeje p\u0159es 500 000 kus\u016f ro\u010dn\u011b.<\/p>\n<h2>Doporu\u010den\u00ed pro p\u0159izp\u016fsoben\u00ed sklen\u011bn\u00fdch n\u00e1dob<\/h2>\n<ul>\n<li><strong>Reli\u00e9fn\u00ed logo:<\/strong> Um\u00edst\u011bte sv\u00e9 logo na sklo grav\u00edrov\u00e1n\u00edm, abyste zes\u00edlili efekt reli\u00e9fu a vizu\u00e1ln\u011b prezentovali pr\u00e9miovou, hmatatelnou identitu zna\u010dky.<\/li>\n<li><strong>Dekorativn\u00ed matn\u00fd panel:<\/strong> Matn\u00fd povrch na ploch\u00e9m povrchu \u010dtvercov\u00e9 sklenice nejen pom\u00e1h\u00e1 bezpe\u010dn\u011b dr\u017eet sklenici, ale tak\u00e9 vytv\u00e1\u0159\u00ed stylov\u011bj\u0161\u00ed a sofistikovan\u011bj\u0161\u00ed dvoubarevn\u00fd efekt.<\/li>\n<li><strong>Mo\u017enosti barevn\u00e9ho skla:<\/strong> Nap\u0159\u00edklad si m\u016f\u017eete vybrat jantarov\u00e9 nebo kobaltov\u011b modr\u00e9 sklo, pokud chcete radik\u00e1ln\u011b odli\u0161n\u00fd vzhled a z\u00e1rove\u0148 m\u00edt vlastnosti blokuj\u00edc\u00ed sv\u011btlo.<\/li>\n<li><strong>Povrchov\u00e1 textura:<\/strong> Na sklenic\u00edch r\u016fzn\u00fdch velikost\u00ed lze pou\u017e\u00edt r\u016fzn\u00e9 reli\u00e9fn\u00ed textury, co\u017e vede k konzistentn\u00ed a odli\u0161n\u00e9 variant\u011b pro va\u0161i produktovou \u0159adu.<\/li>\n<\/ul>","protected":false},"excerpt":{"rendered":"<p>Sklenice na med z \u010dir\u00e9ho skla s v\u00ed\u010dky s reli\u00e9fn\u00edmi vzory a bezpe\u010dn\u00fdmi kovov\u00fdmi uz\u00e1v\u011bry. Praktick\u00e1 n\u00e1doba na skladov\u00e1n\u00ed medu pro maloobchodn\u00ed balen\u00ed. Rychl\u00e9 dod\u00e1n\u00ed.<\/p>","protected":false},"featured_media":22823,"template":"","meta":[],"product_brand":[],"product_cat":[122,124,127],"product_tag":[],"class_list":{"0":"post-22818","1":"product","2":"type-product","3":"status-publish","4":"has-post-thumbnail","6":"product_cat-custom-glass-packaging","7":"product_cat-custom-glass-jars","8":"product_cat-glass-honey-jars","10":"first","11":"instock","12":"shipping-taxable","13":"product-type-simple"},"jetpack_sharing_enabled":true,"_links":{"self":[{"href":"https:\/\/yebodaglass.com\/cs\/wp-json\/wp\/v2\/product\/22818","targetHints":{"allow":["GET"]}}],"collection":[{"href":"https:\/\/yebodaglass.com\/cs\/wp-json\/wp\/v2\/product"}],"about":[{"href":"https:\/\/yebodaglass.com\/cs\/wp-json\/wp\/v2\/types\/product"}],"version-history":[{"count":5,"href":"https:\/\/yebodaglass.com\/cs\/wp-json\/wp\/v2\/product\/22818\/revisions"}],"predecessor-version":[{"id":25454,"href":"https:\/\/yebodaglass.com\/cs\/wp-json\/wp\/v2\/product\/22818\/revisions\/25454"}],"wp:featuredmedia":[{"embeddable":true,"href":"https:\/\/yebodaglass.com\/cs\/wp-json\/wp\/v2\/media\/22823"}],"wp:attachment":[{"href":"https:\/\/yebodaglass.com\/cs\/wp-json\/wp\/v2\/media?parent=22818"}],"wp:term":[{"taxonomy":"product_brand","embeddable":true,"href":"https:\/\/yebodaglass.com\/cs\/wp-json\/wp\/v2\/product_brand?post=22818"},{"taxonomy":"product_cat","embeddable":true,"href":"https:\/\/yebodaglass.com\/cs\/wp-json\/wp\/v2\/product_cat?post=22818"},{"taxonomy":"product_tag","embeddable":true,"href":"https:\/\/yebodaglass.com\/cs\/wp-json\/wp\/v2\/product_tag?post=22818"}],"curies":[{"name":"wp","href":"https:\/\/api.w.org\/{rel}","templated":true}]}}