{"id":22807,"date":"2025-10-28T13:24:01","date_gmt":"2025-10-28T05:24:01","guid":{"rendered":"https:\/\/yebodaglass.com\/?post_type=product&#038;p=22807"},"modified":"2025-10-28T17:47:21","modified_gmt":"2025-10-28T09:47:21","slug":"wholesale-transparent-little-jam-jars-for-canning","status":"publish","type":"product","link":"https:\/\/yebodaglass.com\/cs\/wholesale-transparent-little-jam-jars-for-canning\/","title":{"rendered":"Velkoobchodn\u00ed pr\u016fhledn\u00e9 mal\u00e9 zava\u0159ovac\u00ed sklenice 20ml 35ml 60ml 75ml"},"content":{"rendered":"<p>Tyto mal\u00e9 zava\u0159ovac\u00ed sklenice na d\u017eem se skl\u00e1daj\u00ed z pr\u016fhledn\u00e9ho v\u00e1lcovit\u00e9ho sklen\u011bn\u00e9ho t\u011bla a modern\u00edho zlat\u00e9ho v\u00ed\u010dka, kter\u00e9 je k dispozici v n\u011bkolika velikostech. V\u00ed\u010dko nejen zd\u016fraz\u0148uje bohat\u00fd zlatav\u00fd lesk medu, ale tak\u00e9 p\u0159edstavuje minimalistick\u00fd a z\u00e1rove\u0148 luxusn\u00ed design.<\/p>\n<h2>Vlastnosti produktu<\/h2>\n<ul>\n<li><strong>K\u0159i\u0161\u0165\u00e1lov\u011b \u010dist\u00e9:<\/strong> Kvalita a barva v\u00fdrobk\u016f jsou velmi dob\u0159e zd\u016frazn\u011bny k\u0159i\u0161\u0165\u00e1lov\u011b \u010dist\u00fdm sklem, kter\u00e9 vytv\u00e1\u0159\u00ed vynikaj\u00edc\u00ed prvn\u00ed dojem.<\/li>\n<li><strong>Bezpe\u010dn\u00e1 ut\u011bsn\u011bn\u00e1 ochrana:<\/strong> Nejt\u011bsn\u011bj\u0161\u00ed v\u00ed\u010dko osv\u011b\u017euje obsah a zabra\u0148uje jeho vyt\u00e9k\u00e1n\u00ed b\u011bhem p\u0159epravy a skladov\u00e1n\u00ed, co\u017e je pro va\u0161e v\u010del\u00ed produkty velmi d\u016fle\u017eit\u00e9.<\/li>\n<li><strong>Stohovateln\u00e9:<\/strong> Standardn\u00ed v\u00e1lcov\u00fd tvar t\u011bchto sklen\u011bn\u00fdch n\u00e1dob umo\u017e\u0148uje bezprobl\u00e9mov\u00e9 stohov\u00e1n\u00ed, \u010d\u00edm\u017e \u0161et\u0159\u00ed m\u00edsto jak ve skladech, tak i p\u0159i p\u0159eprav\u011b.<\/li>\n<\/ul>\n<h2 style=\"text-align: left;\">Kl\u00ed\u010dov\u00e9 specifikace<\/h2>\n<table class=\"aligncenter\" style=\"border-collapse: collapse; width: 414.77pt;\" border=\"0\" width=\"553\" cellspacing=\"0\" cellpadding=\"0\">\n<tbody>\n<tr style=\"height: 13.50pt;\">\n<td style=\"height: 13.50pt; width: 96.75pt;\" width=\"129\" height=\"18\">Funkce<\/td>\n<td style=\"width: 318.00pt;\" width=\"424\">Specifikace<\/td>\n<\/tr>\n<tr style=\"height: 13.50pt;\">\n<td style=\"height: 13.50pt;\" height=\"18\">Kapacita<\/td>\n<td>20 ml, 35 ml, 60 ml, 75 ml<\/td>\n<\/tr>\n<tr style=\"height: 13.50pt;\">\n<td style=\"height: 13.50pt;\" height=\"18\">Tvar<\/td>\n<td>V\u00e1lcov\u00fd se zaoblen\u00fdmi rameny<\/td>\n<\/tr>\n<tr style=\"height: 13.50pt;\">\n<td style=\"height: 13.50pt;\" height=\"18\">Rozm\u011bry<\/td>\n<td>4,3\u00d74,2 cm a\u017e 5\u00d76,4 cm<\/td>\n<\/tr>\n<tr style=\"height: 13.50pt;\">\n<td style=\"height: 13.50pt;\" height=\"18\">Materi\u00e1l<\/td>\n<td>Pr\u016fhledn\u00e9 sklo, kovov\u00e9 \u0161roubovac\u00ed v\u00ed\u010dko<\/td>\n<\/tr>\n<tr style=\"height: 13.50pt;\">\n<td style=\"height: 13.50pt;\" height=\"18\">Mo\u017enosti v\u00edka<\/td>\n<td>Zlat\u00e1, st\u0159\u00edbrn\u00e1, \u010derven\u00e1, r\u016f\u017eov\u00e1 (k dispozici jsou vlastn\u00ed barvy)<\/td>\n<\/tr>\n<tr style=\"height: 13.50pt;\">\n<td style=\"height: 13.50pt;\" height=\"18\">Nejlep\u0161\u00ed pro<\/td>\n<td>Med, mini marmel\u00e1dy, sady vzork\u016f<\/td>\n<\/tr>\n<tr style=\"height: 13.50pt;\">\n<td style=\"height: 13.50pt;\" height=\"18\">Ide\u00e1ln\u00ed pou\u017eit\u00ed<\/td>\n<td>Mal\u00e9 sklenice na d\u017eem, sklenice na d\u017eem, velkoobchodn\u00ed prodej sklenic na med<\/td>\n<\/tr>\n<\/tbody>\n<\/table>\n<h2>P\u0159\u00edb\u011bh \u00fasp\u011bchu: Jak pr\u00e9miov\u00e9 sklenice s medem pomohly rozv\u00edjet zna\u010dku<\/h2>\n<p>Zna\u010dka medu, kter\u00e1 se etablovala v regionu, trp\u011bla pou\u017e\u00edv\u00e1n\u00edm r\u016fzn\u00fdch sklenic od r\u016fzn\u00fdch dodavatel\u016f pro svou st\u00e1\u010dec\u00ed linku. Krom\u011b probl\u00e9m\u016f, kter\u00e9 to na jejich lince zp\u016fsobilo, to vedlo i ke sn\u00ed\u017een\u00ed image zna\u010dky. Rozhodla se od n\u00e1s po\u0159\u00eddit kulat\u00e9 sklenice na med o objemu 60 ml pro sv\u016fj vlajkov\u00fd produkt. Konzistentn\u00ed sklenice na med t\u00e9m\u011b\u0159 okam\u017eit\u011b zrychlily st\u00e1\u010dec\u00ed linku o 15 %, \u010d\u00edm\u017e se v\u00fdrazn\u011b zlep\u0161ila efektivita.<\/p>\n<p>Skute\u010dnou odm\u011bnou v\u0161ak byla zp\u011btn\u00e1 vazba od z\u00e1kazn\u00edk\u016f. Prodej jejich p\u0159edplatn\u00fdch krabi\u010dek se b\u011bhem \u0161esti m\u011bs\u00edc\u016f zv\u00fd\u0161il o 25 % a p\u0159edplatitel\u00e9 jako d\u016fvod pro p\u0159edplatn\u00e9 zd\u016fraznili zejm\u00e9na \u201eprofesion\u00e1ln\u00ed a vysoce kvalitn\u00ed vzhled\u201c nov\u00e9ho balen\u00ed. Tato dobr\u00e1 zp\u011btn\u00e1 vazba vedla ke t\u0159em po sob\u011b jdouc\u00edm objedn\u00e1vk\u00e1m. V sou\u010dasn\u00e9 dob\u011b jdou dobr\u00fdm p\u0159\u00edkladem t\u00edm, \u017ee na\u0161e obaly pou\u017e\u00edvaj\u00ed pro v\u0161echny sv\u00e9 sklenice a lahve s medem. Velkoobchodn\u00ed objedn\u00e1vky v celkov\u00e9 v\u00fd\u0161i v\u00edce ne\u017e 200 000 kus\u016f za \u010dtvrtlet\u00ed jsou jejich nov\u00fdm standardem.<\/p>\n<h2>Doporu\u010den\u00ed pro zak\u00e1zkov\u00e9 sklen\u011bn\u00e9 n\u00e1doby<\/h2>\n<ul>\n<li><strong>Barva zna\u010dkov\u00e9 \u010depice:<\/strong> A co takhle vybrat si vlastn\u00ed barvu \u010depice, kter\u00e1 odpov\u00edd\u00e1 va\u0161\u00ed zna\u010dce? Zlat\u00e1 by byla vynikaj\u00edc\u00ed volbou pro pr\u00e9miov\u00fd vzhled.<\/li>\n<li><strong>Sklo\u200b\u200d\u200c\u200d\u200d\u200c\u200d\u200c\u200d\u200c\u200d\u200d\u200c S\u00edtotisk:<\/strong> Pro dlouhotrvaj\u00edc\u00ed a odolnou rozpozn\u00e1n\u00ed zna\u010dky si vytvo\u0159te vlastn\u00ed podpis na sklen\u011bn\u00e9m povrchu pomoc\u00ed potisku.<\/li>\n<li><strong>Dekorace z matn\u00e9ho skla:<\/strong> Pro elegantn\u00ed vzhled, pohodln\u00e9 uchopen\u00ed a modern\u00ed vzhled ozdobte sklenici matn\u00fdm prou\u017ekem nebo vzorem.<\/li>\n<li><strong>Mo\u017enosti barevn\u00e9ho skla:<\/strong> Pro\u010d nepou\u017e\u00edt sv\u011btle jantarov\u00e9 nebo modr\u00e9 sklo pro va\u0161e v\u00fdrobky, kter\u00e9 je t\u0159eba chr\u00e1nit p\u0159ed sv\u011btlem?<\/li>\n<\/ul>","protected":false},"excerpt":{"rendered":"<p>Elegantn\u00ed mal\u00e9 zava\u0159ovac\u00ed d\u00f3zy na d\u017eem se zlat\u00fdmi \u0161roubovac\u00edmi v\u00ed\u010dky. Odoln\u00e9, vhodn\u00e9 do potravin\u00e1\u0159stv\u00ed a ide\u00e1ln\u00ed na med a d\u017eem. Rychl\u00e9 dod\u00e1n\u00ed a k dispozici jsou i vzorky zdarma.<\/p>","protected":false},"featured_media":22812,"template":"","meta":[],"product_brand":[],"product_cat":[122,124,127],"product_tag":[],"class_list":{"0":"post-22807","1":"product","2":"type-product","3":"status-publish","4":"has-post-thumbnail","6":"product_cat-custom-glass-packaging","7":"product_cat-custom-glass-jars","8":"product_cat-glass-honey-jars","10":"first","11":"instock","12":"shipping-taxable","13":"product-type-simple"},"jetpack_sharing_enabled":true,"_links":{"self":[{"href":"https:\/\/yebodaglass.com\/cs\/wp-json\/wp\/v2\/product\/22807","targetHints":{"allow":["GET"]}}],"collection":[{"href":"https:\/\/yebodaglass.com\/cs\/wp-json\/wp\/v2\/product"}],"about":[{"href":"https:\/\/yebodaglass.com\/cs\/wp-json\/wp\/v2\/types\/product"}],"version-history":[{"count":5,"href":"https:\/\/yebodaglass.com\/cs\/wp-json\/wp\/v2\/product\/22807\/revisions"}],"predecessor-version":[{"id":22853,"href":"https:\/\/yebodaglass.com\/cs\/wp-json\/wp\/v2\/product\/22807\/revisions\/22853"}],"wp:featuredmedia":[{"embeddable":true,"href":"https:\/\/yebodaglass.com\/cs\/wp-json\/wp\/v2\/media\/22812"}],"wp:attachment":[{"href":"https:\/\/yebodaglass.com\/cs\/wp-json\/wp\/v2\/media?parent=22807"}],"wp:term":[{"taxonomy":"product_brand","embeddable":true,"href":"https:\/\/yebodaglass.com\/cs\/wp-json\/wp\/v2\/product_brand?post=22807"},{"taxonomy":"product_cat","embeddable":true,"href":"https:\/\/yebodaglass.com\/cs\/wp-json\/wp\/v2\/product_cat?post=22807"},{"taxonomy":"product_tag","embeddable":true,"href":"https:\/\/yebodaglass.com\/cs\/wp-json\/wp\/v2\/product_tag?post=22807"}],"curies":[{"name":"wp","href":"https:\/\/api.w.org\/{rel}","templated":true}]}}