{"id":22798,"date":"2025-10-28T10:15:09","date_gmt":"2025-10-28T02:15:09","guid":{"rendered":"https:\/\/yebodaglass.com\/?post_type=product&#038;p=22798"},"modified":"2025-10-28T13:38:10","modified_gmt":"2025-10-28T05:38:10","slug":"wholesale-small-glass-jam-jars-with-flame-texture-design-50ml-75ml-100ml","status":"publish","type":"product","link":"https:\/\/yebodaglass.com\/cs\/wholesale-small-glass-jam-jars-with-flame-texture-design-50ml-75ml-100ml\/","title":{"rendered":"Velkoobchodn\u00ed mal\u00e9 sklen\u011bn\u00e9 d\u017eemy s designem textury plamene 50ml 75ml 100ml"},"content":{"rendered":"<p>Pr\u016fhledn\u00e9 sklo zdoben\u00e9 plamenem a zastr\u010den\u00fd pas d\u011blaj\u00ed z t\u011bchto mal\u00fdch sklenic na marmel\u00e1du radost. Jsou k dispozici s \u010derven\u00fdm i zlat\u00fdm v\u00ed\u010dkem a v r\u016fzn\u00fdch velikostech, a nejen\u017ee vyjad\u0159uj\u00ed \u010distotu, ale tak\u00e9 umoc\u0148uj\u00ed vizu\u00e1ln\u00ed atraktivitu zlatav\u00e9ho, p\u011bnov\u00e9ho medu d\u00edky sv\u00e9mu um\u011bleck\u00e9mu a sofistikovan\u00e9mu designu.<\/p>\n<h2>Vlastnosti produktu<\/h2>\n<ul>\n<li><strong>Pr\u016fhledn\u00e9 sklo:<\/strong> Nechte barvu a kvalitu sv\u00e9ho medu vid\u011bt pomoc\u00ed vysoce kvalitn\u00edch sklen\u011bn\u00fdch n\u00e1dob, kter\u00e9 jsou po dlouhou dobu odoln\u00e9 v\u016f\u010di zmatn\u011bn\u00ed.<\/li>\n<li><strong>Stylizovan\u00e1 zu\u017euj\u00edc\u00ed se l\u00e1hev s ohniv\u00fdm vzorem:<\/strong> L\u00e1hev je navr\u017eena s ohniv\u00fdm t\u00e9matem a spl\u00fdvav\u00fdm pasem, kter\u00fd vyza\u0159uje jedine\u010dnost, kreativitu nejen dlouhotrvaj\u00edc\u00ed vzpom\u00ednku na produkt, ale tak\u00e9 estetick\u00e9 hodnoty.<\/li>\n<li><strong>Je mo\u017en\u00fdch n\u011bkolik specifikac\u00ed:<\/strong> Tyto lahve se vyr\u00e1b\u011bj\u00ed v r\u016fzn\u00fdch velikostech, dle jejich pou\u017eit\u00ed, od ka\u017edodenn\u00ed spot\u0159eby v dom\u00e1cnostech a\u017e po balen\u00ed d\u00e1rk\u016f.<\/li>\n<\/ul>\n<h2 style=\"text-align: left;\">Kl\u00ed\u010dov\u00e9 specifikace<\/h2>\n<table class=\"aligncenter\" style=\"border-collapse: collapse; width: 383.27pt;\" border=\"0\" width=\"511\" cellspacing=\"0\" cellpadding=\"0\">\n<tbody>\n<tr style=\"height: 13.50pt;\">\n<td style=\"height: 13.50pt; width: 85.50pt;\" width=\"114\" height=\"18\">Funkce<\/td>\n<td style=\"width: 297.75pt;\" width=\"397\">Specifikace<\/td>\n<\/tr>\n<tr style=\"height: 13.50pt;\">\n<td style=\"height: 13.50pt;\" height=\"18\">Kapacita<\/td>\n<td>50ml, 75ml, 100ml<\/td>\n<\/tr>\n<tr style=\"height: 13.50pt;\">\n<td style=\"height: 13.50pt;\" height=\"18\">Rozm\u011bry<\/td>\n<td>4,9 \u00d7 6,8 cm a\u017e 6,2 \u00d7 8,6 cm<\/td>\n<\/tr>\n<tr style=\"height: 13.50pt;\">\n<td style=\"height: 13.50pt;\" height=\"18\">Materi\u00e1l<\/td>\n<td>Pr\u016fhledn\u00e9 sklo, kovov\u00e9 \u0161roubovac\u00ed v\u00ed\u010dko<\/td>\n<\/tr>\n<tr style=\"height: 13.50pt;\">\n<td style=\"height: 13.50pt;\" height=\"18\">Mo\u017enosti v\u00edka<\/td>\n<td>\u010cerven\u00e1, zlat\u00e1, \u010dern\u00e1, st\u0159\u00edbrn\u00e1 (k dispozici na zak\u00e1zku)<\/td>\n<\/tr>\n<tr style=\"height: 13.50pt;\">\n<td style=\"height: 13.50pt;\" height=\"18\">Nejlep\u0161\u00ed pro<\/td>\n<td>Med, mini d\u017eemy, d\u00e1rkov\u00e9 sady<\/td>\n<\/tr>\n<tr style=\"height: 13.50pt;\">\n<td style=\"height: 13.50pt;\" height=\"18\">Ide\u00e1ln\u00ed pou\u017eit\u00ed<\/td>\n<td>Mal\u00e9 sklenice na d\u017eem, zava\u0159ovac\u00ed sklenice na d\u017eem<\/td>\n<\/tr>\n<\/tbody>\n<\/table>\n<h2>P\u0159\u00edb\u011bh \u00fasp\u011bchu: V\u010dela\u0159sk\u00fd pr\u016fmysl s\u00edl\u00ed<\/h2>\n<p>Rodinn\u00fd v\u010dela\u0159sk\u00fd podnik vyr\u00e1b\u011bj\u00edc\u00ed surov\u00fd med z jednoho p\u016fvodu pou\u017e\u00edval b\u011b\u017en\u00e9 sklenice na d\u017eem. Jejich balen\u00ed bylo v po\u0159\u00e1dku, ale ve skute\u010dnosti neodr\u00e1\u017eelo kvalitu produktu, kter\u00fd prod\u00e1vali. Byla to skv\u011bl\u00e1 zm\u011bna, kdy\u017e se rozhodli p\u0159estat pou\u017e\u00edvat sv\u00e9 standardn\u00ed sklenice a za\u010dali m\u00edsto nich pou\u017e\u00edvat na\u0161e mal\u00e9 sklenice na d\u017eem o objemu 100 ml s v\u00ed\u010dky s potiskem na zak\u00e1zku. B\u011bhem 6 m\u011bs\u00edc\u016f zv\u00fd\u0161ili sv\u00e9 tr\u017eby z elektronick\u00e9ho obchodov\u00e1n\u00ed o 30 % a jedn\u00edm z faktor\u016f, kter\u00e9 k tomuto \u00fasp\u011bchu p\u0159isp\u011bly, je zp\u011btn\u00e1 vazba od z\u00e1kazn\u00edk\u016f, kte\u0159\u00ed uv\u00e1d\u011bj\u00ed, \u017ee sklenice jsou \u201ekr\u00e1sn\u00e9 a na dotek kvalitn\u00ed\u201c. Opakovan\u00e9 n\u00e1kupy se tak\u00e9 zv\u00fd\u0161ily o 60 %. I mal\u00e9 nav\u00fd\u0161en\u00ed ceny tedy m\u016f\u017ee nejen zv\u00fd\u0161it zisk z prodeje, ale tak\u00e9 zkr\u00e1\u0161lit z\u00e1\u017eitek z vybalov\u00e1n\u00ed. Nav\u00edc z\u00e1kazn\u00edk ji\u017e provedl t\u0159i dal\u0161\u00ed objedn\u00e1vky po 100 000 kusech, co\u017e je d\u016fvod, pro\u010d postupn\u011b zm\u011bnil p\u016fvodn\u00ed hromadnou objedn\u00e1vku na stabiln\u00ed \u010dtvrtletn\u00ed velkoobchodn\u00ed partnerstv\u00ed pro sv\u00e9 nejobl\u00edben\u011bj\u0161\u00ed velikosti sklenic medu.<\/p>\n<h2>Tipy na p\u0159izp\u016fsoben\u00ed mal\u00fdch sklenic na d\u017eem<\/h2>\n<ul>\n<li><strong>S\u00edtotisk:<\/strong> Jedn\u00edm z nejlep\u0161\u00edch, ne-li nejlep\u0161\u00edm, zp\u016fsob\u016f potisku loga nebo grafiky je s\u00edtotisk, kter\u00fd byste m\u011bli zv\u00e1\u017eit na vnit\u0159n\u00ed stranu sklenice na med, abyste dos\u00e1hli luxusn\u00edho a dlouhotrvaj\u00edc\u00edho vzhledu.<\/li>\n<li><strong>Barevn\u00e9 sklo:<\/strong> Aby byl z\u00e1\u017eitek \u00fapln\u011b jin\u00fd, pro\u010d nepou\u017e\u00edt na med jantarov\u00e9 nebo zelen\u00e9 sklenice, kter\u00e9 budou zase chr\u00e1n\u011bny p\u0159ed sv\u011btlem?<\/li>\n<li><strong>Barvy v\u00ed\u010dek na m\u00edru:<\/strong> Pokud m\u00e1 va\u0161e zna\u010dka specifickou barevnou identitu (jako je zlat\u00e1, \u010derven\u00e1 nebo \u010dern\u00e1), pro\u010d si pro sv\u00e1 v\u00ed\u010dka nezvolit jednu z t\u011bchto barev z nab\u00edzen\u00e9 palety?<\/li>\n<\/ul>","protected":false},"excerpt":{"rendered":"<p>Elegantn\u00ed mal\u00e9 sklen\u011bn\u00e9 d\u00f3zy na d\u017eem s texturou plamene a kovov\u00fdmi v\u00ed\u010dky. Ide\u00e1ln\u00ed pro balen\u00ed d\u017eemu nebo medu. P\u0159\u00edmo z tov\u00e1rny, rychl\u00e9 dod\u00e1n\u00ed, vzorky zdarma.<\/p>","protected":false},"featured_media":22801,"template":"","meta":[],"product_brand":[],"product_cat":[122,124,127],"product_tag":[],"class_list":{"0":"post-22798","1":"product","2":"type-product","3":"status-publish","4":"has-post-thumbnail","6":"product_cat-custom-glass-packaging","7":"product_cat-custom-glass-jars","8":"product_cat-glass-honey-jars","10":"first","11":"instock","12":"shipping-taxable","13":"product-type-simple"},"jetpack_sharing_enabled":true,"_links":{"self":[{"href":"https:\/\/yebodaglass.com\/cs\/wp-json\/wp\/v2\/product\/22798","targetHints":{"allow":["GET"]}}],"collection":[{"href":"https:\/\/yebodaglass.com\/cs\/wp-json\/wp\/v2\/product"}],"about":[{"href":"https:\/\/yebodaglass.com\/cs\/wp-json\/wp\/v2\/types\/product"}],"version-history":[{"count":5,"href":"https:\/\/yebodaglass.com\/cs\/wp-json\/wp\/v2\/product\/22798\/revisions"}],"predecessor-version":[{"id":22809,"href":"https:\/\/yebodaglass.com\/cs\/wp-json\/wp\/v2\/product\/22798\/revisions\/22809"}],"wp:featuredmedia":[{"embeddable":true,"href":"https:\/\/yebodaglass.com\/cs\/wp-json\/wp\/v2\/media\/22801"}],"wp:attachment":[{"href":"https:\/\/yebodaglass.com\/cs\/wp-json\/wp\/v2\/media?parent=22798"}],"wp:term":[{"taxonomy":"product_brand","embeddable":true,"href":"https:\/\/yebodaglass.com\/cs\/wp-json\/wp\/v2\/product_brand?post=22798"},{"taxonomy":"product_cat","embeddable":true,"href":"https:\/\/yebodaglass.com\/cs\/wp-json\/wp\/v2\/product_cat?post=22798"},{"taxonomy":"product_tag","embeddable":true,"href":"https:\/\/yebodaglass.com\/cs\/wp-json\/wp\/v2\/product_tag?post=22798"}],"curies":[{"name":"wp","href":"https:\/\/api.w.org\/{rel}","templated":true}]}}