{"id":22757,"date":"2025-10-27T15:59:54","date_gmt":"2025-10-27T07:59:54","guid":{"rendered":"https:\/\/yebodaglass.com\/?post_type=product&#038;p=22757"},"modified":"2026-04-14T09:35:09","modified_gmt":"2026-04-14T01:35:09","slug":"bulk-empty-jam-pots-for-honey-or-fruit-spread","status":"publish","type":"product","link":"https:\/\/yebodaglass.com\/cs\/bulk-empty-jam-pots-for-honey-or-fruit-spread\/","title":{"rendered":"Pr\u00e1zdn\u00e9 kel\u00edmky na d\u017eem na med nebo ovocnou pomaz\u00e1nku 50ml \u2013 380ml"},"content":{"rendered":"<p>Tyto pr\u00e1zdn\u00e9 sklenice na d\u017eem maj\u00ed klasicky \u017eebrovan\u00fd vzor, \u200b\u200bk\u0159i\u0161\u0165\u00e1lov\u011b \u010dir\u00e9 sklo a kr\u00e1sn\u00e9 \u010dervenob\u00edl\u00e9 kostkovan\u00e9 v\u00ed\u010dko. Dod\u00e1vaj\u00ed se v \u0161esti velikostech.<\/p>\n<h2>Vlastnosti produktu<\/h2>\n<ul>\n<li><strong>Stejn\u00e9 kostkovan\u00e9 v\u00edko:<\/strong> Standardn\u00ed \u010dervenob\u00edl\u00e9 kostkovan\u00e9 l\u00e1tkov\u00e9 v\u00edko je velmi roztomil\u00e1, rustik\u00e1ln\u00ed a snadno rozpoznateln\u00e1 dekorace.<\/li>\n<li><strong>Svisl\u00e9 \u017eebrov\u00e1n\u00ed:<\/strong> S p\u0159id\u00e1n\u00edm svisl\u00fdch \u017eeber se z jednoduch\u00e9 sklenice stane kreativn\u00ed texturovan\u00fd design, \u010d\u00edm\u017e se zkr\u00e1\u0161l\u00ed vizu\u00e1ln\u00ed atraktivita produktu a u\u010din\u00ed se l\u00e9pe rozpoznateln\u00fdm.<\/li>\n<li><strong>R\u016fzn\u00e9 dostupn\u00e9 velikosti:<\/strong> Nab\u00edz\u00edme \u0161irok\u00fd v\u00fdb\u011br velikost\u00ed medov\u00fdch sklenic, abyste si mohli vybrat tu, kter\u00e1 nejl\u00e9pe vyhovuje va\u0161im po\u017eadavk\u016fm.<\/li>\n<\/ul>\n<h2 style=\"text-align: left;\">Kl\u00ed\u010dov\u00e9 specifikace<\/h2>\n<table class=\"aligncenter\" style=\"border-collapse: collapse; width: 406.52pt;\" border=\"0\" width=\"542\" cellspacing=\"0\" cellpadding=\"0\">\n<tbody>\n<tr style=\"height: 13.50pt;\">\n<td style=\"height: 13.50pt; width: 90.00pt;\" width=\"120\" height=\"18\">Funkce<\/td>\n<td style=\"width: 316.50pt;\" width=\"422\">Specifikace<\/td>\n<\/tr>\n<tr style=\"height: 13.50pt;\">\n<td style=\"height: 13.50pt;\" height=\"18\">Kapacita<\/td>\n<td>50 ml, 100 ml, 150 ml, 200 ml, 250 ml, 380 ml<\/td>\n<\/tr>\n<tr style=\"height: 13.50pt;\">\n<td style=\"height: 13.50pt;\" height=\"18\">Tvar<\/td>\n<td>V\u00e1lcov\u00fd<\/td>\n<\/tr>\n<tr style=\"height: 13.50pt;\">\n<td style=\"height: 13.50pt;\" height=\"18\">Rozm\u011bry<\/td>\n<td>3,95 \u00d7 5,3 cm a\u017e 8,7 \u00d7 11,3 cm<\/td>\n<\/tr>\n<tr style=\"height: 13.50pt;\">\n<td style=\"height: 13.50pt;\" height=\"18\">Typ krku<\/td>\n<td>\u0160irok\u00e1 \u00fasta (vnit\u0159n\u00ed pr\u016fm\u011br 3,5 cm a\u017e 7 cm)<\/td>\n<\/tr>\n<tr style=\"height: 13.50pt;\">\n<td style=\"height: 13.50pt;\" height=\"18\">Materi\u00e1l<\/td>\n<td>Pr\u016fhledn\u00e9 sklo, v\u00edko s l\u00e1tkov\u00fdm uz\u00e1v\u011brem<\/td>\n<\/tr>\n<tr style=\"height: 13.50pt;\">\n<td style=\"height: 13.50pt;\" height=\"18\">Mo\u017enosti v\u00edka<\/td>\n<td>\u010cervenob\u00edl\u00e1 kostka, jednobarevn\u00e9 (mo\u017enost zak\u00e1zkov\u00e9 v\u00fdroby)<\/td>\n<\/tr>\n<tr style=\"height: 13.50pt;\">\n<td style=\"height: 13.50pt;\" height=\"18\">Nejlep\u0161\u00ed pro<\/td>\n<td>Med, d\u017eem, zava\u0159eniny, d\u00e1rkov\u00e9 sady<\/td>\n<\/tr>\n<tr style=\"height: 13.50pt;\">\n<td style=\"height: 13.50pt;\" height=\"18\">Ide\u00e1ln\u00ed pou\u017eit\u00ed<\/td>\n<td>D\u017eemov\u00e9 sklenice, velkoobchod s pr\u00e1zdn\u00fdmi d\u017eemov\u00fdmi sklenicemi<\/td>\n<\/tr>\n<\/tbody>\n<\/table>\n<h2>P\u0159\u00edb\u011bh \u00fasp\u011bchu<\/h2>\n<p>Jeden z britsk\u00fdch v\u00fdrobc\u016f d\u017eem\u016f zakoupil na\u0161e pr\u00e1zdn\u00e9 sklenice na d\u017eem a objednal si unik\u00e1tn\u00ed sklenici z jantarov\u00e9ho skla vhodn\u00e9ho pro potravin\u00e1\u0159stv\u00ed. Vzhled, kter\u00fd byl navr\u017een na m\u00edru, se stal obrovsk\u00fdm hitem: speci\u00e1ln\u00ed sklenice se staly jejich pozn\u00e1vac\u00edm znamen\u00edm a pr\u016fzkum mezi z\u00e1kazn\u00edky uk\u00e1zal, \u017ee 85 procent spot\u0159ebitel\u016f dok\u00e1zalo zna\u010dku identifikovat v\u00fdhradn\u011b podle sklenice. Jantarov\u00e9 sklo nab\u00edzelo m\u00edrn\u00fd efekt blokov\u00e1n\u00ed sv\u011btla, co\u017e podle v\u00fdrobce prodlou\u017eilo trvanlivost jejich k\u0159ehk\u00e9ho d\u017eemu o 10 procent. Na z\u00e1klad\u011b t\u011bchto \u00fasp\u011bch\u016f objednali dal\u0161\u00edch 45 000 sklenic, aby se p\u0159ipravili na spu\u0161t\u011bn\u00ed nov\u00e9ho exportn\u00edho programu na americk\u00fd a asijsk\u00fd trh.<\/p>\n<h2>Doporu\u010den\u00ed pro \u00fapravu pr\u00e1zdn\u00fdch sklenic na d\u017eem<\/h2>\n<ul>\n<li><strong>Reli\u00e9fn\u00ed logo na v\u00edku:<\/strong> Elegantn\u00edho a luxusn\u00edho detailu lze dos\u00e1hnout kr\u00e1sn\u00fdm reli\u00e9fn\u00edm logem na \u0161pi\u010dk\u00e1ch v\u00edka.<\/li>\n<li><strong>Barva skla:<\/strong> Zvolte jantarov\u00e9 nebo zelen\u00e9 sklo, kter\u00e9 ochr\u00e1n\u00ed sv\u011btlocitliv\u00e9 v\u00fdrobky a z\u00e1rove\u0148 dod\u00e1 poli\u010dce exkluzivn\u00ed vzhled.<\/li>\n<li><strong>Vlastn\u00ed kapacita:<\/strong> Spolupracujte s n\u00e1mi na p\u0159izp\u016fsoben\u00ed kapacity, kter\u00e1 by nejl\u00e9pe vyhovovala va\u0161emu podnik\u00e1n\u00ed, a to bu\u010f na z\u00e1klad\u011b hmotnosti, nebo ceny va\u0161ich produkt\u016f.<\/li>\n<\/ul>","protected":false},"excerpt":{"rendered":"<p>Pr\u00e1zdn\u00e9 sklen\u011bn\u00e9 kel\u00edmky od marmel\u00e1dy ve vintage stylu se svisl\u00fdmi pruhy. Ide\u00e1ln\u00ed na balen\u00ed medu, marmel\u00e1dy nebo d\u00e1rk\u016f. Vyu\u017eijte mno\u017estevn\u00ed slevy, rychl\u00e9 dod\u00e1n\u00ed a vzorky zdarma.<\/p>","protected":false},"featured_media":25456,"template":"","meta":[],"product_brand":[],"product_cat":[127,124,122],"product_tag":[],"class_list":{"0":"post-22757","1":"product","2":"type-product","3":"status-publish","4":"has-post-thumbnail","6":"product_cat-glass-honey-jars","7":"product_cat-custom-glass-jars","8":"product_cat-custom-glass-packaging","10":"first","11":"instock","12":"shipping-taxable","13":"product-type-simple"},"jetpack_sharing_enabled":true,"_links":{"self":[{"href":"https:\/\/yebodaglass.com\/cs\/wp-json\/wp\/v2\/product\/22757","targetHints":{"allow":["GET"]}}],"collection":[{"href":"https:\/\/yebodaglass.com\/cs\/wp-json\/wp\/v2\/product"}],"about":[{"href":"https:\/\/yebodaglass.com\/cs\/wp-json\/wp\/v2\/types\/product"}],"version-history":[{"count":5,"href":"https:\/\/yebodaglass.com\/cs\/wp-json\/wp\/v2\/product\/22757\/revisions"}],"predecessor-version":[{"id":25771,"href":"https:\/\/yebodaglass.com\/cs\/wp-json\/wp\/v2\/product\/22757\/revisions\/25771"}],"wp:featuredmedia":[{"embeddable":true,"href":"https:\/\/yebodaglass.com\/cs\/wp-json\/wp\/v2\/media\/25456"}],"wp:attachment":[{"href":"https:\/\/yebodaglass.com\/cs\/wp-json\/wp\/v2\/media?parent=22757"}],"wp:term":[{"taxonomy":"product_brand","embeddable":true,"href":"https:\/\/yebodaglass.com\/cs\/wp-json\/wp\/v2\/product_brand?post=22757"},{"taxonomy":"product_cat","embeddable":true,"href":"https:\/\/yebodaglass.com\/cs\/wp-json\/wp\/v2\/product_cat?post=22757"},{"taxonomy":"product_tag","embeddable":true,"href":"https:\/\/yebodaglass.com\/cs\/wp-json\/wp\/v2\/product_tag?post=22757"}],"curies":[{"name":"wp","href":"https:\/\/api.w.org\/{rel}","templated":true}]}}