{"id":22751,"date":"2025-10-27T14:15:12","date_gmt":"2025-10-27T06:15:12","guid":{"rendered":"https:\/\/yebodaglass.com\/?post_type=product&#038;p=22751"},"modified":"2025-10-27T17:32:57","modified_gmt":"2025-10-27T09:32:57","slug":"volne-lozena-lahev-na-med-z-cireho-skla-o-objemu-75-ml-s-designem-v-pase","status":"publish","type":"product","link":"https:\/\/yebodaglass.com\/cs\/volne-lozena-lahev-na-med-z-cireho-skla-o-objemu-75-ml-s-designem-v-pase\/","title":{"rendered":"Velkoobjemov\u00e1 75ml \u010dir\u00e1 sklen\u011bn\u00e1 l\u00e1hev na med s designem pasu"},"content":{"rendered":"<p>Tyto mal\u00e9 lahvi\u010dky na med jsou vyrobeny z vysoce pr\u016fhledn\u00e9ho skla s p\u0159il\u00e9hav\u00fdm designem a zlat\u00fdmi v\u00ed\u010dky. Jednoduch\u00fd a stylov\u00fd design dod\u00e1v\u00e1 produktu p\u0159\u00edjemn\u00fd vzhled.<\/p>\n<h2>Vlastnosti produktu<\/h2>\n<ul>\n<li><strong>Pr\u016fhledn\u00e9 sklo:<\/strong> Pr\u016fhlednost skla umo\u017e\u0148uje viditeln\u00fd obsah a snadnou kontrolu jeho kvality, tak\u017ee identifikace a inspekce nevy\u017eaduj\u00ed \u017e\u00e1dnou n\u00e1mahu.<\/li>\n<li><strong>Tenk\u00fd design lahve:<\/strong> Pou\u017eit\u00edm \u0161t\u00edhl\u00e9ho designu lahve dos\u00e1hli v\u00fdrobci elegantn\u00edho a stylov\u00e9ho vzhledu, kter\u00fd nejen zkr\u00e1\u0161luje produkt, ale tak\u00e9 usnad\u0148uje jeho propagaci.<\/li>\n<li><strong>Kompaktn\u00ed velikost:<\/strong> D\u00edky kompaktn\u00edm rozm\u011br\u016fm je lahev praktick\u00fdm kouskem, kter\u00fd si m\u016f\u017eete vz\u00edt s sebou na cesty, pou\u017e\u00edt p\u0159i ochutn\u00e1vk\u00e1ch nebo p\u0159i jin\u00fdch p\u0159\u00edle\u017eitostech, kdy je pot\u0159eba mal\u00e9ho mno\u017estv\u00ed.<\/li>\n<\/ul>\n<h2 style=\"text-align: left;\">Kl\u00ed\u010dov\u00e9 specifikace<\/h2>\n<table class=\"aligncenter\" style=\"border-collapse: collapse; width: 453.02pt;\" border=\"0\" width=\"604\" cellspacing=\"0\" cellpadding=\"0\">\n<tbody>\n<tr style=\"height: 13.50pt;\">\n<td style=\"height: 13.50pt; width: 92.25pt;\" width=\"123\" height=\"18\">Funkce<\/td>\n<td style=\"width: 360.75pt;\" width=\"481\">Specifikace<\/td>\n<\/tr>\n<tr style=\"height: 13.50pt;\">\n<td style=\"height: 13.50pt;\" height=\"18\">Kapacita<\/td>\n<td>75ml<\/td>\n<\/tr>\n<tr style=\"height: 13.50pt;\">\n<td style=\"height: 13.50pt;\" height=\"18\">Tvar<\/td>\n<td>P\u0159es\u00fdpac\u00ed hodiny (pas)<\/td>\n<\/tr>\n<tr style=\"height: 13.50pt;\">\n<td style=\"height: 13.50pt;\" height=\"18\">Rozm\u011bry<\/td>\n<td>4,5 \u00d7 11,2 cm<\/td>\n<\/tr>\n<tr style=\"height: 13.50pt;\">\n<td style=\"height: 13.50pt;\" height=\"18\">Materi\u00e1l<\/td>\n<td>Pr\u016fhledn\u00e9 sklo, kovov\u00e9 \u0161roubovac\u00ed v\u00ed\u010dko<\/td>\n<\/tr>\n<tr style=\"height: 13.50pt;\">\n<td style=\"height: 13.50pt;\" height=\"18\">Mo\u017enosti v\u00edka<\/td>\n<td>Zlat\u00e1, st\u0159\u00edbrn\u00e1, \u010dern\u00e1 (k dispozici na zak\u00e1zku)<\/td>\n<\/tr>\n<tr style=\"height: 13.50pt;\">\n<td style=\"height: 13.50pt;\" height=\"18\">Nejlep\u0161\u00ed pro<\/td>\n<td>Vzorky medu, d\u00e1rkov\u00e9 sady, cestovn\u00ed balen\u00ed, gurm\u00e1nsk\u00e9 \u0159ady<\/td>\n<\/tr>\n<tr style=\"height: 13.50pt;\">\n<td style=\"height: 13.50pt;\" height=\"18\">Ide\u00e1ln\u00ed pou\u017eit\u00ed<\/td>\n<td>Mal\u00e9 lahvi\u010dky na med, lahvi\u010dky na med, velkoobchodn\u00ed prodej sklenic na med<\/td>\n<\/tr>\n<\/tbody>\n<\/table>\n<h2>P\u0159\u00edb\u011bh \u00fasp\u011bchu: Podpora prodeje luxusn\u00edch d\u00e1rk\u016f<\/h2>\n<p>Prodejce specializovan\u00fdch potravin cht\u011bl pro sv\u00e9 luxusn\u00ed v\u00e1no\u010dn\u00ed d\u00e1rkov\u00e9 krabi\u010dky v\u00fdraznou l\u00e1hev. Hledal obal, kter\u00fd by kombinoval prvky luxusu a cenov\u00e9 dostupnosti. Zvolil na\u0161i \u00fazkou 75ml l\u00e1hev na med se zlat\u00fdm v\u00ed\u010dkem a objednal 5 000 kus\u016f. V\u00fdsledky byly slibn\u00e9. Z\u00fa\u017een\u00fd pas a zlat\u00e9 v\u00ed\u010dko zv\u00fd\u0161ily vn\u00edmanou hodnotu \u2013 jedna zna\u010dka \u0159emesln\u00e9ho medu zaznamenala 42% n\u00e1r\u016fst prodeje d\u00e1rkov\u00fdch sad. Krom\u011b toho robustn\u00ed sklen\u011bn\u00e1 l\u00e1hev p\u0159isp\u011bla k 50% sn\u00ed\u017een\u00ed \u0161kod p\u0159i p\u0159eprav\u011b ve srovn\u00e1n\u00ed s pou\u017eit\u00edm p\u0159edchoz\u00ed plastov\u00e9 l\u00e1hve. Tento \u00fasp\u011bch vedl prodejce k tomu, \u017ee v r\u00e1mci valent\u00fdnsk\u00e9 akce zadal a\u017e 200 000 prodlou\u017een\u00fdch objedn\u00e1vek a z\u00e1rove\u0148 se zav\u00e1zal, \u017ee l\u00e1hev bude i nad\u00e1le pou\u017e\u00edvat jako hlavn\u00ed d\u00e1rkov\u00fd p\u0159edm\u011bt, co\u017e vedlo k 150% meziro\u010dn\u00edmu n\u00e1r\u016fstu obchodu s medov\u00fdmi d\u00e1rky spole\u010dnosti.<\/p>\n<h2>N\u00e1vrhy na zak\u00e1zkov\u00e9 balen\u00ed skla<\/h2>\n<ul>\n<li><strong>Laserov\u011b grav\u00edrovan\u00e1 kapacita na z\u00e1kladn\u011b:<\/strong> Vygrav\u00edrujte dole \u201e75ml\u201c. Vypad\u00e1 \u00fahledn\u011b. Usnad\u0148uje d\u00e1vkov\u00e9 pln\u011bn\u00ed.<\/li>\n<li><strong>Pr\u016fhlednost skla:<\/strong> Zvolte m\u00edrn\u011b t\u00f3novan\u00e9 sklo, nap\u0159\u00edklad sv\u011btle kou\u0159ov\u011b \u0161ed\u00e9, aby p\u0159edm\u011bt vypadal modern\u011b a vy\u010dn\u00edval z davu.<\/li>\n<li><strong>Einmachgl\u00e4ser aus Glas mit Rautenmuster \u2013 120\u2013620 ml Luxus-Vorratsbeh\u00e4lter \u2013 YEBODA GLASS<\/strong> Einmachgl\u00e4ser aus Glas<\/li>\n<li><strong>S\u00edtotisk:<\/strong> Einmachglas<\/li>\n<\/ul>","protected":false},"excerpt":{"rendered":"<p>Pr\u00e9miov\u00e9 sklen\u011bn\u00e9 lahvi\u010dky na med ve tvaru pasu pro v\u00fdrazn\u00fd branding. Ide\u00e1ln\u00ed pro producenty medu a velkoobchodn\u00edky s mno\u017estevn\u00edmi slevami a rychl\u00fdm dod\u00e1n\u00edm.<\/p>","protected":false},"featured_media":22755,"template":"","meta":[],"product_brand":[],"product_cat":[122,124,127],"product_tag":[],"class_list":{"0":"post-22751","1":"product","2":"type-product","3":"status-publish","4":"has-post-thumbnail","6":"product_cat-custom-glass-packaging","7":"product_cat-custom-glass-jars","8":"product_cat-glass-honey-jars","10":"first","11":"instock","12":"shipping-taxable","13":"product-type-simple"},"jetpack_sharing_enabled":true,"_links":{"self":[{"href":"https:\/\/yebodaglass.com\/cs\/wp-json\/wp\/v2\/product\/22751","targetHints":{"allow":["GET"]}}],"collection":[{"href":"https:\/\/yebodaglass.com\/cs\/wp-json\/wp\/v2\/product"}],"about":[{"href":"https:\/\/yebodaglass.com\/cs\/wp-json\/wp\/v2\/types\/product"}],"version-history":[{"count":3,"href":"https:\/\/yebodaglass.com\/cs\/wp-json\/wp\/v2\/product\/22751\/revisions"}],"predecessor-version":[{"id":22769,"href":"https:\/\/yebodaglass.com\/cs\/wp-json\/wp\/v2\/product\/22751\/revisions\/22769"}],"wp:featuredmedia":[{"embeddable":true,"href":"https:\/\/yebodaglass.com\/cs\/wp-json\/wp\/v2\/media\/22755"}],"wp:attachment":[{"href":"https:\/\/yebodaglass.com\/cs\/wp-json\/wp\/v2\/media?parent=22751"}],"wp:term":[{"taxonomy":"product_brand","embeddable":true,"href":"https:\/\/yebodaglass.com\/cs\/wp-json\/wp\/v2\/product_brand?post=22751"},{"taxonomy":"product_cat","embeddable":true,"href":"https:\/\/yebodaglass.com\/cs\/wp-json\/wp\/v2\/product_cat?post=22751"},{"taxonomy":"product_tag","embeddable":true,"href":"https:\/\/yebodaglass.com\/cs\/wp-json\/wp\/v2\/product_tag?post=22751"}],"curies":[{"name":"wp","href":"https:\/\/api.w.org\/{rel}","templated":true}]}}