{"id":22744,"date":"2025-10-27T13:12:16","date_gmt":"2025-10-27T05:12:16","guid":{"rendered":"https:\/\/yebodaglass.com\/?post_type=product&#038;p=22744"},"modified":"2026-04-10T13:30:20","modified_gmt":"2026-04-10T05:30:20","slug":"wholesale-unique-honeycomb-glass-jars-for-honey-storage","status":"publish","type":"product","link":"https:\/\/yebodaglass.com\/cs\/wholesale-unique-honeycomb-glass-jars-for-honey-storage\/","title":{"rendered":"Velkoobchodn\u00ed unik\u00e1tn\u00ed vo\u0161tinov\u00e9 sklenice na skladov\u00e1n\u00ed medu 175ml 380ml 750ml"},"content":{"rendered":"<p>Jedn\u00e1 se o sklen\u011bnou n\u00e1dobu s ov\u00e1ln\u00fdm tvarem v\u010del\u00ed pl\u00e1stve s horizont\u00e1ln\u00edmi vlnit\u00fdmi \u00fatvary, kter\u00e9 vypadaj\u00ed jako pl\u00e1stev. Vyroben\u00e1 z k\u0159i\u0161\u0165\u00e1lov\u011b \u010dist\u00e9ho skla, dokonale zobrazuje med nebo marmel\u00e1du v n\u00ed.<\/p>\n<h2>Vlastnosti produktu<\/h2>\n<ul>\n<li><strong>Textura horizont\u00e1ln\u00ed vo\u0161tinov\u00e9 dr\u00e1\u017eky:\u200b<\/strong> Design sklenice se vyzna\u010duje hlubok\u00fdmi horizont\u00e1ln\u00edmi dr\u00e1\u017ekami, kter\u00e9 vytv\u00e1\u0159ej\u00ed vzor pl\u00e1stve, jen\u017e zaji\u0161\u0165uje estetickou p\u0159ita\u017elivost a efektivn\u00ed manipulaci.<\/li>\n<li><strong>Mo\u017enosti z\u00e1\u0159iv\u00fdch kovov\u00fdch krytek:\u200b<\/strong> Vyberte si klasick\u00fd \u010dern\u00fd nebo v\u00fdrazn\u00fd \u010derven\u00fd kovov\u00fd \u0161roubovac\u00ed uz\u00e1v\u011br, kter\u00fd bude definovat vzhled va\u0161\u00ed zna\u010dky v reg\u00e1lu.<\/li>\n<li><strong>T\u0159i dekorativn\u00ed velikosti:<\/strong> D\u00edky mal\u00e9mu, st\u0159edn\u00edmu a velk\u00e9mu designu sklenic m\u016f\u017ee spole\u010dnost nab\u00edzet produkty v\u0161ech velikost\u00ed, od d\u00e1rkov\u00fdch vzork\u016f a\u017e po rodinn\u00e9 porce.<\/li>\n<\/ul>\n<h2 style=\"text-align: left;\">Kl\u00ed\u010dov\u00e9 specifikace<\/h2>\n<table class=\"aligncenter\" style=\"border-collapse: collapse; width: 453.02pt;\" border=\"0\" width=\"604\" cellspacing=\"0\" cellpadding=\"0\">\n<tbody>\n<tr style=\"height: 13.50pt;\">\n<td style=\"height: 13.50pt; width: 92.25pt;\" width=\"123\" height=\"18\">Funkce<\/td>\n<td style=\"width: 360.75pt;\" width=\"481\">Specifikace<\/td>\n<\/tr>\n<tr style=\"height: 13.50pt;\">\n<td style=\"height: 13.50pt;\" height=\"18\">Kapacita<\/td>\n<td>175 ml, 380 ml, 750 ml<\/td>\n<\/tr>\n<tr style=\"height: 13.50pt;\">\n<td style=\"height: 13.50pt;\" height=\"18\">Rozm\u011bry<\/td>\n<td>6,4 \u00d7 9,5 cm a\u017e 10,2 \u00d7 14,6 cm<\/td>\n<\/tr>\n<tr style=\"height: 13.50pt;\">\n<td style=\"height: 13.50pt;\" height=\"18\">Typ krku<\/td>\n<td>\u0160irok\u00e1 \u00fasta (42 mm a\u017e 58 mm)<\/td>\n<\/tr>\n<tr style=\"height: 13.50pt;\">\n<td style=\"height: 13.50pt;\" height=\"18\">Materi\u00e1l<\/td>\n<td>\u010cir\u00e9 sklo, \u0161roubovac\u00ed v\u00ed\u010dko z PP<\/td>\n<\/tr>\n<tr style=\"height: 13.50pt;\">\n<td style=\"height: 13.50pt;\" height=\"18\">Mo\u017enosti v\u00edka<\/td>\n<td>\u010cern\u00e1, \u010derven\u00e1 (mo\u017enost zak\u00e1zkov\u00e9 barvy)<\/td>\n<\/tr>\n<tr style=\"height: 13.50pt;\">\n<td style=\"height: 13.50pt;\" height=\"18\">Nejlep\u0161\u00ed pro<\/td>\n<td>Med, d\u017eem, d\u00e1rkov\u00e9 sady, gurm\u00e1nsk\u00e9 \u0159ady<\/td>\n<\/tr>\n<tr style=\"height: 13.50pt;\">\n<td style=\"height: 13.50pt;\" height=\"18\">Ide\u00e1ln\u00ed pou\u017eit\u00ed<\/td>\n<td>Sklen\u011bn\u00e9 d\u00f3zy s vo\u0161tinovou strukturou, unik\u00e1tn\u00ed d\u00f3zy na med, velkoobjemov\u00e9 n\u00e1doby na med<\/td>\n<\/tr>\n<\/tbody>\n<\/table>\n<h2>P\u0159\u00edb\u011bh \u00fasp\u011bchu: Zaveden\u00ed zna\u010dky \u0159emesln\u00e9ho medu ze St\u0159edoz\u00e1padu<\/h2>\n<p>Zna\u010dka \u0159emesln\u00e9ho medu ze St\u0159edoz\u00e1padu si vybrala na\u0161e jedine\u010dn\u00e9 sklenice na med, proto\u017ee cht\u011bla vytvo\u0159it personalizovan\u00e9 balen\u00ed pomoc\u00ed matn\u011b \u010dern\u00fdch kovov\u00fdch v\u00ed\u010dek, na kter\u00e1 s\u00edtotiskem natiskla logo sv\u00e9 v\u010dely. Okam\u017eit\u00fd \u00fasp\u011bch zna\u010dky s t\u011bmito sklenicemi vedl k 250% n\u00e1r\u016fstu zapojen\u00ed na soci\u00e1ln\u00edch s\u00edt\u00edch a 40% n\u00e1r\u016fstu tr\u017eeb z kamenn\u00fdch prodejen b\u011bhem prvn\u00edho \u010dtvrtlet\u00ed. Obrovsk\u00fd \u00fasp\u011bch zna\u010dky vedl k n\u00e1sledn\u00e9 objedn\u00e1vce 380 000 sklenic pro uveden\u00ed nov\u00e9 ochucen\u00e9 kr\u00e9mov\u00e9 medov\u00e9 kolekce a d\u00e1rkov\u00fdch sad medu.<\/p>\n<h2>Doporu\u010den\u00ed pro p\u0159izp\u016fsoben\u00ed obal\u016f ze skla<\/h2>\n<ul>\n<li><strong>Materi\u00e1l v\u00edka:<\/strong> V\u00fdb\u011brem leskl\u00fdch, matn\u00fdch nebo dokonce d\u0159evit\u00fdch plastov\u00fdch v\u00ed\u010dek lze vytvo\u0159it rozmanitou \u0161k\u00e1lu textur.<\/li>\n<li><strong>\u010cirost skla:<\/strong> Obvykle se pou\u017e\u00edv\u00e1 \u010dir\u00e9 sklo, nicm\u00e9n\u011b pro jedine\u010dn\u00fd vzhled nab\u00edz\u00edme i m\u00edrn\u00e9 odst\u00edny, jako je jantarov\u00e1 nebo zelen\u00e1.<\/li>\n<li><strong>Barevn\u00e1 v\u00fdpl\u0148:<\/strong> Pokud hled\u00e1te atraktivn\u011bj\u0161\u00ed v\u00fdsledek, m\u016f\u017eeme toho dos\u00e1hnout vypln\u011bn\u00edm zapu\u0161t\u011bn\u00e9ho vo\u0161tinov\u00e9ho vzoru permanentn\u00edm barevn\u00fdm smaltem.<\/li>\n<li><strong>Vlastn\u00ed kapacita:<\/strong> Co kdy\u017e chcete velikost, kter\u00e1 nen\u00ed uvedena? M\u016f\u017eeme upravit kapacitu tak, aby vyhovovala va\u0161emu konkr\u00e9tn\u00edmu produktu.<\/li>\n<\/ul>","protected":false},"excerpt":{"rendered":"<p>Stylov\u00e1 sklen\u011bn\u00e1 d\u00f3za s vo\u0161tinov\u00fdm vzorem, \u017eebrovanou texturou a vysoce \u010dir\u00fdm t\u011blem. Unik\u00e1tn\u00ed sklenice na med, ide\u00e1ln\u00ed pro skladov\u00e1n\u00ed medu, sirupu nebo marmel\u00e1dy. K dispozici jsou vzorky zdarma.<\/p>","protected":false},"featured_media":22746,"template":"","meta":[],"product_brand":[],"product_cat":[127,124,122],"product_tag":[],"class_list":{"0":"post-22744","1":"product","2":"type-product","3":"status-publish","4":"has-post-thumbnail","6":"product_cat-glass-honey-jars","7":"product_cat-custom-glass-jars","8":"product_cat-custom-glass-packaging","10":"first","11":"instock","12":"shipping-taxable","13":"product-type-simple"},"jetpack_sharing_enabled":true,"_links":{"self":[{"href":"https:\/\/yebodaglass.com\/cs\/wp-json\/wp\/v2\/product\/22744","targetHints":{"allow":["GET"]}}],"collection":[{"href":"https:\/\/yebodaglass.com\/cs\/wp-json\/wp\/v2\/product"}],"about":[{"href":"https:\/\/yebodaglass.com\/cs\/wp-json\/wp\/v2\/types\/product"}],"version-history":[{"count":5,"href":"https:\/\/yebodaglass.com\/cs\/wp-json\/wp\/v2\/product\/22744\/revisions"}],"predecessor-version":[{"id":25730,"href":"https:\/\/yebodaglass.com\/cs\/wp-json\/wp\/v2\/product\/22744\/revisions\/25730"}],"wp:featuredmedia":[{"embeddable":true,"href":"https:\/\/yebodaglass.com\/cs\/wp-json\/wp\/v2\/media\/22746"}],"wp:attachment":[{"href":"https:\/\/yebodaglass.com\/cs\/wp-json\/wp\/v2\/media?parent=22744"}],"wp:term":[{"taxonomy":"product_brand","embeddable":true,"href":"https:\/\/yebodaglass.com\/cs\/wp-json\/wp\/v2\/product_brand?post=22744"},{"taxonomy":"product_cat","embeddable":true,"href":"https:\/\/yebodaglass.com\/cs\/wp-json\/wp\/v2\/product_cat?post=22744"},{"taxonomy":"product_tag","embeddable":true,"href":"https:\/\/yebodaglass.com\/cs\/wp-json\/wp\/v2\/product_tag?post=22744"}],"curies":[{"name":"wp","href":"https:\/\/api.w.org\/{rel}","templated":true}]}}