{"id":22714,"date":"2025-10-24T17:22:39","date_gmt":"2025-10-24T09:22:39","guid":{"rendered":"https:\/\/yebodaglass.com\/?post_type=product&#038;p=22714"},"modified":"2025-10-27T13:13:23","modified_gmt":"2025-10-27T05:13:23","slug":"velkoobchodni-sklenene-sestihranne-sklenice-na-med-s-naberackou","status":"publish","type":"product","link":"https:\/\/yebodaglass.com\/cs\/velkoobchodni-sklenene-sestihranne-sklenice-na-med-s-naberackou\/","title":{"rendered":"Velkoobchodn\u00ed sklen\u011bn\u00e9 \u0161estihrann\u00e9 sklenice na med s nab\u011bra\u010dkou 100ml 220ml 380ml"},"content":{"rendered":"<p>Tyto \u0161estihrann\u00e9 sklenice na med jsou perfektn\u00ed, proto\u017ee se dod\u00e1vaj\u00ed v r\u016fzn\u00fdch velikostech a maj\u00ed \u010dir\u00e9 \u0161estihrann\u00e9 sklen\u011bn\u00e9 t\u011blo s v\u00ed\u010dkem z p\u0159\u00edrodn\u00edho d\u0159eva a zabudovanou l\u017ei\u010dkou na med. Krom\u011b toho, \u017ee med nejl\u00e9pe vynikne, kombinuj\u00ed geometrick\u00fd design s decentn\u00ed a praktickou eleganc\u00ed.<\/p>\n<h2>Vlastnosti produktu<\/h2>\n<ul>\n<li><strong>\u0160estihrann\u00e1 l\u00e1hev:<\/strong> Pravideln\u00fd \u0161esti\u00faheln\u00edkov\u00fd tvar s geometrick\u00fdm p\u016fvabem dob\u0159e lad\u00ed s p\u0159\u00edrodn\u00edmi aspekty medu a pom\u00e1h\u00e1 umocnit jeho vizu\u00e1ln\u00ed identitu.<\/li>\n<li><strong>Integrovan\u00fd design:<\/strong> Krom\u011b toho sklenice obsahuj\u00ed tak\u00e9 d\u0159ev\u011bnou m\u00edcha\u010dku na med, kter\u00e1 dob\u0159e zapad\u00e1 do d\u0159ev\u011bn\u00e9ho v\u00ed\u010dka, a t\u00edm dod\u00e1v\u00e1 medu p\u0159irozen\u00fd a konzistentn\u00ed vzhled.<\/li>\n<li><strong>Pr\u016fhledn\u00e9 sklo:<\/strong> Krom\u011b toho pr\u016fhledn\u00e9 sklo poskytuje \u00fapln\u00fd p\u0159ehled o mno\u017estv\u00ed a kvalit\u011b medu, a proto je dopl\u0148ov\u00e1n\u00ed snadn\u011bj\u0161\u00ed.<\/li>\n<\/ul>\n<h2 style=\"text-align: left;\">Kl\u00ed\u010dov\u00e9 specifikace<\/h2>\n<table style=\"border-collapse: collapse; margin-left: auto; margin-right: auto; width: 453.02pt;\" border=\"0\" width=\"604\" cellspacing=\"0\" cellpadding=\"0\">\n<tbody>\n<tr style=\"height: 13.50pt;\">\n<td style=\"height: 13.50pt; width: 92.25pt;\" width=\"123\" height=\"18\">Funkce<\/td>\n<td style=\"width: 360.75pt;\" width=\"481\">Specifikace<\/td>\n<\/tr>\n<tr style=\"height: 13.50pt;\">\n<td style=\"height: 13.50pt;\" height=\"18\">Kapacita<\/td>\n<td>100ml, 220ml, 380ml<\/td>\n<\/tr>\n<tr style=\"height: 13.50pt;\">\n<td style=\"height: 13.50pt;\" height=\"18\">Tvar<\/td>\n<td>\u0160estihrann\u00fd (\u0161estistrann\u00fd)<\/td>\n<\/tr>\n<tr style=\"height: 13.50pt;\">\n<td style=\"height: 13.50pt;\" height=\"18\">Rozm\u011bry<\/td>\n<td>7,7 \u00d7 8,3 cm a\u017e 11,7 \u00d7 12,1 cm<\/td>\n<\/tr>\n<tr style=\"height: 13.50pt;\">\n<td style=\"height: 13.50pt;\" height=\"18\">Materi\u00e1l<\/td>\n<td>Pr\u016fhledn\u00e9 sklo, v\u00edko a nab\u011bra\u010dka z masivn\u00edho d\u0159eva<\/td>\n<\/tr>\n<tr style=\"height: 13.50pt;\">\n<td style=\"height: 13.50pt;\" height=\"18\">Mo\u017enosti v\u00edka<\/td>\n<td>P\u0159\u00edrodn\u00ed d\u0159evo (mo\u017enost zak\u00e1zkov\u00e9ho mo\u0159en\u00ed)<\/td>\n<\/tr>\n<tr style=\"height: 13.50pt;\">\n<td style=\"height: 13.50pt;\" height=\"18\">Nejlep\u0161\u00ed pro<\/td>\n<td>Med, d\u00e1rkov\u00e9 sady, gurm\u00e1nsk\u00e9 potravin\u00e1\u0159sk\u00e9 \u0159ady<\/td>\n<\/tr>\n<tr style=\"height: 13.50pt;\">\n<td style=\"height: 13.50pt;\" height=\"18\">Ide\u00e1ln\u00ed pou\u017eit\u00ed<\/td>\n<td>\u0160estihrann\u00e9 sklenice na med s nab\u011bra\u010dkou, \u0159emesln\u00e9 obchodn\u00ed linky<\/td>\n<\/tr>\n<\/tbody>\n<\/table>\n<h2>P\u0159\u00edb\u011bh \u00fasp\u011bchu: Rozvoj v\u010dela\u0159sk\u00e9ho dru\u017estva<\/h2>\n<p>Slavn\u00e9 v\u010dela\u0159sk\u00e9 dru\u017estvo, kter\u00e9 hledalo perfektn\u00ed sklen\u011bnou n\u00e1dobu na med, kter\u00e1 by co nejl\u00e9pe odr\u00e1\u017eela jejich \u010derstv\u00fd med, si vybralo na\u0161i sklen\u011bnou n\u00e1dobu na med o objemu 380 ml s nab\u011bra\u010dkou pro jej\u00ed dlouhou \u017eivotnost a pr\u016fhledn\u00fd vzhled. Jejich prodej vzrostl b\u011bhem prvn\u00edch \u0161esti m\u011bs\u00edc\u016f roku o 25 % pot\u00e9, co sv\u016fj produkt zm\u011bnili na n\u00e1\u0161, p\u0159i\u010dem\u017e v\u011bt\u0161ina tohoto n\u00e1r\u016fstu se p\u0159ipisuje kr\u00e1sn\u00e9mu designu n\u00e1dob, d\u00edky kter\u00e9mu vynikaly na farm\u00e1\u0159sk\u00fdch trz\u00edch. Tak\u00e9 snadn\u00e9 ovl\u00e1d\u00e1n\u00ed l\u017ei\u010dkou, kter\u00e9 bylo sou\u010d\u00e1st\u00ed n\u00e1doby, p\u0159ineslo velmi pozitivn\u00ed zp\u011btnou vazbu od z\u00e1kazn\u00edk\u016f, co\u017e vedlo k 75% n\u00e1r\u016fstu jejich v\u011brnosti. Pot\u00e9, co byli spokojeni s kvalitou produktu a efektivn\u00edm procesem hromadn\u00fdch objedn\u00e1vek, zadali dal\u0161\u00ed t\u0159i objedn\u00e1vky po 150 000 n\u00e1dob\u00e1ch, \u010d\u00edm\u017e se sklenice stala st\u00e1lic\u00ed v jejich balen\u00ed.<\/p>\n<h2>Doporu\u010den\u00ed pro \u00fapravu sklenic na med<\/h2>\n<ul>\n<li><strong>Zna\u010dka v\u00edka:<\/strong> D\u0159ev\u011bn\u00e9 v\u00ed\u010dko sklenice m\u016f\u017ee b\u00fdt opat\u0159eno logem va\u0161\u00ed spole\u010dnosti bu\u010f horkou ra\u017ebou, nebo laserov\u00fdm grav\u00edrov\u00e1n\u00edm.<\/li>\n<li><strong>Nagykereskedelmi egyedi hatsz\u00f6glet\u0171 \u00fcveg m\u00e9zes\u00fcvegek fed\u00e9llel 375ml 750ml<\/strong> Medovou ty\u010dinku ozna\u010dte bu\u010f nat\u0159en\u00edm barvami va\u0161\u00ed zna\u010dky, nebo p\u0159ipevn\u011bn\u00edm mal\u00e9 \u0161t\u00edtku se zna\u010dkou.<\/li>\n<li><strong>egyedi bef\u0151ttes\u00fcvegek<\/strong> Atraktivn\u00edm prvkem produktu bude jemn\u011b osv\u011btlen\u00fd, elegantn\u00ed vzhled, kter\u00fd \u0161esti\u00faheln\u00edkov\u00e9mu sklu dod\u00e1v\u00e1 matn\u00e1 povrchov\u00e1 \u00faprava zd\u016fraz\u0148uj\u00edc\u00ed jeho tvar.<\/li>\n<li><strong>Vlastn\u00ed kapacita:<\/strong> Pokud po\u017eadujete ur\u010ditou velikost, m\u016f\u017eeme si s v\u00e1mi domluvit sch\u016fzku, na kter\u00e9 se dohodneme na objemu, kter\u00fd bude nejl\u00e9pe vyhovovat va\u0161im obchodn\u00edm pot\u0159eb\u00e1m.<\/li>\n<\/ul>\n<p>Chcete b\u00fdt p\u0159ipraveni p\u0159edem? Pro\u010d n\u00e1s nekontaktujete je\u0161t\u011b dnes a probereme s v\u00e1mi pot\u0159ebn\u00e9 mno\u017estv\u00ed medu za skv\u011blou velkoobchodn\u00ed cenu? Pom\u016f\u017eeme v\u00e1m naj\u00edt ide\u00e1ln\u00ed balen\u00ed medu pro va\u0161e podnik\u00e1n\u00ed.<\/p>","protected":false},"excerpt":{"rendered":"<p>Dekorativn\u00ed sklen\u011bn\u00e9 \u0161estihrann\u00e9 d\u00f3zy na med s d\u0159ev\u011bn\u00fdmi v\u00ed\u010dky a nab\u011bra\u010dkami na med. Ide\u00e1ln\u00ed pro balen\u00ed medu, d\u00e1rkov\u00e9 sady a velkoobchodn\u00ed objedn\u00e1vky. Vzorek zdarma.<\/p>","protected":false},"featured_media":22736,"template":"","meta":[],"product_brand":[],"product_cat":[122,124,127],"product_tag":[],"class_list":{"0":"post-22714","1":"product","2":"type-product","3":"status-publish","4":"has-post-thumbnail","6":"product_cat-custom-glass-packaging","7":"product_cat-custom-glass-jars","8":"product_cat-glass-honey-jars","10":"first","11":"instock","12":"shipping-taxable","13":"product-type-simple"},"jetpack_sharing_enabled":true,"_links":{"self":[{"href":"https:\/\/yebodaglass.com\/cs\/wp-json\/wp\/v2\/product\/22714","targetHints":{"allow":["GET"]}}],"collection":[{"href":"https:\/\/yebodaglass.com\/cs\/wp-json\/wp\/v2\/product"}],"about":[{"href":"https:\/\/yebodaglass.com\/cs\/wp-json\/wp\/v2\/types\/product"}],"version-history":[{"count":5,"href":"https:\/\/yebodaglass.com\/cs\/wp-json\/wp\/v2\/product\/22714\/revisions"}],"predecessor-version":[{"id":22745,"href":"https:\/\/yebodaglass.com\/cs\/wp-json\/wp\/v2\/product\/22714\/revisions\/22745"}],"wp:featuredmedia":[{"embeddable":true,"href":"https:\/\/yebodaglass.com\/cs\/wp-json\/wp\/v2\/media\/22736"}],"wp:attachment":[{"href":"https:\/\/yebodaglass.com\/cs\/wp-json\/wp\/v2\/media?parent=22714"}],"wp:term":[{"taxonomy":"product_brand","embeddable":true,"href":"https:\/\/yebodaglass.com\/cs\/wp-json\/wp\/v2\/product_brand?post=22714"},{"taxonomy":"product_cat","embeddable":true,"href":"https:\/\/yebodaglass.com\/cs\/wp-json\/wp\/v2\/product_cat?post=22714"},{"taxonomy":"product_tag","embeddable":true,"href":"https:\/\/yebodaglass.com\/cs\/wp-json\/wp\/v2\/product_tag?post=22714"}],"curies":[{"name":"wp","href":"https:\/\/api.w.org\/{rel}","templated":true}]}}