{"id":22702,"date":"2025-10-24T15:45:33","date_gmt":"2025-10-24T07:45:33","guid":{"rendered":"https:\/\/yebodaglass.com\/?post_type=product&#038;p=22702"},"modified":"2025-10-24T17:20:26","modified_gmt":"2025-10-24T09:20:26","slug":"volne-lozene-kulate-sklenice-na-med-s-vicky-a-svislymi-pruhy","status":"publish","type":"product","link":"https:\/\/yebodaglass.com\/cs\/volne-lozene-kulate-sklenice-na-med-s-vicky-a-svislymi-pruhy\/","title":{"rendered":"Kulat\u00e9 sklenice na med s v\u00ed\u010dky a svisl\u00fdmi pruhy 150ml 200ml 280ml 380ml"},"content":{"rendered":"<p>Tyto sklenice na med s v\u00ed\u010dky jsou vyrobeny z \u010dir\u00e9ho skla se svisl\u00fdmi pruhy t\u00e1hnouc\u00edmi se po cel\u00e9 d\u00e9lce. V\u00ed\u010dka mohou b\u00fdt r\u016f\u017eovo-zlat\u00e1, \u010derven\u00e1 nebo zlat\u00e1. Krom\u011b toho, \u017ee jsou sklenice dokonal\u00fdm zp\u016fsobem, jak vystavit med, jeho\u017e barva se pohybuje od zlat\u00e9 po jantarovou, vyza\u0159uj\u00ed tak\u00e9 sofistikovan\u00e9 a elegantn\u00ed kouzlo d\u00edky tomu, \u017ee jsou k dispozici v r\u016fzn\u00fdch velikostech.<\/p>\n<h2>Vlastnosti produktu<\/h2>\n<ul>\n<li><strong>\u010cir\u00e9 sklo:<\/strong> D\u00edky pr\u016fhledn\u00e9mu sklu je na prvn\u00ed pohled vid\u011bt hladinu medu, jeho stav a dokonce i druh, co\u017e velmi usnad\u0148uje dopl\u0148ov\u00e1n\u00ed a identifikaci.<\/li>\n<li><strong>Vertik\u00e1ln\u00ed pruhovan\u00e1 l\u00e1hev:<\/strong> Kr\u00e1sn\u00fd texturovan\u00fd svisl\u00fd pruhovan\u00fd vzor je um\u011blecky rozprost\u0159en po cel\u00e9 l\u00e1hvi, co\u017e nejen pozved\u00e1 design, ale tak\u00e9 ji \u010din\u00ed viditeln\u011bj\u0161\u00ed.<\/li>\n<li><strong>R\u016fzn\u00e9 velikosti:<\/strong> K dispozici je obrovsk\u00e1 \u0161k\u00e1la velikost\u00ed, ze kter\u00fdch si m\u016f\u017eete vybrat nejvhodn\u011bj\u0161\u00ed l\u00e1hev pro va\u0161e pou\u017eit\u00ed nebo konkr\u00e9tn\u00ed p\u0159\u00edle\u017eitost.<\/li>\n<\/ul>\n<h2 style=\"text-align: left;\">Kl\u00ed\u010dov\u00e9 specifikace<\/h2>\n<table class=\"aligncenter\" style=\"border-collapse: collapse; width: 412.52pt;\" border=\"0\" width=\"550\" cellspacing=\"0\" cellpadding=\"0\">\n<tbody>\n<tr style=\"height: 13.50pt;\">\n<td style=\"height: 13.50pt; width: 90.00pt;\" width=\"120\" height=\"18\">Funkce<\/td>\n<td style=\"width: 322.50pt;\" width=\"430\">Specifikace<\/td>\n<\/tr>\n<tr style=\"height: 13.50pt;\">\n<td style=\"height: 13.50pt;\" height=\"18\">Kapacita<\/td>\n<td>150ml, 200ml, 280ml, 380ml<\/td>\n<\/tr>\n<tr style=\"height: 13.50pt;\">\n<td style=\"height: 13.50pt;\" height=\"18\">Tvar<\/td>\n<td>Kulat\u00fd s vertik\u00e1ln\u00edmi v\u00fdstupky<\/td>\n<\/tr>\n<tr style=\"height: 13.50pt;\">\n<td style=\"height: 13.50pt;\" height=\"18\">Rozm\u011bry<\/td>\n<td>6,1 \u00d7 7,4 cm a\u017e 8,5 \u00d7 9,7 cm<\/td>\n<\/tr>\n<tr style=\"height: 13.50pt;\">\n<td style=\"height: 13.50pt;\" height=\"18\">Materi\u00e1l<\/td>\n<td>\u010cir\u00e9 sklo, \u0161roubovac\u00ed v\u00ed\u010dko z PP<\/td>\n<\/tr>\n<tr style=\"height: 13.50pt;\">\n<td style=\"height: 13.50pt;\" height=\"18\">Mo\u017enosti v\u00edka<\/td>\n<td>R\u016f\u017eov\u00e9 zlato, \u010derven\u00e1, zlat\u00e1 (k dispozici jsou vlastn\u00ed barvy)<\/td>\n<\/tr>\n<tr style=\"height: 13.50pt;\">\n<td style=\"height: 13.50pt;\" height=\"18\">Ide\u00e1ln\u00ed pou\u017eit\u00ed<\/td>\n<td>Sklenice na med s v\u00ed\u010dky, medov\u00e9 hrnce, velkoobjemov\u00e9 sklenice na med<\/td>\n<\/tr>\n<\/tbody>\n<\/table>\n<h2>P\u0159\u00edb\u011bh \u00fasp\u011bchu: Zv\u00fd\u0161en\u00ed pov\u011bdom\u00ed o zna\u010dce a prodeje<\/h2>\n<p>Rodinn\u00fd v\u010dela\u0159sk\u00fd podnik m\u011bl skv\u011bl\u00fd produkt, ale ne tak dobr\u00e9 balen\u00ed. Jejich jednoduch\u00e9 kulat\u00e9 sklenice na d\u017eem se neprod\u00e1valy. Rozhodli se vyzkou\u0161et na\u0161e 280ml sklenice na med se svisl\u00fdmi pruhy, a tak provedli po\u010d\u00e1te\u010dn\u00ed objedn\u00e1vku 3 000 kus\u016f. \u00da\u010dinky byly rychl\u00e9. V\u00fdrazn\u00fd design svisl\u00fdch pruh\u016f a kovov\u00e9 v\u00ed\u010dko vedly k n\u00e1r\u016fstu prodeje o 25 % a spole\u010dnost si tak\u00e9 zajistila m\u00edsto ve dvou p\u0159edplatn\u00fdch lahv\u00edch gurm\u00e1nsk\u00fdch potravin. Po\u010det z\u00e1kazn\u00edk\u016f, kte\u0159\u00ed nakupovali opakovan\u011b, se zv\u00fd\u0161il o 78 %. Od t\u00e9 doby si pravideln\u011b objedn\u00e1vaj\u00ed, a proto \u010dtvrtletn\u011b nakoupili 100 000 lahv\u00ed a ned\u00e1vno roz\u0161\u00ed\u0159ili na 150ml zku\u0161ebn\u00ed velikost.<\/p>\n<h2>Doporu\u010den\u00ed pro zak\u00e1zkov\u00e9 sklen\u011bn\u00e9 n\u00e1doby<\/h2>\n<ul>\n<li><strong>Hloubka a \u0161\u00ed\u0159ka dr\u00e1\u017eky:<\/strong> Upravte \u0161\u00ed\u0159ku dr\u00e1\u017eky nebo vzd\u00e1lenost mezi v\u00fdstupky tak, aby se textura vizu\u00e1ln\u011b v\u00edce \u010di m\u00e9n\u011b zobrazovala.<\/li>\n<li><strong>Barevn\u00e9 sklo:<\/strong> Jemn\u00e1 barva, nap\u0159\u00edklad sv\u011btle jantarov\u00e1, m\u016f\u017ee b\u00fdt pou\u017eita nejen k tomu, aby med vypadal tepleji, ale tak\u00e9 k jeho ochran\u011b p\u0159ed UV z\u00e1\u0159en\u00edm.<\/li>\n<li><strong>Vlastn\u00ed\u200b\u200d\u200c\u200d\u200c\u200d\u200c\u200d\u200c\u200d\u200c\u200d\u200d\u200c Tvar z\u00e1kladny:<\/strong> Zm\u011b\u0148te z\u00e1kladnu na trochu \u0161esti\u00faheln\u00edkov\u00fd nebo \u010dtvercov\u00fd tvar, ale pro konzistenci zachovejte zaoblen\u00e9 dr\u00e1\u017eky.<\/li>\n<\/ul>\n<p>Co takhle posunout va\u0161i zna\u010dku o krok d\u00e1l? Kontaktujte n\u00e1s a z\u00edskejte velkoobchodn\u00ed cenovou nab\u00eddku na sklenici medu a p\u0159edstavte si nekone\u010dn\u00e9 mo\u017enosti s na\u0161imi sklen\u011bn\u00fdmi obaly na m\u00edru.<\/p>","protected":false},"excerpt":{"rendered":"<p>Elegantn\u00ed sklenice na med s v\u00ed\u010dky s vertik\u00e1ln\u011b \u017eebrovanou texturou. Ide\u00e1ln\u00ed pro balen\u00ed medu, d\u017eemu nebo potravin, dostupn\u00e9 pro hromadn\u00e9 objedn\u00e1vky a personalizaci zna\u010dky.<\/p>","protected":false},"featured_media":22705,"template":"","meta":[],"product_brand":[],"product_cat":[122,124,127],"product_tag":[],"class_list":{"0":"post-22702","1":"product","2":"type-product","3":"status-publish","4":"has-post-thumbnail","6":"product_cat-custom-glass-packaging","7":"product_cat-custom-glass-jars","8":"product_cat-glass-honey-jars","10":"first","11":"instock","12":"shipping-taxable","13":"product-type-simple"},"jetpack_sharing_enabled":true,"_links":{"self":[{"href":"https:\/\/yebodaglass.com\/cs\/wp-json\/wp\/v2\/product\/22702","targetHints":{"allow":["GET"]}}],"collection":[{"href":"https:\/\/yebodaglass.com\/cs\/wp-json\/wp\/v2\/product"}],"about":[{"href":"https:\/\/yebodaglass.com\/cs\/wp-json\/wp\/v2\/types\/product"}],"version-history":[{"count":5,"href":"https:\/\/yebodaglass.com\/cs\/wp-json\/wp\/v2\/product\/22702\/revisions"}],"predecessor-version":[{"id":22712,"href":"https:\/\/yebodaglass.com\/cs\/wp-json\/wp\/v2\/product\/22702\/revisions\/22712"}],"wp:featuredmedia":[{"embeddable":true,"href":"https:\/\/yebodaglass.com\/cs\/wp-json\/wp\/v2\/media\/22705"}],"wp:attachment":[{"href":"https:\/\/yebodaglass.com\/cs\/wp-json\/wp\/v2\/media?parent=22702"}],"wp:term":[{"taxonomy":"product_brand","embeddable":true,"href":"https:\/\/yebodaglass.com\/cs\/wp-json\/wp\/v2\/product_brand?post=22702"},{"taxonomy":"product_cat","embeddable":true,"href":"https:\/\/yebodaglass.com\/cs\/wp-json\/wp\/v2\/product_cat?post=22702"},{"taxonomy":"product_tag","embeddable":true,"href":"https:\/\/yebodaglass.com\/cs\/wp-json\/wp\/v2\/product_tag?post=22702"}],"curies":[{"name":"wp","href":"https:\/\/api.w.org\/{rel}","templated":true}]}}