{"id":22695,"date":"2025-10-24T14:50:28","date_gmt":"2025-10-24T06:50:28","guid":{"rendered":"https:\/\/yebodaglass.com\/?post_type=product&#038;p=22695"},"modified":"2026-04-09T15:59:51","modified_gmt":"2026-04-09T07:59:51","slug":"glass-jars-with-lids-wholesale-round-honey-jars-bulk","status":"publish","type":"product","link":"https:\/\/yebodaglass.com\/cs\/glass-jars-with-lids-wholesale-round-honey-jars-bulk\/","title":{"rendered":"Velkoobchodn\u00ed prodej sklen\u011bn\u00fdch d\u00f3z s v\u00ed\u010dky | Kulat\u00e9 sklenice na med 180ml 360ml 500ml 720ml"},"content":{"rendered":"<p>Tyto sklen\u011bn\u00e9 d\u00f3zy s v\u00ed\u010dky maj\u00ed modern\u00ed design. Jsou vyrobeny ze skla a na reg\u00e1lech obchod\u016f vypadaj\u00ed velmi profesion\u00e1ln\u011b. D\u00edky tomu jsou vhodn\u00e9 pro balen\u00ed r\u016fzn\u00fdch druh\u016f produkt\u016f. Tyto sklen\u011bn\u00e9 d\u00f3zy s v\u00ed\u010dky lze pou\u017e\u00edt na spoustu v\u011bc\u00ed, jako je med, \u017eel\u00e9, sirup, om\u00e1\u010dka a dokonce i sv\u00ed\u010dky. \u0160irok\u00e9 hrdlo d\u00f3zy usnad\u0148uje pln\u011bn\u00ed, skladov\u00e1n\u00ed a pou\u017e\u00edv\u00e1n\u00ed produkt\u016f uvnit\u0159. Proto je zna\u010dky, velk\u00e9 i mal\u00e9, r\u00e1dy pou\u017e\u00edvaj\u00ed.<\/p>\n<h2>Kl\u00ed\u010dov\u00e9 vlastnosti<\/h2>\n<ol>\n<li><strong>Odoln\u00e9 sklo vhodn\u00e9 do potravin\u00e1\u0159stv\u00ed<\/strong>V\u0161echny na\u0161e kulat\u00e9 sklenice na med jsou vyrobeny z vysoce b\u00edl\u00e9ho sodnov\u00e1penat\u00e9ho skla a jsou odoln\u00e9, opakovan\u011b pou\u017eiteln\u00e9 a bezpe\u010dn\u00e9 pro skladov\u00e1n\u00ed potravin a dlouhodob\u00e9 pou\u017e\u00edv\u00e1n\u00ed.<\/li>\n<li><strong>Bezpe\u010dn\u00e9 uzav\u0159en\u00ed pro \u010derstvost<\/strong>\u0160roubovac\u00ed v\u00ed\u010dko v kombinaci s tlakov\u011b citliv\u00fdmi nebo f\u00f3liov\u00fdmi vlo\u017ekami zaji\u0161\u0165uje vynikaj\u00edc\u00ed t\u011bsnic\u00ed vlastnosti, ide\u00e1ln\u00ed pro n\u00e1doby s medem, sirupem a om\u00e1\u010dkou bez \u00faniku.<\/li>\n<li><strong>P\u0159ipraveno na zak\u00e1zku pro branding<\/strong>Jako profesion\u00e1ln\u00ed v\u00fdrobce nab\u00edz\u00edme kompletn\u00ed zak\u00e1zkov\u00e9 mo\u017enosti v\u010detn\u011b potisku, lakov\u00e1n\u00ed, grav\u00edrov\u00e1n\u00ed a ozna\u010dov\u00e1n\u00ed, abychom podpo\u0159ili r\u016fst va\u0161eho podnik\u00e1n\u00ed ve velkoobchod\u011b s medem i mimo n\u011bj.<\/li>\n<\/ol>\n<h2>Kl\u00ed\u010dov\u00e9 specifikace<\/h2>\n<table style=\"border-collapse: collapse; width: 80%; margin-left: auto; margin-right: auto;\" border=\"0\" width=\"590\" cellspacing=\"0\" cellpadding=\"0\">\n<tbody>\n<tr style=\"height: 13.50pt;\">\n<td style=\"height: 13.50pt; width: 90.00pt;\" width=\"120\" height=\"18\">Funkce<\/td>\n<td style=\"width: 352.50pt;\" width=\"470\">Specifikace<\/td>\n<\/tr>\n<tr style=\"height: 13.50pt;\">\n<td style=\"height: 13.50pt;\" height=\"18\">Kapacita<\/td>\n<td>180 ml, 360 ml, 500 ml, 720 ml<\/td>\n<\/tr>\n<tr style=\"height: 13.50pt;\">\n<td style=\"height: 13.50pt;\" height=\"18\">Tvar<\/td>\n<td>Kulat\u00fd (v\u00e1lcov\u00fd)<\/td>\n<\/tr>\n<tr style=\"height: 13.50pt;\">\n<td style=\"height: 13.50pt;\" height=\"18\">Metoda t\u011bsn\u011bn\u00ed<\/td>\n<td>\u0160roubovac\u00ed v\u00edko<\/td>\n<\/tr>\n<tr style=\"height: 13.50pt;\">\n<td style=\"height: 13.50pt;\" height=\"18\">Materi\u00e1l<\/td>\n<td>Vysoce b\u011bl\u00e9 sodnov\u00e1penat\u00e9 sklo<\/td>\n<\/tr>\n<tr style=\"height: 13.50pt;\">\n<td style=\"height: 13.50pt;\" height=\"18\">Mo\u017enosti v\u00edka<\/td>\n<td>\u010dern\u00e9 plastov\u00e9 v\u00edko, zlat\u00e9 plastov\u00e9 v\u00edko, st\u0159\u00edbrn\u011b eloxovan\u00e9 hlin\u00edkov\u00e9 v\u00edko, zlat\u011b eloxovan\u00e9 hlin\u00edkov\u00e9 v\u00edko, plastov\u00e9 v\u00edko s imitac\u00ed d\u0159eva<\/td>\n<\/tr>\n<tr style=\"height: 13.50pt;\">\n<td style=\"height: 13.50pt;\" height=\"18\">Vlo\u017eky<\/td>\n<td>Tlakov\u00e9 vlo\u017eky, hlin\u00edkov\u00e9 f\u00f3liov\u00e9 vlo\u017eky<\/td>\n<\/tr>\n<tr style=\"height: 13.50pt;\">\n<td style=\"height: 13.50pt;\" height=\"18\">Pou\u017eit\u00ed<\/td>\n<td>Med, d\u017eemy, cere\u00e1lie, \u010dokol\u00e1dov\u00e9 lup\u00ednky, n\u00e1poje, pr\u00e1\u0161ky atd.<\/td>\n<\/tr>\n<\/tbody>\n<\/table>\n<h2>P\u0159\u00edpadov\u00e1 studie z podnik\u00e1n\u00ed<\/h2>\n<p>Pr\u00e9miov\u00e1 zna\u010dka \u0159emesln\u00e9ho medu z N\u011bmecka, specializuj\u00edc\u00ed se na bio v\u010dela\u0159sk\u00e9 produkty, n\u00e1s oslovila pot\u00e9, co se pot\u00fdkala s p\u0159etrv\u00e1vaj\u00edc\u00edmi probl\u00e9my s ut\u011bsn\u011bn\u00edm sklen\u011bn\u00fdch n\u00e1dob od sv\u00e9ho p\u0159edchoz\u00edho dodavatele. Jejich d\u0159\u00edv\u011bj\u0161\u00ed sklenice a lahve na med \u010dasto b\u011bhem p\u0159epravy prosakovaly, co\u017e ovliv\u0148ovalo kvalitu produkt\u016f a d\u016fv\u011bru z\u00e1kazn\u00edk\u016f.<\/p>\n<p>Pak za\u010dali pou\u017e\u00edvat na\u0161e sklen\u011bn\u00e9 d\u00f3zy s v\u00ed\u010dky.<\/p>\n<p>Zvolili sklen\u011bn\u00e9 d\u00f3zy o objemu 180 ml a 360 ml se zlat\u00fdmi v\u00ed\u010dky a hlin\u00edkov\u00fdmi f\u00f3liov\u00fdmi vlo\u017ekami, aby med z\u016fstal \u010derstv\u00fd. Tak\u00e9 jsme jim pomohli s vlastn\u00edmi etiketami na sklenici a v\u00ed\u010dku, aby obaly v reg\u00e1lech vypadaly l\u00e9pe.<\/p>\n<p>Pot\u00e9, co se jim tr\u017eby zv\u00fd\u0161ily o 35 %, od n\u00e1s kupuj\u00ed ka\u017ed\u00e9 \u010dtvrtlet\u00ed spoustu sklenic. Za\u010dali s 10 000 sklenicemi. Te\u010f kupuj\u00ed p\u0159es 80 000 sklenic ro\u010dn\u011b. M\u00e1me s nimi dohodu, \u017ee jim za n\u00e1kup tolika sklenic d\u00e1me dobrou cenu.<\/p>\n<h2>Tipy pro p\u0159izp\u016fsoben\u00ed pro firemn\u00ed kupuj\u00edc\u00ed<\/h2>\n<ol>\n<li><strong>Pro zna\u010dky medu a v\u010dela\u0159stv\u00ed<\/strong>Pou\u017eijte zlat\u00e9 nebo d\u0159ev\u011bn\u00e9 v\u00ed\u010dka s reli\u00e9fn\u00edmi logy a vytvo\u0159te pr\u00e9miovou \u0159adu sklen\u011bn\u00fdch d\u00f3z na med zam\u011b\u0159enou na \u0159emesln\u00e9 a bio produkty.<\/li>\n<li><strong>Pro zna\u010dky potravin a om\u00e1\u010dek<\/strong>Kombinujte sklen\u011bn\u00e9 d\u00f3zy se \u0161irok\u00fdm hrdlem s f\u00f3liov\u00fdmi vlo\u017ekami pro zaji\u0161t\u011bn\u00ed nepropustn\u00e9ho balen\u00ed om\u00e1\u010dek a sirup\u016f ve velkoobchod\u011b se sklen\u011bn\u00fdmi d\u00f3zy.<\/li>\n<li><strong>Pro v\u00edceproduktov\u00e9 \u0159ady<\/strong>Standardizujte rovn\u00fd design nap\u0159\u00ed\u010d r\u016fzn\u00fdmi objemy (180 ml\u2013720 ml) pro sjednocen\u00ed obal\u016f a z\u00e1rove\u0148 sn\u00ed\u017een\u00ed slo\u017eitosti vyhled\u00e1v\u00e1n\u00ed zdroj\u016f p\u0159i velkoobchodn\u00edm n\u00e1kupu skla.<\/li>\n<\/ol>","protected":false},"excerpt":{"rendered":"<p>180ml \u2013 720ml Durable glass jars with lids and round honey jars for wholesale. Ideal for honey, sauce, and storage with custom options and bulk pricing.<\/p>","protected":false},"featured_media":22696,"template":"","meta":[],"product_brand":[],"product_cat":[137,124,122],"product_tag":[],"class_list":{"0":"post-22695","1":"product","2":"type-product","3":"status-publish","4":"has-post-thumbnail","6":"product_cat-glass-jars-with-lids","7":"product_cat-custom-glass-jars","8":"product_cat-custom-glass-packaging","10":"first","11":"instock","12":"shipping-taxable","13":"product-type-simple"},"jetpack_sharing_enabled":true,"_links":{"self":[{"href":"https:\/\/yebodaglass.com\/cs\/wp-json\/wp\/v2\/product\/22695","targetHints":{"allow":["GET"]}}],"collection":[{"href":"https:\/\/yebodaglass.com\/cs\/wp-json\/wp\/v2\/product"}],"about":[{"href":"https:\/\/yebodaglass.com\/cs\/wp-json\/wp\/v2\/types\/product"}],"version-history":[{"count":5,"href":"https:\/\/yebodaglass.com\/cs\/wp-json\/wp\/v2\/product\/22695\/revisions"}],"predecessor-version":[{"id":25704,"href":"https:\/\/yebodaglass.com\/cs\/wp-json\/wp\/v2\/product\/22695\/revisions\/25704"}],"wp:featuredmedia":[{"embeddable":true,"href":"https:\/\/yebodaglass.com\/cs\/wp-json\/wp\/v2\/media\/22696"}],"wp:attachment":[{"href":"https:\/\/yebodaglass.com\/cs\/wp-json\/wp\/v2\/media?parent=22695"}],"wp:term":[{"taxonomy":"product_brand","embeddable":true,"href":"https:\/\/yebodaglass.com\/cs\/wp-json\/wp\/v2\/product_brand?post=22695"},{"taxonomy":"product_cat","embeddable":true,"href":"https:\/\/yebodaglass.com\/cs\/wp-json\/wp\/v2\/product_cat?post=22695"},{"taxonomy":"product_tag","embeddable":true,"href":"https:\/\/yebodaglass.com\/cs\/wp-json\/wp\/v2\/product_tag?post=22695"}],"curies":[{"name":"wp","href":"https:\/\/api.w.org\/{rel}","templated":true}]}}