{"id":22689,"date":"2025-10-24T14:26:22","date_gmt":"2025-10-24T06:26:22","guid":{"rendered":"https:\/\/yebodaglass.com\/?post_type=product&#038;p=22689"},"modified":"2026-04-10T11:31:20","modified_gmt":"2026-04-10T03:31:20","slug":"wholesale-oval-hexagonal-honey-jam-jars-500ml-1000ml","status":"publish","type":"product","link":"https:\/\/yebodaglass.com\/cs\/wholesale-oval-hexagonal-honey-jam-jars-500ml-1000ml\/","title":{"rendered":"Velkoobchodn\u00ed ov\u00e1ln\u00e9 \u0161estihrann\u00e9 sklenice na medov\u00fd d\u017eem 500ml 1000ml"},"content":{"rendered":"<p>Tyto \u0161estihrann\u00e9 sklenice na medov\u00fd d\u017eem se vyzna\u010duj\u00ed atraktivn\u00edm designem, kter\u00fd se skl\u00e1d\u00e1 z kompletn\u011b kulat\u00e9ho tvaru a \u0161esti samostatn\u00fdch svisl\u00fdch okraj\u016f. N\u00e1doba z ultra \u010dir\u00e9ho skla je dod\u00e1v\u00e1na se zlat\u00fdm kovov\u00fdm \u0161roubovac\u00edm uz\u00e1v\u011brem, kter\u00fd vytv\u00e1\u0159\u00ed nepropustn\u00e9 uz\u00e1v\u011bry.<\/p>\n<h2>Vlastnosti produktu<\/h2>\n<ul>\n<li><strong>Tvar \u0161estihrann\u00e9 lahve:<\/strong> Kulat\u00fd bubnovit\u00fd design s \u0161estihrann\u00fdmi fazetami nejen zkr\u00e1\u0161luje, ale tak\u00e9 struktur\u00e1ln\u011b posiluje l\u00e1hev.<\/li>\n<li><strong>Zlat\u00fd \u0161roubovac\u00ed uz\u00e1v\u011br:<\/strong> Zlat\u00fd kovov\u00fd \u0161roubovac\u00ed uz\u00e1v\u011br zaji\u0161\u0165uje pevn\u00e9 ut\u011bsn\u011bn\u00ed, \u010d\u00edm\u017e \u00fa\u010dinn\u011b zabra\u0148uje vlhkosti a \u00fanik\u016fm.<\/li>\n<li><strong>Dv\u011b dostupn\u00e9 velikosti:<\/strong> Produkt se dod\u00e1v\u00e1 ve dvou r\u016fzn\u00fdch velikostech, kter\u00e9 lze pou\u017e\u00edt pro dom\u00e1c\u00ed spot\u0159ebu, komer\u010dn\u00ed \u00fa\u010dely a jako d\u00e1rkov\u00fd balic\u00ed materi\u00e1l.<\/li>\n<\/ul>\n<h2 style=\"text-align: left;\">Kl\u00ed\u010dov\u00e9 specifikace<\/h2>\n<table class=\"aligncenter\" style=\"border-collapse: collapse; width: 328.52pt;\" border=\"0\" width=\"438\" cellspacing=\"0\" cellpadding=\"0\">\n<tbody>\n<tr style=\"height: 13.50pt;\">\n<td style=\"height: 13.50pt; width: 90.00pt;\" width=\"120\" height=\"18\">Funkce<\/td>\n<td style=\"width: 238.50pt;\" width=\"318\">Specifikace<\/td>\n<\/tr>\n<tr style=\"height: 13.50pt;\">\n<td style=\"height: 13.50pt;\" height=\"18\">Kapacita<\/td>\n<td>500ml, 1000ml<\/td>\n<\/tr>\n<tr style=\"height: 13.50pt;\">\n<td style=\"height: 13.50pt;\" height=\"18\">Tvar<\/td>\n<td>\u0160estihrann\u00fd<\/td>\n<\/tr>\n<tr style=\"height: 13.50pt;\">\n<td style=\"height: 13.50pt;\" height=\"18\">Rozm\u011bry<\/td>\n<td>8,8 \u00d7 12,5 cm, 10,6 \u00d7 15,7 cm<\/td>\n<\/tr>\n<tr style=\"height: 13.50pt;\">\n<td style=\"height: 13.50pt;\" height=\"18\">Materi\u00e1l<\/td>\n<td>\u010cir\u00e9 sklo, zlat\u00e9 PP \u0161roubovac\u00ed v\u00ed\u010dko<\/td>\n<\/tr>\n<tr style=\"height: 13.50pt;\">\n<td style=\"height: 13.50pt;\" height=\"18\">Mo\u017enosti v\u00edka<\/td>\n<td>Zlat\u00e1 (k dispozici jsou i vlastn\u00ed barvy)<\/td>\n<\/tr>\n<tr style=\"height: 13.50pt;\">\n<td style=\"height: 13.50pt;\" height=\"18\">Ide\u00e1ln\u00ed pou\u017eit\u00ed<\/td>\n<td>\u0160estihrann\u00e1 sklenice na medov\u00fd d\u017eem, sklenice na med<\/td>\n<\/tr>\n<\/tbody>\n<\/table>\n<h2>P\u0159\u00edb\u011bh \u00fasp\u011bchu<\/h2>\n<p>Jeden z v\u00fdrobc\u016f manukov\u00e9ho medu si vybral na\u0161e \u0161estihrann\u00e9 sklenice na d\u017eem a vyrobil do nich reli\u00e9fn\u00ed vzor s maorsk\u00fdm motivem a v\u00ed\u010dky z r\u016f\u017eov\u00e9ho zlata. V\u00fdsledky tohoto zak\u00e1zkov\u00e9ho designu byly p\u016fsobiv\u00e9: reli\u00e9fn\u00ed design a vysok\u00e1 kvalita zv\u00fd\u0161ily cenu jejich medu UMF 20+ o 15 procent a osobit\u00e9 balen\u00ed tak\u00e9 pomohlo zv\u00fd\u0161it prodej p\u0159\u00edmo spot\u0159ebitel\u016fm o 25 procent na jejich vlastn\u00edch str\u00e1nk\u00e1ch, proto\u017ee klient\u016fm se med l\u00edbil jako d\u00e1rek. Na z\u00e1klad\u011b tohoto \u00fasp\u011bchu si v n\u00e1sleduj\u00edc\u00edm \u010dtvrtlet\u00ed objednali dal\u0161\u00edch 400 000 sklenic s medem.<\/p>\n<h2>Doporu\u010den\u00ed pro p\u0159izp\u016fsoben\u00ed sklenic na d\u017eem<\/h2>\n<ul>\n<li><strong>Barva skla:<\/strong> P\u0159esto\u017ee pou\u017e\u00edv\u00e1me p\u0159ev\u00e1\u017en\u011b \u010dir\u00e9 sklo, m\u016f\u017eeme nab\u00eddnout i jantarov\u00e9 nebo zelen\u00e9 barvy pro materi\u00e1ly citliv\u00e9 na sv\u011btlo.<\/li>\n<li><strong>P\u0159izp\u016fsoben\u00ed v\u00edka:<\/strong> D\u00edky v\u00ed\u010dk\u016fm na m\u00edru, kter\u00e1 maj\u00ed speci\u00e1ln\u011b vyroben\u00e9 vlo\u017eky pro t\u011bsn\u00e9 uzav\u0159en\u00ed, v\u00e1m m\u016f\u017eeme zajistit nej\u010derstv\u011bj\u0161\u00ed skladov\u00e1n\u00ed va\u0161eho produktu.<\/li>\n<li><strong>Reli\u00e9fn\u00ed:<\/strong> Sv\u00e9 logo nebo jak\u00fdkoli slo\u017eit\u00fd vzor si m\u016f\u017eete nechat vyrazit\/vyrazit p\u0159\u00edmo na sklo, aby byl c\u00edtit a p\u016fsobil luxusn\u00edm a elegantn\u00edm dojmem.<\/li>\n<li><strong>S\u00edtotisk:<\/strong> Na permanentn\u00ed keramick\u00e9 logo zna\u010dky (libovoln\u00e9 barvy) vyroben\u00e9 ze skla lze p\u0159\u00edmo nan\u00e9st inkoust, \u010d\u00edm\u017e se vytvo\u0159\u00ed z\u00e1\u0159iv\u00e1 a dlouhotrvaj\u00edc\u00ed lahev.<\/li>\n<\/ul>","protected":false},"excerpt":{"rendered":"<p>Elegantn\u00ed ov\u00e1ln\u00e9 \u0161estihrann\u00e9 sklenice na med a marmel\u00e1du se zlat\u00fdmi v\u00ed\u010dky. \u010cir\u00fd sklen\u011bn\u00fd design ide\u00e1ln\u00ed pro balen\u00ed medu a marmel\u00e1dy, k dispozici pro velkoobchodn\u00ed prodej a zak\u00e1zkov\u00e9 etiketov\u00e1n\u00ed.<\/p>","protected":false},"featured_media":25722,"template":"","meta":[],"product_brand":[],"product_cat":[127,124,122],"product_tag":[],"class_list":{"0":"post-22689","1":"product","2":"type-product","3":"status-publish","4":"has-post-thumbnail","6":"product_cat-glass-honey-jars","7":"product_cat-custom-glass-jars","8":"product_cat-custom-glass-packaging","10":"first","11":"instock","12":"shipping-taxable","13":"product-type-simple"},"jetpack_sharing_enabled":true,"_links":{"self":[{"href":"https:\/\/yebodaglass.com\/cs\/wp-json\/wp\/v2\/product\/22689","targetHints":{"allow":["GET"]}}],"collection":[{"href":"https:\/\/yebodaglass.com\/cs\/wp-json\/wp\/v2\/product"}],"about":[{"href":"https:\/\/yebodaglass.com\/cs\/wp-json\/wp\/v2\/types\/product"}],"version-history":[{"count":5,"href":"https:\/\/yebodaglass.com\/cs\/wp-json\/wp\/v2\/product\/22689\/revisions"}],"predecessor-version":[{"id":25724,"href":"https:\/\/yebodaglass.com\/cs\/wp-json\/wp\/v2\/product\/22689\/revisions\/25724"}],"wp:featuredmedia":[{"embeddable":true,"href":"https:\/\/yebodaglass.com\/cs\/wp-json\/wp\/v2\/media\/25722"}],"wp:attachment":[{"href":"https:\/\/yebodaglass.com\/cs\/wp-json\/wp\/v2\/media?parent=22689"}],"wp:term":[{"taxonomy":"product_brand","embeddable":true,"href":"https:\/\/yebodaglass.com\/cs\/wp-json\/wp\/v2\/product_brand?post=22689"},{"taxonomy":"product_cat","embeddable":true,"href":"https:\/\/yebodaglass.com\/cs\/wp-json\/wp\/v2\/product_cat?post=22689"},{"taxonomy":"product_tag","embeddable":true,"href":"https:\/\/yebodaglass.com\/cs\/wp-json\/wp\/v2\/product_tag?post=22689"}],"curies":[{"name":"wp","href":"https:\/\/api.w.org\/{rel}","templated":true}]}}