{"id":22669,"date":"2025-10-24T13:02:11","date_gmt":"2025-10-24T05:02:11","guid":{"rendered":"https:\/\/yebodaglass.com\/?post_type=product&#038;p=22669"},"modified":"2026-04-10T13:09:23","modified_gmt":"2026-04-10T05:09:23","slug":"velkoobchodni-cire-ctvercove-sklenice-na-zavarovani","status":"publish","type":"product","link":"https:\/\/yebodaglass.com\/cs\/velkoobchodni-cire-ctvercove-sklenice-na-zavarovani\/","title":{"rendered":"Velkoobchodn\u00ed pr\u016fhledn\u00e9 hranat\u00e9 sklenice na zava\u0159ov\u00e1n\u00ed 100ml \u2013 500ml"},"content":{"rendered":"<p>Tyto \u010dtvercov\u00e9 sklenice na d\u017eem jsou vyrobeny z k\u0159i\u0161\u0165\u00e1lov\u011b \u010dir\u00e9ho skla s hladk\u00fdm a \u010dist\u00fdm designem a elegantn\u00edmi kovov\u00fdmi v\u00ed\u010dky ve zlat\u00e9 nebo st\u0159\u00edbrn\u00e9 barv\u011b. D\u00edky vynikaj\u00edc\u00edmu ut\u011bsn\u011bn\u00ed se hod\u00ed pro skladov\u00e1n\u00ed ve velk\u00e9m mno\u017estv\u00ed, dom\u00e1c\u00ed zava\u0159ov\u00e1n\u00ed a balen\u00ed ru\u010dn\u011b vyr\u00e1b\u011bn\u00fdch v\u00fdrobk\u016f.<\/p>\n<h2>Vlastnosti produktu<\/h2>\n<ul>\n<li><strong>Jednoduch\u00fd design lahve se zaoblen\u00fdmi rohy a \u010dtvercov\u00fdm vzorem:<\/strong> Design lahve m\u00e1 \u010dtvercov\u00fd tvar se zaoblen\u00fdmi rohy, kter\u00fd umo\u017e\u0148uje lidem lahev dr\u017eet a pou\u017e\u00edvat ji jako \u00falo\u017en\u00fd prostor v kuchyni a k \u200b\u200bbalen\u00ed d\u00e1rk\u016f.<\/li>\n<li><strong>K dispozici jsou dv\u011b barevn\u00e9 t\u011bsnic\u00ed krytky:<\/strong> Syst\u00e9m poskytuje dva kovov\u00e9 uz\u00e1v\u011bry, kter\u00e9 si z\u00e1kazn\u00edci mohou na\u0161roubovat na sv\u00e9 n\u00e1doby a zajistit tak bezpe\u010dn\u00e9 uzav\u0159en\u00ed, kter\u00e9 chr\u00e1n\u00ed p\u0159ed vlhkost\u00ed a \u00fanikem.<\/li>\n<li><strong>K dispozici v\u00edce kapacit:<\/strong> Zahrnuje r\u016fzn\u00e9 velikosti, kter\u00e9 mohou z\u00e1kazn\u00edci pou\u017e\u00edt pro dom\u00e1c\u00ed pit\u00ed, komer\u010dn\u00ed pln\u011bn\u00ed do lahv\u00ed, distribuci vzork\u016f a d\u00e1rkov\u00e9 balen\u00ed.<\/li>\n<\/ul>\n<h2 style=\"text-align: left;\">Kl\u00ed\u010dov\u00e9 specifikace<\/h2>\n<table class=\"aligncenter\" style=\"border-collapse: collapse; width: 453.02pt;\" border=\"0\" width=\"604\" cellspacing=\"0\" cellpadding=\"0\">\n<tbody>\n<tr style=\"height: 13.50pt;\">\n<td style=\"height: 13.50pt; width: 90.00pt;\" width=\"120\" height=\"18\">Funkce<\/td>\n<td style=\"width: 363.00pt;\" width=\"484\">Specifikace<\/td>\n<\/tr>\n<tr style=\"height: 13.50pt;\">\n<td style=\"height: 13.50pt;\" height=\"18\">Kapacita<\/td>\n<td>100ml, 200ml, 280ml, 380ml, 500ml<\/td>\n<\/tr>\n<tr style=\"height: 13.50pt;\">\n<td style=\"height: 13.50pt;\" height=\"18\">Tvar<\/td>\n<td>N\u00e1m\u011bst\u00ed<\/td>\n<\/tr>\n<tr style=\"height: 13.50pt;\">\n<td style=\"height: 13.50pt;\" height=\"18\">Rozm\u011bry<\/td>\n<td>5,8\u00d77,5 cm a\u017e 7,8\u00d713,5 cm<\/td>\n<\/tr>\n<tr style=\"height: 13.50pt;\">\n<td style=\"height: 13.50pt;\" height=\"18\">Materi\u00e1l<\/td>\n<td>\u010cir\u00e9 sklo, st\u0159\u00edbrno-zlat\u00e9 PP v\u00ed\u010dko<\/td>\n<\/tr>\n<tr style=\"height: 13.50pt;\">\n<td style=\"height: 13.50pt;\" height=\"18\">Mo\u017enosti v\u00edka<\/td>\n<td>St\u0159\u00edbrn\u00e1, zlat\u00e1 (mo\u017enost zak\u00e1zkov\u00e9 barvy)<\/td>\n<\/tr>\n<tr style=\"height: 13.50pt;\">\n<td style=\"height: 13.50pt;\" height=\"18\">Nejlep\u0161\u00ed pro<\/td>\n<td>Med, ovocn\u00e9 d\u017eemy, zava\u0159ov\u00e1n\u00ed<\/td>\n<\/tr>\n<tr style=\"height: 13.50pt;\">\n<td style=\"height: 13.50pt;\" height=\"18\">Ide\u00e1ln\u00ed pou\u017eit\u00ed<\/td>\n<td>\u010ctvercov\u00e9 sklenice na d\u017eem, sklenice na med na zava\u0159ov\u00e1n\u00ed, n\u00e1doby na med<\/td>\n<\/tr>\n<\/tbody>\n<\/table>\n<h2>P\u0159\u00edb\u011bh \u00fasp\u011bchu<\/h2>\n<p>Na\u0161e st\u0159edn\u011b velk\u00e9 \u010dtvercov\u00e9 zava\u0159ovac\u00ed sklenice a st\u0159\u00edbrn\u00e1 v\u00ed\u010dka s reli\u00e9fn\u00edm vzorem bobul\u00ed si vybrala farma s bio bobulovinami se s\u00eddlem ve st\u00e1t\u011b Washington. V\u00fdsledky t\u011bchto zak\u00e1zkov\u00fdch n\u00e1vrh\u016f byly vynikaj\u00edc\u00ed: \u010dtvercov\u00e9 sklenice jim p\u0159inesly 20% zv\u00fd\u0161en\u00ed efektivity balic\u00ed linky a sofistikovan\u00fd a individualizovan\u00fd vzhled jim vynesl smlouvu s pr\u00e9miovou \u0159adou celost\u00e1tn\u00edho \u0159et\u011bzce supermarket\u016f, co\u017e znamen\u00e1 roz\u0161\u00ed\u0159en\u00ed na 500 prodejen. Na z\u00e1klad\u011b toho si objednali dal\u0161\u00edch 200 000 sklenic, kter\u00e9 budou objedn\u00e1ny v letn\u00ed sez\u00f3n\u011b sklizn\u011b ovoce, a novou ru\u010dn\u011b vyr\u00e1b\u011bnou linku na d\u017eemy.<\/p>\n<h2>Doporu\u010den\u00ed pro p\u0159izp\u016fsoben\u00ed zava\u0159ovac\u00edch sklenic<\/h2>\n<ul>\n<li>Panely s matn\u00fdmi etiketami na zak\u00e1zku: M\u011bjte na jedn\u00e9 nebo obou stran\u00e1ch \u010dtvercov\u00fdch sklenic rovnom\u011brn\u00e9 matn\u00e9 obd\u00e9ln\u00edky, aby dob\u0159e p\u0159ilnuly k etiket\u011b a zabr\u00e1nily se skvrn\u00e1m.<\/li>\n<li>Reli\u00e9fn\u00ed design v\u00edka: Vyberte si vlastn\u00ed reli\u00e9fn\u00ed logo, n\u00e1zev farmy nebo design ovoce\/zeleniny, kter\u00fdm vyraz\u00edte na horn\u00ed \u010d\u00e1st kovov\u00e9ho v\u00edka, aby vypadalo elegantn\u011b.<\/li>\n<li>Mo\u017enosti v\u00fdstelky v\u00edka: M\u00e1 v\u00edka, kter\u00e1 lze vyst\u00fdlat r\u016fzn\u00fdmi materi\u00e1ly (nap\u0159. plastisol bez BPA, bez PVC) tam, kde se nach\u00e1z\u00ed hodn\u011b kysel\u00fdch nebo mastn\u00fdch potravin.<\/li>\n<li>Protiskluzov\u00e1 textura: Pro lep\u0161\u00ed p\u0159ilnavost p\u0159idejte na boky \u010dtvercov\u00fdch sklenic jemn\u00e9 vertik\u00e1ln\u00ed textury nebo matn\u00fd povrch.<\/li>\n<\/ul>","protected":false},"excerpt":{"rendered":"<p>Pr\u016fhledn\u00e9 \u010dtvercov\u00e9 sklenice na d\u017eem vyroben\u00e9 z \u010dir\u00e9ho skla se st\u0159\u00edbrn\u00fdmi nebo zlat\u00fdmi v\u00ed\u010dky. Ide\u00e1ln\u00ed na med, d\u017eem nebo om\u00e1\u010dky. Prodej p\u0159\u00edmo od v\u00fdrobce a velkoobchodn\u00ed slevy.<\/p>","protected":false},"featured_media":25726,"template":"","meta":[],"product_brand":[],"product_cat":[127,124,122],"product_tag":[],"class_list":{"0":"post-22669","1":"product","2":"type-product","3":"status-publish","4":"has-post-thumbnail","6":"product_cat-glass-honey-jars","7":"product_cat-custom-glass-jars","8":"product_cat-custom-glass-packaging","10":"first","11":"instock","12":"shipping-taxable","13":"product-type-simple"},"jetpack_sharing_enabled":true,"_links":{"self":[{"href":"https:\/\/yebodaglass.com\/cs\/wp-json\/wp\/v2\/product\/22669","targetHints":{"allow":["GET"]}}],"collection":[{"href":"https:\/\/yebodaglass.com\/cs\/wp-json\/wp\/v2\/product"}],"about":[{"href":"https:\/\/yebodaglass.com\/cs\/wp-json\/wp\/v2\/types\/product"}],"version-history":[{"count":5,"href":"https:\/\/yebodaglass.com\/cs\/wp-json\/wp\/v2\/product\/22669\/revisions"}],"predecessor-version":[{"id":25728,"href":"https:\/\/yebodaglass.com\/cs\/wp-json\/wp\/v2\/product\/22669\/revisions\/25728"}],"wp:featuredmedia":[{"embeddable":true,"href":"https:\/\/yebodaglass.com\/cs\/wp-json\/wp\/v2\/media\/25726"}],"wp:attachment":[{"href":"https:\/\/yebodaglass.com\/cs\/wp-json\/wp\/v2\/media?parent=22669"}],"wp:term":[{"taxonomy":"product_brand","embeddable":true,"href":"https:\/\/yebodaglass.com\/cs\/wp-json\/wp\/v2\/product_brand?post=22669"},{"taxonomy":"product_cat","embeddable":true,"href":"https:\/\/yebodaglass.com\/cs\/wp-json\/wp\/v2\/product_cat?post=22669"},{"taxonomy":"product_tag","embeddable":true,"href":"https:\/\/yebodaglass.com\/cs\/wp-json\/wp\/v2\/product_tag?post=22669"}],"curies":[{"name":"wp","href":"https:\/\/api.w.org\/{rel}","templated":true}]}}