{"id":22577,"date":"2025-10-22T13:09:13","date_gmt":"2025-10-22T05:09:13","guid":{"rendered":"https:\/\/yebodaglass.com\/?post_type=product&#038;p=22577"},"modified":"2025-11-04T11:54:26","modified_gmt":"2025-11-04T03:54:26","slug":"little-yogurt-bottles-banana-milk-glass-bottles-supplier","status":"publish","type":"product","link":"https:\/\/yebodaglass.com\/cs\/little-yogurt-bottles-banana-milk-glass-bottles-supplier\/","title":{"rendered":"100-200ml lahvi\u010dky na jogurt Planet Little \u2013 dezertn\u00ed kel\u00edmek"},"content":{"rendered":"<p>U\u017e v\u00e1s nebav\u00ed obaly od ml\u00e9\u010dn\u00fdch v\u00fdrobk\u016f, kter\u00e9 vypadaj\u00ed oby\u010dejn\u011b a net\u011bsn\u00ed? Vyr\u00e1b\u00edme mal\u00e9 lahvi\u010dky od jogurtu s hv\u011bzdicov\u00fdm koul\u00ed \u2013 u\u017e \u017e\u00e1dn\u00e9 nudn\u00e9 balen\u00ed. Tyto sklen\u011bn\u00e9 lahvi\u010dky od ban\u00e1nov\u00e9ho ml\u00e9ka prom\u011bn\u00ed skladov\u00e1n\u00ed v radost. P\u0159i hromadn\u00fdch objedn\u00e1vk\u00e1ch z\u00edsk\u00e1te sklen\u011bn\u00e9 lahvi\u010dky na m\u00edru, kter\u00e9 odpov\u00eddaj\u00ed atmosf\u00e9\u0159e va\u0161\u00ed zna\u010dky.<\/p>\n<h2>Vlastnosti produktu<\/h2>\n<p><strong>Konstruk\u010dn\u00ed prvky<\/strong><\/p>\n<p>Kulat\u00fd, kulat\u00fd design p\u0159ipom\u00ednaj\u00edc\u00ed planetu dod\u00e1v\u00e1 p\u0159edm\u011btu odli\u0161n\u00fd trojrozm\u011brn\u00fd vzhled, a proto m\u016f\u017ee slou\u017eit i jako skv\u011bl\u00e1 n\u00e1doba na dezert, ale tak\u00e9 jako dekorativn\u00ed a v\u00fdstavn\u00ed p\u0159edm\u011bt.<\/p>\n<p><strong>Kvalita materi\u00e1lu<\/strong><\/p>\n<p>Je vyroben z vysoce pr\u016fhledn\u00e9ho potravin\u00e1\u0159sk\u00e9ho skla, neobsahuje olovo, je bez z\u00e1pachu a je odoln\u00fd v\u016f\u010di teplu i chladu, tak\u017ee je bezpe\u010dn\u00fd pro chladni\u010dku, sterilizaci v retort\u011b a opakovan\u00e9 myt\u00ed a op\u011btovn\u00e9 pou\u017eit\u00ed.<\/p>\n<p><strong>Funk\u010dn\u00ed v\u00fdkon<\/strong><\/p>\n<p>D\u00edky \u0161irok\u00e9mu otev\u00edr\u00e1n\u00ed se snadno pln\u00ed a serv\u00edruje, zaji\u0161\u0165uje t\u011bsn\u00e9 ut\u011bsn\u011bn\u00ed a pokud m\u00e1te r\u016fzn\u00e9 typy v\u00ed\u010dek (hlin\u00edkov\u00e1 f\u00f3lie nebo plast), m\u016f\u017eete je pou\u017e\u00edt k zabr\u00e1n\u011bn\u00ed \u00fanik\u016fm a udr\u017een\u00ed \u010derstvosti produktu, tak\u017ee je to perfektn\u00ed n\u00e1stroj pro dom\u00e1cnost i firmu.<\/p>\n<h2>Kl\u00ed\u010dov\u00e9 specifikace<\/h2>\n<table style=\"border-collapse: collapse; width: 80%; margin-left: auto; margin-right: auto;\" border=\"0\" width=\"288\" cellspacing=\"0\" cellpadding=\"0\">\n<tbody>\n<tr style=\"height: 13.50pt;\">\n<td style=\"height: 13.5pt; width: 54pt; text-align: center;\" width=\"72\" height=\"18\">Model<\/td>\n<td style=\"width: 54pt; text-align: center;\" width=\"72\">Kapacita (ml)<\/td>\n<td style=\"width: 54pt; text-align: center;\" width=\"72\">Velikost (cm)<\/td>\n<td style=\"width: 54pt; text-align: center;\" width=\"72\">Tvar<\/td>\n<\/tr>\n<tr style=\"height: 13.50pt;\">\n<td style=\"height: 13.5pt; text-align: center;\" align=\"right\" height=\"18\">64010045<\/td>\n<td style=\"text-align: center;\" align=\"right\">100<\/td>\n<td style=\"text-align: center;\">6.9&#215;6.2<\/td>\n<td class=\"et2\" style=\"text-align: center;\" rowspan=\"2\">Koule Cup<\/td>\n<\/tr>\n<tr style=\"height: 13.50pt;\">\n<td style=\"height: 13.5pt; text-align: center;\" align=\"right\" height=\"18\">64020046<\/td>\n<td style=\"text-align: center;\" align=\"right\">200<\/td>\n<td style=\"text-align: center;\">7.9&#215;7.3<\/td>\n<\/tr>\n<\/tbody>\n<\/table>\n<h2>P\u0159\u00edpad \u00fasp\u011bchu<\/h2>\n<p>Obdr\u017eeli jsme objedn\u00e1vku od butikov\u00e9 tov\u00e1rny na jogurty v Ji\u017en\u00ed Koreji na v\u00fdrobu sklen\u011bn\u00e9ho kel\u00edmku na pudink ve tvaru planety, kter\u00fd by vylep\u0161il jejich produktovou \u0159adu dezert\u016f. Unik\u00e1tn\u00ed zak\u0159iven\u00fd design dna dok\u00e1zal okam\u017eit\u011b upoutat pozornost spot\u0159ebitel\u016f v reg\u00e1lu a dodal tak zna\u010dce jogurt\u016f a p\u011bn hrav\u00fd, luxusn\u00ed a \u0159emesln\u00fd n\u00e1dech.<\/p>\n<p>Zna\u010dka nav\u00edc zm\u011bnila design st\u0159\u00edbrn\u00e9ho hlin\u00edkov\u00e9ho v\u00ed\u010dka na nepropustn\u00e9 t\u011bsn\u011bn\u00ed a ozdobila ho kv\u011btinov\u00fdm vzorem, aby odpov\u00eddal t\u00e9matu zna\u010dky \u201ep\u0159\u00edrodn\u00ed a sv\u011b\u017e\u00ed\u201c. P\u0159epracovan\u00e9 balen\u00ed nejen vylep\u0161ilo vzhled produktu, ale tak\u00e9 jeho skladovac\u00ed podm\u00ednky b\u011bhem p\u0159epravy.<\/p>\n<p>Produkt zaznamenal 45% n\u00e1r\u016fst maloobchodn\u00edch tr\u017eeb a po t\u0159ech m\u011bs\u00edc\u00edch od uveden\u00ed na trh se roz\u0161\u00ed\u0159il do n\u011bkolika luxusn\u00edch kav\u00e1ren a cukr\u00e1ren.<\/p>\n<h2>V\u00e1\u0161 n\u00e1vod na \u00fapravy<\/h2>\n<ol>\n<li><strong>V\u00ed\u010dka a t\u011bsn\u011bn\u00ed na m\u00edru:<\/strong>Existuje mnoho mo\u017enost\u00ed, jak si vybrat v\u00ed\u010dko, nap\u0159. kovov\u00e9, plastov\u00e9 nebo bezpe\u010dnostn\u00ed v\u00ed\u010dko v r\u016fzn\u00fdch barv\u00e1ch (nap\u0159\u00edklad st\u0159\u00edbrn\u00e1, zlat\u00e1 a b\u00edl\u00e1). Nav\u00edc lze na n\u011bj natisknout logo zna\u010dky nebo vzor, \u200b\u200baby byl produkt nejen u\u017eite\u010dn\u011bj\u0161\u00ed, ale tak\u00e9 p\u0159il\u00e1kal z\u00e1kazn\u00edky vizu\u00e1ln\u00edm rozpozn\u00e1n\u00edm.<\/li>\n<li><strong>P\u0159izp\u016fsoben\u00fd povrch a design:<\/strong>M\u016f\u017eeme prov\u00e9st jeden nebo v\u00edce z t\u011bchto \u00fakol\u016f: polevu, horkou ra\u017ebu, st\u0159\u00edk\u00e1n\u00ed nebo polepu, abychom p\u0159idali brandingov\u00e9 sd\u011blen\u00ed nebo texturu lahve, aby byl obal modern\u011bj\u0161\u00ed a atraktivn\u011bj\u0161\u00ed.<\/li>\n<\/ol>","protected":false},"excerpt":{"rendered":"<p>Mal\u00e9 lahvi\u010dky od jogurtu ve tvaru planety na zak\u00e1zku jsou ide\u00e1ln\u00ed pro ban\u00e1nov\u00e9 ml\u00e9ko, dezerty a pudink. Odoln\u00e9, opakovan\u011b pou\u017eiteln\u00e9 a ide\u00e1ln\u00ed pro zna\u010dky obal\u016f na potraviny.<\/p>","protected":false},"featured_media":22595,"template":"","meta":[],"product_brand":[],"product_cat":[124,122,130],"product_tag":[],"class_list":{"0":"post-22577","1":"product","2":"type-product","3":"status-publish","4":"has-post-thumbnail","6":"product_cat-custom-glass-jars","7":"product_cat-custom-glass-packaging","8":"product_cat-glass-yogurt-jars","10":"first","11":"instock","12":"shipping-taxable","13":"product-type-simple"},"jetpack_sharing_enabled":true,"_links":{"self":[{"href":"https:\/\/yebodaglass.com\/cs\/wp-json\/wp\/v2\/product\/22577","targetHints":{"allow":["GET"]}}],"collection":[{"href":"https:\/\/yebodaglass.com\/cs\/wp-json\/wp\/v2\/product"}],"about":[{"href":"https:\/\/yebodaglass.com\/cs\/wp-json\/wp\/v2\/types\/product"}],"version-history":[{"count":5,"href":"https:\/\/yebodaglass.com\/cs\/wp-json\/wp\/v2\/product\/22577\/revisions"}],"predecessor-version":[{"id":22613,"href":"https:\/\/yebodaglass.com\/cs\/wp-json\/wp\/v2\/product\/22577\/revisions\/22613"}],"wp:featuredmedia":[{"embeddable":true,"href":"https:\/\/yebodaglass.com\/cs\/wp-json\/wp\/v2\/media\/22595"}],"wp:attachment":[{"href":"https:\/\/yebodaglass.com\/cs\/wp-json\/wp\/v2\/media?parent=22577"}],"wp:term":[{"taxonomy":"product_brand","embeddable":true,"href":"https:\/\/yebodaglass.com\/cs\/wp-json\/wp\/v2\/product_brand?post=22577"},{"taxonomy":"product_cat","embeddable":true,"href":"https:\/\/yebodaglass.com\/cs\/wp-json\/wp\/v2\/product_cat?post=22577"},{"taxonomy":"product_tag","embeddable":true,"href":"https:\/\/yebodaglass.com\/cs\/wp-json\/wp\/v2\/product_tag?post=22577"}],"curies":[{"name":"wp","href":"https:\/\/api.w.org\/{rel}","templated":true}]}}