{"id":22567,"date":"2025-10-22T10:39:21","date_gmt":"2025-10-22T02:39:21","guid":{"rendered":"https:\/\/yebodaglass.com\/?post_type=product&#038;p=22567"},"modified":"2025-11-04T11:54:40","modified_gmt":"2025-11-04T03:54:40","slug":"round-glass-yogurt-milk-bottle-small-dessert-jars-bulk","status":"publish","type":"product","link":"https:\/\/yebodaglass.com\/cs\/round-glass-yogurt-milk-bottle-small-dessert-jars-bulk\/","title":{"rendered":"100-300ml kulat\u00e1 sklen\u011bn\u00e1 lahev na jogurtov\u00e9 ml\u00e9ko \u2013 mal\u00e9 dezertn\u00ed sklenice ve velk\u00e9m"},"content":{"rendered":"<article class=\"text-token-text-primary w-full focus:outline-none [--shadow-height:45px] has-data-writing-block:pointer-events-none has-data-writing-block:-mt-(--shadow-height) has-data-writing-block:pt-(--shadow-height) [&amp;:has([data-writing-block])&gt;*]:pointer-events-auto [content-visibility:auto] supports-[content-visibility:auto]:[contain-intrinsic-size:auto_100lvh] scroll-mt-[calc(var(--header-height)+min(200px,max(70px,20svh)))]\" dir=\"auto\" tabindex=\"-1\" data-turn-id=\"request-68f5dfe9-a6a4-8332-b080-aa3dc157db0d-1\" data-testid=\"conversation-turn-42\" data-scroll-anchor=\"true\" data-turn=\"assistant\">U\u017e v\u00e1s nebav\u00ed n\u00e1doby na ml\u00e9\u010dn\u00e9 v\u00fdrobky, kter\u00e9 vypadaj\u00ed nudn\u011b nebo net\u011bsn\u00ed? Vytv\u00e1\u0159\u00edme kouzlo lahv\u00ed od jogurtu s kulat\u00fdm \u0161armem \u2013 u\u017e \u017e\u00e1dn\u00e9 nepo\u0159\u00e1dn\u00e9 rozlit\u00ed. Tyto mal\u00e9 sklen\u011bn\u00e9 lahvi\u010dky na ml\u00e9ko prom\u011bn\u00ed jednoduch\u00e9 skladov\u00e1n\u00ed v radost ze zna\u010dky. P\u0159i hromadn\u00fdch objedn\u00e1vk\u00e1ch z\u00edsk\u00e1te sklen\u011bn\u00e9 lahve na m\u00edru, kter\u00e9 odpov\u00eddaj\u00ed va\u0161\u00ed vizi.<\/p>\n<h2>Vlastnosti produktu<\/h2>\n<p><strong>Kulat\u00fd p\u0159\u00edv\u011bsek<\/strong><\/p>\n<p>M\u011bkk\u00e9 k\u0159ivky se skv\u011ble dr\u017e\u00ed v ruce \u2013 va\u0161e mal\u00e9 sklen\u011bn\u00e9 lahvi\u010dky na ml\u00e9ko v\u00e1m zp\u0159\u00edjemn\u00ed ka\u017ed\u00fd dou\u0161ek.<\/p>\n<p><strong>Z\u00e1bava doko\u0159\u00e1n<\/strong><\/p>\n<p>Snadn\u00e9 pln\u011bn\u00ed a nab\u00edr\u00e1n\u00ed \u2013 u\u017e \u017e\u00e1dn\u00e9 rozlit\u00ed d\u00edky designu lahve od jogurtov\u00e9ho ml\u00e9ka.<\/p>\n<p><strong>K\u0159i\u0161\u0165\u00e1lov\u00e1 \u010distota<\/strong><\/p>\n<p>Vysoce pr\u016fhledn\u00e9 sklo ukazuje ka\u017ed\u00fd v\u00edr ml\u00e9\u010dn\u00fdch v\u00fdrobk\u016f \u2013 z\u00e1kazn\u00edci okam\u017eit\u011b d\u016fv\u011b\u0159uj\u00ed va\u0161im mal\u00fdm sklen\u011bn\u00fdm lahvi\u010dk\u00e1m na ml\u00e9ko.<\/p>\n<h2>Kl\u00ed\u010dov\u00e9 specifikace<\/h2>\n<table style=\"border-collapse: collapse; width: 80%; margin-right: auto; margin-left: auto;\" border=\"0\" width=\"288\" cellspacing=\"0\" cellpadding=\"0\">\n<tbody>\n<tr style=\"height: 13.50pt;\">\n<td style=\"height: 13.5pt; width: 54pt; text-align: center;\" width=\"72\" height=\"18\">Model<\/td>\n<td style=\"width: 54pt; text-align: center;\" width=\"72\">Kapacita (ml)<\/td>\n<td style=\"width: 54pt; text-align: center;\" width=\"72\">Velikost (cm)<\/td>\n<td style=\"width: 54pt; text-align: center;\" width=\"72\">Tvar<\/td>\n<\/tr>\n<tr style=\"height: 13.50pt;\">\n<td style=\"height: 13.5pt; text-align: center;\" align=\"right\" height=\"18\">64010042<\/td>\n<td style=\"text-align: center;\" align=\"right\">100<\/td>\n<td style=\"text-align: center;\">6.4&#215;6.5<\/td>\n<td class=\"et2\" style=\"text-align: center;\" rowspan=\"3\">Kulat\u00e1 vyboulen\u00ed<\/td>\n<\/tr>\n<tr style=\"height: 13.50pt;\">\n<td style=\"height: 13.5pt; text-align: center;\" align=\"right\" height=\"18\">64020043<\/td>\n<td style=\"text-align: center;\" align=\"right\">200<\/td>\n<td style=\"text-align: center;\">7.3&#215;7.2<\/td>\n<\/tr>\n<tr style=\"height: 13.50pt;\">\n<td style=\"height: 13.5pt; text-align: center;\" align=\"right\" height=\"18\">64030044<\/td>\n<td style=\"text-align: center;\" align=\"right\">300<\/td>\n<td style=\"text-align: center;\">8.3&#215;8.6<\/td>\n<\/tr>\n<\/tbody>\n<\/table>\n<h2>P\u0159\u00edpad \u00fasp\u011bchu<\/h2>\n<p>D\u00edlna zam\u011b\u0159en\u00e1 na v\u00fdrobu pudink\u016f n\u00e1s oslovila s \u017e\u00e1dost\u00ed o vytvo\u0159en\u00ed \u0161irok\u00e9 sklen\u011bn\u00e9 lahve na jogurt speci\u00e1ln\u011b pro jejich pudinky. Ka\u017ed\u00e1 lahev o objemu 200 ml m\u00e1 \u0161irok\u00e9 hrdlo, kter\u00e9 usnad\u0148uje pln\u011bn\u00ed a nab\u00edr\u00e1n\u00ed, a zaoblen\u00fd tvar dod\u00e1v\u00e1 lahvi ru\u010dn\u011b vyr\u00e1b\u011bn\u00fd vzhled, kter\u00fd dokonale lad\u00ed s konceptem pr\u00e9miov\u00e9ho dezertu.<\/p>\n<p>Krom\u011b uzav\u0159en\u00e9ho hlin\u00edkov\u00e9ho uz\u00e1v\u011bru je lahev nab\u00edzena tak\u00e9 s v\u00ed\u010dkem ve tvaru l\u017ei\u010dky pro \u010derstvost a pohodl\u00ed. L\u00e1hev z \u010dist\u00e9ho skla je naprosto dokonal\u00fdm skvostem pro pudink.<\/p>\n<p>Pouh\u00e9 2 m\u011bs\u00edce po zaveden\u00ed nov\u00e9ho balen\u00ed do\u0161lo k 85% sn\u00ed\u017een\u00ed st\u00ed\u017enost\u00ed na probl\u00e9my s t\u011bsn\u011bn\u00edm a objem velkoobchodn\u00edch objedn\u00e1vek od distributor\u016f se zv\u00fd\u0161il o 60 %.<\/p>\n<h2>V\u00e1\u0161 n\u00e1vod na \u00fapravy<\/h2>\n<ol>\n<li><strong>\u0158e\u0161en\u00ed v\u00ed\u010dek a etiket na m\u00edru:<\/strong>M\u016f\u017eete si vybrat v\u00ed\u010dka s kovov\u00fdmi oto\u010dn\u00fdmi uz\u00e1v\u011bry, d\u0159ev\u011bn\u00fdmi v\u00ed\u010dky nebo plastov\u00fdmi zacvak\u00e1vac\u00edmi kryty a pot\u00e9 na n\u011b um\u00edstit sv\u00e9 logo ra\u017ebou, s\u00edtotiskem nebo etiketou pro vizu\u00e1ln\u011b atraktivn\u00ed rozpoznatelnost zna\u010dky.<\/li>\n<li><strong>P\u0159izp\u016fsoben\u00ed odst\u00ednu a materi\u00e1lu:<\/strong>Sklenici si m\u016f\u017eete p\u0159izp\u016fsobit bu\u010f v \u010dir\u00e9, jantarov\u00e9 nebo matn\u00e9 barv\u011b, aby ladila se stylem va\u0161eho produktu, nebo zvolit gradientn\u00ed t\u00f3nov\u00e1n\u00ed, aby vrstven\u00e9 pudinky a jogurty na reg\u00e1lech vypadaly vizu\u00e1ln\u011b atraktivn\u011b a poutav\u011b.<\/li>\n<\/ol>\n<\/article>","protected":false},"excerpt":{"rendered":"<p>Kulat\u00e1 sklen\u011bn\u00e1 lahev na jogurt a mal\u00e9 sklen\u011bn\u00e9 lahve na ml\u00e9ko, ide\u00e1ln\u00ed na jogurt, pudink nebo d\u017eem. Opakovan\u011b pou\u017eiteln\u00e1, odoln\u00e1 a p\u0159izp\u016fsobiteln\u00e1 pro balen\u00ed dezert\u016f.<\/p>","protected":false},"featured_media":22571,"template":"","meta":[],"product_brand":[],"product_cat":[124,122,130],"product_tag":[],"class_list":{"0":"post-22567","1":"product","2":"type-product","3":"status-publish","4":"has-post-thumbnail","6":"product_cat-custom-glass-jars","7":"product_cat-custom-glass-packaging","8":"product_cat-glass-yogurt-jars","10":"first","11":"instock","12":"shipping-taxable","13":"product-type-simple"},"jetpack_sharing_enabled":true,"_links":{"self":[{"href":"https:\/\/yebodaglass.com\/cs\/wp-json\/wp\/v2\/product\/22567","targetHints":{"allow":["GET"]}}],"collection":[{"href":"https:\/\/yebodaglass.com\/cs\/wp-json\/wp\/v2\/product"}],"about":[{"href":"https:\/\/yebodaglass.com\/cs\/wp-json\/wp\/v2\/types\/product"}],"version-history":[{"count":5,"href":"https:\/\/yebodaglass.com\/cs\/wp-json\/wp\/v2\/product\/22567\/revisions"}],"predecessor-version":[{"id":22610,"href":"https:\/\/yebodaglass.com\/cs\/wp-json\/wp\/v2\/product\/22567\/revisions\/22610"}],"wp:featuredmedia":[{"embeddable":true,"href":"https:\/\/yebodaglass.com\/cs\/wp-json\/wp\/v2\/media\/22571"}],"wp:attachment":[{"href":"https:\/\/yebodaglass.com\/cs\/wp-json\/wp\/v2\/media?parent=22567"}],"wp:term":[{"taxonomy":"product_brand","embeddable":true,"href":"https:\/\/yebodaglass.com\/cs\/wp-json\/wp\/v2\/product_brand?post=22567"},{"taxonomy":"product_cat","embeddable":true,"href":"https:\/\/yebodaglass.com\/cs\/wp-json\/wp\/v2\/product_cat?post=22567"},{"taxonomy":"product_tag","embeddable":true,"href":"https:\/\/yebodaglass.com\/cs\/wp-json\/wp\/v2\/product_tag?post=22567"}],"curies":[{"name":"wp","href":"https:\/\/api.w.org\/{rel}","templated":true}]}}