{"id":22553,"date":"2025-10-21T17:17:58","date_gmt":"2025-10-21T09:17:58","guid":{"rendered":"https:\/\/yebodaglass.com\/?post_type=product&#038;p=22553"},"modified":"2025-11-04T11:54:58","modified_gmt":"2025-11-04T03:54:58","slug":"custom-glass-milk-bottles-bulk-pudding-container","status":"publish","type":"product","link":"https:\/\/yebodaglass.com\/cs\/custom-glass-milk-bottles-bulk-pudding-container\/","title":{"rendered":"\u010ctvercov\u00e9 sklen\u011bn\u00e9 lahve na ml\u00e9ko na zak\u00e1zku \u2013 100\u2013350 ml opakovan\u011b pou\u017eiteln\u00e1 n\u00e1doba na pudink a n\u00e1poje"},"content":{"rendered":"<p>U\u017e v\u00e1s nebav\u00ed obaly na ml\u00e9\u010dn\u00e9 v\u00fdrobky, kter\u00e9 spl\u00fdvaj\u00ed s pozad\u00edm? Vyr\u00e1b\u00edme sklen\u011bn\u00e9 lahve na ml\u00e9ko na m\u00edru s hranat\u00fdm designem \u2013 u\u017e \u017e\u00e1dn\u00e9 nudn\u00e9 balen\u00ed. Tyto velkoobchodn\u00ed sklen\u011bn\u00e9 lahve na ml\u00e9ko prom\u011bn\u00ed jednoduch\u00e9 skladov\u00e1n\u00ed v kouzlo zna\u010dky. P\u0159i velkoobchodn\u00edch objedn\u00e1vk\u00e1ch z\u00edsk\u00e1te sklen\u011bn\u00e9 lahve na m\u00edru, kter\u00e9 odpov\u00eddaj\u00ed va\u0161\u00ed vizi.<\/p>\n<h2>Vlastnosti produktu<\/h2>\n<p><strong>Konstruk\u010dn\u00ed prvky<\/strong><\/p>\n<p>L\u00e1hev \u010dtvercov\u00e9ho a vertik\u00e1ln\u00edho tvaru m\u00e1 jednoduch\u00e9 geometrick\u00e9 prvky bez ornament\u016f a harmonickou siluetu, \u010d\u00edm\u017e vytv\u00e1\u0159\u00ed modern\u00ed a poutav\u00fd vizu\u00e1ln\u00ed produkt. Uz\u00e1v\u011br s korunovit\u00fdm prvkem umo\u017e\u0148uje pohodln\u00e9 uzav\u0159en\u00ed, proto ji lze pou\u017e\u00edt jak v komer\u010dn\u00edm, tak i dom\u00e1c\u00edm prost\u0159ed\u00ed.<\/p>\n<p><strong>Kvalita materi\u00e1lu<\/strong><\/p>\n<p>Je vyrobena z vysoce pr\u016fhledn\u00e9ho potravin\u00e1\u0159sk\u00e9ho skla bez obsahu olova. Nem\u00e1 \u017e\u00e1dn\u00fd z\u00e1pach a m\u00e1 velmi dobrou odolnost v\u016f\u010di n\u00edzk\u00fdm i vysok\u00fdm teplot\u00e1m, tak\u017ee je vynikaj\u00edc\u00edm \u0159e\u0161en\u00edm pro skladov\u00e1n\u00ed \u010derstv\u00fdch a chutn\u00fdch n\u00e1poj\u016f nebo dezert\u016f.<\/p>\n<p><strong>Funk\u010dn\u00ed v\u00fdkon<\/strong><\/p>\n<p>Tato siln\u00e1 a nepropustn\u00e1 l\u00e1hev je ur\u010dena pro v\u00edcen\u00e1sobn\u00e9 pou\u017eit\u00ed, a proto je skv\u011bl\u00fdm \u0159e\u0161en\u00edm pro zachov\u00e1n\u00ed \u010derstvosti. D\u00edky \u010dtvercov\u00e9mu designu je mo\u017en\u00e9 l\u00e1hev um\u00edstit do police a vrstvy stohovat na sebe, co\u017e zaji\u0161\u0165uje v\u011bt\u0161\u00ed stabilitu b\u011bhem p\u0159epravy.<\/p>\n<p><strong>Mo\u017enosti p\u0159izp\u016fsoben\u00ed<\/strong><\/p>\n<p>Zm\u011bnou objemu, um\u00edst\u011bn\u00edm loga, ozna\u010den\u00edm lahve a v\u00fdb\u011brem uz\u00e1v\u011bru (hlin\u00edkov\u00e9ho, plastov\u00e9ho nebo bezpe\u010dnostn\u00edho) lze snadno vytvo\u0159it image zna\u010dky, kter\u00e1 se odli\u0161uje od ostatn\u00edch.<\/p>\n<h2>Kl\u00ed\u010dov\u00e9 specifikace<\/h2>\n<table style=\"border-collapse: collapse; width: 80%; margin-left: auto; margin-right: auto;\" border=\"0\" width=\"288\" cellspacing=\"0\" cellpadding=\"0\">\n<tbody>\n<tr style=\"height: 13.50pt;\">\n<td style=\"height: 13.5pt; width: 54pt; text-align: center;\" width=\"72\" height=\"18\">Model<\/td>\n<td style=\"width: 54pt; text-align: center;\" width=\"72\">Kapacita (ml)<\/td>\n<td style=\"width: 54pt; text-align: center;\" width=\"72\">Velikost (cm)<\/td>\n<td style=\"width: 54pt; text-align: center;\" width=\"72\">Tvar<\/td>\n<\/tr>\n<tr style=\"height: 13.50pt;\">\n<td style=\"height: 13.5pt; text-align: center;\" align=\"right\" height=\"18\">64010040<\/td>\n<td style=\"text-align: center;\" align=\"right\">100<\/td>\n<td style=\"text-align: center;\">5,0 \u00d7 5,0 \u00d7 9,6<\/td>\n<td class=\"et2\" style=\"text-align: center;\" rowspan=\"2\">N\u00e1m\u011bst\u00ed<\/td>\n<\/tr>\n<tr style=\"height: 13.50pt;\">\n<td style=\"height: 13.5pt; text-align: center;\" align=\"right\" height=\"18\">64035041<\/td>\n<td style=\"text-align: center;\" align=\"right\">350<\/td>\n<td style=\"text-align: center;\">6,0\u00d76,0x16,1<\/td>\n<\/tr>\n<\/tbody>\n<\/table>\n<h2>P\u0159\u00edb\u011bh \u00fasp\u011bchu<\/h2>\n<p>Aby o\u017eivila sv\u016fj image, jedna zna\u010dka ml\u00e9\u010dn\u00fdch v\u00fdrobk\u016f p\u0159istoupila ke zm\u011bn\u00e1m v balen\u00ed a spojila se s n\u00e1mi, aby vyrobila zak\u00e1zkovou \u010dtvercovou sklen\u011bnou l\u00e1hev na ml\u00e9ko. Krom\u011b toho, \u017ee l\u00e1hev vypad\u00e1 modern\u00ed a poutav\u00fd d\u00edky \u010dtvercov\u00e9mu designu, pom\u00e1h\u00e1 tak\u00e9 maximalizovat \u00falo\u017en\u00fd prostor a prostor v reg\u00e1lech jak v chladic\u00edch boxech, tak i v p\u0159epravn\u00edch boxech. Ml\u00e9ko se d\u00edky velmi vysok\u00e9 \u010dirosti jev\u00ed jako vysoce kvalitn\u00ed.<\/p>\n<p>Ml\u00e9k\u00e1rna po zm\u011bn\u011b balen\u00ed vyk\u00e1zala b\u011bhem prvn\u00edho m\u011bs\u00edce 75% sn\u00ed\u017een\u00ed st\u00ed\u017enost\u00ed na rozlit\u00e9 ml\u00e9ko a 65% n\u00e1r\u016fst velkoobchodn\u00edch objedn\u00e1vek.<\/p>\n<h2>V\u00e1\u0161 n\u00e1vod na \u00fapravy<\/h2>\n<ol>\n<li><strong>Konfigurace v\u00ed\u010dka a t\u011bsn\u011bn\u00ed na m\u00edru:<\/strong>Na v\u00fdb\u011br je mnoho materi\u00e1l\u016f a styl\u016f \u010depi\u010dek, nap\u0159\u00edklad kovov\u00e9, plastov\u00e9 nebo \u010depi\u010dky s ochranou proti kr\u00e1de\u017ei. \u010cepi\u010dka s potiskem loga va\u0161\u00ed zna\u010dky nebo vzoru se m\u016f\u017ee st\u00e1t zn\u00e1m\u00fdm prvkem zna\u010dky a tak\u00e9 zv\u00fd\u0161it celkovou kvalitu.<\/li>\n<li><strong>P\u0159izp\u016fsoben\u00fd vzhled a identita zna\u010dky:<\/strong>Umo\u017e\u0148ujeme branding lahv\u00ed formou s\u00edtotisku, matov\u00e1n\u00ed, etiketov\u00e1n\u00ed nebo hork\u00e9 ra\u017eby. M\u016f\u017eeme vyrobit pr\u016fhledn\u00e9, matn\u00e9 nebo t\u00f3novan\u00e9 sklo, kter\u00e9 p\u0159esn\u011b odpov\u00edd\u00e1 t\u00f3nu va\u0161\u00ed zna\u010dky a jej\u00edmu postaven\u00ed na trhu.<\/li>\n<\/ol>","protected":false},"excerpt":{"rendered":"<p>\u010ctvercov\u00e9 sklen\u011bn\u00e9 lahve na ml\u00e9ko na zak\u00e1zku a velkoobjemov\u00e9 sklen\u011bn\u00e9 lahve na ml\u00e9ko, ide\u00e1ln\u00ed pro balen\u00ed pudink\u016f, ml\u00e9ka nebo d\u017eus\u016f. Odoln\u00e9, opakovan\u011b pou\u017eiteln\u00e9 a p\u0159izp\u016fsobiteln\u00e9 pro pr\u00e9miov\u00e9 zna\u010dky.<\/p>","protected":false},"featured_media":22557,"template":"","meta":[],"product_brand":[],"product_cat":[123,122,131],"product_tag":[],"class_list":{"0":"post-22553","1":"product","2":"type-product","3":"status-publish","4":"has-post-thumbnail","6":"product_cat-custom-glass-bottles","7":"product_cat-custom-glass-packaging","8":"product_cat-glass-milk-bottles","10":"first","11":"instock","12":"shipping-taxable","13":"product-type-simple"},"jetpack_sharing_enabled":true,"_links":{"self":[{"href":"https:\/\/yebodaglass.com\/cs\/wp-json\/wp\/v2\/product\/22553","targetHints":{"allow":["GET"]}}],"collection":[{"href":"https:\/\/yebodaglass.com\/cs\/wp-json\/wp\/v2\/product"}],"about":[{"href":"https:\/\/yebodaglass.com\/cs\/wp-json\/wp\/v2\/types\/product"}],"version-history":[{"count":4,"href":"https:\/\/yebodaglass.com\/cs\/wp-json\/wp\/v2\/product\/22553\/revisions"}],"predecessor-version":[{"id":22561,"href":"https:\/\/yebodaglass.com\/cs\/wp-json\/wp\/v2\/product\/22553\/revisions\/22561"}],"wp:featuredmedia":[{"embeddable":true,"href":"https:\/\/yebodaglass.com\/cs\/wp-json\/wp\/v2\/media\/22557"}],"wp:attachment":[{"href":"https:\/\/yebodaglass.com\/cs\/wp-json\/wp\/v2\/media?parent=22553"}],"wp:term":[{"taxonomy":"product_brand","embeddable":true,"href":"https:\/\/yebodaglass.com\/cs\/wp-json\/wp\/v2\/product_brand?post=22553"},{"taxonomy":"product_cat","embeddable":true,"href":"https:\/\/yebodaglass.com\/cs\/wp-json\/wp\/v2\/product_cat?post=22553"},{"taxonomy":"product_tag","embeddable":true,"href":"https:\/\/yebodaglass.com\/cs\/wp-json\/wp\/v2\/product_tag?post=22553"}],"curies":[{"name":"wp","href":"https:\/\/api.w.org\/{rel}","templated":true}]}}