{"id":22539,"date":"2025-10-21T11:23:10","date_gmt":"2025-10-21T03:23:10","guid":{"rendered":"https:\/\/yebodaglass.com\/?post_type=product&#038;p=22539"},"modified":"2026-04-14T10:09:05","modified_gmt":"2026-04-14T02:09:05","slug":"velkoobchodni-cire-sestihranne-sklenice-na-dzem-280ml-380ml-500ml-730ml","status":"publish","type":"product","link":"https:\/\/yebodaglass.com\/cs\/velkoobchodni-cire-sestihranne-sklenice-na-dzem-280ml-380ml-500ml-730ml\/","title":{"rendered":"Velkoobchodn\u00ed pr\u016fhledn\u00e9 \u0161estihrann\u00e9 sklenice na d\u017eem 280ml 380ml 500ml 730ml"},"content":{"rendered":"<p>Tyto \u0161estihrann\u00e9 sklenice na marmel\u00e1du vynikaj\u00ed sv\u00fdm designem d\u00edky kompletn\u00edmu \u0161estihrann\u00e9mu tvaru, kter\u00fd je v kombinaci s pr\u016fhledn\u00fdm sklen\u011bn\u00fdm materi\u00e1lem a \u010dern\u00fdm kovov\u00fdm \u0161roubovac\u00edm uz\u00e1v\u011brem, kter\u00fd poskytuje ochranu proti \u00faniku.<\/p>\n<h2>Vlastnosti produktu<\/h2>\n<ul>\n<li><strong>Bezpe\u010dn\u00fd \u010dern\u00fd kovov\u00fd uz\u00e1v\u011br:<\/strong> \u010cern\u00fd kovov\u00fd \u0161roubovac\u00ed uz\u00e1v\u011br nab\u00edz\u00ed vysok\u00fd stupe\u0148 spolehlivosti a integrity a dod\u00e1v\u00e1 modern\u00ed \u010dist\u00fd vzhled.<\/li>\n<li><strong>Efektivn\u00ed \u0161estihrann\u00fd design:<\/strong> \u0160esti\u00faheln\u00edkov\u00fd design umo\u017e\u0148uje stohov\u00e1n\u00ed t\u011bsn\u011b vedle sebe, co\u017e \u0161et\u0159\u00ed m\u00edsto a vytv\u00e1\u0159\u00ed pevn\u00fd r\u00e1m proti p\u0159evr\u00e1cen\u00ed.<\/li>\n<li><strong>R\u016fzn\u00e9 dostupn\u00e9 velikosti:<\/strong> D\u00edky nab\u00eddce kontejner\u016f r\u016fzn\u00fdch velikost\u00ed si ka\u017ed\u00fd m\u016f\u017ee vybrat ten nejvhodn\u011bj\u0161\u00ed pro sv\u00e9 skladovac\u00ed pot\u0159eby.<\/li>\n<\/ul>\n<h2 style=\"text-align: left;\">Kl\u00ed\u010dov\u00e9 specifikace<\/h2>\n<table class=\"aligncenter\" style=\"border-collapse: collapse; width: 327.02pt;\" border=\"0\" width=\"436\" cellspacing=\"0\" cellpadding=\"0\">\n<tbody>\n<tr style=\"height: 13.50pt;\">\n<td style=\"height: 13.50pt; width: 90.00pt;\" width=\"120\" height=\"18\">Funkce<\/td>\n<td style=\"width: 237.00pt;\" width=\"316\">Specifikace<\/td>\n<\/tr>\n<tr style=\"height: 13.50pt;\">\n<td style=\"height: 13.50pt;\" height=\"18\">Kapacita<\/td>\n<td>280 ml, 380 ml, 500 ml, 730 ml<\/td>\n<\/tr>\n<tr style=\"height: 13.50pt;\">\n<td style=\"height: 13.50pt;\" height=\"18\">Tvar<\/td>\n<td>\u0160estihrann\u00fd<\/td>\n<\/tr>\n<tr style=\"height: 13.50pt;\">\n<td style=\"height: 13.50pt;\" height=\"18\">Rozm\u011bry<\/td>\n<td>5,8 \u00d7 10,0 cm a\u017e 7,5 \u00d7 12,2 cm<\/td>\n<\/tr>\n<tr style=\"height: 13.50pt;\">\n<td style=\"height: 13.50pt;\" height=\"18\">Materi\u00e1l<\/td>\n<td>\u010cir\u00e9 sklo, \u010dern\u00e9 PP \u0161roubovac\u00ed v\u00ed\u010dko<\/td>\n<\/tr>\n<tr style=\"height: 13.50pt;\">\n<td style=\"height: 13.50pt;\" height=\"18\">Mo\u017enosti v\u00edka<\/td>\n<td>\u010cern\u00e1 (k dispozici jsou i vlastn\u00ed barvy)<\/td>\n<\/tr>\n<tr style=\"height: 13.50pt;\">\n<td style=\"height: 13.50pt;\" height=\"18\">Nejlep\u0161\u00ed pro<\/td>\n<td>Syrov\u00fd med, louhovan\u00e9 sm\u011bsi, d\u00e1rkov\u00e9 sady<\/td>\n<\/tr>\n<tr style=\"height: 13.50pt;\">\n<td style=\"height: 13.50pt;\" height=\"18\">Ide\u00e1ln\u00ed pou\u017eit\u00ed<\/td>\n<td>\u0160estihrann\u00e9 sklenice na marmel\u00e1du, n\u00e1doby na med<\/td>\n<\/tr>\n<\/tbody>\n<\/table>\n<h2>P\u0159\u00edb\u011bh \u00fasp\u011bchu: Pr\u00e9miov\u00e1 \u0159ada skotsk\u00e9 \u0159emesln\u00e9 zna\u010dky medu<\/h2>\n<p>Na\u0161e \u0161estihrann\u00e9 sklenice na d\u017eem se staly vybran\u00fdm produktem pro skotsk\u00e9ho medov\u00e9ho \u0159emesln\u00edka, kter\u00fd pro sv\u016fj design v\u00ed\u010dka vyvinul vlastn\u00ed s\u00edtotiskov\u00fd vzor zlat\u00e9 pl\u00e1stve. Unik\u00e1tn\u00ed design lahve umo\u017enil jejich produktu vyniknout na reg\u00e1lech specializovan\u00fdch obchod\u016f s potravinami a zv\u00fd\u0161il prodej o 40 %. Geometrick\u00fd tvar poskytoval o 30 % v\u011bt\u0161\u00ed plochu pro tisk etiket ve srovn\u00e1n\u00ed s kulat\u00fdmi sklenicemi. Zna\u010dka dos\u00e1hla velk\u00e9ho \u00fasp\u011bchu, co\u017e vedlo k dal\u0161\u00ed objedn\u00e1vce 280 000 sklenic na d\u017eem, kter\u00e9 byly pot\u0159eba k uveden\u00ed na trh jej\u00ed p\u0159ipravovan\u00e9 d\u00e1rkov\u00e9 \u0159ady s pl\u00e1stvem a ochucen\u00fdmi sirupy.<\/p>\n<h2>Doporu\u010den\u00ed pro \u00fapravu n\u00e1dob na med<\/h2>\n<ul>\n<li>Lept\u00e1n\u00ed skla na zak\u00e1zku: Na sklen\u011bn\u00fd panel lze p\u0159idat laserem leptan\u00e9 vzory, loga nebo region\u00e1ln\u00ed prvky, kter\u00e9 spole\u010dnosti dodaj\u00ed jedine\u010dnou a kvalitn\u00ed identitu zna\u010dky.<\/li>\n<li>V\u0161echny barvy a povrchov\u00e9 \u00fapravy v\u00edka: Nab\u00edz\u00ed n\u011bkolik mo\u017enost\u00ed barev a povrchov\u00fdch \u00faprav v\u00edka (zlat\u00e1, bronzov\u00e1, kart\u00e1\u010dovan\u00e1 ocel nebo b\u00edl\u00e1).<\/li>\n<li>Ko\u017een\u00fd nebo provazov\u00fd n\u00e1hrdeln\u00edk: D\u017eb\u00e1n z\u00edsk\u00e1v\u00e1 rustik\u00e1ln\u00ed ru\u010dn\u011b vyroben\u00fd vzhled p\u0159id\u00e1n\u00edm ko\u017een\u00e9ho nebo provazov\u00e9ho prou\u017eku, kter\u00fd slou\u017e\u00ed jako dal\u0161\u00ed ozdoba na krk d\u017eb\u00e1nu.<\/li>\n<\/ul>","protected":false},"excerpt":{"rendered":"<p>Odoln\u00e9 \u0161estihrann\u00e9 sklenice na med s pr\u016fhledn\u00fdm t\u011blem a vzduchot\u011bsn\u00fdmi v\u00ed\u010dky. Praktick\u00e9 n\u00e1doby na med pro maloobchodn\u00ed prodej, d\u00e1rky i skladov\u00e1n\u00ed medu ve velk\u00e9m. Rychl\u00e9 dod\u00e1n\u00ed.<\/p>","protected":false},"featured_media":22649,"template":"","meta":[],"product_brand":[],"product_cat":[127,124,122],"product_tag":[],"class_list":{"0":"post-22539","1":"product","2":"type-product","3":"status-publish","4":"has-post-thumbnail","6":"product_cat-glass-honey-jars","7":"product_cat-custom-glass-jars","8":"product_cat-custom-glass-packaging","10":"first","11":"instock","12":"shipping-taxable","13":"product-type-simple"},"jetpack_sharing_enabled":true,"_links":{"self":[{"href":"https:\/\/yebodaglass.com\/cs\/wp-json\/wp\/v2\/product\/22539","targetHints":{"allow":["GET"]}}],"collection":[{"href":"https:\/\/yebodaglass.com\/cs\/wp-json\/wp\/v2\/product"}],"about":[{"href":"https:\/\/yebodaglass.com\/cs\/wp-json\/wp\/v2\/types\/product"}],"version-history":[{"count":5,"href":"https:\/\/yebodaglass.com\/cs\/wp-json\/wp\/v2\/product\/22539\/revisions"}],"predecessor-version":[{"id":25772,"href":"https:\/\/yebodaglass.com\/cs\/wp-json\/wp\/v2\/product\/22539\/revisions\/25772"}],"wp:featuredmedia":[{"embeddable":true,"href":"https:\/\/yebodaglass.com\/cs\/wp-json\/wp\/v2\/media\/22649"}],"wp:attachment":[{"href":"https:\/\/yebodaglass.com\/cs\/wp-json\/wp\/v2\/media?parent=22539"}],"wp:term":[{"taxonomy":"product_brand","embeddable":true,"href":"https:\/\/yebodaglass.com\/cs\/wp-json\/wp\/v2\/product_brand?post=22539"},{"taxonomy":"product_cat","embeddable":true,"href":"https:\/\/yebodaglass.com\/cs\/wp-json\/wp\/v2\/product_cat?post=22539"},{"taxonomy":"product_tag","embeddable":true,"href":"https:\/\/yebodaglass.com\/cs\/wp-json\/wp\/v2\/product_tag?post=22539"}],"curies":[{"name":"wp","href":"https:\/\/api.w.org\/{rel}","templated":true}]}}