{"id":22531,"date":"2025-10-21T11:32:49","date_gmt":"2025-10-21T03:32:49","guid":{"rendered":"https:\/\/yebodaglass.com\/?post_type=product&#038;p=22531"},"modified":"2025-11-04T11:55:47","modified_gmt":"2025-11-04T03:55:47","slug":"custom-heart-glass-yogurt-bottles-for-romantic-dessert-bulk","status":"publish","type":"product","link":"https:\/\/yebodaglass.com\/cs\/custom-heart-glass-yogurt-bottles-for-romantic-dessert-bulk\/","title":{"rendered":"100ml 150ml 250ml Dvojit\u00e9 sklen\u011bn\u00e9 lahve na jogurt s motivem srdce na dezert"},"content":{"rendered":"<div class=\"text-base my-auto mx-auto pb-10 [--thread-content-margin:--spacing(4)] thread-sm:[--thread-content-margin:--spacing(6)] thread-lg:[--thread-content-margin:--spacing(16)] px-(--thread-content-margin)\">\n<div class=\"[--thread-content-max-width:40rem] thread-lg:[--thread-content-max-width:48rem] mx-auto max-w-(--thread-content-max-width) flex-1 group\/turn-messages focus-visible:outline-hidden relative flex w-full min-w-0 flex-col agent-turn\" tabindex=\"-1\">\n<div class=\"flex max-w-full flex-col grow\">\n<div class=\"min-h-8 text-message relative flex w-full flex-col items-end gap-2 text-start break-words whitespace-normal [.text-message+&amp;]:mt-1\" dir=\"auto\" data-message-author-role=\"assistant\" data-message-id=\"8d18012a-fb48-4b95-868b-4e577d237289\" data-message-model-slug=\"gpt-5\">\n<div class=\"flex w-full flex-col gap-1 empty:hidden first:pt-[1px]\">\n<div class=\"markdown prose dark:prose-invert w-full break-words light markdown-new-styling\">\n<p>U\u017e v\u00e1s nebav\u00ed obaly na ml\u00e9\u010dn\u00e9 v\u00fdrobky, kter\u00e9 spl\u00fdvaj\u00ed s pozad\u00edm? Vyr\u00e1b\u00edme sklen\u011bn\u00e9 lahve na jogurt ve tvaru srdce \u2013 u\u017e \u017e\u00e1dn\u00e9 nudn\u00e9 obaly. Tyto sklen\u011bn\u00e9 lahve na jogurt prom\u011bn\u00ed jednoduch\u00e9 skladov\u00e1n\u00ed v romantick\u00e9 vypr\u00e1v\u011bn\u00ed. P\u0159i hromadn\u00fdch objedn\u00e1vk\u00e1ch z\u00edsk\u00e1te sklen\u011bn\u00e9 lahve na jogurt na m\u00edru, kter\u00e9 odpov\u00eddaj\u00ed srdci va\u0161\u00ed zna\u010dky.<\/p>\n<h2>Vlastnosti produktu<\/h2>\n<p><strong>P\u0159\u00edv\u011bsek ve tvaru srdce<\/strong><\/p>\n<p>Dvojit\u00fd reli\u00e9fn\u00ed design srdce \u2013 va\u0161e sklen\u011bn\u00e9 lahve s jogurtem v\u00e1s zaujmou na prvn\u00ed pohled.<\/p>\n<p><strong>Bezpe\u010dn\u00e9 ut\u011bsn\u011bn\u00ed<\/strong><\/p>\n<p>M\u00edrn\u011b roz\u0161\u00ed\u0159en\u00e9 hrdlo \u2013 uchov\u00e1v\u00e1 \u010derstvost a zabra\u0148uje \u00faniku b\u011bhem p\u0159epravy.<\/p>\n<p><strong>K\u0159i\u0161\u0165\u00e1lov\u011b \u010dist\u00e9<\/strong><\/p>\n<p>Vysoce pr\u016fhledn\u00e9 sklo okam\u017eit\u011b odhaluje kvalitu \u2013 z\u00edsk\u00e1v\u00e1 si tak d\u016fv\u011bru z\u00e1kazn\u00edk\u016f.<\/p>\n<p><strong>Kouzlo l\u00e1sky na m\u00edru<\/strong><\/p>\n<p>Natiskn\u011bte sv\u00e9 logo na sklen\u011bn\u00e9 lahve s jogurtem \u2013 v\u00e1\u0161 produkt bude nezapomenuteln\u00fd.<\/p>\n<h2>Kl\u00ed\u010dov\u00e9 specifikace<\/h2>\n<table style=\"border-collapse: collapse; width: 80%; margin-left: auto; margin-right: auto;\" border=\"0\" width=\"288\" cellspacing=\"0\" cellpadding=\"0\">\n<tbody>\n<tr style=\"height: 13.50pt;\">\n<td style=\"height: 13.5pt; width: 54pt; text-align: center;\" width=\"72\" height=\"18\">Model<\/td>\n<td style=\"width: 54pt; text-align: center;\" width=\"72\">Kapacita (ml)<\/td>\n<td style=\"width: 54pt; text-align: center;\" width=\"72\">Velikost (cm)<\/td>\n<td style=\"width: 54pt; text-align: center;\" width=\"72\">Vzor<\/td>\n<\/tr>\n<tr style=\"height: 13.50pt;\">\n<td style=\"height: 13.5pt; text-align: center;\" align=\"right\" height=\"18\">64010035<\/td>\n<td style=\"text-align: center;\" align=\"right\">100<\/td>\n<td style=\"text-align: center;\">6.2&#215;6.7<\/td>\n<td class=\"et2\" style=\"text-align: center;\" rowspan=\"3\">Dvojit\u00e9 srdce<\/td>\n<\/tr>\n<tr style=\"height: 13.50pt;\">\n<td style=\"height: 13.5pt; text-align: center;\" align=\"right\" height=\"18\">64015036<\/td>\n<td style=\"text-align: center;\" align=\"right\">150<\/td>\n<td style=\"text-align: center;\">6.3&#215;7.9<\/td>\n<\/tr>\n<tr style=\"height: 13.50pt;\">\n<td style=\"height: 13.5pt; text-align: center;\" align=\"right\" height=\"18\">64025037<\/td>\n<td style=\"text-align: center;\" align=\"right\">250<\/td>\n<td style=\"text-align: center;\">7.0&#215;9.6<\/td>\n<\/tr>\n<\/tbody>\n<\/table>\n<h2>P\u0159\u00edpad \u00fasp\u011bchu<\/h2>\n<p>Oslovila n\u00e1s evropsk\u00e1 zna\u010dka jogurt\u016f s \u017e\u00e1dost\u00ed o vytvo\u0159en\u00ed zak\u00e1zkov\u00fdch 200ml sklen\u011bn\u00fdch lahv\u00ed na jogurt. Lahve s reli\u00e9fn\u00edm vzorem srdce, uzav\u0159en\u00e9 f\u00f3liov\u00fdm uz\u00e1v\u011brem, nejen\u017ee vytv\u00e1\u0159ej\u00ed okouzluj\u00edc\u00ed ru\u010dn\u011b vyroben\u00fd vzhled, ale jsou tak\u00e9 velmi atraktivn\u00ed pro spot\u0159ebitele v chladni\u010dk\u00e1ch.<\/p>\n<p>V\u00ed\u010dka jsme tak\u00e9 opat\u0159ili matn\u00fdm povrchem, aby ladila s p\u0159\u00edchut\u011bmi \u2013 r\u016f\u017eov\u00e1 pro jahodu, sv\u011btle modr\u00e1 pro bor\u016fvku a b\u00e9\u017eov\u00e1 pro vanilku. Krom\u011b toho, \u017ee sklo je siln\u00e9 a vhodn\u00e9 pro potraviny, tak\u00e9 pom\u00e1h\u00e1 udr\u017eovat \u010derstvost produktu a lahve jsou t\u011b\u017e\u0161\u00ed, \u010d\u00edm\u017e se posiluje image zna\u010dky \u201epe\u010dliv\u011b vyroben\u00e9\u201c.<\/p>\n<p>Tak\u017ee po zm\u011bn\u011b balen\u00ed se st\u00ed\u017enosti z\u00e1kazn\u00edk\u016f sn\u00ed\u017eily o 60 % a hromadn\u00e9 objedn\u00e1vky vzrostly o 50 %.<\/p>\n<h2>V\u00e1\u0161 n\u00e1vod na \u00fapravy<\/h2>\n<ol>\n<li><strong>Personalizovan\u00e9 grav\u00edrov\u00e1n\u00ed:<\/strong>P\u0159idejte na sklenici vlastn\u00ed jm\u00e9na, data nebo kr\u00e1tk\u00e9 zpr\u00e1vy pro svatby nebo d\u00e1rkov\u00e9 kolekce.<\/li>\n<li><strong>Mo\u017enosti vlastn\u00edho v\u00edka:<\/strong>Vyberte si z korkov\u00fdch, bambusov\u00fdch nebo barevn\u00fdch kovov\u00fdch v\u00ed\u010dek, kter\u00e9 lad\u00ed s r\u016fzn\u00fdmi t\u00e9maty nebo styly zna\u010dky.<\/li>\n<\/ol>\n<\/div>\n<\/div>\n<\/div>\n<\/div>\n<\/div>\n<\/div>","protected":false},"excerpt":{"rendered":"<p>Okouzluj\u00edc\u00ed sklen\u011bn\u00e9 lahve na jogurt s dvojit\u00fdm srd\u00ed\u010dkem, ide\u00e1ln\u00ed na dezerty, d\u017eemy nebo sv\u00ed\u010dky. Romantick\u00e9 sklen\u011bn\u00e9 d\u00f3zy ide\u00e1ln\u00ed jako d\u00e1rky nebo pro zvl\u00e1\u0161tn\u00ed p\u0159\u00edle\u017eitosti.<\/p>","protected":false},"featured_media":22536,"template":"","meta":[],"product_brand":[],"product_cat":[124,122,130],"product_tag":[],"class_list":{"0":"post-22531","1":"product","2":"type-product","3":"status-publish","4":"has-post-thumbnail","6":"product_cat-custom-glass-jars","7":"product_cat-custom-glass-packaging","8":"product_cat-glass-yogurt-jars","10":"first","11":"instock","12":"shipping-taxable","13":"product-type-simple"},"jetpack_sharing_enabled":true,"_links":{"self":[{"href":"https:\/\/yebodaglass.com\/cs\/wp-json\/wp\/v2\/product\/22531","targetHints":{"allow":["GET"]}}],"collection":[{"href":"https:\/\/yebodaglass.com\/cs\/wp-json\/wp\/v2\/product"}],"about":[{"href":"https:\/\/yebodaglass.com\/cs\/wp-json\/wp\/v2\/types\/product"}],"version-history":[{"count":6,"href":"https:\/\/yebodaglass.com\/cs\/wp-json\/wp\/v2\/product\/22531\/revisions"}],"predecessor-version":[{"id":22563,"href":"https:\/\/yebodaglass.com\/cs\/wp-json\/wp\/v2\/product\/22531\/revisions\/22563"}],"wp:featuredmedia":[{"embeddable":true,"href":"https:\/\/yebodaglass.com\/cs\/wp-json\/wp\/v2\/media\/22536"}],"wp:attachment":[{"href":"https:\/\/yebodaglass.com\/cs\/wp-json\/wp\/v2\/media?parent=22531"}],"wp:term":[{"taxonomy":"product_brand","embeddable":true,"href":"https:\/\/yebodaglass.com\/cs\/wp-json\/wp\/v2\/product_brand?post=22531"},{"taxonomy":"product_cat","embeddable":true,"href":"https:\/\/yebodaglass.com\/cs\/wp-json\/wp\/v2\/product_cat?post=22531"},{"taxonomy":"product_tag","embeddable":true,"href":"https:\/\/yebodaglass.com\/cs\/wp-json\/wp\/v2\/product_tag?post=22531"}],"curies":[{"name":"wp","href":"https:\/\/api.w.org\/{rel}","templated":true}]}}