{"id":22511,"date":"2025-10-21T10:29:18","date_gmt":"2025-10-21T02:29:18","guid":{"rendered":"https:\/\/yebodaglass.com\/?post_type=product&#038;p=22511"},"modified":"2025-11-28T15:58:15","modified_gmt":"2025-11-28T07:58:15","slug":"mini-transparent-glass-yogurt-bottles-wholesale-dessert-container","status":"publish","type":"product","link":"https:\/\/yebodaglass.com\/cs\/mini-transparent-glass-yogurt-bottles-wholesale-dessert-container\/","title":{"rendered":"Velkoobchodn\u00ed prodej mini pr\u016fhledn\u00fdch sklen\u011bn\u00fdch lahv\u00ed na jogurt \u2013 dezertn\u00ed n\u00e1doba 100 \u2013 200 ml"},"content":{"rendered":"<div class=\"text-base my-auto mx-auto pb-10 [--thread-content-margin:--spacing(4)] thread-sm:[--thread-content-margin:--spacing(6)] thread-lg:[--thread-content-margin:--spacing(16)] px-(--thread-content-margin)\">\n<div class=\"[--thread-content-max-width:40rem] thread-lg:[--thread-content-max-width:48rem] mx-auto max-w-(--thread-content-max-width) flex-1 group\/turn-messages focus-visible:outline-hidden relative flex w-full min-w-0 flex-col agent-turn\" tabindex=\"-1\">\n<div class=\"flex max-w-full flex-col grow\">\n<div class=\"min-h-8 text-message relative flex w-full flex-col items-end gap-2 text-start break-words whitespace-normal [.text-message+&amp;]:mt-1\" dir=\"auto\" data-message-author-role=\"assistant\" data-message-id=\"26beda35-2f10-4dda-a7c4-c139e3bf47ff\" data-message-model-slug=\"gpt-5\">\n<div class=\"flex w-full flex-col gap-1 empty:hidden first:pt-[1px]\">\n<div class=\"markdown prose dark:prose-invert w-full break-words light markdown-new-styling\">\n<p>U\u017e v\u00e1s nebav\u00ed n\u00e1doby na ml\u00e9\u010dn\u00e9 v\u00fdrobky, kter\u00e9 se rozl\u00e9vaj\u00ed nebo zakr\u00fdvaj\u00ed \u010derstvost? Vyr\u00e1b\u00edme sklen\u011bn\u00e9 lahve na ml\u00e9ko s v\u00ed\u010dkem pro kouzlo sklen\u011bn\u00fdch lahv\u00ed s pudinkem \u2013 u\u017e \u017e\u00e1dn\u00e9 nepo\u0159\u00e1dn\u00e9 odm\u011brky. Tyto sklen\u011bn\u00e9 lahve na ml\u00e9ko prom\u011bn\u00ed sladk\u00e9 balen\u00ed v d\u016fv\u011bru. P\u0159i hromadn\u00fdch objedn\u00e1vk\u00e1ch z\u00edsk\u00e1te sklen\u011bn\u00e9 lahve na m\u00edru, kter\u00e9 odpov\u00eddaj\u00ed atmosf\u00e9\u0159e va\u0161\u00ed zna\u010dky.<\/p>\n<h2>Vlastnosti produktu<\/h2>\n<p><strong>Stylov\u00fd design s vol\u00e1nky<\/strong><\/p>\n<p>Svisl\u00e1 \u017eebra dod\u00e1vaj\u00ed povrchu p\u0159\u00edjemn\u00fd hmat a z\u00e1rove\u0148 \u010din\u00ed sklo vizu\u00e1ln\u011b atraktivn\u011bj\u0161\u00edm.<\/p>\n<p><strong>Robustn\u00ed sklen\u011bn\u00e1 sou\u010d\u00e1stka<\/strong><\/p>\n<p>Pou\u017e\u00edv\u00e1 se sklo zna\u010dn\u00e9 tlou\u0161\u0165ky a vysok\u00e9 kvality, d\u00edky \u010demu\u017e je v\u00fdrobek odoln\u00fd.<\/p>\n<p><strong>Multifunk\u010dn\u00ed<\/strong><\/p>\n<p>Skv\u011bl\u00e9 do pudink\u016f, jogurt\u016f, zmrzlin nebo i na v\u00fdrobu sv\u00ed\u010dek.<\/p>\n<p><strong>Opakovan\u011b pou\u017eiteln\u00e9 a ekologick\u00e9<\/strong><\/p>\n<p>Produkt je perfektn\u00edm dopl\u0148kem pro ekologick\u00fd \u017eivot, proto\u017ee se snadno udr\u017euje v hygienick\u00e9m stavu.<\/p>\n<h2>Kl\u00ed\u010dov\u00e9 specifikace<\/h2>\n<table style=\"border-collapse: collapse; width: 80%; margin-left: auto; margin-right: auto;\" border=\"0\" width=\"288\" cellspacing=\"0\" cellpadding=\"0\">\n<tbody>\n<tr style=\"height: 13.50pt;\">\n<td style=\"height: 13.5pt; width: 54pt; text-align: center;\" width=\"72\" height=\"18\">Model<\/td>\n<td style=\"width: 54pt; text-align: center;\" width=\"72\">Kapacita (ml)<\/td>\n<td style=\"width: 54pt; text-align: center;\" width=\"72\">Velikost (cm)<\/td>\n<td style=\"width: 54pt; text-align: center;\" width=\"72\">Vzor<\/td>\n<\/tr>\n<tr style=\"height: 13.50pt;\">\n<td style=\"height: 13.5pt; text-align: center;\" align=\"right\" height=\"18\">64010031<\/td>\n<td style=\"text-align: center;\" align=\"right\">100<\/td>\n<td style=\"text-align: center;\">6.8&#215;6.7<\/td>\n<td class=\"et2\" style=\"text-align: center;\" rowspan=\"4\">Vertik\u00e1ln\u00ed<\/td>\n<\/tr>\n<tr style=\"height: 13.50pt;\">\n<td style=\"height: 13.5pt; text-align: center;\" align=\"right\" height=\"18\">64013032<\/td>\n<td style=\"text-align: center;\" align=\"right\">130<\/td>\n<td style=\"text-align: center;\">6.6&#215;7.4<\/td>\n<\/tr>\n<tr style=\"height: 13.50pt;\">\n<td style=\"height: 13.5pt; text-align: center;\" align=\"right\" height=\"18\">64015033<\/td>\n<td style=\"text-align: center;\" align=\"right\">150<\/td>\n<td style=\"text-align: center;\">6.4&#215;7.7<\/td>\n<\/tr>\n<tr style=\"height: 13.50pt;\">\n<td style=\"height: 13.5pt; text-align: center;\" align=\"right\" height=\"18\">64020034<\/td>\n<td style=\"text-align: center;\" align=\"right\">200<\/td>\n<td style=\"text-align: center;\">7.2&#215;7.5<\/td>\n<\/tr>\n<\/tbody>\n<\/table>\n<h2>P\u0159\u00edpad \u00fasp\u011bchu<\/h2>\n<p>Evropsk\u00e1 tov\u00e1rna na dezerty hledala luxusn\u00ed obaly pro svou novou \u0159adu panna cotty. Zvolila na\u0161e zak\u00e1zkov\u00e9 sklen\u011bn\u00e9 lahve na jogurt o objemu 130 ml s vzduchot\u011bsn\u00fdmi hlin\u00edkov\u00fdmi uz\u00e1v\u011bry. Tento design byl navr\u017een tak, aby zd\u016fraznil hladkou texturu dezertu a z\u00e1rove\u0148 zajistil \u010derstvost b\u011bhem p\u0159epravy. Na lahev byla p\u0159id\u00e1na svisl\u00e1 sklen\u011bn\u00e1 \u017eebra pro rafinovan\u00fd, ru\u010dn\u011b vyroben\u00fd vzhled a zak\u00e1zkov\u00e1 ra\u017eba na rameni elegantn\u011b zd\u016fraznila logo jejich zna\u010dky.<\/p>\n<p>V\u00fdsledek? Hromadn\u00e9 objedn\u00e1vky se zv\u00fd\u0161ily o 50 % a \u0159ada panna cotta se b\u011bhem prvn\u00edho m\u011bs\u00edce od uveden\u00ed na trh rychle stala bestsellerem.<\/p>\n<h2>V\u00e1\u0161 n\u00e1vod na \u00fapravy<\/h2>\n<ol>\n<li><strong>Kapely \u201eDezertn\u00ed paleta\u201c: <\/strong>P\u0159idejte pastelov\u00e9 prou\u017eky na sklen\u011bnou l\u00e1hev od pudinku (nap\u0159. \u201eM\u00e1tov\u011b zelen\u00e1\u201c). \u0158ekn\u011bte z\u00e1kazn\u00edk\u016fm: \u201e\u010cerstv\u00fd dezert, \u010derstv\u00e1 radost.\u201c<\/li>\n<li><strong>Mo\u017enosti v\u00edka a balen\u00ed: <\/strong>P\u0159izp\u016fsobte si je kovov\u00fdmi, bambusov\u00fdmi nebo korkov\u00fdmi v\u00ed\u010dky a zna\u010dkov\u00fdmi d\u00e1rkov\u00fdmi obaly, kter\u00e9 odpov\u00eddaj\u00ed r\u016fzn\u00fdm styl\u016fm na trhu.<\/li>\n<\/ol>\n<\/div>\n<\/div>\n<\/div>\n<\/div>\n<\/div>\n<\/div>","protected":false},"excerpt":{"rendered":"<p>Velkoobchodn\u00ed prodej \u010dir\u00fdch sklen\u011bn\u00fdch lahv\u00ed na jogurt, ide\u00e1ln\u00edch na dezerty, jogurt nebo sv\u00ed\u010dky. Odoln\u00e9, opakovan\u011b pou\u017eiteln\u00e9 sklenice ide\u00e1ln\u00ed pro balen\u00ed skla.<\/p>","protected":false},"featured_media":22518,"template":"","meta":[],"product_brand":[],"product_cat":[124,122,130],"product_tag":[],"class_list":{"0":"post-22511","1":"product","2":"type-product","3":"status-publish","4":"has-post-thumbnail","6":"product_cat-custom-glass-jars","7":"product_cat-custom-glass-packaging","8":"product_cat-glass-yogurt-jars","10":"first","11":"instock","12":"shipping-taxable","13":"product-type-simple"},"jetpack_sharing_enabled":true,"_links":{"self":[{"href":"https:\/\/yebodaglass.com\/cs\/wp-json\/wp\/v2\/product\/22511","targetHints":{"allow":["GET"]}}],"collection":[{"href":"https:\/\/yebodaglass.com\/cs\/wp-json\/wp\/v2\/product"}],"about":[{"href":"https:\/\/yebodaglass.com\/cs\/wp-json\/wp\/v2\/types\/product"}],"version-history":[{"count":5,"href":"https:\/\/yebodaglass.com\/cs\/wp-json\/wp\/v2\/product\/22511\/revisions"}],"predecessor-version":[{"id":24186,"href":"https:\/\/yebodaglass.com\/cs\/wp-json\/wp\/v2\/product\/22511\/revisions\/24186"}],"wp:featuredmedia":[{"embeddable":true,"href":"https:\/\/yebodaglass.com\/cs\/wp-json\/wp\/v2\/media\/22518"}],"wp:attachment":[{"href":"https:\/\/yebodaglass.com\/cs\/wp-json\/wp\/v2\/media?parent=22511"}],"wp:term":[{"taxonomy":"product_brand","embeddable":true,"href":"https:\/\/yebodaglass.com\/cs\/wp-json\/wp\/v2\/product_brand?post=22511"},{"taxonomy":"product_cat","embeddable":true,"href":"https:\/\/yebodaglass.com\/cs\/wp-json\/wp\/v2\/product_cat?post=22511"},{"taxonomy":"product_tag","embeddable":true,"href":"https:\/\/yebodaglass.com\/cs\/wp-json\/wp\/v2\/product_tag?post=22511"}],"curies":[{"name":"wp","href":"https:\/\/api.w.org\/{rel}","templated":true}]}}