{"id":22500,"date":"2025-10-20T17:37:27","date_gmt":"2025-10-20T09:37:27","guid":{"rendered":"https:\/\/yebodaglass.com\/?post_type=product&#038;p=22500"},"modified":"2025-11-28T15:58:10","modified_gmt":"2025-11-28T07:58:10","slug":"pudding-glass-bottles-with-plastic-lids-bulk-custom-cute-yogurt-jars","status":"publish","type":"product","link":"https:\/\/yebodaglass.com\/cs\/pudding-glass-bottles-with-plastic-lids-bulk-custom-cute-yogurt-jars\/","title":{"rendered":"Kulat\u00e9 sklen\u011bn\u00e9 lahve na pudink \u2013 100 \u2013 200ml sklenice na jogurt s plastov\u00fdmi v\u00ed\u010dky"},"content":{"rendered":"<p>U\u017e v\u00e1s nebav\u00ed obaly od ml\u00e9\u010dn\u00fdch v\u00fdrobk\u016f, kter\u00e9 se rozl\u00e9vaj\u00ed nebo skr\u00fdvaj\u00ed \u010derstvost? Vyr\u00e1b\u00edme sklen\u011bn\u00e9 lahve na ml\u00e9ko s v\u00ed\u010dkem pro kouzlo sklen\u011bn\u00fdch lahv\u00ed na pudink \u2013 u\u017e \u017e\u00e1dn\u00e9 nepo\u0159\u00e1dn\u00e9 odm\u011brky. D\u00edly ze sklen\u011bn\u00fdch lahv\u00ed na pudink prom\u011bn\u00ed sladk\u00e9 obaly v d\u016fv\u011bru. P\u0159i hromadn\u00fdch objedn\u00e1vk\u00e1ch z\u00edsk\u00e1te sklen\u011bn\u00e9 lahve na pudink na m\u00edru, kter\u00e9 odpov\u00eddaj\u00ed atmosf\u00e9\u0159e va\u0161\u00ed zna\u010dky.<\/p>\n<h2>Vlastnosti produktu<\/h2>\n<p><strong>\u0160iroko\u00fahl\u00fd z\u00e1zrak<\/strong><\/p>\n<p>Snadn\u00e9 nab\u00edr\u00e1n\u00ed dezert\u016f \u2013 va\u0161e sklen\u011bn\u00e1 lahev na pudink v\u00e1m usnadn\u00ed serv\u00edrov\u00e1n\u00ed.<\/p>\n<p><strong>K\u0159i\u0161\u0165\u00e1lov\u00e1 \u010distota<\/strong><\/p>\n<p>Vysoce pr\u016fhledn\u00e9 sklo okam\u017eit\u011b ukazuje barvu a texturu \u2013 z\u00e1kazn\u00edci si va\u0161\u00ed sklen\u011bn\u00e9 lahvi od ml\u00e9ka s v\u00ed\u010dkem d\u016fv\u011b\u0159uj\u00ed na prvn\u00ed pohled.<\/p>\n<p><strong>Sladk\u00e1 vlastn\u00ed magie<\/strong><\/p>\n<p>P\u0159idejte sv\u00e9 logo na sklen\u011bnou lahvi\u010dku s v\u00ed\u010dkem a pudinkem.<\/p>\n<h2>Kl\u00ed\u010dov\u00e9 specifikace<\/h2>\n<table style=\"border-collapse: collapse; width: 80%; margin-left: auto; margin-right: auto;\" border=\"0\" width=\"360\" cellspacing=\"0\" cellpadding=\"0\">\n<tbody>\n<tr style=\"height: 13.50pt;\">\n<td style=\"height: 13.5pt; width: 54pt; text-align: center;\" width=\"72\" height=\"18\">Model<\/td>\n<td style=\"width: 54pt; text-align: center;\" width=\"72\">Kapacita (ml)<\/td>\n<td style=\"width: 54pt; text-align: center;\" width=\"72\">Velikost (cm)<\/td>\n<td style=\"width: 54pt; text-align: center;\" width=\"72\">Typ krku<\/td>\n<td style=\"width: 54pt; text-align: center;\" width=\"72\">Tvar<\/td>\n<\/tr>\n<tr style=\"height: 13.50pt;\">\n<td style=\"height: 13.5pt; text-align: center;\" align=\"right\" height=\"18\">64015026<\/td>\n<td style=\"text-align: center;\" align=\"right\">150<\/td>\n<td style=\"text-align: center;\">6.5&#215;7.0<\/td>\n<td class=\"et2\" style=\"text-align: center;\" rowspan=\"2\">\u0160irok\u00e1 \u00fasta<\/td>\n<td class=\"et2\" style=\"text-align: center;\" rowspan=\"5\">Kolo<\/td>\n<\/tr>\n<tr style=\"height: 13.50pt;\">\n<td style=\"height: 13.5pt; text-align: center;\" align=\"right\" height=\"18\">64020027<\/td>\n<td style=\"text-align: center;\" align=\"right\">200<\/td>\n<td style=\"text-align: center;\">7.1&#215;7.7<\/td>\n<\/tr>\n<tr style=\"height: 13.50pt;\">\n<td style=\"height: 13.5pt; text-align: center;\" align=\"right\" height=\"18\">64010028<\/td>\n<td style=\"text-align: center;\" align=\"right\">100<\/td>\n<td style=\"text-align: center;\">5.5&#215;7.5<\/td>\n<td class=\"et2\" style=\"text-align: center;\" rowspan=\"3\">O\u010dko na krk<\/td>\n<\/tr>\n<tr style=\"height: 13.50pt;\">\n<td style=\"height: 13.5pt; text-align: center;\" align=\"right\" height=\"18\">64015029<\/td>\n<td style=\"text-align: center;\" align=\"right\">150<\/td>\n<td style=\"text-align: center;\">6.5&#215;8.3<\/td>\n<\/tr>\n<tr style=\"height: 13.50pt;\">\n<td style=\"height: 13.5pt; text-align: center;\" align=\"right\" height=\"18\">64020030<\/td>\n<td style=\"text-align: center;\" align=\"right\">200<\/td>\n<td style=\"text-align: center;\">6.8&#215;8.5<\/td>\n<\/tr>\n<\/tbody>\n<\/table>\n<h2>P\u0159\u00edpad \u00fasp\u011bchu<\/h2>\n<p>Oslovil n\u00e1s obl\u00edben\u00fd jihokorejsk\u00fd obchod s ru\u010dn\u011b vyr\u00e1b\u011bn\u00fdmi pudinky s nab\u00eddkou stylov\u00e9ho a funk\u010dn\u00edho obalov\u00e9ho \u0159e\u0161en\u00ed ze skla. Sklen\u011bn\u00e1 l\u00e1hev na ml\u00e9ko, kter\u00e1 byla vyrobena na zak\u00e1zku, m\u00e1 objem 150 ml, \u0161irok\u00e9 hrdlo a uzav\u0159en\u00e9 v\u00ed\u010dko, kter\u00e9 zd\u016fraz\u0148uje hladkou a delik\u00e1tn\u00ed texturu pudinku. \u0160irok\u00e9 hrdlo slou\u017e\u00ed pro pohodln\u00e9 nab\u00edr\u00e1n\u00ed, zat\u00edmco \u0161roubovac\u00ed uz\u00e1v\u011br se silikonovou pod\u0161\u00edvkou zaru\u010duje nepropustnou p\u0159epravu. Pro zd\u016frazn\u011bn\u00ed image dom\u00e1c\u00ed v\u00fdroby zna\u010dka pou\u017eila tak\u00e9 jednoduchou etiketu z kraftov\u00e9ho pap\u00edru a stu\u017eku.<\/p>\n<p>V dob\u011b, kdy bylo balen\u00ed zm\u011bn\u011bno, se st\u00ed\u017enosti na rozlit\u00ed sn\u00ed\u017eily o 80 % a hromadn\u00e9 objedn\u00e1vky se b\u011bhem n\u011bkolika t\u00fddn\u016f zv\u00fd\u0161ily o 50 %.<\/p>\n<h2>V\u00e1\u0161 n\u00e1vod na \u00fapravy<\/h2>\n<ol>\n<li><strong>Kapely \u201eDezertn\u00ed paleta\u201c: <\/strong>P\u0159idejte pastelov\u00e9 prou\u017eky na sklen\u011bnou l\u00e1hev od pudinku (nap\u0159. \u201eM\u00e1tov\u011b zelen\u00e1\u201c). \u0158ekn\u011bte z\u00e1kazn\u00edk\u016fm: \u201e\u010cerstv\u00fd dezert, \u010derstv\u00e1 radost.\u201c<\/li>\n<li><strong>Sady \u201eMini Milk\u201c: <\/strong>Vytvo\u0159te si \u201ebalen\u00ed o objemu p\u016fllitru a kvartu\u201c se dv\u011bma 100ml + jedn\u00edm 200ml \u2013 ide\u00e1ln\u00ed pro pot\u0159eby sklen\u011bn\u00fdch lahv\u00ed ml\u00e9ka o objemu p\u016fllitru<\/li>\n<\/ol>","protected":false},"excerpt":{"rendered":"<p>Roztomil\u00e9 kulat\u00e9 sklen\u011bn\u00e9 lahvi\u010dky na pudink s plastov\u00fdmi v\u00ed\u010dky, ide\u00e1ln\u00ed na dezerty, jogurt a pudink. Odoln\u00e9, pr\u016fhledn\u00e9 a ide\u00e1ln\u00ed pro balen\u00ed a skladov\u00e1n\u00ed.<\/p>","protected":false},"featured_media":22503,"template":"","meta":[],"product_brand":[],"product_cat":[124,122,130],"product_tag":[],"class_list":{"0":"post-22500","1":"product","2":"type-product","3":"status-publish","4":"has-post-thumbnail","6":"product_cat-custom-glass-jars","7":"product_cat-custom-glass-packaging","8":"product_cat-glass-yogurt-jars","10":"first","11":"instock","12":"shipping-taxable","13":"product-type-simple"},"jetpack_sharing_enabled":true,"_links":{"self":[{"href":"https:\/\/yebodaglass.com\/cs\/wp-json\/wp\/v2\/product\/22500","targetHints":{"allow":["GET"]}}],"collection":[{"href":"https:\/\/yebodaglass.com\/cs\/wp-json\/wp\/v2\/product"}],"about":[{"href":"https:\/\/yebodaglass.com\/cs\/wp-json\/wp\/v2\/types\/product"}],"version-history":[{"count":6,"href":"https:\/\/yebodaglass.com\/cs\/wp-json\/wp\/v2\/product\/22500\/revisions"}],"predecessor-version":[{"id":24185,"href":"https:\/\/yebodaglass.com\/cs\/wp-json\/wp\/v2\/product\/22500\/revisions\/24185"}],"wp:featuredmedia":[{"embeddable":true,"href":"https:\/\/yebodaglass.com\/cs\/wp-json\/wp\/v2\/media\/22503"}],"wp:attachment":[{"href":"https:\/\/yebodaglass.com\/cs\/wp-json\/wp\/v2\/media?parent=22500"}],"wp:term":[{"taxonomy":"product_brand","embeddable":true,"href":"https:\/\/yebodaglass.com\/cs\/wp-json\/wp\/v2\/product_brand?post=22500"},{"taxonomy":"product_cat","embeddable":true,"href":"https:\/\/yebodaglass.com\/cs\/wp-json\/wp\/v2\/product_cat?post=22500"},{"taxonomy":"product_tag","embeddable":true,"href":"https:\/\/yebodaglass.com\/cs\/wp-json\/wp\/v2\/product_tag?post=22500"}],"curies":[{"name":"wp","href":"https:\/\/api.w.org\/{rel}","templated":true}]}}