{"id":22488,"date":"2025-10-20T17:04:07","date_gmt":"2025-10-20T09:04:07","guid":{"rendered":"https:\/\/yebodaglass.com\/?post_type=product&#038;p=22488"},"modified":"2025-11-04T11:56:48","modified_gmt":"2025-11-04T03:56:48","slug":"round-glass-pudding-bottles-bulk-custom-yogurt-jars","status":"publish","type":"product","link":"https:\/\/yebodaglass.com\/cs\/round-glass-pudding-bottles-bulk-custom-yogurt-jars\/","title":{"rendered":"Kulat\u00e1 sklen\u011bn\u00e1 l\u00e1hev na pudink \u2013 50-200ml sklenice na jogurt s kovov\u00fdmi v\u00ed\u010dky"},"content":{"rendered":"<p>U\u017e v\u00e1s nebav\u00ed obaly na ml\u00e9\u010dn\u00e9 v\u00fdrobky, kter\u00e9 se rozl\u00e9vaj\u00ed nebo mat\u00ed \u010derstvost? Vyr\u00e1b\u00edme sklen\u011bn\u00e9 lahve na ml\u00e9ko s v\u00ed\u010dky pro dokonal\u00e9 lahve na pudink \u2013 u\u017e \u017e\u00e1dn\u00e9 rozmo\u010den\u00e9 dezerty. Tyto sklen\u011bn\u00e9 lahve na ml\u00e9ko prom\u011bn\u00ed sladk\u00e9 obaly v d\u016fv\u011bru. P\u0159i hromadn\u00fdch objedn\u00e1vk\u00e1ch z\u00edsk\u00e1te sklen\u011bn\u00e9 lahve na m\u00edru, kter\u00e9 odpov\u00eddaj\u00ed atmosf\u00e9\u0159e va\u0161\u00ed zna\u010dky.<\/p>\n<h2>Vlastnosti produktu<\/h2>\n<p><strong>Elegantn\u00ed a funk\u010dn\u00ed design<\/strong><\/p>\n<p>D\u00edky \u0161irok\u00e9mu z\u00e1vitov\u00e9mu designu \u0161t\u00edhl\u00e9 lahve je serv\u00edrov\u00e1n\u00ed a pln\u011bn\u00ed praktick\u00e9 a vrstvy a barvy dezertu jsou vizu\u00e1ln\u011b zv\u00fdrazn\u011bny bez dal\u0161\u00ed n\u00e1mahy, co\u017e p\u016fsob\u00ed jednoduch\u00fdm a okouzluj\u00edc\u00edm dojmem.<\/p>\n<p><strong>Pr\u00e9miov\u00fd materi\u00e1l potravin\u00e1\u0159sk\u00e9 kvality<\/strong><\/p>\n<p>D\u00edky vysok\u00e9 \u010distot\u011b a pr\u016fhlednosti je toto sklo potravin\u00e1\u0159sk\u00e9, bezolovnat\u00e9, \u017e\u00e1ruvzdorn\u00e9 a bez z\u00e1pachu, a proto je vhodn\u00e9 jak pro chlazen\u00e9, tak i du\u0161en\u00e9 dezerty.<\/p>\n<p><strong>Praktick\u00e1 funk\u010dnost a opakovan\u00e9 pou\u017eit\u00ed<\/strong><\/p>\n<p>Produkt je nepropustn\u00fd a udr\u017euje dezert \u010derstv\u00fd. \u0160irok\u00fd otvor usnad\u0148uje \u010di\u0161t\u011bn\u00ed a op\u011btovn\u00e9 pou\u017eit\u00ed n\u00e1doby, tak\u017ee balen\u00ed m\u016f\u017ee b\u00fdt dezertem jak pro dom\u00e1cnost, tak i pro komer\u010dn\u00ed \u00fa\u010dely.<\/p>\n<p><strong>V\u0161estrann\u00e9 mo\u017enosti p\u0159izp\u016fsoben\u00ed<\/strong><\/p>\n<p>Pot\u0159eby zna\u010dky a aplikace lze splnit \u00fapravou kapacity, potiskem loga, \u0161t\u00edtky a stylem v\u00edka (kovov\u00e9ho, plastov\u00e9ho nebo odoln\u00e9ho proti neopr\u00e1vn\u011bn\u00e9 manipulaci).<\/p>\n<h2>Kl\u00ed\u010dov\u00e9 specifikace<\/h2>\n<table style=\"border-collapse: collapse; width: 80%; margin-right: auto; margin-left: auto;\" border=\"0\" width=\"360\" cellspacing=\"0\" cellpadding=\"0\">\n<tbody>\n<tr style=\"height: 13.50pt;\">\n<td style=\"height: 13.5pt; width: 54pt; text-align: center;\" width=\"72\" height=\"18\">Model<\/td>\n<td style=\"width: 54pt; text-align: center;\" width=\"72\">Kapacita (ml)<\/td>\n<td style=\"width: 54pt; text-align: center;\" width=\"72\">Velikost (cm)<\/td>\n<td style=\"width: 54pt; text-align: center;\" width=\"72\">Typ krku<\/td>\n<td style=\"width: 54pt; text-align: center;\" width=\"72\">Tvar<\/td>\n<\/tr>\n<tr style=\"height: 13.50pt;\">\n<td style=\"height: 13.5pt; text-align: center;\" align=\"right\" height=\"18\">64005021<\/td>\n<td style=\"text-align: center;\" align=\"right\">50<\/td>\n<td style=\"text-align: center;\">4.8&#215;5.8<\/td>\n<td class=\"et2\" style=\"text-align: center;\" rowspan=\"5\">Z\u00e1vitov\u00e9<\/td>\n<td class=\"et2\" style=\"text-align: center;\" rowspan=\"5\">Kolo<\/td>\n<\/tr>\n<tr style=\"height: 13.50pt;\">\n<td style=\"height: 13.5pt; text-align: center;\" align=\"right\" height=\"18\">64007522<\/td>\n<td style=\"text-align: center;\" align=\"right\">75<\/td>\n<td style=\"text-align: center;\">5.1&#215;7.1<\/td>\n<\/tr>\n<tr style=\"height: 13.50pt;\">\n<td style=\"height: 13.5pt; text-align: center;\" align=\"right\" height=\"18\">64010023<\/td>\n<td style=\"text-align: center;\" align=\"right\">100<\/td>\n<td style=\"text-align: center;\">5.5&#215;7.3<\/td>\n<\/tr>\n<tr style=\"height: 13.50pt;\">\n<td style=\"height: 13.5pt; text-align: center;\" align=\"right\" height=\"18\">64015024<\/td>\n<td style=\"text-align: center;\" align=\"right\">150<\/td>\n<td style=\"text-align: center;\">6.5&#215;7.8<\/td>\n<\/tr>\n<tr style=\"height: 13.50pt;\">\n<td style=\"height: 13.5pt; text-align: center;\" align=\"right\" height=\"18\">64020025<\/td>\n<td style=\"text-align: center;\" align=\"right\">200<\/td>\n<td style=\"text-align: center;\">7.0&#215;9.0<\/td>\n<\/tr>\n<\/tbody>\n<\/table>\n<h2>P\u0159\u00edpad \u00fasp\u011bchu<\/h2>\n<p>Oslovila n\u00e1s japonsk\u00e1 butikov\u00e1 zna\u010dka dezert\u016f s \u017e\u00e1dost\u00ed o v\u00fdrobu zak\u00e1zkov\u00e9 sklen\u011bn\u00e9 d\u00f3zy na pudink o objemu 75 ml. Sklo je k\u0159i\u0161\u0165\u00e1lov\u011b \u010dist\u00e9 a potravin\u00e1\u0159sk\u00e9 kvality, tak\u017ee tyto d\u00f3zy jsou ide\u00e1ln\u00edm prost\u0159edkem pro zobrazen\u00ed sametov\u00e9 textury a kr\u00e1sn\u00e9 p\u0159irozen\u00e9 barvy pudinku. D\u00f3zy maj\u00ed rafinovan\u00fd, zaoblen\u00fd tvar a t\u011b\u017ek\u00e9 dno, co\u017e jim dod\u00e1v\u00e1 pr\u00e9miov\u00fd a robustn\u00ed vzhled. K uzav\u0159en\u00ed a zabr\u00e1n\u011bn\u00ed \u00faniku se pou\u017e\u00edv\u00e1 zlat\u00e9 hlin\u00edkov\u00e9 v\u00edko a vzduchot\u011bsn\u00e9 silikonov\u00e9 t\u011bsn\u011bn\u00ed. Stylov\u00fd vzhled zna\u010dky podtrhuje s\u00edtotiskem nanesen\u00e9 logo a matn\u00e1 oblast pro \u0161t\u00edtek.<\/p>\n<p>Do konce prvn\u00edho m\u011bs\u00edce po uveden\u00ed na trh vzrostly tr\u017eby o 55 % a z\u00e1kazn\u00edci si sklenice chv\u00e1lili jak vizu\u00e1ln\u011b, tak i jako pohodln\u00fd zp\u016fsob skladov\u00e1n\u00ed.<\/p>\n<h2>V\u00e1\u0161 n\u00e1vod na \u00fapravy<\/h2>\n<ol>\n<li><strong>Uz\u00e1v\u011bry lahv\u00ed na m\u00edru:<\/strong> Vyberte si r\u016fzn\u00e9 druhy materi\u00e1l\u016f a barev, jako je kov, plast a krytky proti kr\u00e1de\u017ei. Pro lep\u0161\u00ed rozpozn\u00e1n\u00ed um\u00edst\u011bte logo va\u0161\u00ed zna\u010dky nebo ti\u0161t\u011bn\u00fd obr\u00e1zek.<\/li>\n<li><strong>Produkty na m\u00edru:<\/strong> Existuje mnoho povrchov\u00fdch \u00faprav, jako je poleva, s\u00edtotisk, hork\u00e1 ra\u017eba a etiketov\u00e1n\u00ed, kter\u00e9 lahvi dodaj\u00ed dekorativn\u011bj\u0161\u00ed a v\u00fdrazn\u011bj\u0161\u00ed vzhled.<\/li>\n<\/ol>","protected":false},"excerpt":{"rendered":"<p>Round glass pudding bottle &amp; glass milk bottles with lids, ideal for desserts, yogurt, or jam. Durable, reusable, and customizable for food packaging brands.<\/p>","protected":false},"featured_media":22492,"template":"","meta":[],"product_brand":[],"product_cat":[124,122,130],"product_tag":[],"class_list":{"0":"post-22488","1":"product","2":"type-product","3":"status-publish","4":"has-post-thumbnail","6":"product_cat-custom-glass-jars","7":"product_cat-custom-glass-packaging","8":"product_cat-glass-yogurt-jars","10":"first","11":"instock","12":"shipping-taxable","13":"product-type-simple"},"jetpack_sharing_enabled":true,"_links":{"self":[{"href":"https:\/\/yebodaglass.com\/cs\/wp-json\/wp\/v2\/product\/22488","targetHints":{"allow":["GET"]}}],"collection":[{"href":"https:\/\/yebodaglass.com\/cs\/wp-json\/wp\/v2\/product"}],"about":[{"href":"https:\/\/yebodaglass.com\/cs\/wp-json\/wp\/v2\/types\/product"}],"version-history":[{"count":5,"href":"https:\/\/yebodaglass.com\/cs\/wp-json\/wp\/v2\/product\/22488\/revisions"}],"predecessor-version":[{"id":22507,"href":"https:\/\/yebodaglass.com\/cs\/wp-json\/wp\/v2\/product\/22488\/revisions\/22507"}],"wp:featuredmedia":[{"embeddable":true,"href":"https:\/\/yebodaglass.com\/cs\/wp-json\/wp\/v2\/media\/22492"}],"wp:attachment":[{"href":"https:\/\/yebodaglass.com\/cs\/wp-json\/wp\/v2\/media?parent=22488"}],"wp:term":[{"taxonomy":"product_brand","embeddable":true,"href":"https:\/\/yebodaglass.com\/cs\/wp-json\/wp\/v2\/product_brand?post=22488"},{"taxonomy":"product_cat","embeddable":true,"href":"https:\/\/yebodaglass.com\/cs\/wp-json\/wp\/v2\/product_cat?post=22488"},{"taxonomy":"product_tag","embeddable":true,"href":"https:\/\/yebodaglass.com\/cs\/wp-json\/wp\/v2\/product_tag?post=22488"}],"curies":[{"name":"wp","href":"https:\/\/api.w.org\/{rel}","templated":true}]}}