{"id":22482,"date":"2025-10-20T15:55:45","date_gmt":"2025-10-20T07:55:45","guid":{"rendered":"https:\/\/yebodaglass.com\/?post_type=product&#038;p=22482"},"modified":"2025-11-11T13:52:06","modified_gmt":"2025-11-11T05:52:06","slug":"wholesale-square-glass-milk-bottles-custom-beverage-container","status":"publish","type":"product","link":"https:\/\/yebodaglass.com\/cs\/wholesale-square-glass-milk-bottles-custom-beverage-container\/","title":{"rendered":"Velkoobchodn\u00ed \u010dtvercov\u00e9 sklen\u011bn\u00e9 lahve na ml\u00e9ko s plastov\u00fdmi v\u00ed\u010dky 300-500ml"},"content":{"rendered":"<p>U\u017e v\u00e1s nebav\u00ed lahve od ml\u00e9\u010dn\u00fdch v\u00fdrobk\u016f, kter\u00e9 pl\u00fdtvaj\u00ed m\u00edstem v reg\u00e1lech? Vyr\u00e1b\u00edme \u010dtvercov\u00e9 sklen\u011bn\u00e9 lahve od ml\u00e9ka s prostorov\u011b \u00faspornou geometri\u00ed \u2013 u\u017e \u017e\u00e1dn\u00e9 nep\u0159\u00edjemn\u00e9 rohy. Tyto sklen\u011bn\u00e9 lahve na ml\u00e9ko prom\u011bn\u00ed st\u00e1\u010den\u00ed n\u00e1poj\u016f v chytr\u00fd n\u00e1kupn\u00ed trik. P\u0159i velkoobchodn\u00edch objedn\u00e1vk\u00e1ch z\u00edsk\u00e1te sklen\u011bn\u00e9 lahve na m\u00edru, kter\u00e9 odpov\u00eddaj\u00ed sv\u011b\u017e\u00edmu stylu va\u0161\u00ed zna\u010dky.<\/p>\n<h2>Vlastnosti produktu<\/h2>\n<p><strong>Design<\/strong><\/p>\n<p>\u010ctvercov\u00e1 n\u00e1doba s pln\u011b z\u00e1vitov\u00fdm hrdlem je minimalistick\u00fdm a stabiln\u00edm konstruk\u010dn\u00edm \u0159e\u0161en\u00edm, proto\u017ee se snadno stohuje a p\u0159epravuje. Z\u00e1vitov\u00e9 hrdlo umo\u017e\u0148uje pou\u017eit\u00ed r\u016fzn\u00fdch typ\u016f uz\u00e1v\u011br\u016f.<\/p>\n<ul>\n<li><strong>Materi\u00e1l: <\/strong>Je vyroben z vysoce pr\u016fhledn\u00e9ho, \u200b\u200bsiln\u00e9ho skla a je tepeln\u011b odoln\u00fd, bez z\u00e1pachu, bez olova a netoxick\u00fd, tak\u017ee je bezpe\u010dn\u00fd i pro n\u00e1poje, jako je ml\u00e9ko a d\u017eus.<\/li>\n<li><strong>Funk\u010dnost:\u00a0<\/strong>Je to opakovan\u011b pou\u017eiteln\u00e1, nepropustn\u00e1 a udr\u017euj\u00edc\u00ed \u010derstvost. \u0160irok\u00e9 hrdlo se snadno \u010dist\u00ed, proto ji lze pou\u017e\u00edvat jak doma, tak i v komer\u010dn\u00edm prost\u0159ed\u00ed.<\/li>\n<li><strong>P\u0159izp\u016fsoben\u00ed:\u00a0<\/strong>Va\u0161e zna\u010dka m\u016f\u017ee t\u011b\u017eit z mo\u017enost\u00ed balen\u00ed, jako je mo\u017enost p\u0159izp\u016fsoben\u00ed objemu, potisku loga, barvy v\u00ed\u010dka a materi\u00e1lu (hlin\u00edk, plast nebo bezpe\u010dnostn\u00ed uz\u00e1v\u011br).<\/li>\n<\/ul>\n<h2>Kl\u00ed\u010dov\u00e9 specifikace<\/h2>\n<table style=\"border-collapse: collapse; width: 80%; margin-left: auto; margin-right: auto;\" border=\"0\" width=\"288\" cellspacing=\"0\" cellpadding=\"0\">\n<tbody>\n<tr style=\"height: 13.50pt;\">\n<td style=\"height: 13.5pt; width: 54pt; text-align: center;\" width=\"72\" height=\"18\">Model<\/td>\n<td style=\"width: 54pt; text-align: center;\" width=\"72\">Kapacita (ml)<\/td>\n<td style=\"width: 54pt; text-align: center;\" width=\"72\">Velikost (cm)<\/td>\n<td style=\"width: 54pt; text-align: center;\" width=\"72\">Tvar<\/td>\n<\/tr>\n<tr style=\"height: 13.50pt;\">\n<td style=\"height: 13.5pt; text-align: center;\" align=\"right\" height=\"18\">64030019<\/td>\n<td style=\"text-align: center;\" align=\"right\">300<\/td>\n<td style=\"text-align: center;\">7.6&#215;12.3<\/td>\n<td class=\"et2\" style=\"text-align: center;\" rowspan=\"2\">N\u00e1m\u011bst\u00ed<\/td>\n<\/tr>\n<tr style=\"height: 13.50pt;\">\n<td style=\"height: 13.5pt; text-align: center;\" align=\"right\" height=\"18\">64050020<\/td>\n<td style=\"text-align: center;\" align=\"right\">500<\/td>\n<td style=\"text-align: center;\">8.6&#215;13.6<\/td>\n<\/tr>\n<\/tbody>\n<\/table>\n<h2>P\u0159\u00edpad \u00fasp\u011bchu<\/h2>\n<p>Novoz\u00e9landsk\u00fd producent bioml\u00e9ka cht\u011bl obalov\u00e9 \u0159e\u0161en\u00ed, kter\u00e9 by u\u0161et\u0159ilo m\u00edsto pro jeho kulat\u00e9 lahve od ml\u00e9ka, kter\u00e9 m\u011bly tradi\u010dn\u00ed vzhled, ale zab\u00edraly spoustu m\u00edsta v reg\u00e1lech obchod\u016f a b\u011bhem p\u0159epravy. Cht\u011bl zak\u00e1zkovou \u010dtvercovou sklen\u011bnou lahev na ml\u00e9ko, kter\u00e1 by neohrozila image jeho zna\u010dky. V\u00fdsledkem byl jednoduch\u00fd, elegantn\u00ed design, kter\u00fd se dal stohovat a byl tak\u00e9 kompaktn\u00ed. \u010ctvercov\u00fd design umo\u017enil spole\u010dnosti nejen zv\u011bt\u0161it prostor v reg\u00e1lech o 25 %, ale tak\u00e9 zvolil st\u0159\u00edbrn\u00fd kovov\u00fd \u0161roubovac\u00ed uz\u00e1v\u011br s potravin\u00e1\u0159sk\u00fdm silikonov\u00fdm t\u011bsn\u011bn\u00edm, aby ml\u00e9ko z\u016fstalo \u010derstv\u00e9 z farmy a\u017e do obchodu. Ka\u017ed\u00e1 lahev m\u00e1 na boku vyti\u0161t\u011bn\u00e9 logo spole\u010dnosti. Za pouh\u00e9 dva t\u00fddny se objem velkoobchodn\u00edch objedn\u00e1vek zdvojn\u00e1sobil!<\/p>\n<h2>V\u00e1\u0161 n\u00e1vod na \u00fapravy<\/h2>\n<ol>\n<li><strong>Uz\u00e1v\u011bry lahv\u00ed na m\u00edru:<\/strong>M\u016f\u017eete si vybrat z hlin\u00edkov\u00fdch, bezpe\u010dnostn\u00edch nebo plastov\u00fdch uz\u00e1v\u011br\u016f v r\u016fzn\u00fdch barv\u00e1ch (nap\u0159\u00edklad st\u0159\u00edbrn\u00e9, b\u00edl\u00e9 a zlat\u00e9) a s mo\u017enost\u00ed potisku loga pro zv\u00fd\u0161en\u00ed rozpoznatelnosti zna\u010dky.<\/li>\n<li><strong>Povrchov\u00e9 \u00fapravy na m\u00edru:<\/strong>Podporujeme \u0159adu dekorativn\u00edch mo\u017enost\u00ed, v\u010detn\u011b s\u00edtotisku, hork\u00e9 ra\u017eby, polevy a etiketov\u00e1n\u00ed, abychom vytvo\u0159ili jedine\u010dn\u00e9 vizu\u00e1ln\u00ed efekty a zv\u00fd\u0161ili pr\u00e9miov\u00fd vzhled a rozpoznatelnost va\u0161eho produktu.<\/li>\n<\/ol>","protected":false},"excerpt":{"rendered":"<p>Odoln\u00e9 \u010dtvercov\u00e9 sklen\u011bn\u00e9 lahve na ml\u00e9ko pro balen\u00ed a skladov\u00e1n\u00ed, ide\u00e1ln\u00ed pro ml\u00e9\u010dn\u00e9 v\u00fdrobky a n\u00e1poje. Opakovan\u011b pou\u017eiteln\u00e9, p\u0159izp\u016fsobiteln\u00e9 a ide\u00e1ln\u00ed pro ekologick\u00e9 zna\u010dky.<\/p>","protected":false},"featured_media":22484,"template":"","meta":[],"product_brand":[],"product_cat":[123,122,131],"product_tag":[],"class_list":{"0":"post-22482","1":"product","2":"type-product","3":"status-publish","4":"has-post-thumbnail","6":"product_cat-custom-glass-bottles","7":"product_cat-custom-glass-packaging","8":"product_cat-glass-milk-bottles","10":"first","11":"instock","12":"shipping-taxable","13":"product-type-simple"},"jetpack_sharing_enabled":true,"_links":{"self":[{"href":"https:\/\/yebodaglass.com\/cs\/wp-json\/wp\/v2\/product\/22482","targetHints":{"allow":["GET"]}}],"collection":[{"href":"https:\/\/yebodaglass.com\/cs\/wp-json\/wp\/v2\/product"}],"about":[{"href":"https:\/\/yebodaglass.com\/cs\/wp-json\/wp\/v2\/types\/product"}],"version-history":[{"count":3,"href":"https:\/\/yebodaglass.com\/cs\/wp-json\/wp\/v2\/product\/22482\/revisions"}],"predecessor-version":[{"id":23591,"href":"https:\/\/yebodaglass.com\/cs\/wp-json\/wp\/v2\/product\/22482\/revisions\/23591"}],"wp:featuredmedia":[{"embeddable":true,"href":"https:\/\/yebodaglass.com\/cs\/wp-json\/wp\/v2\/media\/22484"}],"wp:attachment":[{"href":"https:\/\/yebodaglass.com\/cs\/wp-json\/wp\/v2\/media?parent=22482"}],"wp:term":[{"taxonomy":"product_brand","embeddable":true,"href":"https:\/\/yebodaglass.com\/cs\/wp-json\/wp\/v2\/product_brand?post=22482"},{"taxonomy":"product_cat","embeddable":true,"href":"https:\/\/yebodaglass.com\/cs\/wp-json\/wp\/v2\/product_cat?post=22482"},{"taxonomy":"product_tag","embeddable":true,"href":"https:\/\/yebodaglass.com\/cs\/wp-json\/wp\/v2\/product_tag?post=22482"}],"curies":[{"name":"wp","href":"https:\/\/api.w.org\/{rel}","templated":true}]}}