{"id":22431,"date":"2025-10-16T17:32:53","date_gmt":"2025-10-16T09:32:53","guid":{"rendered":"https:\/\/yebodaglass.com\/?post_type=product&#038;p=22431"},"modified":"2026-04-10T14:44:12","modified_gmt":"2026-04-10T06:44:12","slug":"glass-milk-bottles-with-lids-dairy-glass-bottle-supplier","status":"publish","type":"product","link":"https:\/\/yebodaglass.com\/cs\/glass-milk-bottles-with-lids-dairy-glass-bottle-supplier\/","title":{"rendered":"Velkoobchodn\u00ed prodej sklen\u011bn\u00fdch lahv\u00ed na ml\u00e9ko s bezpe\u010dnostn\u00edm v\u00ed\u010dkem 100-930ml"},"content":{"rendered":"<p>U\u017e v\u00e1s nebav\u00ed lahve od ml\u00e9ka, kter\u00e9 se rozl\u00e9vaj\u00ed nebo chutnaj\u00ed zatuchle? Vyr\u00e1b\u00edme sklen\u011bn\u00e9 lahve od ml\u00e9ka s ochranou proti kr\u00e1de\u017ei \u2013 u\u017e \u017e\u00e1dn\u00e9 pl\u00fdtv\u00e1n\u00ed ml\u00e9kem. Tyto sklen\u011bn\u00e9 lahve od ml\u00e9\u010dn\u00fdch v\u00fdrobk\u016f prom\u011bn\u00ed st\u00e1\u010den\u00ed n\u00e1poj\u016f v d\u016fv\u011bru. P\u0159i velkoobchodn\u00edch objedn\u00e1vk\u00e1ch z\u00edsk\u00e1te sklen\u011bn\u00e9 lahve na m\u00edru, kter\u00e9 odpov\u00eddaj\u00ed atmosf\u00e9\u0159e va\u0161\u00ed zna\u010dky.<\/p>\n<h2>Vlastnosti produktu<\/h2>\n<ol>\n<li><strong>Konstrukce krku s ochranou proti neopr\u00e1vn\u011bn\u00e9 manipulaci:\u00a0<\/strong>Udr\u017euje produkt bezpe\u010dn\u00fd a \u010derstv\u00fd od okam\u017eiku jeho uzav\u0159en\u00ed d\u00edky t\u011bsn\u011b uzav\u0159en\u00e9mu jednor\u00e1zov\u00e9mu uz\u00e1v\u011bru.<\/li>\n<li><strong>Pevn\u00e9 a recyklovateln\u00e9:\u00a0<\/strong>Vyrobeno z tlust\u00e9ho, vysoce kvalitn\u00edho skla pro dlouhou \u017eivotnost a snadnou manipulaci.<\/li>\n<li><strong>\u0160irok\u00e1 \u0161k\u00e1la pou\u017eit\u00ed:\u00a0<\/strong>Ide\u00e1ln\u00ed na ml\u00e9ko, smoothie, k\u00e1vu, d\u017eus, vodu a dal\u0161\u00ed n\u00e1poje.<\/li>\n<li><strong>Marketingov\u00e9 v\u00fdhody:\u00a0<\/strong>Usnad\u0148uje pou\u017eit\u00ed v\u00ed\u010dek na m\u00edru, tisk log zna\u010dek a ozna\u010dov\u00e1n\u00ed pro zv\u00fd\u0161en\u00ed pov\u011bdom\u00ed o zna\u010dce.<\/li>\n<\/ol>\n<h2>Kl\u00ed\u010dov\u00e9 specifikace<\/h2>\n<table style=\"border-collapse: collapse; width: 80%; margin-left: auto; margin-right: auto;\" border=\"0\" width=\"288\" cellspacing=\"0\" cellpadding=\"0\">\n<tbody>\n<tr style=\"height: 13.50pt;\">\n<td style=\"height: 13.5pt; width: 54pt; text-align: center;\" width=\"72\" height=\"18\">Model<\/td>\n<td style=\"width: 54pt; text-align: center;\" width=\"72\">Kapacita (ml)<\/td>\n<td style=\"width: 54pt; text-align: center;\" width=\"72\">Velikost (cm)<\/td>\n<td style=\"width: 54pt; text-align: center;\" width=\"72\">Typ krku<\/td>\n<\/tr>\n<tr style=\"height: 13.50pt;\">\n<td style=\"height: 13.5pt; text-align: center;\" align=\"right\" height=\"18\">64010012<\/td>\n<td style=\"text-align: center;\" align=\"right\">100<\/td>\n<td style=\"text-align: center;\">4.5&#215;4.5&#215;10.5<\/td>\n<td class=\"et2\" style=\"text-align: center;\" rowspan=\"7\">Plastov\u00e9 \u0161roubovac\u00ed v\u00ed\u010dko s ochranou proti neopr\u00e1vn\u011bn\u00e9 manipulaci<\/td>\n<\/tr>\n<tr style=\"height: 13.50pt;\">\n<td style=\"height: 13.5pt; text-align: center;\" align=\"right\" height=\"18\">64024013<\/td>\n<td style=\"text-align: center;\" align=\"right\">240<\/td>\n<td style=\"text-align: center;\">5,4x5x14,4<\/td>\n<\/tr>\n<tr style=\"height: 13.50pt;\">\n<td style=\"height: 13.5pt; text-align: center;\" align=\"right\" height=\"18\">64030014<\/td>\n<td style=\"text-align: center;\" align=\"right\">300<\/td>\n<td style=\"text-align: center;\">5.9&#215;5.9&#215;15.9<\/td>\n<\/tr>\n<tr style=\"height: 13.50pt;\">\n<td style=\"height: 13.5pt; text-align: center;\" align=\"right\" height=\"18\">64036015<\/td>\n<td style=\"text-align: center;\" align=\"right\">360<\/td>\n<td style=\"text-align: center;\">6.1&#215;5.7&#215;16.6<\/td>\n<\/tr>\n<tr style=\"height: 13.50pt;\">\n<td style=\"height: 13.5pt; text-align: center;\" align=\"right\" height=\"18\">64040016<\/td>\n<td style=\"text-align: center;\" align=\"right\">400<\/td>\n<td style=\"text-align: center;\">6.5&#215;6.2&#215;17.1<\/td>\n<\/tr>\n<tr style=\"height: 13.50pt;\">\n<td style=\"height: 13.5pt; text-align: center;\" align=\"right\" height=\"18\">64050017<\/td>\n<td style=\"text-align: center;\" align=\"right\">500<\/td>\n<td style=\"text-align: center;\">6.8&#215;6.8&#215;18.6<\/td>\n<\/tr>\n<tr style=\"height: 13.50pt;\">\n<td style=\"height: 13.5pt; text-align: center;\" align=\"right\" height=\"18\">64093018<\/td>\n<td style=\"text-align: center;\" align=\"right\">930<\/td>\n<td style=\"text-align: center;\">8.3&#215;8.3&#215;21.9<\/td>\n<\/tr>\n<\/tbody>\n<\/table>\n<h2>P\u0159\u00edpad \u00fasp\u011bchu<\/h2>\n<p>Rychle rostouc\u00ed zna\u010dka ml\u00e9\u010dn\u00fdch v\u00fdrobk\u016f z Austr\u00e1lie n\u00e1s oslovila s n\u00e1vrhem \u010derstv\u00e9 \u0159ady jahodov\u00e9ho ml\u00e9ka. Jedn\u00edm z jejich hlavn\u00edch c\u00edl\u016f bylo vytvo\u0159it pr\u00e9miov\u00e9, nepropustn\u00e9 sklen\u011bn\u00e9 obaly, kter\u00e9 by nejen zachovaly \u010derstvost, ale tak\u00e9 by produkt vizu\u00e1ln\u011b zatraktivnily v reg\u00e1lu. Zvolili sklen\u011bnou l\u00e1hev na ml\u00e9ko o objemu 500 ml a povrch skla upravili polepy s logem a specifikacemi produktu, kter\u00e9 pomohly odli\u0161it p\u0159irozenou r\u016f\u017eovou barvu jahodov\u00e9ho ml\u00e9ka. L\u00e1hev m\u011bla bezpe\u010dnostn\u00ed z\u00e1vit a precizn\u011b vyroben\u00fd hrdlo pro t\u011bsn\u00e9 uzav\u0159en\u00ed, zat\u00edmco v\u00ed\u010dko bylo um\u00edst\u011bno tak, aby bylo zaji\u0161t\u011bno bezpe\u010dn\u00e9 otev\u0159en\u00ed.<\/p>\n<p>B\u011bhem prvn\u00edho \u010dtvrtlet\u00ed se po\u010det st\u00ed\u017enost\u00ed na net\u011bsnosti sn\u00ed\u017eil o 95 % a objem hromadn\u00fdch objedn\u00e1vek se zv\u00fd\u0161il o 50 %.<\/p>\n<h2>V\u00e1\u0161 n\u00e1vod na \u00fapravy<\/h2>\n<ul>\n<li><strong>Sez\u00f3nn\u00ed jahodov\u00e9 kapely: <\/strong>P\u0159idejte r\u016f\u017eov\u00e9 prou\u017eky na sklen\u011bnou lahev jahodov\u00e9ho ml\u00e9ka (nap\u0159. \u201eLetn\u00ed jahoda\u201c). \u0158ekn\u011bte z\u00e1kazn\u00edk\u016fm: \u201e\u010cerstv\u00e9 ml\u00e9ko, \u010derstv\u00e1 radost.\u201c<\/li>\n<li><strong>Sady \u201eRodinn\u00e1 velikost\u201c: <\/strong>Vytvo\u0159te si \u201ebalen\u00ed na litr a p\u016fl galonu\u201c se dv\u011bma lahvemi na ml\u00e9ko o objemu 500 ml + jednou lahv\u00ed o objemu 930 ml \u2013 ide\u00e1ln\u00ed pro pot\u0159eby litr\u016f a p\u016fllitr\u016f.<\/li>\n<\/ul>\n<p>&nbsp;<\/p>","protected":false},"excerpt":{"rendered":"<p>Odoln\u00e9 sklen\u011bn\u00e9 lahve na ml\u00e9ko s bezpe\u010dnostn\u00edm v\u00ed\u010dkem pro balen\u00ed ml\u00e9\u010dn\u00fdch v\u00fdrobk\u016f, d\u017eus\u016f, \u010daje, k\u00e1vy a dal\u0161\u00edch n\u00e1poj\u016f. Mo\u017enost zak\u00e1zkov\u00e9ho objedn\u00e1n\u00ed a hromadn\u00e9 objedn\u00e1vky.<\/p>","protected":false},"featured_media":22437,"template":"","meta":[],"product_brand":[],"product_cat":[131,123,122],"product_tag":[],"class_list":{"0":"post-22431","1":"product","2":"type-product","3":"status-publish","4":"has-post-thumbnail","6":"product_cat-glass-milk-bottles","7":"product_cat-custom-glass-bottles","8":"product_cat-custom-glass-packaging","10":"first","11":"instock","12":"shipping-taxable","13":"product-type-simple"},"jetpack_sharing_enabled":true,"_links":{"self":[{"href":"https:\/\/yebodaglass.com\/cs\/wp-json\/wp\/v2\/product\/22431","targetHints":{"allow":["GET"]}}],"collection":[{"href":"https:\/\/yebodaglass.com\/cs\/wp-json\/wp\/v2\/product"}],"about":[{"href":"https:\/\/yebodaglass.com\/cs\/wp-json\/wp\/v2\/types\/product"}],"version-history":[{"count":5,"href":"https:\/\/yebodaglass.com\/cs\/wp-json\/wp\/v2\/product\/22431\/revisions"}],"predecessor-version":[{"id":25737,"href":"https:\/\/yebodaglass.com\/cs\/wp-json\/wp\/v2\/product\/22431\/revisions\/25737"}],"wp:featuredmedia":[{"embeddable":true,"href":"https:\/\/yebodaglass.com\/cs\/wp-json\/wp\/v2\/media\/22437"}],"wp:attachment":[{"href":"https:\/\/yebodaglass.com\/cs\/wp-json\/wp\/v2\/media?parent=22431"}],"wp:term":[{"taxonomy":"product_brand","embeddable":true,"href":"https:\/\/yebodaglass.com\/cs\/wp-json\/wp\/v2\/product_brand?post=22431"},{"taxonomy":"product_cat","embeddable":true,"href":"https:\/\/yebodaglass.com\/cs\/wp-json\/wp\/v2\/product_cat?post=22431"},{"taxonomy":"product_tag","embeddable":true,"href":"https:\/\/yebodaglass.com\/cs\/wp-json\/wp\/v2\/product_tag?post=22431"}],"curies":[{"name":"wp","href":"https:\/\/api.w.org\/{rel}","templated":true}]}}